{"id":1896,"date":"2023-06-07T13:00:11","date_gmt":"2023-06-07T10:00:11","guid":{"rendered":"https:\/\/sencaptour.com\/datenschutzrichtlinie\/"},"modified":"2023-06-08T18:29:42","modified_gmt":"2023-06-08T15:29:42","slug":"datenschutzrichtlinie","status":"publish","type":"page","link":"https:\/\/sencaptour.com\/de\/datenschutzrichtlinie\/","title":{"rendered":"Datenschutzrichtlinie"},"content":{"rendered":"\n<p><strong>Datenschutzrichtlinie<\/strong><\/p>\n\n<p>SENCAP \u0130RFAN TUR\u0130ZM SEYEHAT ACEN. \u0130N\u015e. EML. \u0130\u015eL. VE T\u0130C .LTD. \u015eT\u0130 (&#8222;\u015eirket&#8220;), Grunds\u00e4tzlich hat es die Vertraulichkeit der Informationen akzeptiert, die von den Besuchern der Website geteilt werden. Aus diesem Grund, welche Informationen dieser &#8222;Datenschutzrichtlinie&#8220; Personen in welcher Weise verarbeitet werden, wurde es in \u00dcbereinstimmung mit dem Gesetz und mit dem Zweck erstellt, Sie zu informieren, indem erkl\u00e4rt wird, welche Dritten geteilt werden und wie sie von der Gesellschaft mit Ihrer Erlaubnis gesch\u00fctzt werden. Es wird auch angegeben, wie die Richtigkeit dieser Informationen von Ihnen im Rahmen dieser Datenschutzrichtlinie \u00fcberpr\u00fcft werden kann und wie Sie diese Informationen l\u00f6schen k\u00f6nnen, indem Sie auf die Website des Unternehmens verweisen, wenn Sie dazu aufgefordert werden. Alle Dienstleistungen, die das Unternehmen Einzelpersonen \u00fcber alle Arten von Kan\u00e4len anbietet, werden kurz als &#8222;Service bezeichnet.<\/p>\n\n<p><strong>Datenverantwortliche<\/strong><\/p>\n\n<p>Die Identit\u00e4t der personenbezogenen Daten bezieht sich auf alle Informationen, die sich auf eine bestimmte oder identifizierbare nat\u00fcrliche Person beziehen, wie Name, Genealogie, Geburtsdatum oder Telefonnummer.<\/p>\n\n<p>Ihre personenbezogenen Daten als Datenschutzbeauftragter SENCAP \u0130RFAN TUR\u0130ZM SEYEHAT ACEN. \u0130N\u015e. EML. \u0130\u015eL. VE T\u0130C .LTD. \u015eT\u0130 (\u015eirket) Das Gesetz zum Schutz personenbezogener Daten Nr. 6698 ( KVKK) wird im Rahmen dieser Datenschutzrichtlinie mit einschl\u00e4gigen gesetzlichen Regelungen und zust\u00e4ndigen Beh\u00f6rdenentscheidungen\/ Situaren verarbeitet.<\/p>\n\n<p>Das Unternehmen respektiert Ihre Bedenken zum Schutz Ihrer Privatsph\u00e4re und Ihrer personenbezogenen Daten. In diesem Zusammenhang verarbeitet das Unternehmen Ihre personenbezogenen Daten in \u00dcbereinstimmung mit allen gesetzlichen Bestimmungen zum Schutz personenbezogener Daten, insbesondere KVKK, stellt sicher, dass Ihre Daten sicher gehostet werden und ergreift alle notwendigen Sicherheitsma\u00dfnahmen gegen einen m\u00f6glichen illegalen Zugriff.<\/p>\n\n<p>Dieser Text der Datenschutzerkl\u00e4rung, welche Kategorien von personenbezogenen Daten vom Unternehmen \u00fcber die unten aufgef\u00fchrten Kan\u00e4le gesammelt werden und zu welchen Prozessen und Zwecken, welche Gruppen von Empf\u00e4ngern \u00fcbertragen werden, Dazu geh\u00f6ren Ihre Rechte zum Schutz Ihrer personenbezogenen Daten und andere Offenlegungen, die das Unternehmen Ihnen im Rahmen der Beleuchtungsverpflichtung als Datenschutzbeauftragter mitteilen muss.<\/p>\n\n<p><strong>Umfang der Datenschutzerkl\u00e4rung und erhobene Daten<\/strong><\/p>\n\n<p>Informationen, die von einer bestimmten Person verwendet und verarbeitet werden, sind nur m\u00f6glich, wenn diese Person nach eigenem Ermessen Daten eingibt oder ausdr\u00fccklich in diese Angelegenheit einwilligt. Die Eingabe von Daten oder die ausdr\u00fcckliche Zustimmung dazu ist ein Hinweis darauf, dass die Person mit den folgenden Bedingungen einverstanden ist. Beim Besuch der Website werden einige Informationen auf Servern der Website gespeichert.<\/p>\n\n<p>Diese Daten k\u00f6nnen wie folgt sein:<\/p>\n\n<p>&#8211; Namen<\/p>\n\n<p>&#8211; Nachname<\/p>\n\n<p>&#8211; E-mail<\/p>\n\n<p>Im Einklang mit diesen Daten werden einige R\u00fcckschl\u00fcsse auf den Benutzer der Website gezogen. Diese personenbezogenen Daten k\u00f6nnen jedoch nur anonym verwendet werden. Wenn diese Daten an einen externen Dienstleister \u00fcbermittelt werden, werden die notwendigen Ma\u00dfnahmen ergriffen, um sie im Rahmen der bestehenden gesetzlichen Vorschriften zur Datensicherheit zu \u00fcbertragen.<\/p>\n\n<p>Wenn personenbezogene Daten auf Ihre eigene Anfrage hin zur Verf\u00fcgung gestellt werden, verpflichtet sich das Unternehmen, diese Informationen im Rahmen der gesetzlich oder in der Annahmeerkl\u00e4rung des Nutzers festgelegten Beschr\u00e4nkungen zu verwenden und in diesem Rahmen zu verarbeiten oder zu \u00fcbertragen.<\/p>\n\n<p>Die beabsichtigte Verwendung von personenbezogenen Daten und Cookies sind nachfolgend aufgef\u00fchrt:<\/p>\n\n<p>&#8211; Anpassen der Erfahrungen der Benutzer<\/p>\n\n<p>&#8211; Websites zugreifen<\/p>\n\n<p>&#8211; Kommunikation mit den Nutzern<\/p>\n\n<p>&#8211; Wettbewerb<\/p>\n\n<p>&#8211; Werbung und Marketing<\/p>\n\n<p>&#8211; Analysen und Marktforschung<\/p>\n\n<p>&#8211; Verwaltung und Aufzeichnung der Website<\/p>\n\n<p>Im Rahmen der erbrachten Dienstleistung kann das Unternehmen im Rahmen dieser Datenschutzrichtlinie Informationen \u00fcber die Empf\u00e4nger des Dienstes erhalten und \u00fcbertragen. Die \u00dcbermittlung der Informationen erfolgt unter den von Dritten festgelegten Bedingungen und den bestehenden Vertr\u00e4gen mit Dritten und den geltenden Rechtsvorschriften. Diese Datenschutzrichtlinie spiegelt nicht die Datenschutzpraktiken von Dritten wider, an die Informationen \u00fcbertragen werden, und das Unternehmen ist nicht f\u00fcr ihre Datenschutzrichtlinien oder -praktiken verantwortlich. Diese Datenschutzrichtlinie Informationen, die von Anwendungen au\u00dferhalb der eigenen Kontrolle des Unternehmens gesammelt werden, Informationen, die von Websites und Plattformen Dritter gesammelt werden, enth\u00e4lt keine Informationen, die von Dritten auf Links zur Website des Unternehmens oder Titeln gesammelt werden, Kampagnen und andere Werbung oder Werbeaktionen auf von der Gesellschaft gesponserten oder teilnehmenden Websites Dritter. Das Unternehmen ist nicht verantwortlich f\u00fcr Transaktionen f\u00fcr personenbezogene Daten, die von Dritten \u00fcber ihre eigenen Websites gesammelt, gespeichert und verwendet werden.<\/p>\n\n<p><strong>Datenschutz f\u00fcr Kinder<\/strong><\/p>\n\n<p>Es werden nicht wissentlich Daten von Kindern unter 18 Jahren auf unserer Website erfasst. Wenn Sie unter 18 Jahre alt sind, geben Sie bitte keine personenbezogenen Daten \u00fcber die Dienste weiter. An dieser Stelle wird von den Eltern oder Erziehungsberechtigten der Kinder erwartet, dass sie helfen, indem sie ihre Kinder dazu erziehen, ihre pers\u00f6nlichen Daten nicht \u00fcber die Umsetzung dieser Datenschutzrichtlinie weiterzugeben.<\/p>\n\n<p><strong>Verwendung von Cookies<\/strong><\/p>\n\n<p>Das Unternehmen kann einige der genannten personenbezogenen Daten \u00fcber eine technische Kommunikationsdatei ( Cookie-Cookie) erhalten. Diese technischen Kommunikationsdateien sind kleine Textdateien, die eine Website an den Browser des Nutzers sendet, um im Hauptspeicher gespeichert zu werden. Die technische Kommunikationsdatei erleichtert die Nutzung des Internets, indem Status und Pr\u00e4ferenzen einer Website gespeichert werden. Technische Kommunikationsdatei, wie viele Personen die Website nutzen, f\u00fcr welchen Zweck die Website einer Person ist, Es hilft, statistische Informationen zu erhalten, wie oft sie besucht haben und wie lange sie geblieben sind, und generiert dynamisch Werbung und Inhalte von Benutzerseiten, die speziell f\u00fcr Benutzer entwickelt wurden. Die technische Kommunikationsdatei ist nicht dazu bestimmt, Daten oder andere personenbezogene Daten aus dem Hauptspeicher oder E-Mails zu erhalten. Viele Browser sind urspr\u00fcnglich so konzipiert, dass sie die technische Kommunikationsdatei akzeptieren, aber Benutzer k\u00f6nnen die Einstellungen \u00e4ndern, um sicherzustellen, dass die technische Kommunikationsdatei nicht ankommt oder dass die technische Kommunikationsdatei beim Senden eine Warnung erh\u00e4lt. Fehlerhafte Arbeiten, die sich aus dieser Einstellungs\u00e4nderung ergeben, sind uns nicht zuzurechnen.<\/p>\n\n<p>Die auf der Website verwendeten Cookies sind wie folgt:<\/p>\n\n<p>&#8211; Namen anderer Websites, die w\u00e4hrend der Website besucht wurden<\/p>\n\n<p>&#8211; W\u00f6rter, die verwendet werden, um die Website zu finden<\/p>\n\n<p>&#8211; Name des Anbieters des Internetdienstes<\/p>\n\n<p>&#8211; IP Adresse und\/oder Ort<\/p>\n\n<p>&#8211; Betriebssystem des Computers, der den Zugriff bereitstellt<\/p>\n\n<p><strong>Links zu anderen Websites<\/strong><\/p>\n\n<p>Die Website des Unternehmens kann Links\/Links enthalten, die auf Websites Dritter verweisen, und diese Datenschutzrichtlinie gilt nicht f\u00fcr diese Websites. Das Unternehmen \u00fcbernimmt keine Verantwortung f\u00fcr diese Websites.<\/p>\n\n<p><strong>Social Media<\/strong><\/p>\n\n<p>Die Website des Unternehmens ist in einige Social-Media-Netzwerke eingebettet, so dass die gesamte oder ein Teil der Website in Social-Media-Netzwerken geteilt werden kann. Diese zugeh\u00f6rigen Dienste funktionieren nur, wenn sie genehmigt wurden, und der Zweck dieser Social-Media-Links besteht darin, Website-Inhalte anzuzeigen und sie auf Anfrage mit Freunden und Verwandten zu teilen. Das Teilen von Daten in diesen gezielten sozialen Netzwerken unterliegt den Datenschutzrichtlinien, die sie auf ihrer Website angeben. Es ist wichtig, diese Datenschutzrichtlinien zu pr\u00fcfen.<\/p>\n\n<p><strong>Aktualisierung und \u00c4nderung der Informationen<\/strong><\/p>\n\n<p>Das Unternehmen kann den Inhalt dieser Datenschutzerkl\u00e4rung jederzeit \u00e4ndern, um die Datenschutzgrunds\u00e4tze auf dem neuesten Stand zu halten und die einschl\u00e4gigen Rechtsvorschriften einzuhalten. Die \u00c4nderung der Datenschutzrichtlinie wird auf der Website des Unternehmens angek\u00fcndigt. Es ist m\u00f6glich, st\u00e4ndig auf die Datenschutzerkl\u00e4rung unter www.sencaptour.com zuzugreifen. Nach der \u00c4nderung dieser Datenschutzrichtlinie wird davon ausgegangen, dass Sie die vorgenommenen \u00c4nderungen akzeptieren, wenn Sie die Dienste oder Anwendungen des Unternehmens weiterhin nutzen. Die Datenschutzbestimmungen, die das Unternehmen \u00e4ndert, gelten zum Zeitpunkt der Ver\u00f6ffentlichung auf der Website.<\/p>\n\n<p><strong>Kategorien und Zwecke der Verarbeitung personenbezogener Daten<\/strong><\/p>\n\n<p>Weitergabe personenbezogener Daten, um die Anforderungen der Dienstleistungen, die den Kunden in \u00dcbereinstimmung mit den Anforderungen des Vertrags und der Technologie zur Verf\u00fcgung gestellt werden, und zur Verbesserung unserer angebotenen Produkte und Dienstleistungen; Fragen der \u00f6ffentlichen Sicherheit und Rechtsstreitigkeiten, den Staatsanw\u00e4lten auf Antrag und durch Rechtsvorschriften, um Gerichte und zust\u00e4ndige Beamte zu informieren; um unseren Mitgliedern eine breite Palette von M\u00f6glichkeiten zu bieten oder diese M\u00f6glichkeiten mit den Personen und Institutionen zu teilen, die sie im rechtlichen Rahmen anbieten k\u00f6nnen; Sie wird gem\u00e4\u00df KVKK 6698 und den dazugeh\u00f6rigen Sekund\u00e4rvorschriften zur Analyse von Werbepr\u00e4ferenzen verarbeitet.<\/p>\n\n<p><strong>Aufbewahrungsfrist f\u00fcr Daten<\/strong><\/p>\n\n<p>Daten, die direkt auf der Website in irgendeiner Weise geteilt werden, werden f\u00fcr die Fortsetzung der Interaktionsperiode gespeichert.<\/p>\n\n<p><strong>Wie personenbezogene Daten verarbeitet werden k\u00f6nnen<\/strong><\/p>\n\n<p>Gem\u00e4\u00df dem Datenschutzgesetz 6698 (KVKK), SENCAP \u0130RFAN TUR\u0130ZM SEYEHAT ACEN. \u0130N\u015e. EML. \u0130\u015eL. VE T\u0130C .LTD. \u015eT\u0130 Personenbezogene Daten, die mit ihr geteilt werden, werden erhalten, aufgezeichnet, gespeichert, ge\u00e4ndert, ganz oder teilweise, automatisch oder nicht automatisch, sofern sie Teil eines Datenaufzeichnungssystems sind, Sie k\u00f6nnen von uns als Gegenstand jeder Verarbeitung der Daten durch Reorganisation verarbeitet werden. Jede Transaktion, die mit Daten unter KVKK durchgef\u00fchrt wird, gilt als &#8222;Verarbeitung personenbezogener Daten.<strong><br\/>Informationen \u00fcber Dritte oder Organisationen, an die personenbezogene Daten \u00fcbertragen werden k\u00f6nnen<\/strong><\/p>\n\n<p>F\u00fcr die oben genannten Zwecke, SENCAP \u0130RFAN TUR\u0130ZM SEYEHAT ACEN. \u0130N\u015e. EML. \u0130\u015eL. VE T\u0130C .LTD. \u015eT\u0130 Einzelpersonen und Organisationen, an die personenbezogene Daten weitergegeben werden k\u00f6nnen; Hauptaktion\u00e4re, Aktion\u00e4re, Werbetreibende, direkte oder indirekte inl\u00e4ndische\/ internationale Tochtergesellschaften; insbesondere SENCAP \u0130RFAN TUR\u0130ZM SEYEHAT ACEN. \u0130N\u015e. EML. \u0130\u015eL. VE T\u0130C .LTD. \u015eT\u0130 Wir arbeiten mit den Mitgliedsunternehmen zusammen, die ihre Infrastruktur und die mit dem angebotenen Service verbundenen Personen und Organisationen nutzen, aber nicht darauf beschr\u00e4nkt sind, um unsere Aktivit\u00e4ten durchzuf\u00fchren oder als Datenverarbeiter, Programmpartnerorganisationen, inl\u00e4ndische\/ nicht-gew\u00f6hnliche Organisationen und andere dritte Personen und Organisationen. Ihre Daten k\u00f6nnen ausnahmsweise im Rahmen unserer gesetzlichen Verpflichtungen bez\u00fcglich verbindlicher Anfragen von Gerichten an offizielle Institutionen weitergegeben werden.<\/p>\n\n<p>Unsere Bestimmungen zu Cookies f\u00fcr Werbezwecke &#8220; SENCAP \u0130RFAN TUR\u0130ZM SEYEHAT ACEN. \u0130N\u015e. EML. \u0130\u015eL. VE T\u0130C .LTD. \u015eT\u0130 Die Cookie-Richtlinie ist Teil der &#8222;Datenschutz- und Datenschutzrichtlinie&#8220;, die Sie derzeit lesen. Bitte klicken Sie hier, um mehr \u00fcber unsere Cookie-Richtlinie zu erfahren.<strong><br\/>Personenbezogene Daten, die vor Inkrafttreten von KVKK erhoben wurden<\/strong><\/p>\n\n<p>SENCAP \u0130RFAN TUR\u0130ZM SEYEHAT ACEN. \u0130N\u015e. EML. \u0130\u015eL. VE T\u0130C .LTD. \u015eT\u0130 Vor dem 07.04.2016, dem Datum des Inkrafttretens von KVKK, werden auf der Website keine personenbezogenen Daten gespeichert.<\/p>\n\n<p><strong>Rechte des Dateninhabers<\/strong><\/p>\n\n<p>Die betroffene Person kann jederzeit das Recht auf Zugang zu ihren Daten aus\u00fcben. Dar\u00fcber hinaus k\u00f6nnen bei Vorliegen der einschl\u00e4gigen Voraussetzungen die in Artikel 11 KVKK genannten Rechte und die nachfolgend genannten Rechte genutzt werden.<\/p>\n\n<ul class=\"wp-block-list\">\n<li>Recht auf Berichtigung,<\/li>\n\n\n\n<li>Recht auf L\u00f6schung,<\/li>\n\n\n\n<li>Recht auf Einschr\u00e4nkung der Verarbeitung,<\/li>\n\n\n\n<li>Das Recht, eine Beschwerde \u00fcber die autorisierte Datenschutz-Audit-Institution zu erstellen,<\/li>\n\n\n\n<li>Das Recht auf Daten\u00fcbertragbarkeit.<\/li>\n<\/ul>\n\n<p>Im Falle von T\u00e4tigkeiten im Zusammenhang mit der Verarbeitung personenbezogener Daten vor Ort, wo die Gesellschaft einen rechtlichen Vorteil hat, hat die betroffene Person das Recht, der Verarbeitung personenbezogener Daten aus den Gr\u00fcnden zu widersprechen, die sich aus der jeweiligen Situation ergeben. Das Unternehmen kann nicht nachweisen, dass es eine wichtige Begr\u00fcndung \u00fcber die Interessen, Rechte und Freiheiten, die im Zusammenhang mit der Verarbeitung der Daten gesch\u00fctzt werden m\u00fcssen, gibt, oder diese Transaktion macht rechtliche Anspr\u00fcche, Solange es Zwecken wie der Nutzung oder Verteidigung dieser Anfragen dient, wird das Unternehmen die Verarbeitung der Daten einstellen.<\/p>\n\n<p>Die Genehmigung liegt vor, wenn die Verarbeitung personenbezogener Daten genehmigt wird.<\/p>\n\n<p>Nach dem Gesetz k\u00f6nnen Sie alle Anfragen, Beschwerden und Vorschl\u00e4ge zu Ihren pers\u00f6nlichen Daten, Ihrer Identit\u00e4t mit Ihrem Antrag, der die Dokumente und Ihre Anfrage enth\u00e4lt, an unsere unten stehende Adresse senden oder indem Sie eine sichere elektronische Signatur verwendenE-Mail-Adresse von syncaptour.com.<\/p>\n\n<p>Adresse :<\/p>\n\n<p>G\u00fcller P\u0131nar\u0131, Ahmet Toku\u015f Blv. No:25\/B, 07400 Alanya\/Antalya<\/p>\n","protected":false},"excerpt":{"rendered":"<p>Datenschutzrichtlinie SENCAP \u0130RFAN TUR\u0130ZM SEYEHAT ACEN. \u0130N\u015e. EML. \u0130\u015eL. VE T\u0130C .LTD. \u015eT\u0130 (&#8222;\u015eirket&#8220;), Grunds\u00e4tzlich hat es die Vertraulichkeit der Informationen akzeptiert, die von den Besuchern der Website geteilt werden. Aus diesem Grund, welche Informationen dieser &#8222;Datenschutzrichtlinie&#8220; Personen in welcher Weise verarbeitet werden, wurde es in \u00dcbereinstimmung mit dem Gesetz und mit dem Zweck erstellt, [&#8230;]\n","protected":false},"author":910,"featured_media":0,"parent":0,"menu_order":0,"comment_status":"closed","ping_status":"closed","template":"","meta":{"_joinchat":[],"footnotes":""},"class_list":["post-1896","page","type-page","status-publish","hentry"],"_links":{"self":[{"href":"https:\/\/sencaptour.com\/de\/wp-json\/wp\/v2\/pages\/1896","targetHints":{"allow":["GET"]}}],"collection":[{"href":"https:\/\/sencaptour.com\/de\/wp-json\/wp\/v2\/pages"}],"about":[{"href":"https:\/\/sencaptour.com\/de\/wp-json\/wp\/v2\/types\/page"}],"author":[{"embeddable":true,"href":"https:\/\/sencaptour.com\/de\/wp-json\/wp\/v2\/users\/910"}],"replies":[{"embeddable":true,"href":"https:\/\/sencaptour.com\/de\/wp-json\/wp\/v2\/comments?post=1896"}],"version-history":[{"count":1,"href":"https:\/\/sencaptour.com\/de\/wp-json\/wp\/v2\/pages\/1896\/revisions"}],"predecessor-version":[{"id":1897,"href":"https:\/\/sencaptour.com\/de\/wp-json\/wp\/v2\/pages\/1896\/revisions\/1897"}],"wp:attachment":[{"href":"https:\/\/sencaptour.com\/de\/wp-json\/wp\/v2\/media?parent=1896"}],"curies":[{"name":"wp","href":"https:\/\/api.w.org\/{rel}","templated":true}]}}