{"id":1791,"date":"2023-06-01T17:56:13","date_gmt":"2023-06-01T14:56:13","guid":{"rendered":"https:\/\/sencaptour.com\/turlar\/pamukkale-und-salda-see-tour\/"},"modified":"2025-01-13T16:17:31","modified_gmt":"2025-01-13T13:17:31","slug":"pamukkale-and-salda-golu-tour","status":"publish","type":"product","link":"https:\/\/sencaptour.com\/de\/touren\/pamukkale-and-salda-golu-tour\/","title":{"rendered":"Pamukkale und Salda See Tour"},"content":{"rendered":"<h2><span style=\"font-weight: 400;\">Pamukkale und Salda-See-Tour: Eine Reise ins wei\u00dfe Paradies<\/span><\/h2>\n<p><span style=\"font-weight: 400;\">Pamukkale und der Salda-See bieten eine einzigartige Gelegenheit, zwei der beeindruckendsten Natur- und Kultursch\u00e4tze der T\u00fcrkei zu entdecken. Bei dieser von Sencap Tour organisierten Reise erleben Sie die atemberaubenden Travertinen und Thermalquellen von Pamukkale, das auf der UNESCO-Welterbeliste steht.<\/span><\/p>\n<p><span style=\"font-weight: 400;\">Nach der Erkundung der antiken Stadt Hierapolis machen wir auf dem R\u00fcckweg eine entspannende Pause am Salda-See, der als die \u201eT\u00fcrkischen Malediven\u201c bekannt ist. Diese Tagestour ist perfekt f\u00fcr alle, die Kultur, Geschichte und Natur in einem unvergesslichen Abenteuer vereinen m\u00f6chten.<\/span><\/p>\n<h2><span style=\"font-weight: 400;\">Highlights der Tour<\/span><\/h2>\n<p><span style=\"font-weight: 400;\">Mit der Pamukkale und Salda-See-Tour erleben Sie einzigartige Momente, die K\u00f6rper und Seele guttun:<\/span><\/p>\n<ul>\n<li style=\"font-weight: 400;\" aria-level=\"1\"><b>Heilende Kraft der Natur:<\/b><span style=\"font-weight: 400;\"> Entspannen Sie in den Thermalquellen von Pamukkale und f\u00f6rdern Sie Ihr Wohlbefinden.<\/span><\/li>\n<li style=\"font-weight: 400;\" aria-level=\"1\"><b>UNESCO-Welterbe entdecken:<\/b><span style=\"font-weight: 400;\"> Erleben Sie Geschichte in den Travertinen von Pamukkale und der antiken Stadt Hierapolis.<\/span><\/li>\n<li style=\"font-weight: 400;\" aria-level=\"1\"><b>Atemberaubende Ausblicke:<\/b><span style=\"font-weight: 400;\"> Genie\u00dfen Sie die wei\u00dfen Str\u00e4nde und t\u00fcrkisfarbenen Gew\u00e4sser des Salda-Sees.<\/span><\/li>\n<li style=\"font-weight: 400;\" aria-level=\"1\"><b>Geschichte und Kultur:<\/b><span style=\"font-weight: 400;\"> Besuchen Sie das antike Theater von Hierapolis und das Arch\u00e4ologiemuseum.<\/span><\/li>\n<li style=\"font-weight: 400;\" aria-level=\"1\"><b>Komfortable und sichere Reise:<\/b><span style=\"font-weight: 400;\"> Dank der professionellen Organisation von Sencap Tour wird Ihre Reise entspannt und angenehm.<\/span><\/li>\n<\/ul>\n<h2><span style=\"font-weight: 400;\">Tourprogramm<\/span><\/h2>\n<p><span style=\"font-weight: 400;\">Die Pamukkale und Salda-See-Tour findet jeden Dienstag und Samstag statt. Der ganzt\u00e4gige Ablauf sieht wie folgt aus:<\/span><\/p>\n<ol>\n<li style=\"font-weight: 400;\" aria-level=\"1\"><b>Morgens:<\/b><span style=\"font-weight: 400;\"> Abholung von Ihrer Unterkunft in Alanya.<\/span><\/li>\n<li style=\"font-weight: 400;\" aria-level=\"1\"><b>Pamukkale und Hierapolis-Besuch:<\/b><span style=\"font-weight: 400;\"> Entdecken Sie die UNESCO-Welterbest\u00e4tten Pamukkale und die antike Stadt Hierapolis.<\/span><\/li>\n<li style=\"font-weight: 400;\" aria-level=\"1\"><b>Mittagspause:<\/b><span style=\"font-weight: 400;\"> Genie\u00dfen Sie lokale K\u00f6stlichkeiten bei einer Essenspause.<\/span><\/li>\n<li style=\"font-weight: 400;\" aria-level=\"1\"><b>Salda-See-Besuch:<\/b><span style=\"font-weight: 400;\"> Erleben Sie die \u201eT\u00fcrkischen Malediven\u201c mit freier Zeit zum Fotografieren und Entspannen.<\/span><\/li>\n<li style=\"font-weight: 400;\" aria-level=\"1\"><b>Abendessen:<\/b><span style=\"font-weight: 400;\"> Auf dem R\u00fcckweg st\u00e4rken Sie sich bei einem schmackhaften Abendessen.<\/span><\/li>\n<li style=\"font-weight: 400;\" aria-level=\"1\"><b>Abends:<\/b><span style=\"font-weight: 400;\"> R\u00fcckfahrt zu Ihrer Unterkunft in Alanya.<\/span><\/li>\n<\/ol>\n<h2><span style=\"font-weight: 400;\">Inklusive Leistungen<\/span><\/h2>\n<ul>\n<li style=\"font-weight: 400;\" aria-level=\"1\"><span style=\"font-weight: 400;\">Reiseversicherung<\/span><\/li>\n<li style=\"font-weight: 400;\" aria-level=\"1\"><span style=\"font-weight: 400;\">Abholung und R\u00fccktransport von\/zur Unterkunft in Alanya<\/span><\/li>\n<li style=\"font-weight: 400;\" aria-level=\"1\"><span style=\"font-weight: 400;\">Professioneller Reiseleiter<\/span><\/li>\n<li style=\"font-weight: 400;\" aria-level=\"1\"><span style=\"font-weight: 400;\">Abendessen<\/span><\/li>\n<\/ul>\n<h2><span style=\"font-weight: 400;\">Nicht inklusive<\/span><\/h2>\n<ul>\n<li style=\"font-weight: 400;\" aria-level=\"1\"><span style=\"font-weight: 400;\">Eintrittsgeb\u00fchren f\u00fcr die Travertinen von Pamukkale und die antike Stadt Hierapolis<\/span><\/li>\n<li style=\"font-weight: 400;\" aria-level=\"1\"><span style=\"font-weight: 400;\">Mittagessen<\/span><\/li>\n<li style=\"font-weight: 400;\" aria-level=\"1\"><span style=\"font-weight: 400;\">Eintritt f\u00fcr das Cleopatra-Pool-Schwimmbad<\/span><\/li>\n<li style=\"font-weight: 400;\" aria-level=\"1\"><span style=\"font-weight: 400;\">Pers\u00f6nliche Ausgaben<\/span><\/li>\n<\/ul>\n<h2><span style=\"font-weight: 400;\">Mitzubringen<\/span><\/h2>\n<ul>\n<li style=\"font-weight: 400;\" aria-level=\"1\"><span style=\"font-weight: 400;\">Wettergerechte Kleidung<\/span><\/li>\n<li style=\"font-weight: 400;\" aria-level=\"1\"><span style=\"font-weight: 400;\">Bequeme Wanderschuhe<\/span><\/li>\n<li style=\"font-weight: 400;\" aria-level=\"1\"><span style=\"font-weight: 400;\">Museumskarten oder Erm\u00e4\u00dfigungskarten<\/span><\/li>\n<li style=\"font-weight: 400;\" aria-level=\"1\"><span style=\"font-weight: 400;\">Wasser und leichte Snacks<\/span><\/li>\n<li style=\"font-weight: 400;\" aria-level=\"1\"><span style=\"font-weight: 400;\">Sonnenschutzmittel und Hut<\/span><\/li>\n<\/ul>\n<h2><span style=\"font-weight: 400;\">Ein unvergesslicher Tag mit der Pamukkale und Salda-See-Tour<\/span><\/h2>\n<p><span style=\"font-weight: 400;\">Wenn Sie eine Reise voller Natur, Geschichte und Kultur erleben m\u00f6chten, ist die Pamukkale und Salda-See-Tour genau das Richtige f\u00fcr Sie! W\u00e4hrend Sie sich in den Travertinen und heilenden Thermalquellen von Pamukkale regenerieren, werden Sie von der friedlichen Sch\u00f6nheit des Salda-Sees verzaubert.<\/span><\/p>\n<p><span style=\"font-weight: 400;\">Bei dieser exklusiven Tour von Sencap Tour werden Sie nicht nur Zeuge der Geschichte, sondern sp\u00fcren auch die heilende Ber\u00fchrung der Natur. <\/span><b>Buchen Sie jetzt und starten Sie in dieses einzigartige Erlebnis!<\/b><span style=\"font-weight: 400;\"> <\/span><\/p>\n<h2><span style=\"font-weight: 400;\">Warum Sencap Tour w\u00e4hlen?<\/span><\/h2>\n<p><span style=\"font-weight: 400;\">Sencap Tour bietet erstklassige Leistungen bei der Pamukkale und Salda-See-Tour:<\/span><\/p>\n<ul>\n<li style=\"font-weight: 400;\" aria-level=\"1\"><b>Professionelle Reiseleitung:<\/b><span style=\"font-weight: 400;\"> Entdecken Sie historische und nat\u00fcrliche Sch\u00f6nheiten mit erfahrenen Guides.<\/span><\/li>\n<li style=\"font-weight: 400;\" aria-level=\"1\"><b>Komfortable Anreise:<\/b><span style=\"font-weight: 400;\"> Sichere und bequeme Fahrt von Alanya nach Pamukkale und Salda-See.<\/span><\/li>\n<li style=\"font-weight: 400;\" aria-level=\"1\"><b>Umfassendes Tourprogramm:<\/b><span style=\"font-weight: 400;\"> Ein gut durchdachter Plan f\u00fcr einen erlebnisreichen Tag.<\/span><\/li>\n<li style=\"font-weight: 400;\" aria-level=\"1\"><b>Sicherheit und Zufriedenheit:<\/b><span style=\"font-weight: 400;\"> Ihre Sicherheit und Zufriedenheit haben f\u00fcr uns oberste Priorit\u00e4t.<\/span><\/li>\n<li style=\"font-weight: 400;\" aria-level=\"1\"><b>Flexibilit\u00e4t:<\/b><span style=\"font-weight: 400;\"> Unser Tourprogramm kann auf Ihre individuellen Bed\u00fcrfnisse angepasst werden.<\/span><\/li>\n<\/ul>\n<p><span style=\"font-weight: 400;\">Entdecken Sie die faszinierende Sch\u00f6nheit von Pamukkale und Salda-See mit den besonderen Leistungen von Sencap Tour. <\/span><b>Buchen Sie jetzt und erleben Sie eine unvergessliche Reise!<\/b><span style=\"font-weight: 400;\"> <\/span><\/p>\n","protected":false},"excerpt":{"rendered":"<p>Pamukkale und Salda-See-Tour: Eine Reise ins wei\u00dfe Paradies Pamukkale und der Salda-See bieten eine einzigartige Gelegenheit, zwei der beeindruckendsten Natur- und Kultursch\u00e4tze der T\u00fcrkei zu entdecken. Bei dieser von Sencap Tour organisierten Reise erleben Sie die atemberaubenden Travertinen und Thermalquellen von Pamukkale, das auf der UNESCO-Welterbeliste steht. Nach der Erkundung der antiken Stadt Hierapolis machen [&#8230;]\n","protected":false},"featured_media":1555,"comment_status":"open","ping_status":"closed","template":"","meta":{"_joinchat":[]},"product_brand":[],"product_cat":[93,91,92],"product_tag":[],"class_list":{"0":"post-1791","1":"product","2":"type-product","3":"status-publish","4":"has-post-thumbnail","6":"product_cat-kulturreisen","7":"product_cat-naturreisen","8":"product_cat-tagestouren","10":"first","11":"instock","12":"virtual","13":"sold-individually","14":"purchasable","15":"product-type-booking"},"booking_location":"","booking_location_type":"","booking_duration":1,"booking_duration_unit":"day","booking_buffer":0,"booking_cost":0,"booking_resources":[],"_links":{"self":[{"href":"https:\/\/sencaptour.com\/de\/wp-json\/wp\/v2\/product\/1791","targetHints":{"allow":["GET"]}}],"collection":[{"href":"https:\/\/sencaptour.com\/de\/wp-json\/wp\/v2\/product"}],"about":[{"href":"https:\/\/sencaptour.com\/de\/wp-json\/wp\/v2\/types\/product"}],"replies":[{"embeddable":true,"href":"https:\/\/sencaptour.com\/de\/wp-json\/wp\/v2\/comments?post=1791"}],"wp:featuredmedia":[{"embeddable":true,"href":"https:\/\/sencaptour.com\/de\/wp-json\/wp\/v2\/media\/1555"}],"wp:attachment":[{"href":"https:\/\/sencaptour.com\/de\/wp-json\/wp\/v2\/media?parent=1791"}],"wp:term":[{"taxonomy":"product_brand","embeddable":true,"href":"https:\/\/sencaptour.com\/de\/wp-json\/wp\/v2\/product_brand?post=1791"},{"taxonomy":"product_cat","embeddable":true,"href":"https:\/\/sencaptour.com\/de\/wp-json\/wp\/v2\/product_cat?post=1791"},{"taxonomy":"product_tag","embeddable":true,"href":"https:\/\/sencaptour.com\/de\/wp-json\/wp\/v2\/product_tag?post=1791"}],"curies":[{"name":"wp","href":"https:\/\/api.w.org\/{rel}","templated":true}]}}