{"id":1795,"date":"2023-06-01T17:50:55","date_gmt":"2023-06-01T14:50:55","guid":{"rendered":"https:\/\/sencaptour.com\/turlar\/kekova-demre-myra-tour\/"},"modified":"2025-01-13T16:23:48","modified_gmt":"2025-01-13T13:23:48","slug":"kekova-demre-myra-tour","status":"publish","type":"product","link":"https:\/\/sencaptour.com\/de\/touren\/kekova-demre-myra-tour\/","title":{"rendered":"Kekova Demre Myra Tour"},"content":{"rendered":"<h2><span style=\"font-weight: 400;\">Kekova Demre Myra Tour: Auf den Spuren von Geschichte und Natur<\/span><\/h2>\n<p><span style=\"font-weight: 400;\">Die von Alanya aus organisierte Kekova Demre Myra Tour vereint die perfekte Harmonie von Geschichte und Natur. Auf dieser Reise entdecken Sie die faszinierenden Spuren der antiken lykischen Zivilisation, bewundern die versunkene Stadt rund um die Insel Kekova und genie\u00dfen eine unvergessliche Bootsfahrt.<\/span><\/p>\n<p><span style=\"font-weight: 400;\">Besuchen Sie die Felsengr\u00e4ber und das Theater der antiken Stadt Myra sowie die historische Kirche des Heiligen Nikolaus (Nikolaus von Myra). Gleichzeitig k\u00f6nnen Sie im t\u00fcrkisblauen Wasser von Kekova schwimmen und die beeindruckenden Landschaften genie\u00dfen. Mit der professionellen Begleitung von Sencap Tour erwartet Sie ein erlebnisreicher Tag.<\/span><\/p>\n<h2><span style=\"font-weight: 400;\">Highlights der Tour<\/span><\/h2>\n<p><span style=\"font-weight: 400;\">Die Kekova Demre Myra Tour bietet Ihnen eine perfekte Kombination aus Geschichte, Natur und Entspannung:<\/span><\/p>\n<ul>\n<li style=\"font-weight: 400;\" aria-level=\"1\"><b>Historische Entdeckungen:<\/b><span style=\"font-weight: 400;\"> Besuchen Sie die antike Stadt Myra und die Nikolaus-Kirche, um die Spuren der Vergangenheit zu erleben.<\/span><\/li>\n<li style=\"font-weight: 400;\" aria-level=\"1\"><b>Unvergessliche Bootstour:<\/b><span style=\"font-weight: 400;\"> Verbringen Sie 2 Stunden mit dem Boot rund um die Insel Kekova und bewundern Sie die versunkene Stadt und malerische Buchten.<\/span><\/li>\n<li style=\"font-weight: 400;\" aria-level=\"1\"><b>Beeindruckende Ausblicke:<\/b><span style=\"font-weight: 400;\"> Fotografieren Sie die lykischen Felsengr\u00e4ber, das antike Theater und die atemberaubenden Landschaften von Kekova.<\/span><\/li>\n<li style=\"font-weight: 400;\" aria-level=\"1\"><b>Erfrischende Schwimmpausen:<\/b><span style=\"font-weight: 400;\"> Genie\u00dfen Sie w\u00e4hrend der Tour entspannte Momente im klaren Wasser des Mittelmeers.<\/span><\/li>\n<li style=\"font-weight: 400;\" aria-level=\"1\"><b>Professionelle F\u00fchrung:<\/b><span style=\"font-weight: 400;\"> Lernen Sie mehr \u00fcber die Geschichte und Natur der Region durch die erfahrenen Reiseleiter von Sencap Tour.<\/span><\/li>\n<\/ul>\n<h2><span style=\"font-weight: 400;\">Tourprogramm<\/span><\/h2>\n<p><span style=\"font-weight: 400;\">Die Kekova Demre Myra Tour findet jeden Montag, Mittwoch und Freitag statt. Der ganzt\u00e4gige Ablauf umfasst:<\/span><\/p>\n<ol>\n<li style=\"font-weight: 400;\" aria-level=\"1\"><b>Morgens:<\/b><span style=\"font-weight: 400;\"> Abholung von Ihrer Unterkunft in Alanya.<\/span><\/li>\n<li style=\"font-weight: 400;\" aria-level=\"1\"><b>Fr\u00fchst\u00fcckspause in Antalya:<\/b><span style=\"font-weight: 400;\"> Genie\u00dfen Sie eine Pause f\u00fcr Fr\u00fchst\u00fcck und Erfrischungen w\u00e4hrend der Fahrt.<\/span><\/li>\n<li style=\"font-weight: 400;\" aria-level=\"1\"><b>Myra Antike Stadt:<\/b><span style=\"font-weight: 400;\"> Besuchen Sie das antike Theater und die lykischen Felsengr\u00e4ber.<\/span><\/li>\n<li style=\"font-weight: 400;\" aria-level=\"1\"><b>Kekova Bootstour:<\/b><span style=\"font-weight: 400;\"> Unternehmen Sie eine 2-st\u00fcndige Bootsfahrt um die Insel Kekova mit Schwimmpausen.<\/span><\/li>\n<li style=\"font-weight: 400;\" aria-level=\"1\"><b>Mittagessen:<\/b><span style=\"font-weight: 400;\"> Genie\u00dfen Sie eine kulinarische Pause in Myra.<\/span><\/li>\n<li style=\"font-weight: 400;\" aria-level=\"1\"><b>Besuch der Nikolaus-Kirche:<\/b><span style=\"font-weight: 400;\"> Entdecken Sie die historische Kirche des Heiligen Nikolaus.<\/span><\/li>\n<li style=\"font-weight: 400;\" aria-level=\"1\"><b>R\u00fcckfahrt:<\/b><span style=\"font-weight: 400;\"> Pause in Antalya und R\u00fccktransfer nach Alanya.<\/span><\/li>\n<\/ol>\n<h2><span style=\"font-weight: 400;\">Inklusive Leistungen<\/span><\/h2>\n<ul>\n<li style=\"font-weight: 400;\" aria-level=\"1\"><span style=\"font-weight: 400;\">Reiseversicherung<\/span><\/li>\n<li style=\"font-weight: 400;\" aria-level=\"1\"><span style=\"font-weight: 400;\">Abholung und R\u00fccktransport von\/zur Unterkunft<\/span><\/li>\n<li style=\"font-weight: 400;\" aria-level=\"1\"><span style=\"font-weight: 400;\">Professioneller Reiseleiter<\/span><\/li>\n<li style=\"font-weight: 400;\" aria-level=\"1\"><span style=\"font-weight: 400;\">Mittagessen<\/span><\/li>\n<li style=\"font-weight: 400;\" aria-level=\"1\"><span style=\"font-weight: 400;\">2-st\u00fcndige Bootsfahrt um die Insel Kekova<\/span><\/li>\n<\/ul>\n<h2><span style=\"font-weight: 400;\">Nicht inklusive<\/span><\/h2>\n<ul>\n<li style=\"font-weight: 400;\" aria-level=\"1\"><span style=\"font-weight: 400;\">Eintrittsgeb\u00fchren f\u00fcr Museen und historische St\u00e4tten<\/span><\/li>\n<li style=\"font-weight: 400;\" aria-level=\"1\"><span style=\"font-weight: 400;\">Getr\u00e4nke<\/span><\/li>\n<\/ul>\n<h2><span style=\"font-weight: 400;\">Mitzubringen<\/span><\/h2>\n<ul>\n<li style=\"font-weight: 400;\" aria-level=\"1\"><span style=\"font-weight: 400;\">Hut<\/span><\/li>\n<li style=\"font-weight: 400;\" aria-level=\"1\"><span style=\"font-weight: 400;\">Sonnenschutzmittel<\/span><\/li>\n<li style=\"font-weight: 400;\" aria-level=\"1\"><span style=\"font-weight: 400;\">Sonnenbrille<\/span><\/li>\n<li style=\"font-weight: 400;\" aria-level=\"1\"><span style=\"font-weight: 400;\">Badebekleidung<\/span><\/li>\n<li style=\"font-weight: 400;\" aria-level=\"1\"><span style=\"font-weight: 400;\">Handtuch<\/span><\/li>\n<li style=\"font-weight: 400;\" aria-level=\"1\"><span style=\"font-weight: 400;\">Kamera<\/span><\/li>\n<\/ul>\n<h2><span style=\"font-weight: 400;\">Ein unvergesslicher Tag mit der Kekova Demre Myra Tour<\/span><\/h2>\n<p><span style=\"font-weight: 400;\">Wenn Sie einen Tag voller Geschichte, Natur und Entspannung verbringen m\u00f6chten, ist die Kekova Demre Myra Tour die perfekte Wahl! Entdecken Sie die Spuren der versunkenen Stadt, erleben Sie die t\u00fcrkisblauen Gew\u00e4sser von Kekova und tauchen Sie ein in die faszinierende Geschichte der Region.<\/span><\/p>\n<p><span style=\"font-weight: 400;\">Mit der professionellen Begleitung und dem komfortablen Service von Sencap Tour wird diese Reise zu einem unvergesslichen Erlebnis. <\/span><b>Buchen Sie jetzt und starten Sie Ihr Abenteuer!<\/b><span style=\"font-weight: 400;\"> <\/span><\/p>\n<h2><span style=\"font-weight: 400;\">Warum Sencap Tour w\u00e4hlen?<\/span><\/h2>\n<p><span style=\"font-weight: 400;\">Mit Sencap Tour erleben Sie eine au\u00dfergew\u00f6hnliche Reise mit:<\/span><\/p>\n<ul>\n<li style=\"font-weight: 400;\" aria-level=\"1\"><b>Professionelle Reiseleitung:<\/b><span style=\"font-weight: 400;\"> Entdecken Sie historische und nat\u00fcrliche Sch\u00f6nheiten mit erfahrenen Guides.<\/span><\/li>\n<li style=\"font-weight: 400;\" aria-level=\"1\"><b>Komfortabler Transport:<\/b><span style=\"font-weight: 400;\"> Sicherer und bequemer Transfer von Alanya nach Kekova.<\/span><\/li>\n<li style=\"font-weight: 400;\" aria-level=\"1\"><b>Vielf\u00e4ltiges Programm:<\/b><span style=\"font-weight: 400;\"> Genie\u00dfen Sie einen abwechslungsreichen Tag mit perfekt geplanten Aktivit\u00e4ten.<\/span><\/li>\n<li style=\"font-weight: 400;\" aria-level=\"1\"><b>Natur und Geschichte vereint:<\/b><span style=\"font-weight: 400;\"> Erkunden Sie die versunkene Stadt, Felsengr\u00e4ber und das antike Theater.<\/span><\/li>\n<li style=\"font-weight: 400;\" aria-level=\"1\"><b>Kundenzufriedenheit:<\/b><span style=\"font-weight: 400;\"> Ihre Sicherheit und Zufriedenheit haben f\u00fcr uns h\u00f6chste Priorit\u00e4t.<\/span><\/li>\n<\/ul>\n<p><span style=\"font-weight: 400;\">Entdecken Sie die faszinierende Sch\u00f6nheit von Kekova, Demre und Myra mit den besonderen Leistungen von Sencap Tour. <\/span><b>Jetzt buchen und unvergessliche Erinnerungen schaffen!<\/b><span style=\"font-weight: 400;\"> <\/span><\/p>\n","protected":false},"excerpt":{"rendered":"<p>Kekova Demre Myra Tour: Auf den Spuren von Geschichte und Natur Die von Alanya aus organisierte Kekova Demre Myra Tour vereint die perfekte Harmonie von Geschichte und Natur. Auf dieser Reise entdecken Sie die faszinierenden Spuren der antiken lykischen Zivilisation, bewundern die versunkene Stadt rund um die Insel Kekova und genie\u00dfen eine unvergessliche Bootsfahrt. Besuchen [&#8230;]\n","protected":false},"featured_media":1541,"comment_status":"open","ping_status":"closed","template":"","meta":{"_joinchat":[]},"product_brand":[],"product_cat":[93,91,92],"product_tag":[],"class_list":{"0":"post-1795","1":"product","2":"type-product","3":"status-publish","4":"has-post-thumbnail","6":"product_cat-kulturreisen","7":"product_cat-naturreisen","8":"product_cat-tagestouren","10":"first","11":"instock","12":"virtual","13":"sold-individually","14":"purchasable","15":"product-type-booking"},"booking_location":"","booking_location_type":"","booking_duration":1,"booking_duration_unit":"day","booking_buffer":0,"booking_cost":0,"booking_resources":[],"_links":{"self":[{"href":"https:\/\/sencaptour.com\/de\/wp-json\/wp\/v2\/product\/1795","targetHints":{"allow":["GET"]}}],"collection":[{"href":"https:\/\/sencaptour.com\/de\/wp-json\/wp\/v2\/product"}],"about":[{"href":"https:\/\/sencaptour.com\/de\/wp-json\/wp\/v2\/types\/product"}],"replies":[{"embeddable":true,"href":"https:\/\/sencaptour.com\/de\/wp-json\/wp\/v2\/comments?post=1795"}],"wp:featuredmedia":[{"embeddable":true,"href":"https:\/\/sencaptour.com\/de\/wp-json\/wp\/v2\/media\/1541"}],"wp:attachment":[{"href":"https:\/\/sencaptour.com\/de\/wp-json\/wp\/v2\/media?parent=1795"}],"wp:term":[{"taxonomy":"product_brand","embeddable":true,"href":"https:\/\/sencaptour.com\/de\/wp-json\/wp\/v2\/product_brand?post=1795"},{"taxonomy":"product_cat","embeddable":true,"href":"https:\/\/sencaptour.com\/de\/wp-json\/wp\/v2\/product_cat?post=1795"},{"taxonomy":"product_tag","embeddable":true,"href":"https:\/\/sencaptour.com\/de\/wp-json\/wp\/v2\/product_tag?post=1795"}],"curies":[{"name":"wp","href":"https:\/\/api.w.org\/{rel}","templated":true}]}}