{"id":1799,"date":"2023-06-01T17:43:35","date_gmt":"2023-06-01T14:43:35","guid":{"rendered":"https:\/\/sencaptour.com\/turlar\/kappadokien-tour-2-tage\/"},"modified":"2025-06-26T16:46:04","modified_gmt":"2025-06-26T13:46:04","slug":"kappadokien-tour-2-tage","status":"publish","type":"product","link":"https:\/\/sencaptour.com\/de\/touren\/kappadokien-tour-2-tage\/","title":{"rendered":"Kappadokien Tour 2 Tage"},"content":{"rendered":"<h2><span style=\"font-weight: 400;\">Kappadokien 2 Tage Tour<\/span><\/h2>\n<p><span style=\"font-weight: 400;\">Cappadocia bewundert jedes Jahr Millionen von Touristen mit seiner nat\u00fcrlichen Sch\u00f6nheit und historischen Textur. Bekannt als &#8222;Das Land der sch\u00f6nen Pferde&#8220;, ist diese einzigartige Region eines der beeindruckendsten Reiseziele in der T\u00fcrkei, mit seinen M\u00e4rchenschornsteinen, unterirdischen St\u00e4dten, Freilichtmuseen und T\u00e4lern. <\/span><\/p>\n<p><span style=\"font-weight: 400;\">Die 2-t\u00e4gige Cappadocia-Tour ab Alanya mit Sencap Tour erm\u00f6glicht es Ihnen, diese Region zu erkunden, in der sich Natur und Geschichte auf die angenehmste Weise verflechten. Mit professionellen F\u00fchrern h\u00f6ren Sie den Legenden von Kappadokien zu, erleben faszinierende Landschaften und sammeln unvergessliche Erinnerungen. <\/span><\/p>\n<h2><span style=\"font-weight: 400;\">Diese Tour wird zu Ihnen hinzuf\u00fcgen<\/span><\/h2>\n<p><span style=\"font-weight: 400;\">Kappadokien 2-t\u00e4gige Tour bietet ein unvergessliches Erlebnis, das Natur, Geschichte und Spa\u00df kombiniert:<\/span><\/p>\n<ol>\n<li style=\"font-weight: 400;\" aria-level=\"1\"><b>Magic of Fairy Chimneys:<\/b> <span style=\"font-weight: 400;\">Erkunden Sie die M\u00e4rchen Kamine und T\u00e4ler voller Legenden.<\/span><\/li>\n<li style=\"font-weight: 400;\" aria-level=\"1\"><b>Eine historische Reise:<\/b><span style=\"font-weight: 400;\"> Besuchen Sie die historischen Reicht\u00fcmer wie die unterirdischen St\u00e4dte und das Freilichtmuseum Goreme.<\/span><\/li>\n<li style=\"font-weight: 400;\" aria-level=\"1\"><b>Bunte Ballon-Sehensw\u00fcrdigkeiten:<\/b> <span style=\"font-weight: 400;\">Beobachten Sie die bezaubernde Sch\u00f6nheit von Kappadokien vom Himmel bei Sonnenaufgang auf einer optionalen Ballon-Tour.<\/span><\/li>\n<li style=\"font-weight: 400;\" aria-level=\"1\"><b>Kulturelle Aktivit\u00e4ten:<\/b> <span style=\"font-weight: 400;\">Erleben Sie die Kultur von Kappadokien mit Veranstaltungen wie &#8222;T\u00fcrkische Nacht&#8220; und &#8222;Sema-Zeremonie der Derwische&#8220;.<\/span><\/li>\n<li style=\"font-weight: 400;\" aria-level=\"1\"><b>Eine geschmackvolle Reise:<\/b> <span style=\"font-weight: 400;\">Entdecken Sie die t\u00fcrkische K\u00fcche, indem Sie lokale K\u00f6stlichkeiten in der Region probieren.<\/span><\/li>\n<\/ol>\n<h2><span style=\"font-weight: 400;\">Kappadokien 2 Tage Tour Programm<\/span><\/h2>\n<h4><b><span style=\"vertical-align: inherit;\"><span style=\"vertical-align: inherit;\">Tag 1<\/span><\/span><\/b><\/h4>\n<ul>\n<li style=\"font-weight: 400;\" aria-level=\"1\"><b>Vormittag:<\/b> <span style=\"font-weight: 400;\">Abholung von Ihrem Hotel in Alanya und Fr\u00fchst\u00fcck im Taurusgebirge<\/span><\/li>\n<li style=\"font-weight: 400;\" aria-level=\"1\"><b>Ankunft in Kappadokien \u00fcber Seydisehir<\/b><\/li>\n<li style=\"font-weight: 400;\" aria-level=\"1\"><b>Underground City Visit:<\/b> <span style=\"font-weight: 400;\">Entdecken Sie die unterirdische Stadt im SARATLI<\/span><\/li>\n<li style=\"font-weight: 400;\" aria-level=\"1\"><b>Mittagessen:<\/b> <span style=\"font-weight: 400;\">Essenspause in Uchisar<\/span><\/li>\n<li style=\"font-weight: 400;\" aria-level=\"1\"><b>Uchisar Castle und das Goreme Open Air Museum:<\/b> <span style=\"font-weight: 400;\">Besuchen Sie die alten Felsensiedlungen.<\/span><\/li>\n<li style=\"font-weight: 400;\" aria-level=\"1\"><b>Pigeon Valley, Pasha Vineyard und Devrent Valley: <\/b><span style=\"font-weight: 400;\">Entdecken Sie die ber\u00fchmtesten T\u00e4ler von Kappadokien.<\/span><\/li>\n<li style=\"font-weight: 400;\" aria-level=\"1\"><b>Avanos Red Crescent und Delight Center Besuch<\/b><\/li>\n<li style=\"font-weight: 400;\" aria-level=\"1\"><b>T\u00f6pferei-Workshop: <\/b><span style=\"font-weight: 400;\">Erleben Sie das traditionelle Kunsthandwerk von Kappadokien.<\/span><\/li>\n<li style=\"font-weight: 400;\" aria-level=\"1\"><b>Abend:<\/b><span style=\"font-weight: 400;\"> Ankunft im Hotel und Abendessen<\/span><\/li>\n<li style=\"font-weight: 400;\" aria-level=\"1\"><b>Optionale Aktivit\u00e4ten:<\/b> <span style=\"font-weight: 400;\">T\u00fcrkische Nacht oder Sema-Zeremonie der Derwische<\/span><\/li>\n<\/ul>\n<h4><strong><span style=\"vertical-align: inherit;\"><span style=\"vertical-align: inherit;\">2. Tag<\/span><\/span><\/strong><\/h4>\n<ul>\n<li style=\"font-weight: 400;\" aria-level=\"1\"><b>Vormittag:<\/b> <span style=\"font-weight: 400;\">Ballontransfer (optional) und Besichtigungstour<\/span><\/li>\n<li style=\"font-weight: 400;\" aria-level=\"1\"><b>Besuch von Love Valley und Rock Church<\/b><\/li>\n<li style=\"font-weight: 400;\" aria-level=\"1\"><b>Onyx und Leder Shop Besuch<\/b><\/li>\n<li style=\"font-weight: 400;\" aria-level=\"1\"><b>Kervansaray Visit<\/b><\/li>\n<li style=\"font-weight: 400;\" aria-level=\"1\"><b>Mittagessen:<\/b> <span style=\"font-weight: 400;\">Mittagspause in Konya<\/span><\/li>\n<li style=\"font-weight: 400;\" aria-level=\"1\"><b>Abend:<\/b> <span style=\"font-weight: 400;\">R\u00fcckkehr nach Alanya nach einer Ruhepause im Taurusgebirge<\/span><\/li>\n<\/ul>\n<h2><span style=\"font-weight: 400;\">Im Preis inbegriffen<\/span><\/h2>\n<ul>\n<li style=\"font-weight: 400;\" aria-level=\"1\"><span style=\"font-weight: 400;\">Alle Transfers (einschlie\u00dflich Abholung und R\u00fcckgabe von Alanya)<\/span><\/li>\n<li style=\"font-weight: 400;\" aria-level=\"1\"><span style=\"font-weight: 400;\">Professioneller Reiseleiter<\/span><\/li>\n<li style=\"font-weight: 400;\" aria-level=\"1\"><span style=\"font-weight: 400;\">Versicherung<\/span><\/li>\n<li style=\"font-weight: 400;\" aria-level=\"1\"><span style=\"font-weight: 400;\">1 \u00dcbernachtung<\/span>\n<ol>\n<li style=\"font-weight: 400;\" aria-level=\"2\"><span style=\"font-weight: 400;\">Tagesabendessen<\/span><\/li>\n<li style=\"font-weight: 400;\" aria-level=\"2\"><span style=\"font-weight: 400;\">Tag Fr\u00fchst\u00fcck<\/span><\/li>\n<\/ol>\n<\/li>\n<\/ul>\n<h2><span style=\"font-weight: 400;\">Diejenigen, die nicht im Preis enthalten sind<\/span><\/h2>\n<ul>\n<li style=\"font-weight: 400;\" aria-level=\"1\"><span style=\"font-weight: 400;\">Mittagessen (2 mal)<\/span><\/li>\n<li style=\"font-weight: 400;\" aria-level=\"1\"><span style=\"font-weight: 400;\">Eintrittspreise f\u00fcr Museen und andere Orte<\/span><\/li>\n<li style=\"font-weight: 400;\" aria-level=\"1\"><span style=\"font-weight: 400;\">Eintritt in das Freilichtmuseum von G\u00f6reme<\/span><\/li>\n<li style=\"font-weight: 400;\" aria-level=\"1\"><span style=\"font-weight: 400;\">Fr\u00fchst\u00fcck am ersten Tag<\/span><\/li>\n<li style=\"font-weight: 400;\" aria-level=\"1\"><span style=\"font-weight: 400;\">Getr\u00e4nke<\/span><\/li>\n<li style=\"font-weight: 400;\" aria-level=\"1\"><span style=\"font-weight: 400;\">Optionale Veranstaltungen (Ballontour, t\u00fcrkische Nacht, Semazen-Show)<\/span><\/li>\n<\/ul>\n<h2><span style=\"font-weight: 400;\">Was Sie mitnehmen m\u00fcssen<\/span><\/h2>\n<ul>\n<li style=\"font-weight: 400;\" aria-level=\"1\"><span style=\"font-weight: 400;\">Bequeme Kleidung f\u00fcr saisonale Bedingungen<\/span><\/li>\n<li style=\"font-weight: 400;\" aria-level=\"1\"><span style=\"font-weight: 400;\">Wanderschuhe<\/span><\/li>\n<li style=\"font-weight: 400;\" aria-level=\"1\"><span style=\"font-weight: 400;\">H\u00fcte und Sonnenbrillen<\/span><\/li>\n<li style=\"font-weight: 400;\" aria-level=\"1\"><span style=\"font-weight: 400;\">Sonnencreme<\/span><\/li>\n<li style=\"font-weight: 400;\" aria-level=\"1\"><span style=\"font-weight: 400;\">Kamera<\/span><\/li>\n<\/ul>\n<h2><span style=\"font-weight: 400;\">Eine unvergessliche Reise mit Kappadokien 2-t\u00e4gige Tour<\/span><\/h2>\n<p><span style=\"font-weight: 400;\">Eine Reise voller charmanter T\u00e4ler, m\u00e4rchenhafter Schornsteine und historischer Texturen von Kappadokien erwartet Sie. Ob Sie inmitten nat\u00fcrlicher Sch\u00f6nheiten Ruhe finden oder eine Reise auf den Spuren der Geschichte unternehmen, diese Tour bietet ein Erlebnis, das Sie in Ihrem Leben nie vergessen werden. <\/span><\/p>\n<p><span style=\"font-weight: 400;\">Nehmen Sie an diesem einzigartigen Abenteuer mit Sencap Tour teil und erleben Sie die Sch\u00f6nheit von Kappadokien, die nur darauf wartet, von unseren professionellen F\u00fchrern entdeckt zu werden. Treten Sie ein in diese unvergesslichen Erinnerungen, indem Sie jetzt buchen!  <\/span><\/p>\n<h2><span style=\"font-weight: 400;\">Warum w\u00e4hlen Sie Sencap Tour?<\/span><\/h2>\n<p><span style=\"font-weight: 400;\">Als Sencap Tour bieten wir eine Erfahrung, die bei unserer Kappadokien-Tour einen Unterschied macht:<\/span><\/p>\n<ul>\n<li style=\"font-weight: 400;\" aria-level=\"1\"><b>Komfortabler Transport:<\/b> <span style=\"font-weight: 400;\">Bequemer und sicherer Transferservice von Alanya nach Kappadokien<\/span><\/li>\n<li style=\"font-weight: 400;\" aria-level=\"1\"><b>Professionelle Beratung:<\/b> <span style=\"font-weight: 400;\">Fachkundige F\u00fchrer, um die Geschichte und Natur von Kappadokien im Detail zu entdecken<\/span><\/li>\n<li style=\"font-weight: 400;\" aria-level=\"1\"><b>Reichhaltiges Programm:<\/b><span style=\"font-weight: 400;\"> Eine umfassende Tour, die Sie jeden Moment voll verbringen werden<\/span><\/li>\n<li style=\"font-weight: 400;\" aria-level=\"1\"><b>Kultur und Unterhaltung: <\/b><span style=\"font-weight: 400;\">Unvergessliche Momente mit kulturellen Veranstaltungen wie t\u00fcrkische Nacht und Ballonfahrt<\/span><\/li>\n<li style=\"font-weight: 400;\" aria-level=\"1\"><b>Kundenzufriedenheit:<\/b><span style=\"font-weight: 400;\"> Ihre Sicherheit und Zufriedenheit sind unsere oberste Priorit\u00e4t.<\/span><\/li>\n<\/ul>\n<p><span style=\"font-weight: 400;\">W\u00e4hlen Sie die Sencap-Tour, um die einzigartigen Sch\u00f6nheiten von Kappadokien zu entdecken. Buchen Sie jetzt f\u00fcr eine unvergessliche Reise!  <\/span><\/p>\n","protected":false},"excerpt":{"rendered":"<p>Kappadokien 2 Tage Tour Cappadocia bewundert jedes Jahr Millionen von Touristen mit seiner nat\u00fcrlichen Sch\u00f6nheit und historischen Textur. Bekannt als &#8222;Das Land der sch\u00f6nen Pferde&#8220;, ist diese einzigartige Region eines der beeindruckendsten Reiseziele in der T\u00fcrkei, mit seinen M\u00e4rchenschornsteinen, unterirdischen St\u00e4dten, Freilichtmuseen und T\u00e4lern. Die 2-t\u00e4gige Cappadocia-Tour ab Alanya mit Sencap Tour erm\u00f6glicht es Ihnen, [&#8230;]\n","protected":false},"featured_media":1483,"comment_status":"open","ping_status":"closed","template":"","meta":{"_joinchat":[]},"product_brand":[],"product_cat":[93,91],"product_tag":[],"class_list":{"0":"post-1799","1":"product","2":"type-product","3":"status-publish","4":"has-post-thumbnail","6":"product_cat-kulturreisen","7":"product_cat-naturreisen","9":"first","10":"instock","11":"virtual","12":"sold-individually","13":"purchasable","14":"product-type-booking"},"booking_location":"","booking_location_type":"","booking_duration":1,"booking_duration_unit":"day","booking_buffer":0,"booking_cost":0,"booking_resources":[],"_links":{"self":[{"href":"https:\/\/sencaptour.com\/de\/wp-json\/wp\/v2\/product\/1799","targetHints":{"allow":["GET"]}}],"collection":[{"href":"https:\/\/sencaptour.com\/de\/wp-json\/wp\/v2\/product"}],"about":[{"href":"https:\/\/sencaptour.com\/de\/wp-json\/wp\/v2\/types\/product"}],"replies":[{"embeddable":true,"href":"https:\/\/sencaptour.com\/de\/wp-json\/wp\/v2\/comments?post=1799"}],"wp:featuredmedia":[{"embeddable":true,"href":"https:\/\/sencaptour.com\/de\/wp-json\/wp\/v2\/media\/1483"}],"wp:attachment":[{"href":"https:\/\/sencaptour.com\/de\/wp-json\/wp\/v2\/media?parent=1799"}],"wp:term":[{"taxonomy":"product_brand","embeddable":true,"href":"https:\/\/sencaptour.com\/de\/wp-json\/wp\/v2\/product_brand?post=1799"},{"taxonomy":"product_cat","embeddable":true,"href":"https:\/\/sencaptour.com\/de\/wp-json\/wp\/v2\/product_cat?post=1799"},{"taxonomy":"product_tag","embeddable":true,"href":"https:\/\/sencaptour.com\/de\/wp-json\/wp\/v2\/product_tag?post=1799"}],"curies":[{"name":"wp","href":"https:\/\/api.w.org\/{rel}","templated":true}]}}