{"id":1807,"date":"2023-06-01T17:26:51","date_gmt":"2023-06-01T14:26:51","guid":{"rendered":"https:\/\/sencaptour.com\/turlar\/alanya-fishing-tour\/"},"modified":"2025-01-13T16:41:29","modified_gmt":"2025-01-13T13:41:29","slug":"alanya-fishing-tour","status":"publish","type":"product","link":"https:\/\/sencaptour.com\/de\/touren\/alanya-fishing-tour\/","title":{"rendered":"Alanya Fischerei-Ausflug"},"content":{"rendered":"<h2><span style=\"font-weight: 400;\">Alanya Angeltour: Genie\u00dfen Sie das Mittelmeer<\/span><\/h2>\n<p><span style=\"font-weight: 400;\">Unsere Angeltour in Alanya bietet Ihnen die M\u00f6glichkeit, einen entspannten Tag auf dem warmen Wasser des Mittelmeers zu verbringen und dabei den Zauber des Angelns zu erleben. Egal, ob Sie ein erfahrener Angler oder Anf\u00e4nger sind \u2013 diese Tour ist f\u00fcr alle geeignet!<\/span><\/p>\n<p><span style=\"font-weight: 400;\">Die Tour beginnt mit einem Blick auf die ber\u00fchmten Sehensw\u00fcrdigkeiten von Alanya, darunter der Rote Turm, die Alanya-Burg, der Kleopatra-Strand und der Ula\u015f-Strand. Nach einem Besuch der Piraten-, Liebes- und Phosphorh\u00f6hlen fahren wir aufs offene Meer hinaus, um die Angelruten auszuwerfen. Ein k\u00f6stliches Mittagessen, das an Bord zubereitet wird, macht diesen Tag zu einem ganz besonderen Erlebnis.<\/span><\/p>\n<h2><span style=\"font-weight: 400;\">Highlights der Tour<\/span><\/h2>\n<p><span style=\"font-weight: 400;\">Mit der Alanya Angeltour erleben Sie einen unvergesslichen Tag voller Natur, Entspannung und Spa\u00df:<\/span><\/p>\n<ul>\n<li style=\"font-weight: 400;\" aria-level=\"1\"><b>Angelspa\u00df f\u00fcr alle:<\/b><span style=\"font-weight: 400;\"> Egal, ob Anf\u00e4nger oder Profi, diese Tour bietet das perfekte Angelerlebnis.<\/span><\/li>\n<li style=\"font-weight: 400;\" aria-level=\"1\"><b>Atemberaubende Ausblicke:<\/b><span style=\"font-weight: 400;\"> Bewundern Sie Alanyas Wahrzeichen und die beeindruckenden Meeresh\u00f6hlen vom Boot aus.<\/span><\/li>\n<li style=\"font-weight: 400;\" aria-level=\"1\"><b>Erfrischende Schwimmpausen:<\/b><span style=\"font-weight: 400;\"> K\u00fchlen Sie sich in den klaren Gew\u00e4ssern des Mittelmeers ab.<\/span><\/li>\n<li style=\"font-weight: 400;\" aria-level=\"1\"><b>Kulinarisches Erlebnis:<\/b><span style=\"font-weight: 400;\"> Genie\u00dfen Sie ein Mittagessen an Bord, zubereitet aus Ihrem Fang oder frischen Zutaten.<\/span><\/li>\n<li style=\"font-weight: 400;\" aria-level=\"1\"><b>VIP-Service:<\/b><span style=\"font-weight: 400;\"> Mit unserem privaten Boot f\u00fcr bis zu 6 Personen erleben Sie eine exklusive Tour.<\/span><\/li>\n<\/ul>\n<h2><span style=\"font-weight: 400;\">Tourprogramm<\/span><\/h2>\n<p><span style=\"font-weight: 400;\">Die Angeltour ist ein Tagesausflug und umfasst folgende Highlights:<\/span><\/p>\n<ol>\n<li style=\"font-weight: 400;\" aria-level=\"1\"><b>Morgens:<\/b><span style=\"font-weight: 400;\"> Abholung von Ihrer Unterkunft in Alanya<\/span><\/li>\n<li style=\"font-weight: 400;\" aria-level=\"1\"><b>Hafenbesuch:<\/b><span style=\"font-weight: 400;\"> Einschiffung und Verteilung der Angelausr\u00fcstung<\/span><\/li>\n<li style=\"font-weight: 400;\" aria-level=\"1\"><b>Angeln:<\/b><span style=\"font-weight: 400;\"> Angelspa\u00df auf dem offenen Meer mit professioneller Anleitung<\/span><\/li>\n<li style=\"font-weight: 400;\" aria-level=\"1\"><b>Schwimmpausen:<\/b><span style=\"font-weight: 400;\"> Gelegenheit, in den klaren Gew\u00e4ssern des Mittelmeers zu schwimmen<\/span><\/li>\n<li style=\"font-weight: 400;\" aria-level=\"1\"><b>Mittagessen:<\/b><span style=\"font-weight: 400;\"> Frisch zubereitetes Essen und alkoholfreie Getr\u00e4nke an Bord<\/span><\/li>\n<li style=\"font-weight: 400;\" aria-level=\"1\"><b>R\u00fcckfahrt:<\/b><span style=\"font-weight: 400;\"> Genie\u00dfen Sie die Aussicht auf Alanya, einschlie\u00dflich des Roten Turms, der Alanya-Burg und der Meeresh\u00f6hlen<\/span><\/li>\n<li style=\"font-weight: 400;\" aria-level=\"1\"><b>Nachmittags:<\/b><span style=\"font-weight: 400;\"> R\u00fcckkehr zum Hafen und Transfer zu Ihrer Unterkunft<\/span><\/li>\n<\/ol>\n<h2><span style=\"font-weight: 400;\">Inklusive Leistungen<\/span><\/h2>\n<ul>\n<li style=\"font-weight: 400;\" aria-level=\"1\"><span style=\"font-weight: 400;\">Abholung und R\u00fccktransport von Ihrer Unterkunft<\/span><\/li>\n<li style=\"font-weight: 400;\" aria-level=\"1\"><span style=\"font-weight: 400;\">Kapit\u00e4n und professioneller Angelguide<\/span><\/li>\n<li style=\"font-weight: 400;\" aria-level=\"1\"><span style=\"font-weight: 400;\">Angelausr\u00fcstung (Ruten, K\u00f6der usw.)<\/span><\/li>\n<li style=\"font-weight: 400;\" aria-level=\"1\"><span style=\"font-weight: 400;\">Mittagessen<\/span><\/li>\n<li style=\"font-weight: 400;\" aria-level=\"1\"><span style=\"font-weight: 400;\">Alkoholfreie Getr\u00e4nke (Wasser, Cola, Fanta usw.)<\/span><\/li>\n<\/ul>\n<h2><span style=\"font-weight: 400;\">Nicht inklusive<\/span><\/h2>\n<ul>\n<li style=\"font-weight: 400;\" aria-level=\"1\"><span style=\"font-weight: 400;\">Alkoholische Getr\u00e4nke<\/span><\/li>\n<\/ul>\n<h2><span style=\"font-weight: 400;\">Mitzubringen<\/span><\/h2>\n<ul>\n<li style=\"font-weight: 400;\" aria-level=\"1\"><span style=\"font-weight: 400;\">Sonnencreme<\/span><\/li>\n<li style=\"font-weight: 400;\" aria-level=\"1\"><span style=\"font-weight: 400;\">Hut und Sonnenbrille<\/span><\/li>\n<li style=\"font-weight: 400;\" aria-level=\"1\"><span style=\"font-weight: 400;\">Badebekleidung und Handtuch<\/span><\/li>\n<li style=\"font-weight: 400;\" aria-level=\"1\"><span style=\"font-weight: 400;\">Schnorchel (optional f\u00fcr Schwimmpausen)<\/span><\/li>\n<li style=\"font-weight: 400;\" aria-level=\"1\"><span style=\"font-weight: 400;\">Kamera oder Handy<\/span><\/li>\n<li style=\"font-weight: 400;\" aria-level=\"1\"><span style=\"font-weight: 400;\">Tragbares Ladeger\u00e4t<\/span><\/li>\n<\/ul>\n<h2><span style=\"font-weight: 400;\">Ein unvergesslicher Tag mit der Alanya Angeltour<\/span><\/h2>\n<p><span style=\"font-weight: 400;\">Wenn Sie die friedliche Atmosph\u00e4re des Meeres genie\u00dfen, schwimmen und die Sch\u00f6nheit des Mittelmeers entdecken m\u00f6chten, ist die Alanya Angeltour genau das Richtige f\u00fcr Sie! Ob Sie einen besonderen Anlass feiern oder einfach nur entspannen m\u00f6chten \u2013 diese Tour bietet Ihnen unvergessliche Momente.<\/span><\/p>\n<p><span style=\"font-weight: 400;\">Mit Sencap Tour erleben Sie nicht nur eine unterhaltsame, sondern auch erholsame Zeit auf dem Mittelmeer. <\/span><b>Buchen Sie jetzt und schaffen Sie unvergessliche Erinnerungen!<\/b><span style=\"font-weight: 400;\"> <\/span><\/p>\n<h2><span style=\"font-weight: 400;\">Warum Sencap Tour w\u00e4hlen?<\/span><\/h2>\n<p><span style=\"font-weight: 400;\">Sencap Tour bietet bei der Angeltour in Alanya einen erstklassigen Service:<\/span><\/p>\n<ul>\n<li style=\"font-weight: 400;\" aria-level=\"1\"><b>Exklusives Boot:<\/b><span style=\"font-weight: 400;\"> Privates Boot f\u00fcr bis zu 6 Personen f\u00fcr ein VIP-Erlebnis.<\/span><\/li>\n<li style=\"font-weight: 400;\" aria-level=\"1\"><b>Erfahrenes Team:<\/b><span style=\"font-weight: 400;\"> Professioneller Kapit\u00e4n und Guide, die Ihnen beim Angeln und Navigieren helfen.<\/span><\/li>\n<li style=\"font-weight: 400;\" aria-level=\"1\"><b>Komfort und Sicherheit:<\/b><span style=\"font-weight: 400;\"> Das Boot ist mit Annehmlichkeiten wie Dusche und Toilette ausgestattet.<\/span><\/li>\n<li style=\"font-weight: 400;\" aria-level=\"1\"><b>Naturerlebnis:<\/b><span style=\"font-weight: 400;\"> Entdecken Sie Alanyas K\u00fcste und das Mittelmeer auf einzigartige Weise.<\/span><\/li>\n<li style=\"font-weight: 400;\" aria-level=\"1\"><b>Kundenzufriedenheit:<\/b><span style=\"font-weight: 400;\"> Sicherheit und Komfort stehen bei uns an erster Stelle.<\/span><\/li>\n<\/ul>\n<p><span style=\"font-weight: 400;\">Entdecken Sie die Freude am Angeln und die Sch\u00f6nheit des Mittelmeers mit Sencap Tour. <\/span><b>Jetzt buchen und einen au\u00dfergew\u00f6hnlichen Tag erleben!<\/b><span style=\"font-weight: 400;\"> <\/span><\/p>\n","protected":false},"excerpt":{"rendered":"<p>Alanya Angeltour: Genie\u00dfen Sie das Mittelmeer Unsere Angeltour in Alanya bietet Ihnen die M\u00f6glichkeit, einen entspannten Tag auf dem warmen Wasser des Mittelmeers zu verbringen und dabei den Zauber des Angelns zu erleben. Egal, ob Sie ein erfahrener Angler oder Anf\u00e4nger sind \u2013 diese Tour ist f\u00fcr alle geeignet! Die Tour beginnt mit einem Blick [&#8230;]\n","protected":false},"featured_media":1415,"comment_status":"open","ping_status":"closed","template":"","meta":{"_joinchat":[]},"product_brand":[],"product_cat":[94,91,92],"product_tag":[],"class_list":{"0":"post-1807","1":"product","2":"type-product","3":"status-publish","4":"has-post-thumbnail","6":"product_cat-abenteuerreisen","7":"product_cat-naturreisen","8":"product_cat-tagestouren","10":"first","11":"instock","12":"virtual","13":"sold-individually","14":"purchasable","15":"product-type-booking"},"booking_location":"","booking_location_type":"","booking_duration":1,"booking_duration_unit":"day","booking_buffer":0,"booking_cost":0,"booking_resources":[],"_links":{"self":[{"href":"https:\/\/sencaptour.com\/de\/wp-json\/wp\/v2\/product\/1807","targetHints":{"allow":["GET"]}}],"collection":[{"href":"https:\/\/sencaptour.com\/de\/wp-json\/wp\/v2\/product"}],"about":[{"href":"https:\/\/sencaptour.com\/de\/wp-json\/wp\/v2\/types\/product"}],"replies":[{"embeddable":true,"href":"https:\/\/sencaptour.com\/de\/wp-json\/wp\/v2\/comments?post=1807"}],"wp:featuredmedia":[{"embeddable":true,"href":"https:\/\/sencaptour.com\/de\/wp-json\/wp\/v2\/media\/1415"}],"wp:attachment":[{"href":"https:\/\/sencaptour.com\/de\/wp-json\/wp\/v2\/media?parent=1807"}],"wp:term":[{"taxonomy":"product_brand","embeddable":true,"href":"https:\/\/sencaptour.com\/de\/wp-json\/wp\/v2\/product_brand?post=1807"},{"taxonomy":"product_cat","embeddable":true,"href":"https:\/\/sencaptour.com\/de\/wp-json\/wp\/v2\/product_cat?post=1807"},{"taxonomy":"product_tag","embeddable":true,"href":"https:\/\/sencaptour.com\/de\/wp-json\/wp\/v2\/product_tag?post=1807"}],"curies":[{"name":"wp","href":"https:\/\/api.w.org\/{rel}","templated":true}]}}