{"id":1811,"date":"2023-06-01T17:20:13","date_gmt":"2023-06-01T14:20:13","guid":{"rendered":"https:\/\/sencaptour.com\/turlar\/alanya-reittour\/"},"modified":"2025-02-24T18:00:57","modified_gmt":"2025-02-24T15:00:57","slug":"alanya-reittour","status":"publish","type":"product","link":"https:\/\/sencaptour.com\/de\/touren\/alanya-reittour\/","title":{"rendered":"Alanya Reittour"},"content":{"rendered":"<h2>Alanya Reittour: Ein einzigartiges Naturerlebnis<\/h2>\n<p><span style=\"font-weight: 400;\">Die Alanya Reittour, organisiert in der Region Demirta\u015f, bietet Ihnen eine perfekte Kombination aus Spa\u00df und Entspannung. Diese 3-st\u00fcndige Tour f\u00fchrt Sie zu den beeindruckenden Ruinen der antiken Stadt Syedra und durch die malerische Natur Alanyas.<\/span><\/p>\n<p><span style=\"font-weight: 400;\">Diese Tour erfordert keine Vorkenntnisse \u2013 auch Anf\u00e4nger k\u00f6nnen daran teilnehmen! Unter der Anleitung erfahrener Trainer erhalten Sie eine kurze Einf\u00fchrung und k\u00f6nnen dann mit einem unserer gut ausgebildeten und zahmen Pferde die Umgebung erkunden. Dabei genie\u00dfen Sie unvergessliche Ausblicke und eine wohltuende Auszeit in der Natur.<\/span><\/p>\n<h2>Highlights der Tour<\/h2>\n<p><span style=\"font-weight: 400;\">Die Alanya Reittour bietet eine einzigartige Mischung aus Natur, Geschichte und Entspannung:<\/span><\/p>\n<ul>\n<li style=\"font-weight: 400;\" aria-level=\"1\"><b>Die Magie der Natur:<\/b><span style=\"font-weight: 400;\"> Erkunden Sie die Waldlandschaften und atemberaubenden Ausblicke rund um die antike Stadt Syedra.<\/span><\/li>\n<li style=\"font-weight: 400;\" aria-level=\"1\"><b>Reiterlebnis:<\/b><span style=\"font-weight: 400;\"> Lernen Sie unter der Anleitung erfahrener Trainer sicher zu reiten.<\/span><\/li>\n<li style=\"font-weight: 400;\" aria-level=\"1\"><b>Historische Entdeckungen:<\/b><span style=\"font-weight: 400;\"> Erleben Sie die Ruinen von Syedra aus n\u00e4chster N\u00e4he und folgen Sie den Spuren der Geschichte.<\/span><\/li>\n<li style=\"font-weight: 400;\" aria-level=\"1\"><b>Entspannung und Ruhe:<\/b><span style=\"font-weight: 400;\"> Entfliehen Sie dem Alltag und genie\u00dfen Sie die friedliche Atmosph\u00e4re der Natur.<\/span><\/li>\n<li style=\"font-weight: 400;\" aria-level=\"1\"><b>Fotom\u00f6glichkeiten:<\/b><span style=\"font-weight: 400;\"> Halten Sie die spektakul\u00e4ren Landschaften und unvergesslichen Momente in Fotos fest.<\/span><\/li>\n<\/ul>\n<h2>Tourprogramm<\/h2>\n<p><span style=\"font-weight: 400;\">Die Reittour ist ein Tagesausflug und umfasst folgende Highlights:<\/span><\/p>\n<ol>\n<li style=\"font-weight: 400;\" aria-level=\"1\"><b>Morgens:<\/b><span style=\"font-weight: 400;\"> Abholung von Ihrer Unterkunft in Alanya<\/span><\/li>\n<li style=\"font-weight: 400;\" aria-level=\"1\"><b>Ankunft auf der Reitanlage:<\/b><span style=\"font-weight: 400;\"> Begr\u00fc\u00dfung in Demirta\u015f, Einf\u00fchrung in die Reitregeln durch erfahrene Trainer<\/span><\/li>\n<li style=\"font-weight: 400;\" aria-level=\"1\"><b>Reittour:<\/b><span style=\"font-weight: 400;\"> Erkundung der antiken Stadt Syedra und der umliegenden Wald- und Berglandschaften<\/span><\/li>\n<li style=\"font-weight: 400;\" aria-level=\"1\"><b>Pausen:<\/b><span style=\"font-weight: 400;\"> Kurze Stopps, um die Aussicht zu genie\u00dfen und Fotos zu machen<\/span><\/li>\n<li style=\"font-weight: 400;\" aria-level=\"1\"><b>R\u00fcckkehr zur Reitanlage:<\/b><span style=\"font-weight: 400;\"> Zeit zum Entspannen und zur Durchsicht Ihrer Fotos<\/span><\/li>\n<li style=\"font-weight: 400;\" aria-level=\"1\"><b>Nachmittags:<\/b><span style=\"font-weight: 400;\"> R\u00fccktransfer zu Ihrer Unterkunft<\/span><\/li>\n<\/ol>\n<h2>Inklusive Leistungen<\/h2>\n<ul>\n<li style=\"font-weight: 400;\" aria-level=\"1\"><span style=\"font-weight: 400;\">Transfer von und zu Ihrer Unterkunft in Alanya<\/span><\/li>\n<li style=\"font-weight: 400;\" aria-level=\"1\"><span style=\"font-weight: 400;\">Etwa 3-st\u00fcndiges Reiterlebnis<\/span><\/li>\n<li style=\"font-weight: 400;\" aria-level=\"1\"><span style=\"font-weight: 400;\">Reitausr\u00fcstung (Helme usw.)<\/span><\/li>\n<li style=\"font-weight: 400;\" aria-level=\"1\"><span style=\"font-weight: 400;\">Professionelle Trainer und Reiseleiter<\/span><\/li>\n<li style=\"font-weight: 400;\" aria-level=\"1\"><span style=\"font-weight: 400;\">Tee und kleine Erfrischungen<\/span><\/li>\n<\/ul>\n<h2>Nicht inklusive<\/h2>\n<ul>\n<li style=\"font-weight: 400;\" aria-level=\"1\"><span style=\"font-weight: 400;\">Zus\u00e4tzliche Getr\u00e4nke<\/span><\/li>\n<\/ul>\n<h2>Mitzubringen<\/h2>\n<ul>\n<li style=\"font-weight: 400;\" aria-level=\"1\"><span style=\"font-weight: 400;\">Bequeme Kleidung und Wanderschuhe<\/span><\/li>\n<li style=\"font-weight: 400;\" aria-level=\"1\"><span style=\"font-weight: 400;\">Hut und Sonnenbrille<\/span><\/li>\n<li style=\"font-weight: 400;\" aria-level=\"1\"><span style=\"font-weight: 400;\">Sonnencreme<\/span><\/li>\n<li style=\"font-weight: 400;\" aria-level=\"1\"><span style=\"font-weight: 400;\">Kamera oder Handy<\/span><\/li>\n<li style=\"font-weight: 400;\" aria-level=\"1\"><span style=\"font-weight: 400;\">Tragbares Ladeger\u00e4t<\/span><\/li>\n<\/ul>\n<h2>Ein unvergesslicher Tag mit der Alanya Reittour<\/h2>\n<p><span style=\"font-weight: 400;\">Wenn Sie nach einem besonderen Erlebnis suchen, das Natur, Geschichte und Entspannung vereint, ist die Alanya Reittour genau das Richtige f\u00fcr Sie! Entdecken Sie die atemberaubende Landschaft und die Ruinen der antiken Stadt Syedra, w\u00e4hrend Sie auf einem unserer gut ausgebildeten Pferde reiten.<\/span><\/p>\n<p><span style=\"font-weight: 400;\">Mit der professionellen Organisation von Sencap Tour wird dieser Tag zu einem unvergesslichen Erlebnis. <\/span><b>Buchen Sie jetzt und erleben Sie ein einmaliges Abenteuer in der Natur!<\/b><\/p>\n<h2>Warum Sencap Tour w\u00e4hlen?<\/h2>\n<p><span style=\"font-weight: 400;\">Mit Sencap Tour erleben Sie eine au\u00dfergew\u00f6hnliche Reittour, die sich durch folgende Vorteile auszeichnet:<\/span><\/p>\n<ul>\n<li style=\"font-weight: 400;\" aria-level=\"1\"><b>Gut ausgebildete Pferde:<\/b><span style=\"font-weight: 400;\"> Unsere zahmen Pferde sind perfekt f\u00fcr Anf\u00e4nger und Fortgeschrittene geeignet.<\/span><\/li>\n<li style=\"font-weight: 400;\" aria-level=\"1\"><b>Professionelle Trainer:<\/b><span style=\"font-weight: 400;\"> Sicherheit und Komfort stehen dank erfahrener Trainer im Mittelpunkt.<\/span><\/li>\n<li style=\"font-weight: 400;\" aria-level=\"1\"><b>Natur und Geschichte vereint:<\/b><span style=\"font-weight: 400;\"> Erkunden Sie die antike Stadt Syedra und genie\u00dfen Sie die umliegende Natur.<\/span><\/li>\n<li style=\"font-weight: 400;\" aria-level=\"1\"><b>Komfortabler Service:<\/b><span style=\"font-weight: 400;\"> Transfers und kleine Erfrischungen sorgen f\u00fcr einen entspannten Tag.<\/span><\/li>\n<li style=\"font-weight: 400;\" aria-level=\"1\"><b>Kundenzufriedenheit:<\/b><span style=\"font-weight: 400;\"> Ihre Sicherheit und Ihr Komfort haben f\u00fcr uns h\u00f6chste Priorit\u00e4t.<\/span><\/li>\n<\/ul>\n<p><span style=\"font-weight: 400;\">Erleben Sie die Sch\u00f6nheit Alanyas und die faszinierende Geschichte von Syedra bei einer Reittour mit Sencap Tour. <\/span><b>Buchen Sie jetzt und genie\u00dfen Sie ein unvergessliches Erlebnis!<\/b><\/p>\n","protected":false},"excerpt":{"rendered":"<p>Alanya Reittour: Ein einzigartiges Naturerlebnis Die Alanya Reittour, organisiert in der Region Demirta\u015f, bietet Ihnen eine perfekte Kombination aus Spa\u00df und Entspannung. Diese 3-st\u00fcndige Tour f\u00fchrt Sie zu den beeindruckenden Ruinen der antiken Stadt Syedra und durch die malerische Natur Alanyas. Diese Tour erfordert keine Vorkenntnisse \u2013 auch Anf\u00e4nger k\u00f6nnen daran teilnehmen! Unter der Anleitung [&#8230;]\n","protected":false},"featured_media":1387,"comment_status":"open","ping_status":"closed","template":"","meta":{"_joinchat":[]},"product_brand":[],"product_cat":[94,91,92],"product_tag":[],"class_list":{"0":"post-1811","1":"product","2":"type-product","3":"status-publish","4":"has-post-thumbnail","6":"product_cat-abenteuerreisen","7":"product_cat-naturreisen","8":"product_cat-tagestouren","10":"first","11":"instock","12":"virtual","13":"sold-individually","14":"purchasable","15":"product-type-booking"},"booking_location":"","booking_location_type":"","booking_duration":1,"booking_duration_unit":"day","booking_buffer":0,"booking_cost":0,"booking_resources":[],"_links":{"self":[{"href":"https:\/\/sencaptour.com\/de\/wp-json\/wp\/v2\/product\/1811","targetHints":{"allow":["GET"]}}],"collection":[{"href":"https:\/\/sencaptour.com\/de\/wp-json\/wp\/v2\/product"}],"about":[{"href":"https:\/\/sencaptour.com\/de\/wp-json\/wp\/v2\/types\/product"}],"replies":[{"embeddable":true,"href":"https:\/\/sencaptour.com\/de\/wp-json\/wp\/v2\/comments?post=1811"}],"wp:featuredmedia":[{"embeddable":true,"href":"https:\/\/sencaptour.com\/de\/wp-json\/wp\/v2\/media\/1387"}],"wp:attachment":[{"href":"https:\/\/sencaptour.com\/de\/wp-json\/wp\/v2\/media?parent=1811"}],"wp:term":[{"taxonomy":"product_brand","embeddable":true,"href":"https:\/\/sencaptour.com\/de\/wp-json\/wp\/v2\/product_brand?post=1811"},{"taxonomy":"product_cat","embeddable":true,"href":"https:\/\/sencaptour.com\/de\/wp-json\/wp\/v2\/product_cat?post=1811"},{"taxonomy":"product_tag","embeddable":true,"href":"https:\/\/sencaptour.com\/de\/wp-json\/wp\/v2\/product_tag?post=1811"}],"curies":[{"name":"wp","href":"https:\/\/api.w.org\/{rel}","templated":true}]}}