{"id":1815,"date":"2023-06-01T17:16:35","date_gmt":"2023-06-01T14:16:35","guid":{"rendered":"https:\/\/sencaptour.com\/turlar\/alanya-yunus-baliklariyla-yuezme-turuschwimmen-mit-alanya-dolphin-fish\/"},"modified":"2025-06-26T16:40:35","modified_gmt":"2025-06-26T13:40:35","slug":"alanya-schwimmen-mit-delfinen-tour","status":"publish","type":"product","link":"https:\/\/sencaptour.com\/de\/touren\/alanya-schwimmen-mit-delfinen-tour\/","title":{"rendered":"Schwimmen mit Alanya Dolphin Fish"},"content":{"rendered":"<h2>Schwimmtour mit Alanya Delfinen: ein unvergessliches Erlebnis<\/h2>\n<p><span style=\"font-weight: 400;\">Die Delfin-Schwimmtour im Sealanya Dolphin Park, nur 20 km von Alanya entfernt, bietet ein unvergessliches Abenteuer f\u00fcr Kinder und Erwachsene. Sie werden die Intelligenz und emotionale Natur der Delfine treffen, sie mit Ihren H\u00e4nden f\u00fcttern und das Schwimmen genie\u00dfen. <\/span><\/p>\n<p><span style=\"font-weight: 400;\">Wenn Sie einen angenehmen und lustigen Tag mit Ihrer Familie verbringen m\u00f6chten, aber auch eine enge Verbindung zu den Delfinen haben m\u00f6chten, ist diese Tour f\u00fcr Sie! Unter der Anleitung unserer Instruktoren, egal ob Sie schwimmen k\u00f6nnen oder nicht, k\u00f6nnen Sie in die liebevolle Welt der Delfine eintreten. <\/span><\/p>\n<h2>Diese Tour wird zu Ihnen hinzuf\u00fcgen<\/h2>\n<p><span style=\"font-weight: 400;\">Alanya Dolphin Swimming Tour bietet Ihnen und Ihren Liebsten ein einzigartiges Erlebnis:<\/span><\/p>\n<ol>\n<li style=\"font-weight: 400;\" aria-level=\"1\"><b>Interaktion mit Delfinen: <\/b><span style=\"font-weight: 400;\">Eine Chance, die Intelligenz und emotionale Welt der Delfine zu erleben.<\/span><\/li>\n<li style=\"font-weight: 400;\" aria-level=\"1\"><b>Spa\u00df mit der Familie:<\/b> <span style=\"font-weight: 400;\">Sammeln Sie unvergessliche Erinnerungen mit Ihren Kindern und Ihrer Familie.<\/span><\/li>\n<li style=\"font-weight: 400;\" aria-level=\"1\"><b>Hand F\u00fctterung Erfahrung:<\/b> <span style=\"font-weight: 400;\">Bauen Sie eine einzigartige Bindung durch die F\u00fctterung von Delfinen mit Ihren eigenen H\u00e4nden.<\/span><\/li>\n<li style=\"font-weight: 400;\" aria-level=\"1\"><b>Professionelle Anleitung:<\/b> <span style=\"font-weight: 400;\">Eine sichere und angenehme Schwimmerfahrung mit Instruktoren.<\/span><\/li>\n<li style=\"font-weight: 400;\" aria-level=\"1\"><b>Verbindung mit der Natur und den Tieren:<\/b> <span style=\"font-weight: 400;\">Schwimmen mit Delfinen ist eine entspannende Aktivit\u00e4t, sowohl k\u00f6rperlich als auch geistig.<\/span><\/li>\n<\/ol>\n<h2>Alanya Delfinschwimmen Tour Programm<\/h2>\n<p><span style=\"font-weight: 400;\">Unsere Tour findet jeden Morgen um 08:30 Uhr statt. Die Programmdetails sind wie folgt: <\/span><\/p>\n<ul>\n<li style=\"font-weight: 400;\" aria-level=\"1\"><b>Vormittag:<\/b> <span style=\"font-weight: 400;\">Empfang von Ihrem Hotel in Alanya oder von der Adresse, an der Sie \u00fcbernachten<\/span><\/li>\n<li style=\"font-weight: 400;\" aria-level=\"1\"><b>Ankunft im Sealanya Dolphin Park:<\/b> <span style=\"font-weight: 400;\">Vor-Tour-Informationen und Erl\u00e4uterungen zu den Regeln durch unsere Instruktoren<\/span><\/li>\n<li style=\"font-weight: 400;\" aria-level=\"1\"><b>Vorbereitung:<\/b> <span style=\"font-weight: 400;\">Umziehen, Schwimmweste-Versorgung und Pool-Sicherheitskontrolle in Schlie\u00dffachkabinen<\/span><\/li>\n<li style=\"font-weight: 400;\" aria-level=\"1\"><b>Schwimmen mit Delfinen:<\/b> <span style=\"font-weight: 400;\">Erleben Sie das Schwimmen mit Delphinen, mit professionellen Instruktoren, f\u00fcr etwa eine halbe Stunde<\/span><\/li>\n<li style=\"font-weight: 400;\" aria-level=\"1\"><b>Freie Zeit:<\/b> <span style=\"font-weight: 400;\">Fotoshooting und Ruhepause<\/span><\/li>\n<li style=\"font-weight: 400;\" aria-level=\"1\"><b>R\u00fcckfahrt:<\/b> <span style=\"font-weight: 400;\">Abreise zu Ihrem Hotel oder Ihrer Adresse in Alanya<\/span><\/li>\n<\/ul>\n<h2>Im Preis inbegriffen<\/h2>\n<ul>\n<li style=\"font-weight: 400;\" aria-level=\"1\"><span style=\"font-weight: 400;\">Empfang und Abreise von der Unterkunft in Alanya<\/span><\/li>\n<li style=\"font-weight: 400;\" aria-level=\"1\"><span style=\"font-weight: 400;\">Informationen mit professionellem Guide<\/span><\/li>\n<li style=\"font-weight: 400;\" aria-level=\"1\"><span style=\"font-weight: 400;\">Schlie\u00dff\u00e4cher und Lieferung der notwendigen Ausr\u00fcstung<\/span><\/li>\n<li style=\"font-weight: 400;\" aria-level=\"1\"><span style=\"font-weight: 400;\">Rettungsweste und Sicherheitsvorkehrungen<\/span><\/li>\n<li style=\"font-weight: 400;\" aria-level=\"1\"><span style=\"font-weight: 400;\">Schwimmen mit Delfinen (ca. 30 Minuten)<\/span><\/li>\n<\/ul>\n<h2>Diejenigen, die nicht im Preis enthalten sind<\/h2>\n<ul>\n<li style=\"font-weight: 400;\" aria-level=\"1\"><span style=\"font-weight: 400;\">pers\u00f6nlichen Ausgaben<\/span><\/li>\n<li style=\"font-weight: 400;\" aria-level=\"1\"><span style=\"font-weight: 400;\">Getr\u00e4nke und Mahlzeiten<\/span><\/li>\n<li style=\"font-weight: 400;\" aria-level=\"1\"><span style=\"font-weight: 400;\">Foto- und Videomaterial<\/span><\/li>\n<li style=\"font-weight: 400;\" aria-level=\"1\"><span style=\"font-weight: 400;\">Schwimmen mit Marine ( optional )<\/span><\/li>\n<\/ul>\n<h2>Was Sie mitnehmen m\u00fcssen<\/h2>\n<ul>\n<li style=\"font-weight: 400;\" aria-level=\"1\"><span style=\"font-weight: 400;\">Sonnencreme<\/span><\/li>\n<li style=\"font-weight: 400;\" aria-level=\"1\"><span style=\"font-weight: 400;\">Bademode und Handt\u00fccher<\/span><\/li>\n<li style=\"font-weight: 400;\" aria-level=\"1\"><span style=\"font-weight: 400;\">Kamera oder Telefon<\/span><\/li>\n<li style=\"font-weight: 400;\" aria-level=\"1\"><span style=\"font-weight: 400;\">Praktische Kleidung, da Sie Ihren Schmuck und Accessoires entfernen m\u00fcssen<\/span><\/li>\n<\/ul>\n<h2>Ein unvergesslicher Tag mit der Alanya Dolphins Swimming Tour<\/h2>\n<p><span style=\"font-weight: 400;\">Zeit mit Delfinen zu verbringen, die niedliche und intelligente Kreaturen der Natur sind, wird Ihrem Urlaub Freude und ein unvergessliches Erlebnis hinzuf\u00fcgen. Wenn Sie sich dieser unterhaltsamen Tour mit Ihren Kindern anschlie\u00dfen, k\u00f6nnen Sie ihre Aufregung und ihr Gl\u00fcck teilen. In Begleitung unserer Instruktoren k\u00f6nnen Sie sicher mit Delfinen schwimmen, eine einzigartige Bindung eingehen und wunderbare Erinnerungen sammeln.  <\/span><\/p>\n<p><span style=\"font-weight: 400;\">Erleben Sie diese exklusive Tour mit einem sicheren und professionellen Service mit der Sencap Tour. Machen Sie einen Schritt in einen unvergesslichen Tag, indem Sie jetzt buchen!  <\/span><\/p>\n<h2>Warum w\u00e4hlen Sie Sencap Tour?<\/h2>\n<p><span style=\"font-weight: 400;\">Als Sencap Tour sind wir bei Ihnen mit unseren Dienstleistungen, die einen Unterschied in der Delphinschwimmen Tour machen:<\/span><\/p>\n<ul>\n<li style=\"font-weight: 400;\" aria-level=\"1\"><b>Professionelle Trainer:<\/b> <span style=\"font-weight: 400;\">F\u00fcr Ihre Sicherheit begleiten Sie unsere erfahrenen Instruktoren w\u00e4hrend der gesamten Runde.<\/span><\/li>\n<li style=\"font-weight: 400;\" aria-level=\"1\"><b>Komfortabler Service:<\/b> <span style=\"font-weight: 400;\">Bequemer Transferservice von Alanya zum Sealanya Dolphin Park.<\/span><\/li>\n<li style=\"font-weight: 400;\" aria-level=\"1\"><b>Familienfreundliches Erlebnis:<\/b> <span style=\"font-weight: 400;\">Eine Tour, bei der unsere G\u00e4ste jeden Alters Spa\u00df haben k\u00f6nnen.<\/span><\/li>\n<li style=\"font-weight: 400;\" aria-level=\"1\"><b>Einzigartige Interaktion:<\/b> <span style=\"font-weight: 400;\">Eins-zu-eins-Interaktion mit Delfinen und Handf\u00fctterung.<\/span><\/li>\n<li style=\"font-weight: 400;\" aria-level=\"1\"><b>Kundenzufriedenheit:<\/b> <span style=\"font-weight: 400;\">Ihre Sicherheit und Zufriedenheit ist immer unsere Priorit\u00e4t.<\/span><\/li>\n<\/ul>\n<p><span style=\"font-weight: 400;\">Verwandeln Sie Ihr Badevergn\u00fcgen mit Delfinen in eine einzigartige Urlaubserinnerung in Alanya mit der Sencap Tour. Buchen Sie jetzt und nehmen Sie an diesem unvergesslichen Abenteuer teil!  <\/span><\/p>\n","protected":false},"excerpt":{"rendered":"<p>Schwimmtour mit Alanya Delfinen: ein unvergessliches Erlebnis Die Delfin-Schwimmtour im Sealanya Dolphin Park, nur 20 km von Alanya entfernt, bietet ein unvergessliches Abenteuer f\u00fcr Kinder und Erwachsene. Sie werden die Intelligenz und emotionale Natur der Delfine treffen, sie mit Ihren H\u00e4nden f\u00fcttern und das Schwimmen genie\u00dfen. Wenn Sie einen angenehmen und lustigen Tag mit Ihrer [&#8230;]\n","protected":false},"featured_media":1357,"comment_status":"open","ping_status":"closed","template":"","meta":{"_joinchat":[]},"product_brand":[],"product_cat":[94,91,92],"product_tag":[],"class_list":{"0":"post-1815","1":"product","2":"type-product","3":"status-publish","4":"has-post-thumbnail","6":"product_cat-abenteuerreisen","7":"product_cat-naturreisen","8":"product_cat-tagestouren","10":"first","11":"instock","12":"virtual","13":"sold-individually","14":"purchasable","15":"product-type-booking"},"booking_location":"","booking_location_type":"","booking_duration":1,"booking_duration_unit":"day","booking_buffer":0,"booking_cost":0,"booking_resources":[],"_links":{"self":[{"href":"https:\/\/sencaptour.com\/de\/wp-json\/wp\/v2\/product\/1815","targetHints":{"allow":["GET"]}}],"collection":[{"href":"https:\/\/sencaptour.com\/de\/wp-json\/wp\/v2\/product"}],"about":[{"href":"https:\/\/sencaptour.com\/de\/wp-json\/wp\/v2\/types\/product"}],"replies":[{"embeddable":true,"href":"https:\/\/sencaptour.com\/de\/wp-json\/wp\/v2\/comments?post=1815"}],"wp:featuredmedia":[{"embeddable":true,"href":"https:\/\/sencaptour.com\/de\/wp-json\/wp\/v2\/media\/1357"}],"wp:attachment":[{"href":"https:\/\/sencaptour.com\/de\/wp-json\/wp\/v2\/media?parent=1815"}],"wp:term":[{"taxonomy":"product_brand","embeddable":true,"href":"https:\/\/sencaptour.com\/de\/wp-json\/wp\/v2\/product_brand?post=1815"},{"taxonomy":"product_cat","embeddable":true,"href":"https:\/\/sencaptour.com\/de\/wp-json\/wp\/v2\/product_cat?post=1815"},{"taxonomy":"product_tag","embeddable":true,"href":"https:\/\/sencaptour.com\/de\/wp-json\/wp\/v2\/product_tag?post=1815"}],"curies":[{"name":"wp","href":"https:\/\/api.w.org\/{rel}","templated":true}]}}