{"id":1827,"date":"2023-05-31T22:11:18","date_gmt":"2023-05-31T19:11:18","guid":{"rendered":"https:\/\/sencaptour.com\/turlar\/antalya-land-of-legends-tour\/"},"modified":"2025-02-24T18:34:25","modified_gmt":"2025-02-24T15:34:25","slug":"antalya-land-of-legends-tour","status":"publish","type":"product","link":"https:\/\/sencaptour.com\/de\/touren\/antalya-land-of-legends-tour\/","title":{"rendered":"Antalya Land Of Legends Tour"},"content":{"rendered":"<h2>Antalya Land of Legends Tour From Alanya: Spa\u00df und Abenteuer vereint<\/h2>\n<p><span style=\"font-weight: 400;\">Der Land of Legends Themenpark ist das gr\u00f6\u00dfte Entertainment-Zentrum in Antalya und bietet Familien und Freunden einen magischen Tag voller Unterhaltung. Mit Abenteuer- und Wasserparks, Delfinshows und vielem mehr verspricht dieser Themenpark ein unvergessliches Erlebnis in einer m\u00e4rchenhaften Atmosph\u00e4re.<\/span><\/p>\n<p><span style=\"font-weight: 400;\">Mit Sencap Tour genie\u00dfen Sie aufregende Aktivit\u00e4ten, atemberaubende Fotogelegenheiten und endlosen Spa\u00df. Diese Tour ist f\u00fcr alle Altersgruppen geeignet und garantiert ein unvergessliches Erlebnis.<\/span><\/p>\n<h2>Was diese Tour bietet<\/h2>\n<p><span style=\"font-weight: 400;\">Die Land of Legends Tour bietet einen Tag voller Spa\u00df, Abenteuer und unvergesslicher Erinnerungen:<\/span><\/p>\n<ul>\n<li style=\"font-weight: 400;\" aria-level=\"1\"><b>Abenteuer- und Wasserparks:<\/b><span style=\"font-weight: 400;\"> Erleben Sie aufregende Aktivit\u00e4ten und Wasserrutschen voller Adrenalin.<\/span><\/li>\n<li style=\"font-weight: 400;\" aria-level=\"1\"><b>Delfin- und Seel\u00f6wenshows:<\/b><span style=\"font-weight: 400;\"> Bewundern Sie faszinierende Auff\u00fchrungen dieser charmanten Meerestiere.<\/span><\/li>\n<li style=\"font-weight: 400;\" aria-level=\"1\"><b>5D-Kinoerlebnis:<\/b><span style=\"font-weight: 400;\"> Entdecken Sie die Verbindung von Technologie und Unterhaltung in einem einzigartigen Kinoerlebnis.<\/span><\/li>\n<li style=\"font-weight: 400;\" aria-level=\"1\"><b>Shopping und Gastronomie:<\/b><span style=\"font-weight: 400;\"> Machen Sie eine Pause in den Restaurants, Caf\u00e9s und Einkaufszentren des Parks.<\/span><\/li>\n<li style=\"font-weight: 400;\" aria-level=\"1\"><b>M\u00e4rchenhafte Atmosph\u00e4re:<\/b><span style=\"font-weight: 400;\"> Halten Sie unvergessliche Momente in der zauberhaften Kulisse des Parks fest.<\/span><\/li>\n<\/ul>\n<h2>Tourprogramm<\/h2>\n<p><span style=\"font-weight: 400;\">Die Land of Legends Tour beginnt fr\u00fch am Morgen und endet am Abend \u2013 ein Tag voller Spa\u00df erwartet Sie:<\/span><\/p>\n<ol>\n<li style=\"font-weight: 400;\" aria-level=\"1\"><b>Morgens:<\/b><span style=\"font-weight: 400;\"> Abholung von Ihrem Hotel oder Ihrer Unterkunft in Antalya<\/span><\/li>\n<li style=\"font-weight: 400;\" aria-level=\"1\"><b>Ankunft im Land of Legends Themenpark:<\/b><span style=\"font-weight: 400;\"> Eintritt in den Park und eine kurze Einf\u00fchrung<\/span><\/li>\n<li style=\"font-weight: 400;\" aria-level=\"1\"><b>Abenteuer- und Wasserparkaktivit\u00e4ten:<\/b><span style=\"font-weight: 400;\"> Genie\u00dfen Sie den ganzen Tag spannende Attraktionen und Wasseraktivit\u00e4ten<\/span><\/li>\n<li style=\"font-weight: 400;\" aria-level=\"1\"><b>Shows:<\/b><span style=\"font-weight: 400;\"> Sehen Sie spektakul\u00e4re Auff\u00fchrungen von Delfinen, Seel\u00f6wen und Beluga-Walen<\/span><\/li>\n<li style=\"font-weight: 400;\" aria-level=\"1\"><b>5D-Kino:<\/b><span style=\"font-weight: 400;\"> Erleben Sie ein actiongeladenes Abenteuer im speziellen Kino des Parks<\/span><\/li>\n<li style=\"font-weight: 400;\" aria-level=\"1\"><b>Freizeit:<\/b><span style=\"font-weight: 400;\"> Erkunden Sie die Einkaufsbereiche, Restaurants und Caf\u00e9s in Ihrer freien Zeit<\/span><\/li>\n<li style=\"font-weight: 400;\" aria-level=\"1\"><b>Abends:<\/b><span style=\"font-weight: 400;\"> R\u00fcckfahrt zu Ihrer Unterkunft in Antalya<\/span><\/li>\n<\/ol>\n<h2>Inklusive Leistungen<\/h2>\n<ul>\n<li style=\"font-weight: 400;\" aria-level=\"1\"><span style=\"font-weight: 400;\">Hin- und R\u00fccktransfer von Ihrer Unterkunft in Antalya<\/span><\/li>\n<li style=\"font-weight: 400;\" aria-level=\"1\"><span style=\"font-weight: 400;\">Eintrittskarte f\u00fcr den Land of Legends Themenpark<\/span><\/li>\n<li style=\"font-weight: 400;\" aria-level=\"1\"><span style=\"font-weight: 400;\">Delfin- und Seel\u00f6wenshows<\/span><\/li>\n<li style=\"font-weight: 400;\" aria-level=\"1\"><span style=\"font-weight: 400;\">Zugang zu Attraktionen, Rutschen und Pools<\/span><\/li>\n<li style=\"font-weight: 400;\" aria-level=\"1\"><span style=\"font-weight: 400;\">5D-Kinoerlebnis<\/span><\/li>\n<\/ul>\n<h2>Nicht inklusive<\/h2>\n<ul>\n<li style=\"font-weight: 400;\" aria-level=\"1\"><span style=\"font-weight: 400;\">Speisen und Getr\u00e4nke<\/span><\/li>\n<li style=\"font-weight: 400;\" aria-level=\"1\"><span style=\"font-weight: 400;\">Pers\u00f6nliche Ausgaben<\/span><\/li>\n<li style=\"font-weight: 400;\" aria-level=\"1\"><span style=\"font-weight: 400;\">Delfinschwimmaktivit\u00e4t (optional)<\/span><\/li>\n<\/ul>\n<h2>Was Sie mitbringen sollten<\/h2>\n<ul>\n<li style=\"font-weight: 400;\" aria-level=\"1\"><span style=\"font-weight: 400;\">Badebekleidung und Handtuch<\/span><\/li>\n<li style=\"font-weight: 400;\" aria-level=\"1\"><span style=\"font-weight: 400;\">Sonnencreme<\/span><\/li>\n<li style=\"font-weight: 400;\" aria-level=\"1\"><span style=\"font-weight: 400;\">Kamera oder Smartphone<\/span><\/li>\n<li style=\"font-weight: 400;\" aria-level=\"1\"><span style=\"font-weight: 400;\">Hut und Sonnenbrille<\/span><\/li>\n<\/ul>\n<h2>Ein unvergesslicher Tag mit der Antalya Land of Legends Tour<\/h2>\n<p><span style=\"font-weight: 400;\">Im Land of Legends Themenpark erwartet Sie ein Tag voller Spa\u00df und Abenteuer. Genie\u00dfen Sie die magische Atmosph\u00e4re, erleben Sie spannende Attraktionen und schaffen Sie unvergessliche Erinnerungen mit Ihren Liebsten.<\/span><\/p>\n<p><span style=\"font-weight: 400;\">Der Themenpark ist f\u00fcr Besucher jeden Alters konzipiert und bietet ein breites Spektrum an Aktivit\u00e4ten, die einen fantastischen Tag garantieren. Mit dem zuverl\u00e4ssigen Service von Sencap Tour k\u00f6nnen Sie sich auf die Erlebnisse konzentrieren, w\u00e4hrend wir uns um Ihre Sicherheit und Ihren Komfort k\u00fcmmern. <\/span><b>Buchen Sie jetzt und tauchen Sie in diese magische Welt ein!<\/b><span style=\"font-weight: 400;\"> <\/span><\/p>\n<h2>Warum Sencap Tour w\u00e4hlen?<\/h2>\n<p><span style=\"font-weight: 400;\">Mit Sencap Tour genie\u00dfen Sie eine erstklassige Erfahrung bei der Antalya Land of Legends Tour:<\/span><\/p>\n<ul>\n<li style=\"font-weight: 400;\" aria-level=\"1\"><b>Bequeme Transfers:<\/b><span style=\"font-weight: 400;\"> Reibungsloser Transport mit Abholung und R\u00fcckfahrt von Ihrer Unterkunft.<\/span><\/li>\n<li style=\"font-weight: 400;\" aria-level=\"1\"><b>Professionelle Begleitung:<\/b><span style=\"font-weight: 400;\"> Detaillierte Informationen und Anleitungen zu den Attraktionen des Parks.<\/span><\/li>\n<li style=\"font-weight: 400;\" aria-level=\"1\"><b>Umfassendes Programm:<\/b><span style=\"font-weight: 400;\"> Abenteuerparks, Wasseraktivit\u00e4ten, Shows und Shopping \u2013 alles in einer Tour.<\/span><\/li>\n<li style=\"font-weight: 400;\" aria-level=\"1\"><b>Familienfreundlich:<\/b><span style=\"font-weight: 400;\"> Aktivit\u00e4ten und Veranstaltungen f\u00fcr alle Altersgruppen.<\/span><\/li>\n<li style=\"font-weight: 400;\" aria-level=\"1\"><b>Kundenzufriedenheit:<\/b><span style=\"font-weight: 400;\"> Ihre Sicherheit und Ihr Komfort stehen bei uns an erster Stelle.<\/span><\/li>\n<\/ul>\n<p><span style=\"font-weight: 400;\">Erleben Sie die magische Welt des Land of Legends Themenparks mit Sencap Tour. <\/span><b>Jetzt buchen und einen Tag voller Spa\u00df und Abenteuer genie\u00dfen!<\/b><span style=\"font-weight: 400;\"> <\/span><\/p>\n","protected":false},"excerpt":{"rendered":"<p>Antalya Land of Legends Tour From Alanya: Spa\u00df und Abenteuer vereint Der Land of Legends Themenpark ist das gr\u00f6\u00dfte Entertainment-Zentrum in Antalya und bietet Familien und Freunden einen magischen Tag voller Unterhaltung. Mit Abenteuer- und Wasserparks, Delfinshows und vielem mehr verspricht dieser Themenpark ein unvergessliches Erlebnis in einer m\u00e4rchenhaften Atmosph\u00e4re. Mit Sencap Tour genie\u00dfen Sie [&#8230;]\n","protected":false},"featured_media":1259,"comment_status":"open","ping_status":"closed","template":"","meta":{"_joinchat":[]},"product_brand":[],"product_cat":[94,92],"product_tag":[],"class_list":{"0":"post-1827","1":"product","2":"type-product","3":"status-publish","4":"has-post-thumbnail","6":"product_cat-abenteuerreisen","7":"product_cat-tagestouren","9":"first","10":"instock","11":"virtual","12":"sold-individually","13":"purchasable","14":"product-type-booking"},"booking_location":"","booking_location_type":"","booking_duration":1,"booking_duration_unit":"day","booking_buffer":0,"booking_cost":0,"booking_resources":[],"_links":{"self":[{"href":"https:\/\/sencaptour.com\/de\/wp-json\/wp\/v2\/product\/1827","targetHints":{"allow":["GET"]}}],"collection":[{"href":"https:\/\/sencaptour.com\/de\/wp-json\/wp\/v2\/product"}],"about":[{"href":"https:\/\/sencaptour.com\/de\/wp-json\/wp\/v2\/types\/product"}],"replies":[{"embeddable":true,"href":"https:\/\/sencaptour.com\/de\/wp-json\/wp\/v2\/comments?post=1827"}],"wp:featuredmedia":[{"embeddable":true,"href":"https:\/\/sencaptour.com\/de\/wp-json\/wp\/v2\/media\/1259"}],"wp:attachment":[{"href":"https:\/\/sencaptour.com\/de\/wp-json\/wp\/v2\/media?parent=1827"}],"wp:term":[{"taxonomy":"product_brand","embeddable":true,"href":"https:\/\/sencaptour.com\/de\/wp-json\/wp\/v2\/product_brand?post=1827"},{"taxonomy":"product_cat","embeddable":true,"href":"https:\/\/sencaptour.com\/de\/wp-json\/wp\/v2\/product_cat?post=1827"},{"taxonomy":"product_tag","embeddable":true,"href":"https:\/\/sencaptour.com\/de\/wp-json\/wp\/v2\/product_tag?post=1827"}],"curies":[{"name":"wp","href":"https:\/\/api.w.org\/{rel}","templated":true}]}}