{"id":1839,"date":"2023-05-31T21:33:29","date_gmt":"2023-05-31T18:33:29","guid":{"rendered":"https:\/\/sencaptour.com\/turlar\/alanya-quad-safari\/"},"modified":"2025-02-24T19:01:04","modified_gmt":"2025-02-24T16:01:04","slug":"alanya-quad-safari","status":"publish","type":"product","link":"https:\/\/sencaptour.com\/de\/touren\/alanya-quad-safari\/","title":{"rendered":"Alanya Quad Safari Tour"},"content":{"rendered":"<h2>Alanya Quad Safari Tour: Adrenalin pur in den Taurusbergen<\/h2>\n<p><span style=\"font-weight: 400;\">Die Alanya Quad Safari Tour bietet ein einzigartiges Abenteuer in den beeindruckenden Taurusbergen. Auf staubigen und schlammigen Offroad-Strecken, umgeben von dichten Pinienw\u00e4ldern, erleben Sie eine Mischung aus Adrenalin und Natur.<\/span><\/p>\n<p><span style=\"font-weight: 400;\">Diese Tour ist f\u00fcr Teilnehmer jeden Alters geeignet und erfordert weder einen F\u00fchrerschein noch Vorkenntnisse. Die Quad-Fahrzeuge sind vollautomatisch und k\u00f6nnen leicht mit Gas und Bremse gesteuert werden. Ob allein, mit Familie oder Freunden \u2013 die Alanya Quad Safari ist ein unvergessliches Erlebnis auf den besten Trails der Region.<\/span><\/p>\n<h2>Highlights der Tour<\/h2>\n<p><span style=\"font-weight: 400;\">Die Alanya Quad Safari Tour bietet Ihnen die perfekte Kombination aus Abenteuer und Natur:<\/span><\/p>\n<ul>\n<li style=\"font-weight: 400;\" aria-level=\"1\"><b>Natur pur:<\/b><span style=\"font-weight: 400;\"> Genie\u00dfen Sie atemberaubende Ausblicke auf die Taurusberge und die umliegenden W\u00e4lder.<\/span><\/li>\n<li style=\"font-weight: 400;\" aria-level=\"1\"><b>Adrenalinreiche Fahrt:<\/b><span style=\"font-weight: 400;\"> Fahren Sie durch staubige und schlammige Offroad-Strecken und erleben Sie Nervenkitzel.<\/span><\/li>\n<li style=\"font-weight: 400;\" aria-level=\"1\"><b>Gemeinsam Spa\u00df haben:<\/b><span style=\"font-weight: 400;\"> Teilen Sie das Abenteuer mit Familie oder Freunden auf einem gemeinsamen Quad.<\/span><\/li>\n<li style=\"font-weight: 400;\" aria-level=\"1\"><b>Pausen am Fluss:<\/b><span style=\"font-weight: 400;\"> Erfrischen Sie sich bei einer kurzen Pause am Fluss und machen Sie beeindruckende Fotos.<\/span><\/li>\n<li style=\"font-weight: 400;\" aria-level=\"1\"><b>Einfache Bedienung:<\/b><span style=\"font-weight: 400;\"> Dank automatischer Steuerung sind die Fahrzeuge f\u00fcr jeden einfach zu handhaben.<\/span><\/li>\n<\/ul>\n<h2>Tourprogramm<\/h2>\n<p><span style=\"font-weight: 400;\">Die Quad Safari Tour wird zweimal t\u00e4glich als Halbtagestour angeboten.<\/span><\/p>\n<p><b>Morgens:<\/b><span style=\"font-weight: 400;\"> Abfahrt um 08:00 Uhr<\/span><span style=\"font-weight: 400;\"><br \/>\n<\/span><b>Nachmittags:<\/b><span style=\"font-weight: 400;\"> Abfahrt um 13:00 Uhr<\/span><\/p>\n<h2>Programmdetails:<\/h2>\n<ul>\n<li style=\"font-weight: 400;\" aria-level=\"1\"><b>Transfer:<\/b><span style=\"font-weight: 400;\"> Abholung von Ihrem Hotel oder Ihrer Unterkunft in Alanya<\/span><\/li>\n<li style=\"font-weight: 400;\" aria-level=\"1\"><b>Einweisung:<\/b><span style=\"font-weight: 400;\"> Sicherheitsanweisungen und Informationen zur Strecke durch die Guides<\/span><\/li>\n<li style=\"font-weight: 400;\" aria-level=\"1\"><b>\u00dcbungsfahrt:<\/b><span style=\"font-weight: 400;\"> Eine kurze Testfahrt, um sich an das Fahrzeug zu gew\u00f6hnen<\/span><\/li>\n<li style=\"font-weight: 400;\" aria-level=\"1\"><b>Quad Safari:<\/b><span style=\"font-weight: 400;\"> Rund 20 km Offroad-Fahrt \u00fcber eine Dauer von ca. 2 Stunden<\/span><\/li>\n<li style=\"font-weight: 400;\" aria-level=\"1\"><b>Fluss- und Erholungspause:<\/b><span style=\"font-weight: 400;\"> Zeit f\u00fcr Schwimmen und Entspannen am Flussufer<\/span><\/li>\n<li style=\"font-weight: 400;\" aria-level=\"1\"><b>R\u00fccktransfer:<\/b><span style=\"font-weight: 400;\"> R\u00fcckfahrt zu Ihrer Unterkunft in Alanya<\/span><\/li>\n<\/ul>\n<h2>Inklusive Leistungen<\/h2>\n<ul>\n<li style=\"font-weight: 400;\" aria-level=\"1\"><span style=\"font-weight: 400;\">Transfer von und zu Ihrer Unterkunft in Alanya<\/span><\/li>\n<li style=\"font-weight: 400;\" aria-level=\"1\"><span style=\"font-weight: 400;\">Rund 2 Stunden Fahrt auf einer 20 km langen Strecke<\/span><\/li>\n<li style=\"font-weight: 400;\" aria-level=\"1\"><span style=\"font-weight: 400;\">Sicherheitsausr\u00fcstung (Helm, Schutzbrille)<\/span><\/li>\n<li style=\"font-weight: 400;\" aria-level=\"1\"><span style=\"font-weight: 400;\">Professionelle Guides und Einweisung<\/span><\/li>\n<\/ul>\n<h2>Nicht inklusive<\/h2>\n<ul>\n<li style=\"font-weight: 400;\" aria-level=\"1\"><span style=\"font-weight: 400;\">Speisen und Getr\u00e4nke<\/span><\/li>\n<li style=\"font-weight: 400;\" aria-level=\"1\"><span style=\"font-weight: 400;\">Foto- und Videoaufnahmen (auf USB erh\u00e4ltlich)<\/span><\/li>\n<\/ul>\n<h2>Was Sie mitbringen sollten<\/h2>\n<ul>\n<li style=\"font-weight: 400;\" aria-level=\"1\"><span style=\"font-weight: 400;\">Bequeme, schmutzunempfindliche Kleidung und Schuhe<\/span><\/li>\n<li style=\"font-weight: 400;\" aria-level=\"1\"><span style=\"font-weight: 400;\">Sonnenbrille und Bandana (zum Schutz vor Staub)<\/span><\/li>\n<li style=\"font-weight: 400;\" aria-level=\"1\"><span style=\"font-weight: 400;\">Badebekleidung und Handtuch (f\u00fcr die Flusspause)<\/span><\/li>\n<li style=\"font-weight: 400;\" aria-level=\"1\"><span style=\"font-weight: 400;\">Kamera oder Smartphone<\/span><\/li>\n<\/ul>\n<h2>Ein unvergesslicher Tag mit der Alanya Quad Safari Tour<\/h2>\n<p><span style=\"font-weight: 400;\">Die Alanya Quad Safari Tour ist die perfekte Wahl f\u00fcr alle, die einen aufregenden und unvergesslichen Tag inmitten der Natur verbringen m\u00f6chten. Fahren Sie durch die beeindruckende Landschaft der Taurusberge, erleben Sie spannende Offroad-Abenteuer und genie\u00dfen Sie unvergessliche Momente mit Familie und Freunden.<\/span><\/p>\n<p><span style=\"font-weight: 400;\">Mit Sencap Tour erleben Sie eine professionelle und sichere Safari-Tour mit komfortablem Transfer und erfahrenen Guides. Buchen Sie jetzt und starten Sie in ein einzigartiges Abenteuer.<\/span><\/p>\n<h2>Warum Sencap Tour w\u00e4hlen?<\/h2>\n<p><span style=\"font-weight: 400;\">Sencap Tour bietet Ihnen bei der Quad Safari Tour:<\/span><\/p>\n<ul>\n<li style=\"font-weight: 400;\" aria-level=\"1\"><b>Erfahrene Guides:<\/b><span style=\"font-weight: 400;\"> Sicherheit und Fahrspa\u00df unter professioneller Anleitung.<\/span><\/li>\n<li style=\"font-weight: 400;\" aria-level=\"1\"><b>Familienfreundliche Optionen:<\/b><span style=\"font-weight: 400;\"> Geeignet f\u00fcr Teilnehmer jeden Alters \u2013 auch Kinder k\u00f6nnen teilnehmen.<\/span><\/li>\n<li style=\"font-weight: 400;\" aria-level=\"1\"><b>Top-Trails:<\/b><span style=\"font-weight: 400;\"> Erleben Sie eine der beliebtesten und sch\u00f6nsten Strecken in Alanya.<\/span><\/li>\n<li style=\"font-weight: 400;\" aria-level=\"1\"><b>Komfortabler Service:<\/b><span style=\"font-weight: 400;\"> Bequeme Transfers von und zu Ihrer Unterkunft.<\/span><\/li>\n<li style=\"font-weight: 400;\" aria-level=\"1\"><b>Kundenzufriedenheit:<\/b><span style=\"font-weight: 400;\"> Ihre Sicherheit und Ihr Komfort stehen bei uns an erster Stelle.<\/span><\/li>\n<\/ul>\n<p><span style=\"font-weight: 400;\">Entdecken Sie die Abenteuer der Taurusberge mit Sencap Tour. Jetzt buchen und ein unvergessliches Erlebnis genie\u00dfen.<\/span><\/p>\n","protected":false},"excerpt":{"rendered":"<p>Alanya Quad Safari Tour: Adrenalin pur in den Taurusbergen Die Alanya Quad Safari Tour bietet ein einzigartiges Abenteuer in den beeindruckenden Taurusbergen. Auf staubigen und schlammigen Offroad-Strecken, umgeben von dichten Pinienw\u00e4ldern, erleben Sie eine Mischung aus Adrenalin und Natur. Diese Tour ist f\u00fcr Teilnehmer jeden Alters geeignet und erfordert weder einen F\u00fchrerschein noch Vorkenntnisse. Die [&#8230;]\n","protected":false},"featured_media":1167,"comment_status":"open","ping_status":"closed","template":"","meta":{"_joinchat":[]},"product_brand":[],"product_cat":[94,91,92],"product_tag":[],"class_list":{"0":"post-1839","1":"product","2":"type-product","3":"status-publish","4":"has-post-thumbnail","6":"product_cat-abenteuerreisen","7":"product_cat-naturreisen","8":"product_cat-tagestouren","10":"first","11":"instock","12":"virtual","13":"sold-individually","14":"purchasable","15":"product-type-booking"},"booking_location":"","booking_location_type":"","booking_duration":1,"booking_duration_unit":"day","booking_buffer":0,"booking_cost":0,"booking_resources":[],"_links":{"self":[{"href":"https:\/\/sencaptour.com\/de\/wp-json\/wp\/v2\/product\/1839","targetHints":{"allow":["GET"]}}],"collection":[{"href":"https:\/\/sencaptour.com\/de\/wp-json\/wp\/v2\/product"}],"about":[{"href":"https:\/\/sencaptour.com\/de\/wp-json\/wp\/v2\/types\/product"}],"replies":[{"embeddable":true,"href":"https:\/\/sencaptour.com\/de\/wp-json\/wp\/v2\/comments?post=1839"}],"wp:featuredmedia":[{"embeddable":true,"href":"https:\/\/sencaptour.com\/de\/wp-json\/wp\/v2\/media\/1167"}],"wp:attachment":[{"href":"https:\/\/sencaptour.com\/de\/wp-json\/wp\/v2\/media?parent=1839"}],"wp:term":[{"taxonomy":"product_brand","embeddable":true,"href":"https:\/\/sencaptour.com\/de\/wp-json\/wp\/v2\/product_brand?post=1839"},{"taxonomy":"product_cat","embeddable":true,"href":"https:\/\/sencaptour.com\/de\/wp-json\/wp\/v2\/product_cat?post=1839"},{"taxonomy":"product_tag","embeddable":true,"href":"https:\/\/sencaptour.com\/de\/wp-json\/wp\/v2\/product_tag?post=1839"}],"curies":[{"name":"wp","href":"https:\/\/api.w.org\/{rel}","templated":true}]}}