{"id":1867,"date":"2023-05-31T18:22:44","date_gmt":"2023-05-31T15:22:44","guid":{"rendered":"https:\/\/sencaptour.com\/turlar\/alanya-jeep-safari-touren\/"},"modified":"2025-06-26T16:35:47","modified_gmt":"2025-06-26T13:35:47","slug":"alanya-jeep-safari-touren","status":"publish","type":"product","link":"https:\/\/sencaptour.com\/de\/touren\/alanya-jeep-safari-touren\/","title":{"rendered":"Alanya Jeep Safari Touren"},"content":{"rendered":"<h2>Alanya Jeep Safari Tour: Ein Tag voller Abenteuer in den Taurusbergen<\/h2>\n<p><span style=\"font-weight: 400;\">F\u00fcr diejenigen, die ein unvergessliches Urlaubserlebnis haben m\u00f6chten, bietet Alanya Jeep Safari Tour ein lustiges Abenteuer, das mit der Natur verflochten ist. Mit speziell modifizierten Land Rover Jeeps haben Sie einen unvergesslichen Tag in der einzigartigen Natur der Kiefernw\u00e4lder und des Taurusgebirges. <\/span><\/p>\n<p><span style=\"font-weight: 400;\">Mit dem professionellen und erfahrenen Team von Sencap Tour k\u00f6nnen Sie dem Stress des Stadtlebens entfliehen, die herrliche Aussicht auf Alanya erkunden, sich im Dim Tea abk\u00fchlen und ein einzigartiges Mittagserlebnis haben.<\/span><\/p>\n<h2>Diese Tour wird zu Ihnen hinzuf\u00fcgen<\/h2>\n<p><span style=\"font-weight: 400;\">Mit der Alanya Jeep Safari Tour k\u00f6nnen Sie Spa\u00df haben und die Natur genie\u00dfen:<\/span><\/p>\n<ol>\n<li style=\"font-weight: 400;\" aria-level=\"1\"><b>Gipfel des Taurusgebirges:<\/b><span style=\"font-weight: 400;\"> genie\u00dfen Sie den Blick auf Alanya und das Mittelmeer in einer H\u00f6he von 1500 Metern.<\/span><\/li>\n<li style=\"font-weight: 400;\" aria-level=\"1\"><b>Verwoben mit der Natur:<\/b> <span style=\"font-weight: 400;\">Eine Reise zwischen Pinienw\u00e4ldern, Orangen- und Bananeng\u00e4rten.<\/span><\/li>\n<li style=\"font-weight: 400;\" aria-level=\"1\"><b>Coolness in Dim \u00c7ay:<\/b> <span style=\"font-weight: 400;\">Befreien Sie sich von der Sommerhitze mit einer Badepause.<\/span><\/li>\n<li style=\"font-weight: 400;\" aria-level=\"1\"><b>Kulturelle Entdeckungen:<\/b> <span style=\"font-weight: 400;\">Besuch des Dorfes, des Dorfhauses und der Dorfmoschee.<\/span><\/li>\n<li style=\"font-weight: 400;\" aria-level=\"1\"><b>Lustige Aktivit\u00e4ten:<\/b> <span style=\"font-weight: 400;\">Wasserk\u00e4mpfe, Animationen und Fotoshootings.<\/span><\/li>\n<\/ol>\n<h2>Alanya Jeep Safari Tour Programm<\/h2>\n<p><span style=\"font-weight: 400;\">Alanya Jeep Safari Tour bietet ein ganzt\u00e4giges Abenteuer, das morgens beginnt und abends endet. Das Programm ist wie folgt: <\/span><\/p>\n<ol>\n<li style=\"font-weight: 400;\" aria-level=\"1\"><b>Morgen<\/b><span style=\"font-weight: 400;\">:<\/span>\n<ul>\n<li style=\"font-weight: 400;\" aria-level=\"2\"><span style=\"font-weight: 400;\">Anreise von der Unterkunft mit Jeeps<\/span><\/li>\n<li style=\"font-weight: 400;\" aria-level=\"2\"><span style=\"font-weight: 400;\">Zusammenschluss mit anderen Jeep-Gruppen an der Safari-Station<\/span><\/li>\n<li style=\"font-weight: 400;\" aria-level=\"2\"><span style=\"font-weight: 400;\">Fahrt durch die Bananen-, Orangen- und Zitroneng\u00e4rten zum Taurusgebirge<\/span><\/li>\n<li style=\"font-weight: 400;\" aria-level=\"2\"><span style=\"font-weight: 400;\">Oba-Tee und ein Besuch des kleinen Wasserfalls in der N\u00e4he<\/span><\/li>\n<li style=\"font-weight: 400;\" aria-level=\"2\"><span style=\"font-weight: 400;\">Fotopause in Alanya Blick auf den H\u00fcgel<\/span><\/li>\n<\/ul>\n<\/li>\n<li style=\"font-weight: 400;\" aria-level=\"1\"><b>Mittagessen<\/b><span style=\"font-weight: 400;\">:<\/span>\n<ul>\n<li style=\"font-weight: 400;\" aria-level=\"2\"><span style=\"font-weight: 400;\">Besichtigung des Dorfes: Besuch des Dorfhauses und der Moschee<\/span><\/li>\n<li style=\"font-weight: 400;\" aria-level=\"2\"><span style=\"font-weight: 400;\">Animation und optionale Wasserk\u00e4mpfe<\/span><\/li>\n<li style=\"font-weight: 400;\" aria-level=\"2\"><span style=\"font-weight: 400;\">Fahrt nach Dim Valley<\/span><\/li>\n<\/ul>\n<\/li>\n<li style=\"font-weight: 400;\" aria-level=\"1\"><b>am Nachmittag<\/b><span style=\"font-weight: 400;\">:<\/span>\n<ul>\n<li style=\"font-weight: 400;\" aria-level=\"2\"><span style=\"font-weight: 400;\">Fotopause in Dim Dam<\/span><\/li>\n<li style=\"font-weight: 400;\" aria-level=\"2\"><span style=\"font-weight: 400;\">Schwimmen und Essenspause im Dim Tea (Menge oder Huhn, Reis, Salat)<\/span><\/li>\n<li style=\"font-weight: 400;\" aria-level=\"2\"><span style=\"font-weight: 400;\">Optionaler Besuch der Dim Cave<\/span><\/li>\n<\/ul>\n<\/li>\n<li style=\"font-weight: 400;\" aria-level=\"1\"><b>Abend<\/b><span style=\"font-weight: 400;\">:<\/span>\n<ul>\n<li style=\"font-weight: 400;\" aria-level=\"2\"><span style=\"font-weight: 400;\">Verlassen, wo Sie bleiben<\/span><\/li>\n<\/ul>\n<\/li>\n<\/ol>\n<h2>Im Preis inbegriffen<\/h2>\n<ul>\n<li style=\"font-weight: 400;\" aria-level=\"1\"><span style=\"font-weight: 400;\">Abholung und Freigabe aus dem Hotel<\/span><\/li>\n<li style=\"font-weight: 400;\" aria-level=\"1\"><span style=\"font-weight: 400;\">professionelle Beratung<\/span><\/li>\n<li style=\"font-weight: 400;\" aria-level=\"1\"><span style=\"font-weight: 400;\">Mittagessen (Masse oder Huhn, Reis und Salat)<\/span><\/li>\n<\/ul>\n<h2>Diejenigen, die nicht im Preis enthalten sind<\/h2>\n<ul>\n<li style=\"font-weight: 400;\" aria-level=\"1\"><span style=\"font-weight: 400;\">Getr\u00e4nke<\/span><\/li>\n<li style=\"font-weight: 400;\" aria-level=\"1\"><span style=\"font-weight: 400;\">Fotos und Videos (USB- oder DVD-Format)<\/span><\/li>\n<li style=\"font-weight: 400;\" aria-level=\"1\"><span style=\"font-weight: 400;\">Pfannkuchen und andere Snacks im Eigelbzelt<\/span><\/li>\n<\/ul>\n<h2>Was Sie mitnehmen m\u00fcssen<\/h2>\n<ul>\n<li style=\"font-weight: 400;\" aria-level=\"1\"><span style=\"font-weight: 400;\">Bademode und Handt\u00fccher<\/span><\/li>\n<li style=\"font-weight: 400;\" aria-level=\"1\"><span style=\"font-weight: 400;\">Sonnenbrille, Hut und Sonnencreme<\/span><\/li>\n<li style=\"font-weight: 400;\" aria-level=\"1\"><span style=\"font-weight: 400;\">Bequeme Kleidung und Hausschuhe<\/span><\/li>\n<li style=\"font-weight: 400;\" aria-level=\"1\"><span style=\"font-weight: 400;\">Tragbares Ladeger\u00e4t<\/span><\/li>\n<li style=\"font-weight: 400;\" aria-level=\"1\"><span style=\"font-weight: 400;\">Eine wasserdichte Tasche, um Ihre elektronischen Sachen zu sch\u00fctzen<\/span><\/li>\n<\/ul>\n<h2>Ein unvergesslicher Tag mit Alanya Jeep Safari Tour<\/h2>\n<p><span style=\"font-weight: 400;\">Alanya Jeep Safari Tour bietet ein ideales Erlebnis f\u00fcr diejenigen, die einen Tag allein mit der Natur abseits des L\u00e4rms des Stadtlebens verbringen m\u00f6chten. Auf dieser Tour, bei der Sie sowohl Spa\u00df haben als auch entspannen k\u00f6nnen, k\u00f6nnen Sie mit Ihrer Familie und Freunden unvergessliche Erinnerungen sammeln, w\u00e4hrend Sie den einzigartigen Blick auf das Taurusgebirge erkunden. <\/span><\/p>\n<p><span style=\"font-weight: 400;\">Sie k\u00f6nnen den Tag noch angenehmer gestalten, indem Sie sich im Dim Tea erfrischen und ein k\u00f6stliches Mittagessen genie\u00dfen. Mit erfahrenen F\u00fchrern und komfortablen Fahrzeugen von Sencap Tour erwartet Sie ein sicheres und unterhaltsames Abenteuer. <\/span><\/p>\n<h2>Warum w\u00e4hlen Sie Sencap Tour?<\/h2>\n<p><span style=\"font-weight: 400;\">Als Sencap Tour bieten wir Ihnen ein unvergessliches Erlebnis mit unseren Dienstleistungen, die einen Unterschied in der Jeep Safari Tour machen:<\/span><\/p>\n<ul>\n<li style=\"font-weight: 400;\" aria-level=\"1\"><b>Professionelle F\u00fchrung:<\/b><span style=\"font-weight: 400;\"> Eine sichere und informative Tour mit erfahrenen Guides.<\/span><\/li>\n<li style=\"font-weight: 400;\" aria-level=\"1\"><b>Familienfreundlich:<\/b> <span style=\"font-weight: 400;\">Ein sicheres Abenteuer f\u00fcr Familien mit Kindern.<\/span><\/li>\n<li style=\"font-weight: 400;\" aria-level=\"1\"><b>Beste Trails:<\/b><span style=\"font-weight: 400;\"> Erleben Sie eine Safari auf den sch\u00f6nsten Naturrouten in Alanya.<\/span><\/li>\n<li style=\"font-weight: 400;\" aria-level=\"1\"><b>Komfortable Fahrzeuge:<\/b><span style=\"font-weight: 400;\"> Gut gewartete und modifizierte Land Rover Jeeps.<\/span><\/li>\n<li style=\"font-weight: 400;\" aria-level=\"1\"><b>Kundenzufriedenheit:<\/b> <span style=\"font-weight: 400;\">Komfort und Sicherheit ist unsere Priorit\u00e4t.<\/span><\/li>\n<\/ul>\n<p><span style=\"font-weight: 400;\">F\u00fcgen Sie Ihrem Urlaub einen unvergesslichen Moment hinzu, indem Sie sich der Alanya Jeep Safari Tour mit Sencap Tour anschlie\u00dfen. Sie k\u00f6nnen an diesem Abenteuer teilnehmen, indem Sie jetzt buchen!  <\/span><\/p>\n<p>&nbsp;<\/p>\n","protected":false},"excerpt":{"rendered":"<p>Alanya Jeep Safari Tour: Ein Tag voller Abenteuer in den Taurusbergen F\u00fcr diejenigen, die ein unvergessliches Urlaubserlebnis haben m\u00f6chten, bietet Alanya Jeep Safari Tour ein lustiges Abenteuer, das mit der Natur verflochten ist. Mit speziell modifizierten Land Rover Jeeps haben Sie einen unvergesslichen Tag in der einzigartigen Natur der Kiefernw\u00e4lder und des Taurusgebirges. Mit dem [&#8230;]\n","protected":false},"featured_media":1063,"comment_status":"open","ping_status":"closed","template":"","meta":{"_joinchat":[]},"product_brand":[],"product_cat":[94,91,92],"product_tag":[],"class_list":{"0":"post-1867","1":"product","2":"type-product","3":"status-publish","4":"has-post-thumbnail","6":"product_cat-abenteuerreisen","7":"product_cat-naturreisen","8":"product_cat-tagestouren","10":"first","11":"instock","12":"virtual","13":"sold-individually","14":"purchasable","15":"product-type-booking"},"booking_location":"","booking_location_type":"","booking_duration":1,"booking_duration_unit":"day","booking_buffer":0,"booking_cost":0,"booking_resources":[],"_links":{"self":[{"href":"https:\/\/sencaptour.com\/de\/wp-json\/wp\/v2\/product\/1867","targetHints":{"allow":["GET"]}}],"collection":[{"href":"https:\/\/sencaptour.com\/de\/wp-json\/wp\/v2\/product"}],"about":[{"href":"https:\/\/sencaptour.com\/de\/wp-json\/wp\/v2\/types\/product"}],"replies":[{"embeddable":true,"href":"https:\/\/sencaptour.com\/de\/wp-json\/wp\/v2\/comments?post=1867"}],"wp:featuredmedia":[{"embeddable":true,"href":"https:\/\/sencaptour.com\/de\/wp-json\/wp\/v2\/media\/1063"}],"wp:attachment":[{"href":"https:\/\/sencaptour.com\/de\/wp-json\/wp\/v2\/media?parent=1867"}],"wp:term":[{"taxonomy":"product_brand","embeddable":true,"href":"https:\/\/sencaptour.com\/de\/wp-json\/wp\/v2\/product_brand?post=1867"},{"taxonomy":"product_cat","embeddable":true,"href":"https:\/\/sencaptour.com\/de\/wp-json\/wp\/v2\/product_cat?post=1867"},{"taxonomy":"product_tag","embeddable":true,"href":"https:\/\/sencaptour.com\/de\/wp-json\/wp\/v2\/product_tag?post=1867"}],"curies":[{"name":"wp","href":"https:\/\/api.w.org\/{rel}","templated":true}]}}