{"id":7788,"date":"2026-05-09T22:10:19","date_gmt":"2026-05-09T19:10:19","guid":{"rendered":"https:\/\/sencaptour.com\/turlar\/belek-antalya-relax-tekne-turu\/"},"modified":"2026-05-10T02:04:17","modified_gmt":"2026-05-09T23:04:17","slug":"belek-antalya-relax-bootstour","status":"publish","type":"product","link":"https:\/\/sencaptour.com\/de\/touren\/belek-antalya-relax-bootstour\/","title":{"rendered":"Belek\u2019ten Antalya Relax Tekne Turu"},"content":{"rendered":"<p><!-- EINLEITUNG --><\/p>\n<p>Bereiten Sie sich mit der <strong>Belek Antalya Relax Bootstour<\/strong> auf eine friedliche Reise entlang der einzigartigen K\u00fcsten von Antalya vor. Auf dieser Tour werden Sie die faszinierende Kraft der Natur erleben und den Punkt entdecken, an dem der D\u00fcden-Wasserfall ins Meer st\u00fcrzt. Dieser besondere Tag, an dem Sie sich im t\u00fcrkisfarbenen Wasser des Mittelmeers abk\u00fchlen k\u00f6nnen, wird einer der unvergesslichsten Momente Ihres Urlaubs sein.<\/p>\n<h2>Was Sie auf dieser Tour erwartet<\/h2>\n<p>Bei unserem Programm <strong>Belek Antalya Relax Bootstour<\/strong>, einer der beliebtesten Routen in Antalya, erwarten Sie viele Sch\u00f6nheiten:<\/p>\n<ul>\n<li>Die einmalige Gelegenheit, den D\u00fcden-Wasserfall vom Boot aus zu beobachten.<\/li>\n<li>Entdeckung der nat\u00fcrlichen H\u00f6hlen und Felsformationen in der Lara-Bucht.<\/li>\n<li>Ausgiebiges Schwimmen und Sonnenbaden im kristallklaren Wasser des Mittelmeers.<\/li>\n<li>Eine ruhige und entspannte Bootsatmosph\u00e4re fernab vom Stadtl\u00e4rm.<\/li>\n<\/ul>\n<h2>Belek-Antalya Relax Bootstour Programm<\/h2>\n<ul>\n<li><strong>08:30 &#8211; 09:00:<\/strong> Abholung von den Hotels mit komfortablen Fahrzeugen (Zeiten k\u00f6nnen je nach Hotelstandort variieren).<\/li>\n<li><strong>Abfahrt des Bootes:<\/strong> Fahrt in die blauen Gew\u00e4sser vom Hafen von Antalya aus.<\/li>\n<li><strong>D\u00fcden-Wasserfall:<\/strong> Fotopause und Besichtigung an der Stelle, an der der Wasserfall ins Meer st\u00fcrzt.<\/li>\n<li><strong>H\u00f6hlenregion:<\/strong> Besichtigung der nat\u00fcrlichen H\u00f6hlen und Felsformationen in der Lara-Bucht.<\/li>\n<li><strong>Badepausen:<\/strong> Angenehme Pausen zur Abk\u00fchlung im kristallklaren Wasser.<\/li>\n<li><strong>Mittagessen:<\/strong> Frisch zubereitetes Mittagessen an Bord w\u00e4hrend der <strong>Belek Antalya Relax Bootstour<\/strong>.<\/li>\n<li><strong>15:00 &#8211; 15:30:<\/strong> R\u00fcckkehr zum Hafen und Transfer zu den Hotels mit komfortablen Fahrzeugen.<\/li>\n<\/ul>\n<h2>Im Preis inbegriffene Leistungen<\/h2>\n<ul>\n<li>&#x2705; Hin- und R\u00fccktransfer von Hotels in der Region Belek<\/li>\n<li>&#x2705; Professionelle und freundliche Reiseleitung<\/li>\n<li>&#x2705; Mittagessen an Bord<\/li>\n<li>&#x2705; Reiseversicherung<\/li>\n<\/ul>\n<h2>Nicht im Preis inbegriffen<\/h2>\n<ul>\n<li>&#x274c; Alle Getr\u00e4nke, die w\u00e4hrend der Tour an Bord gekauft werden<\/li>\n<li>&#x274c; Pers\u00f6nliche Ausgaben und professionelle Fotoaufnahmen<\/li>\n<\/ul>\n<h2>Was Sie mitbringen sollten<\/h2>\n<ul>\n<li>Badeanzug, Bikini und Handtuch.<\/li>\n<li>Sonnenschutz, Sonnenbrille und Hut.<\/li>\n<li>Kamera oder Telefon.<\/li>\n<\/ul>\n<h2>Ein unvergesslicher Tag mit der Belek-Antalya Relax Bootstour<\/h2>\n<p>Dieses Programm, das wir f\u00fcr unsere G\u00e4ste vorbereitet haben, die das Meer und die Sonne in ihrer &#8222;entspanntesten&#8220; Form im Herzen von Antalya genie\u00dfen m\u00f6chten, bietet sowohl eine erholsame als auch eine visuelle Pracht. Im Rahmen der <strong>Belek Antalya Relax Bootstour<\/strong> entfliehen Sie dem Chaos der Stadt und lauschen nur dem Rauschen der Wellen und der Stille der Natur. Es ist die ideale Wahl f\u00fcr unsere G\u00e4ste jeden Alters, die eine ruhige Bootstour suchen.<\/p>\n<h2>Warum sollten Sie Sencap Tour w\u00e4hlen?<\/h2>\n<p>Bei Sencap Tour steht die G\u00e4stezufriedenheit bei unserer Organisation der <strong>Belek Antalya Relax Bootstour<\/strong> immer an erster Stelle. Mit unseren modernen und komfortablen Transferfahrzeugen, unseren erfahrenen Reiseleitern, die die Region gut kennen, und unserem Qualit\u00e4tsverst\u00e4ndnis sind wir hier, um Ihren Urlaub perfekt zu machen. Buchen Sie mit Vertrauen, wir planen jedes Detail f\u00fcr Sie!<\/p>\n","protected":false},"excerpt":{"rendered":"<p>Bereiten Sie sich mit der Belek Antalya Relax Bootstour auf eine friedliche Reise entlang der einzigartigen K\u00fcsten von Antalya vor. Auf dieser Tour werden Sie die faszinierende Kraft der Natur erleben und den Punkt entdecken, an dem der D\u00fcden-Wasserfall ins Meer st\u00fcrzt. Dieser besondere Tag, an dem Sie sich im t\u00fcrkisfarbenen Wasser des Mittelmeers abk\u00fchlen [&#8230;]\n","protected":false},"featured_media":7650,"comment_status":"open","ping_status":"closed","template":"","meta":{"_joinchat":[]},"product_brand":[],"product_cat":[92,93,91],"product_tag":[],"class_list":{"0":"post-7788","1":"product","2":"type-product","3":"status-publish","4":"has-post-thumbnail","6":"product_cat-tagestouren","7":"product_cat-kulturreisen","8":"product_cat-naturreisen","10":"first","11":"instock","12":"sold-individually","13":"shipping-taxable","14":"purchasable","15":"product-type-booking"},"booking_location":"","booking_location_type":"","booking_duration":1,"booking_duration_unit":"day","booking_buffer":0,"booking_cost":0,"booking_resources":[],"_links":{"self":[{"href":"https:\/\/sencaptour.com\/de\/wp-json\/wp\/v2\/product\/7788","targetHints":{"allow":["GET"]}}],"collection":[{"href":"https:\/\/sencaptour.com\/de\/wp-json\/wp\/v2\/product"}],"about":[{"href":"https:\/\/sencaptour.com\/de\/wp-json\/wp\/v2\/types\/product"}],"replies":[{"embeddable":true,"href":"https:\/\/sencaptour.com\/de\/wp-json\/wp\/v2\/comments?post=7788"}],"wp:featuredmedia":[{"embeddable":true,"href":"https:\/\/sencaptour.com\/de\/wp-json\/wp\/v2\/media\/7650"}],"wp:attachment":[{"href":"https:\/\/sencaptour.com\/de\/wp-json\/wp\/v2\/media?parent=7788"}],"wp:term":[{"taxonomy":"product_brand","embeddable":true,"href":"https:\/\/sencaptour.com\/de\/wp-json\/wp\/v2\/product_brand?post=7788"},{"taxonomy":"product_cat","embeddable":true,"href":"https:\/\/sencaptour.com\/de\/wp-json\/wp\/v2\/product_cat?post=7788"},{"taxonomy":"product_tag","embeddable":true,"href":"https:\/\/sencaptour.com\/de\/wp-json\/wp\/v2\/product_tag?post=7788"}],"curies":[{"name":"wp","href":"https:\/\/api.w.org\/{rel}","templated":true}]}}