{"id":7820,"date":"2026-05-10T22:48:33","date_gmt":"2026-05-10T19:48:33","guid":{"rendered":"https:\/\/sencaptour.com\/turlar\/belek-yesil-kanyon-turu\/"},"modified":"2026-05-10T23:18:13","modified_gmt":"2026-05-10T20:18:13","slug":"belek-green-canyon-tour-de","status":"publish","type":"product","link":"https:\/\/sencaptour.com\/de\/touren\/belek-green-canyon-tour-de\/","title":{"rendered":"Green Canyon Tour ab Belek"},"content":{"rendered":"<p>Sind Sie bereit, mit der <strong>Belek Green Canyon Tour<\/strong> einen Tag im Herzen des Taurusgebirges zu verbringen? Dieses Programm bietet eine friedliche Reise im smaragdgr\u00fcnen Wasser des Oymapinar-Staudamms. Im Green Canyon, einem der seltenen Stausee-Canyons der Welt, werden Sie unvergessliche Erinnerungen sammeln, begleitet von Vogelgezwitscher und herrlichen Ausblicken.<\/p>\n<h2>Was Sie auf dieser Tour erwartet<\/h2>\n<p>Bei unserer <strong>Belek Green Canyon Tour<\/strong>, einer der beliebtesten Naturrouten in Antalya, erwarten Sie folgende Erlebnisse:<\/p>\n<ul>\n<li>Gelegenheit, den 17 km langen Grand Canyon und den Little Canyon mit dem Boot zu erkunden.<\/li>\n<li>Badepausen in der K\u00fchle von smaragdgr\u00fcnem und t\u00fcrkisblauem Wasser.<\/li>\n<li>Postkartenreife Ausblicke f\u00fcr Naturfotografie und Vogelbeobachtung.<\/li>\n<li>Eine v\u00f6llig ruhige und friedliche Atmosph\u00e4re fernab vom Trubel der Stadt.<\/li>\n<li>Ein k\u00f6stliches Mittagessen in Kontakt mit der Natur am See.<\/li>\n<\/ul>\n<h2>Belek-Green Canyon Tour Programm<\/h2>\n<ul>\n<li><strong>08:00 &#8211; 09:00:<\/strong> Abholung von den Hotels mit komfortablen Fahrzeugen.<\/li>\n<li><strong>Anreise:<\/strong> Fahrt zum Oymapinar-Staudamm in klimatisierten Bussen.<\/li>\n<li><strong>Beginn der Bootstour:<\/strong> Abfahrt vom Hafen und Tour durch den Grand Canyon.<\/li>\n<li><strong>Badepausen:<\/strong> Freizeit an den saubersten Stellen des Canyons.<\/li>\n<li><strong>Mittagessen:<\/strong> Mittagspause mit lokalen Spezialit\u00e4ten im Restaurant am See.<\/li>\n<li><strong>18:00:<\/strong> R\u00fcckkehr und Transfer zu den Hotels in der Region Belek.<\/li>\n<\/ul>\n<h2>Im Preis inbegriffene Leistungen<\/h2>\n<ul>\n<li>&#x2705; Hin- und R\u00fccktransfer von Hotels in Belek<\/li>\n<li>&#x2705; Professionelle Reiseleitung<\/li>\n<li>&#x2705; Green Canyon Bootstour<\/li>\n<li>&#x2705; Mittagessen im Restaurant<\/li>\n<li>&#x2705; Reiseversicherung<\/li>\n<\/ul>\n","protected":false},"excerpt":{"rendered":"<p>Sind Sie bereit, mit der Belek Green Canyon Tour einen Tag im Herzen des Taurusgebirges zu verbringen? Dieses Programm bietet eine friedliche Reise im smaragdgr\u00fcnen Wasser des Oymapinar-Staudamms. Im Green Canyon, einem der seltenen Stausee-Canyons der Welt, werden Sie unvergessliche Erinnerungen sammeln, begleitet von Vogelgezwitscher und herrlichen Ausblicken. Was Sie auf dieser Tour erwartet Bei [&#8230;]\n","protected":false},"featured_media":7801,"comment_status":"open","ping_status":"closed","template":"","meta":{"_joinchat":[]},"product_brand":[],"product_cat":[92,91],"product_tag":[],"class_list":{"0":"post-7820","1":"product","2":"type-product","3":"status-publish","4":"has-post-thumbnail","6":"product_cat-tagestouren","7":"product_cat-naturreisen","9":"first","10":"instock","11":"virtual","12":"sold-individually","13":"purchasable","14":"product-type-booking"},"booking_location":"","booking_location_type":"","booking_duration":1,"booking_duration_unit":"day","booking_buffer":0,"booking_cost":0,"booking_resources":[],"_links":{"self":[{"href":"https:\/\/sencaptour.com\/de\/wp-json\/wp\/v2\/product\/7820","targetHints":{"allow":["GET"]}}],"collection":[{"href":"https:\/\/sencaptour.com\/de\/wp-json\/wp\/v2\/product"}],"about":[{"href":"https:\/\/sencaptour.com\/de\/wp-json\/wp\/v2\/types\/product"}],"replies":[{"embeddable":true,"href":"https:\/\/sencaptour.com\/de\/wp-json\/wp\/v2\/comments?post=7820"}],"wp:featuredmedia":[{"embeddable":true,"href":"https:\/\/sencaptour.com\/de\/wp-json\/wp\/v2\/media\/7801"}],"wp:attachment":[{"href":"https:\/\/sencaptour.com\/de\/wp-json\/wp\/v2\/media?parent=7820"}],"wp:term":[{"taxonomy":"product_brand","embeddable":true,"href":"https:\/\/sencaptour.com\/de\/wp-json\/wp\/v2\/product_brand?post=7820"},{"taxonomy":"product_cat","embeddable":true,"href":"https:\/\/sencaptour.com\/de\/wp-json\/wp\/v2\/product_cat?post=7820"},{"taxonomy":"product_tag","embeddable":true,"href":"https:\/\/sencaptour.com\/de\/wp-json\/wp\/v2\/product_tag?post=7820"}],"curies":[{"name":"wp","href":"https:\/\/api.w.org\/{rel}","templated":true}]}}