{"id":8006,"date":"2026-05-11T20:58:39","date_gmt":"2026-05-11T17:58:39","guid":{"rendered":"https:\/\/sencaptour.com\/turlar\/belekten-dalis-turu\/"},"modified":"2026-05-11T21:28:07","modified_gmt":"2026-05-11T18:28:07","slug":"tauchtour-ab-belek","status":"publish","type":"product","link":"https:\/\/sencaptour.com\/de\/touren\/tauchtour-ab-belek\/","title":{"rendered":"Tauchtour ab Belek"},"content":{"rendered":"<h2>Tauchtour ab Belek: Entdecken Sie die Unterwasserwelt des Mittelmeers<\/h2>\n<p>Sind Sie bereit f\u00fcr eine Reise in die Tiefen des Blaus mit der <strong>Tauchtour ab Belek<\/strong>? In den klaren Gew\u00e4ssern des Mittelmeers erwartet Sie ein unvergessliches Abenteuer zwischen bunten Fischen und faszinierenden Unterwasserwesen. Mit dieser Tour unter Anleitung professioneller Tauchlehrer k\u00f6nnen Sie die magische Welt unter Wasser kennenlernen, auch wenn Sie noch nie zuvor getaucht sind.<\/p>\n<h2>Was Sie auf dieser Tour erwartet<\/h2>\n<ul>\n<li>2 verschiedene Taucherlebnisse \u00fcber den Tag verteilt mit Profi-Tauchlehrern.<\/li>\n<li>Gelegenheit, die reiche Unterwasserflora und Artenvielfalt des Mittelmeers zu erkunden.<\/li>\n<li>Sonnenbaden auf dem Boot und Schwimmen in kristallklaren Buchten zwischen den Tauchg\u00e4ngen.<\/li>\n<li>Sichere und kontrollierte Atmosph\u00e4re f\u00fcr maximale Freiheit unter Wasser.<\/li>\n<\/ul>\n<h2>Tauchtour ab Belek Programm<\/h2>\n<ul>\n<li><strong>08:00:<\/strong> Abholung von den Hotels in Belek.<\/li>\n<li><strong>Ankunft in der Marina:<\/strong> Einsteigen in das Tauchboot und Kennenlernen der Crew.<\/li>\n<li><strong>Briefing:<\/strong> Ausr\u00fcstungs- und Sicherheitstraining durch Experten.<\/li>\n<li><strong>Erster Tauchgang:<\/strong> Eins-zu-eins Unterwassererkundung (Durchschnittstiefe 7 Meter).<\/li>\n<li><strong>Zweiter Tauchgang:<\/strong> Ein zweiter Besuch der Unterwasserwelt an einem anderen Ort.<\/li>\n<li><strong>16:30:<\/strong> R\u00fcckkehr zum Hafen und Transfer zu den Hotels.<\/li>\n<\/ul>\n<h2>Im Preis inbegriffene Leistungen<\/h2>\n<ul>\n<li>&#x2705; Hin- und R\u00fccktransfer<\/li>\n<li>&#x2705; Professionelle Tauchbegleitung und Anleitung<\/li>\n<li>&#x2705; Komplette Tauchausr\u00fcstung<\/li>\n<li>&#x2705; Mittagessen auf dem Boot<\/li>\n<li>&#x2705; 2 Tauchg\u00e4nge<\/li>\n<li>&#x2705; Reiseversicherung<\/li>\n<\/ul>\n<h2>Nicht im Preis inbegriffen<\/h2>\n<ul>\n<li>&#x274c; Alle Getr\u00e4nke an Bord<\/li>\n<li>&#x274c; Professionelle Unterwasserfotos und -videos<\/li>\n<li>&#x274c; Pers\u00f6nliche Ausgaben<\/li>\n<\/ul>\n<h2>Was Sie mitbringen sollten<\/h2>\n<ul>\n<li>Badekleidung, Handtuch und Sonnencreme<\/li>\n<li>Sonnenbrille und Hut<\/li>\n<li>Ersatzkleidung<\/li>\n<\/ul>\n<h2>Ein unvergesslicher Tag mit der Tauchtour ab Belek<\/h2>\n<p>An diesem besonderen Tag werden Sie eine Erfahrung machen, die Sie Ihr Leben lang nicht vergessen werden. Das Schwimmen mit Fischen im klaren Wasser des Mittelmeers wird Ihnen eine ganz neue Perspektive er\u00f6ffnen.<\/p>\n<h2>Warum sollten Sie Sencap Tour w\u00e4hlen?<\/h2>\n<p>Bei Sencap Tour steht Ihre Sicherheit an erster Stelle. Mit unseren zertifizierten Experten und modernster Ausr\u00fcstung machen wir Ihre Tauchtour sicher und unterhaltsam. Sencap Tour ist Ihr Partner f\u00fcr Unterwasserabenteuer mit Qualit\u00e4tsgarantie!<\/p>\n","protected":false},"excerpt":{"rendered":"<p>Tauchtour ab Belek: Entdecken Sie die Unterwasserwelt des Mittelmeers Sind Sie bereit f\u00fcr eine Reise in die Tiefen des Blaus mit der Tauchtour ab Belek? In den klaren Gew\u00e4ssern des Mittelmeers erwartet Sie ein unvergessliches Abenteuer zwischen bunten Fischen und faszinierenden Unterwasserwesen. Mit dieser Tour unter Anleitung professioneller Tauchlehrer k\u00f6nnen Sie die magische Welt unter [&#8230;]\n","protected":false},"featured_media":1215,"comment_status":"open","ping_status":"closed","template":"","meta":{"_joinchat":[]},"product_brand":[],"product_cat":[91,94],"product_tag":[],"class_list":{"0":"post-8006","1":"product","2":"type-product","3":"status-publish","4":"has-post-thumbnail","6":"product_cat-naturreisen","7":"product_cat-abenteuerreisen","9":"first","10":"instock","11":"virtual","12":"sold-individually","13":"purchasable","14":"product-type-booking"},"booking_location":"","booking_location_type":"","booking_duration":1,"booking_duration_unit":"day","booking_buffer":0,"booking_cost":0,"booking_resources":[],"_links":{"self":[{"href":"https:\/\/sencaptour.com\/de\/wp-json\/wp\/v2\/product\/8006","targetHints":{"allow":["GET"]}}],"collection":[{"href":"https:\/\/sencaptour.com\/de\/wp-json\/wp\/v2\/product"}],"about":[{"href":"https:\/\/sencaptour.com\/de\/wp-json\/wp\/v2\/types\/product"}],"replies":[{"embeddable":true,"href":"https:\/\/sencaptour.com\/de\/wp-json\/wp\/v2\/comments?post=8006"}],"wp:featuredmedia":[{"embeddable":true,"href":"https:\/\/sencaptour.com\/de\/wp-json\/wp\/v2\/media\/1215"}],"wp:attachment":[{"href":"https:\/\/sencaptour.com\/de\/wp-json\/wp\/v2\/media?parent=8006"}],"wp:term":[{"taxonomy":"product_brand","embeddable":true,"href":"https:\/\/sencaptour.com\/de\/wp-json\/wp\/v2\/product_brand?post=8006"},{"taxonomy":"product_cat","embeddable":true,"href":"https:\/\/sencaptour.com\/de\/wp-json\/wp\/v2\/product_cat?post=8006"},{"taxonomy":"product_tag","embeddable":true,"href":"https:\/\/sencaptour.com\/de\/wp-json\/wp\/v2\/product_tag?post=8006"}],"curies":[{"name":"wp","href":"https:\/\/api.w.org\/{rel}","templated":true}]}}