{"id":8336,"date":"2026-05-14T23:34:50","date_gmt":"2026-05-14T20:34:50","guid":{"rendered":"https:\/\/sencaptour.com\/turlar\/belekten-antalya-akvaryum-turu\/"},"modified":"2026-05-14T23:45:48","modified_gmt":"2026-05-14T20:45:48","slug":"antalya-aquarium-tour-ab-belek","status":"publish","type":"product","link":"https:\/\/sencaptour.com\/de\/touren\/antalya-aquarium-tour-ab-belek\/","title":{"rendered":"Antalya Aquarium Tour ab Belek"},"content":{"rendered":"<h2>Antalya Aquarium Tour ab Belek: Eine Reise in die magische Unterwasserwelt<\/h2>\n<p>Die <strong>Antalya Aquarium Tour ab Belek<\/strong> ist ein komfortables Halbtagesprogramm f\u00fcr alle, die die faszinierende Welt unter dem Meer entdecken m\u00f6chten. In einem der gr\u00f6\u00dften Aquarienkomplexe der Welt erleben Sie das Gef\u00fchl, im Herzen des Ozeans zu spazieren.<\/p>\n<h2>Was Sie auf dieser Tour erwartet<\/h2>\n<ul>\n<li>Die Chance, das weltgr\u00f6\u00dfte Tunnel-Aquarium (131 Meter) zu sehen.<\/li>\n<li>Tausende von Meereslebewesen in 40 Themenaquarien kennenzulernen.<\/li>\n<li>Fotos mit Prominenten im Face2Face Wachsfigurenkabinett zu machen.<\/li>\n<li>Ein Bildungs- und Spa\u00dfumfeld f\u00fcr Kinder.<\/li>\n<\/ul>\n<h2>Antalya Aquarium Tour ab Belek Programm<\/h2>\n<ul>\n<li><strong>10:30:<\/strong> Abholung von den Belek-Hotels mit komfortablen Fahrzeugen.<\/li>\n<li><strong>Freizeit:<\/strong> Erkundung des Tunnelaquariums, der Themenbereiche und des Wachsfigurenkabinetts.<\/li>\n<li><strong>14:30:<\/strong> R\u00fccktransfer zu den Hotels.<\/li>\n<\/ul>\n<h2>Im Preis inbegriffene Leistungen<\/h2>\n<ul>\n<li>&#x2705; Hin- und R\u00fccktransfer ab Belek<\/li>\n<li>&#x2705; Eintrittskarte f\u00fcr das Aquarium<\/li>\n<li>&#x2705; Eintrittskarte f\u00fcr das Wachsfigurenkabinett<\/li>\n<li>&#x2705; Professionelle Reiseleitung<\/li>\n<li>&#x2705; Reiseversicherung<\/li>\n<\/ul>\n<h2>Nicht im Preis inbegriffen<\/h2>\n<ul>\n<li>&#x274c; Mittagessen und Getr\u00e4nke<\/li>\n<li>&#x274c; Eing\u00e4nge zu Snow World und WildPark<\/li>\n<\/ul>\n<h2>Ein unvergesslicher Tag mit der Antalya Aquarium Tour ab Belek<\/h2>\n<p>W\u00e4hrend Sie durch den 131 Meter langen Tunnel spazieren, in dem Tausende von Fischen um Sie herumgleiten, werden Sie sich wie im Herzen des Ozeans f\u00fchlen. Dieses visuelle Fest wird zu einer der besondersten Erinnerungen an Ihren Urlaub werden.<\/p>\n<h2>Warum Sencap Tour w\u00e4hlen?<\/h2>\n<p>Als Sencap Tour setzen wir die Kundenzufriedenheit immer an erste Stelle. Wir garantieren Ihnen einen reibungslosen Ablauf ohne Warteschlangen an den Kassen.<\/p>\n","protected":false},"excerpt":{"rendered":"<p>Antalya Aquarium Tour ab Belek: Eine Reise in die magische Unterwasserwelt Die Antalya Aquarium Tour ab Belek ist ein komfortables Halbtagesprogramm f\u00fcr alle, die die faszinierende Welt unter dem Meer entdecken m\u00f6chten. In einem der gr\u00f6\u00dften Aquarienkomplexe der Welt erleben Sie das Gef\u00fchl, im Herzen des Ozeans zu spazieren. Was Sie auf dieser Tour erwartet [&#8230;]\n","protected":false},"featured_media":8302,"comment_status":"open","ping_status":"closed","template":"","meta":{"_joinchat":[]},"product_brand":[],"product_cat":[94,92],"product_tag":[],"class_list":{"0":"post-8336","1":"product","2":"type-product","3":"status-publish","4":"has-post-thumbnail","6":"product_cat-abenteuerreisen","7":"product_cat-tagestouren","9":"first","10":"instock","11":"virtual","12":"sold-individually","13":"purchasable","14":"product-type-booking"},"booking_location":"","booking_location_type":"","booking_duration":1,"booking_duration_unit":"day","booking_buffer":0,"booking_cost":0,"booking_resources":[],"_links":{"self":[{"href":"https:\/\/sencaptour.com\/de\/wp-json\/wp\/v2\/product\/8336","targetHints":{"allow":["GET"]}}],"collection":[{"href":"https:\/\/sencaptour.com\/de\/wp-json\/wp\/v2\/product"}],"about":[{"href":"https:\/\/sencaptour.com\/de\/wp-json\/wp\/v2\/types\/product"}],"replies":[{"embeddable":true,"href":"https:\/\/sencaptour.com\/de\/wp-json\/wp\/v2\/comments?post=8336"}],"wp:featuredmedia":[{"embeddable":true,"href":"https:\/\/sencaptour.com\/de\/wp-json\/wp\/v2\/media\/8302"}],"wp:attachment":[{"href":"https:\/\/sencaptour.com\/de\/wp-json\/wp\/v2\/media?parent=8336"}],"wp:term":[{"taxonomy":"product_brand","embeddable":true,"href":"https:\/\/sencaptour.com\/de\/wp-json\/wp\/v2\/product_brand?post=8336"},{"taxonomy":"product_cat","embeddable":true,"href":"https:\/\/sencaptour.com\/de\/wp-json\/wp\/v2\/product_cat?post=8336"},{"taxonomy":"product_tag","embeddable":true,"href":"https:\/\/sencaptour.com\/de\/wp-json\/wp\/v2\/product_tag?post=8336"}],"curies":[{"name":"wp","href":"https:\/\/api.w.org\/{rel}","templated":true}]}}