{"id":5102,"date":"2023-05-25T14:41:08","date_gmt":"2023-05-25T11:41:08","guid":{"rendered":"https:\/\/sencaptour.com\/o-nas\/"},"modified":"2025-06-20T13:47:16","modified_gmt":"2025-06-20T10:47:16","slug":"o-nas","status":"publish","type":"page","link":"https:\/\/sencaptour.com\/pl\/o-nas\/","title":{"rendered":"O nas"},"content":{"rendered":"\n\n\t<section class=\"section\" id=\"section_793181789\">\n\t\t<div class=\"section-bg fill\" >\n\t\t\t\t\t\t\t\t\t\n\t\t\t\n\n\t\t<\/div>\n\n\t\t\n\n\t\t<div class=\"section-content relative\">\n\t\t\t\n\n\t<div id=\"gap-634184582\" class=\"gap-element clearfix\" style=\"display:block; height:auto;\">\n\t\t\n<style>\n#gap-634184582 {\n  padding-top: 30px;\n}\n<\/style>\n\t<\/div>\n\t\n\n<div class=\"row align-middle align-center\"  id=\"row-84445244\">\n\n\n\t<div id=\"col-1437645286\" class=\"col medium-12 small-12 large-7\"  >\n\t\t\t\t<div class=\"col-inner\"  >\n\t\t\t\n\t\t\t\n\n<div class=\"row\"  id=\"row-8513278\">\n\n\n\t<div id=\"col-1033642210\" class=\"col medium-6 small-12 large-7\"  >\n\t\t\t\t<div class=\"col-inner\"  >\n\t\t\t\n\t\t\t\n\n\n  <div class=\"banner has-hover\" id=\"banner-2004884553\">\n          <div class=\"banner-inner fill\">\n        <div class=\"banner-bg fill\" >\n            <img decoding=\"async\" width=\"1280\" height=\"853\" src=\"https:\/\/sencaptour.com\/wp-content\/uploads\/2023\/06\/Alanya-kapodokya-Turu-26.webp\" class=\"bg attachment-original size-original\" alt=\"\">                                    \n                    <\/div>\n\t\t\n        <div class=\"banner-layers container\">\n            <div class=\"fill banner-link\"><\/div>            \n\n   <div id=\"text-box-1208277184\" class=\"text-box banner-layer x50 md-x50 lg-x50 y50 md-y50 lg-y50 res-text\">\n                                <div class=\"text-box-content text dark\">\n              \n              <div class=\"text-inner text-center\">\n                  \n\n\n              <\/div>\n           <\/div>\n                            \n<style>\n#text-box-1208277184 {\n  width: 60%;\n}\n#text-box-1208277184 .text-box-content {\n  font-size: 100%;\n}\n@media (min-width:550px) {\n  #text-box-1208277184 {\n    width: 60%;\n  }\n}\n<\/style>\n    <\/div>\n \n\n        <\/div>\n      <\/div>\n\n            \n<style>\n#banner-2004884553 {\n  padding-top: 99.99%;\n  background-color: rgba(0, 0, 0, 0);\n}\n#banner-2004884553 .banner-bg img {\n  object-position: 38% 34%;\n}\n@media (min-width:550px) {\n  #banner-2004884553 {\n    padding-top: 150%;\n  }\n}\n@media (min-width:850px) {\n  #banner-2004884553 {\n    padding-top: 117%;\n  }\n}\n<\/style>\n  <\/div>\n\n\n\n\t\t<\/div>\n\t\t\t\t\t<\/div>\n\n\t\n\n\t<div id=\"col-2101115812\" class=\"col medium-6 small-12 large-5\"  >\n\t\t\t\t<div class=\"col-inner\"  >\n\t\t\t\n\t\t\t\n\n\n  <div class=\"banner has-hover\" id=\"banner-1426234656\">\n          <div class=\"banner-inner fill\">\n        <div class=\"banner-bg fill\" >\n            <img decoding=\"async\" width=\"1555\" height=\"972\" src=\"https:\/\/sencaptour.com\/wp-content\/uploads\/2023\/06\/Pamukkale-ve-Salda-Golu-Turu-10.webp\" class=\"bg attachment-original size-original\" alt=\"\">                                    \n                    <\/div>\n\t\t\n        <div class=\"banner-layers container\">\n            <div class=\"fill banner-link\"><\/div>            \n\n   <div id=\"text-box-166616437\" class=\"text-box banner-layer x50 md-x50 lg-x50 y50 md-y50 lg-y50 res-text\">\n                                <div class=\"text-box-content text dark\">\n              \n              <div class=\"text-inner text-center\">\n                  \n\n\n              <\/div>\n           <\/div>\n                            \n<style>\n#text-box-166616437 {\n  width: 60%;\n}\n#text-box-166616437 .text-box-content {\n  font-size: 100%;\n}\n@media (min-width:550px) {\n  #text-box-166616437 {\n    width: 60%;\n  }\n}\n<\/style>\n    <\/div>\n \n\n        <\/div>\n      <\/div>\n\n            \n<style>\n#banner-1426234656 {\n  padding-top: 60%;\n  background-color: rgba(0, 0, 0, 0);\n}\n#banner-1426234656 .banner-bg img {\n  object-position: 25% 49%;\n}\n@media (min-width:550px) {\n  #banner-1426234656 {\n    padding-top: 76%;\n  }\n}\n@media (min-width:850px) {\n  #banner-1426234656 {\n    padding-top: 109%;\n  }\n}\n<\/style>\n  <\/div>\n\n\n\n\t\t<\/div>\n\t\t\t\t\t<\/div>\n\n\t\n\n<\/div>\n<div class=\"row align-right\"  id=\"row-759979015\">\n\n\n\t<div id=\"col-1724351228\" class=\"col medium-7 small-12 large-7\"  >\n\t\t\t\t<div class=\"col-inner\"  >\n\t\t\t\n\t\t\t\n\n\n  <div class=\"banner has-hover\" id=\"banner-584942884\">\n          <div class=\"banner-inner fill\">\n        <div class=\"banner-bg fill\" >\n            <img decoding=\"async\" width=\"1600\" height=\"1018\" src=\"https:\/\/sencaptour.com\/wp-content\/uploads\/2023\/05\/Alanya-Tekne-Turu-5.webp\" class=\"bg attachment-original size-original\" alt=\"\">                                    \n                    <\/div>\n\t\t\n        <div class=\"banner-layers container\">\n            <div class=\"fill banner-link\"><\/div>            \n\n   <div id=\"text-box-601137070\" class=\"text-box banner-layer x50 md-x50 lg-x50 y50 md-y50 lg-y50 res-text\">\n                                <div class=\"text-box-content text dark\">\n              \n              <div class=\"text-inner text-center\">\n                  \n\n\n              <\/div>\n           <\/div>\n                            \n<style>\n#text-box-601137070 {\n  width: 60%;\n}\n#text-box-601137070 .text-box-content {\n  font-size: 100%;\n}\n@media (min-width:550px) {\n  #text-box-601137070 {\n    width: 60%;\n  }\n}\n<\/style>\n    <\/div>\n \n\n        <\/div>\n      <\/div>\n\n            \n<style>\n#banner-584942884 {\n  padding-top: 60%;\n  background-color: rgba(0, 0, 0, 0);\n}\n@media (min-width:550px) {\n  #banner-584942884 {\n    padding-top: 67%;\n  }\n}\n<\/style>\n  <\/div>\n\n\n\n\t\t<\/div>\n\t\t\t\t\n<style>\n#col-1724351228 > .col-inner {\n  margin: 0 0px 0px 0px;\n}\n@media (min-width:550px) {\n  #col-1724351228 > .col-inner {\n    margin: -290px 0px 0px 0px;\n  }\n}\n@media (min-width:850px) {\n  #col-1724351228 > .col-inner {\n    margin: -165px 0px 0px 0px;\n  }\n}\n<\/style>\n\t<\/div>\n\n\t\n\n<\/div>\n\n\t\t<\/div>\n\t\t\t\t\t<\/div>\n\n\t\n\n\t<div id=\"col-126647956\" class=\"col medium-12 small-12 large-5 medium-col-first\"  >\n\t\t\t\t<div class=\"col-inner\"  >\n\t\t\t\n\t\t\t\n\n\t<div id=\"text-1649514626\" class=\"text\">\n\t\t\n\n<h1>O nas<\/h1>\n\n\t\t\n<style>\n#text-1649514626 {\n  font-size: 1.3rem;\n}\n<\/style>\n\t<\/div>\n\t\n<p>Sencap Tour to profesjonalna agencja turystyczna, kt\u00f3ra dokonuje rezerwacji online oraz w biurze na terenie Alanyi i okolic. Nasz numer licencji: 15491 <\/p>\n<p>Wszystkie nasze wycieczki s\u0105 ubezpieczone i towarzysz\u0105 im przewodnicy m\u00f3wi\u0105cy po angielsku, niemiecku i rosyjsku.<\/p>\n<p>Jeste\u015bmy na wyci\u0105gni\u0119cie r\u0119ki.<\/p>\n<p>Dzi\u0119ki naszej stronie internetowej, informacji o rezerwacjach i us\u0142ugom doradczym, mo\u017cemy odpowiada\u0107 na Twoje potrzeby na skal\u0119 globaln\u0105, zar\u00f3wno przez e-mail, jak i telefon. Jeste\u015bmy zawsze online i zach\u0119camy do zadawania wszelkich pyta\u0144. <\/p>\n<p>\u017byczymy mi\u0142ych wakacji w Alanyi.<\/p>\n\n\t\t<\/div>\n\t\t\t\t\n<style>\n#col-126647956 > .col-inner {\n  padding: 0px 0 0px 0px;\n}\n@media (min-width:550px) {\n  #col-126647956 > .col-inner {\n    padding: 0px 10% 0px 0px;\n  }\n}\n@media (min-width:850px) {\n  #col-126647956 > .col-inner {\n    padding: 0px 0px 0px 15%;\n  }\n}\n<\/style>\n\t<\/div>\n\n\t\n\n<\/div>\n\n\t\t<\/div>\n\n\t\t\n<style>\n#section_793181789 {\n  padding-top: 30px;\n  padding-bottom: 30px;\n}\n<\/style>\n\t<\/section>\n\t\n","protected":false},"excerpt":{"rendered":"","protected":false},"author":910,"featured_media":5103,"parent":0,"menu_order":0,"comment_status":"closed","ping_status":"closed","template":"page-blank.php","meta":{"_joinchat":[],"footnotes":""},"class_list":["post-5102","page","type-page","status-publish","has-post-thumbnail","hentry"],"_links":{"self":[{"href":"https:\/\/sencaptour.com\/pl\/wp-json\/wp\/v2\/pages\/5102","targetHints":{"allow":["GET"]}}],"collection":[{"href":"https:\/\/sencaptour.com\/pl\/wp-json\/wp\/v2\/pages"}],"about":[{"href":"https:\/\/sencaptour.com\/pl\/wp-json\/wp\/v2\/types\/page"}],"author":[{"embeddable":true,"href":"https:\/\/sencaptour.com\/pl\/wp-json\/wp\/v2\/users\/910"}],"replies":[{"embeddable":true,"href":"https:\/\/sencaptour.com\/pl\/wp-json\/wp\/v2\/comments?post=5102"}],"version-history":[{"count":1,"href":"https:\/\/sencaptour.com\/pl\/wp-json\/wp\/v2\/pages\/5102\/revisions"}],"predecessor-version":[{"id":5104,"href":"https:\/\/sencaptour.com\/pl\/wp-json\/wp\/v2\/pages\/5102\/revisions\/5104"}],"wp:featuredmedia":[{"embeddable":true,"href":"https:\/\/sencaptour.com\/pl\/wp-json\/wp\/v2\/media\/5103"}],"wp:attachment":[{"href":"https:\/\/sencaptour.com\/pl\/wp-json\/wp\/v2\/media?parent=5102"}],"curies":[{"name":"wp","href":"https:\/\/api.w.org\/{rel}","templated":true}]}}