{"id":5119,"date":"2023-06-07T13:00:11","date_gmt":"2023-06-07T10:00:11","guid":{"rendered":"https:\/\/sencaptour.com\/polityka-prywatnosci\/"},"modified":"2025-06-20T23:44:53","modified_gmt":"2025-06-20T20:44:53","slug":"polityka-prywatnosci","status":"publish","type":"page","link":"https:\/\/sencaptour.com\/pl\/polityka-prywatnosci\/","title":{"rendered":"Polityka prywatno\u015bci"},"content":{"rendered":"\n<p><strong>Polityka prywatno\u015bci<\/strong><\/p>\n\n<p>SENCAP \u0130RFAN TUR\u0130ZM SEYEHAT ACEN. \u0130N\u015e. EML. \u0130\u015eL. VE T\u0130C. LTD. \u015eT\u0130 (\u201eSp\u00f3\u0142ka\u201d) zasadniczo akceptuje poufno\u015b\u0107 informacji udost\u0119pnianych przez odwiedzaj\u0105cych stron\u0119 internetow\u0105.<br\/>Z tego powodu niniejsza \u201ePolityka prywatno\u015bci\u201d zosta\u0142a utworzona zgodnie z przepisami prawa, w celu poinformowania Pa\u0144stwa o tym, jakie dane osobowe s\u0105 przetwarzane, w jaki spos\u00f3b, z jakimi stronami trzecimi s\u0105 udost\u0119pniane za Pa\u0144stwa zgod\u0105 i jak s\u0105 chronione przez Sp\u00f3\u0142k\u0119.<br\/>Polityka okre\u015bla r\u00f3wnie\u017c, w jaki spos\u00f3b mog\u0105 Pa\u0144stwo sprawdzi\u0107 poprawno\u015b\u0107 tych informacji oraz jak je usun\u0105\u0107, korzystaj\u0105c ze strony internetowej Sp\u00f3\u0142ki, je\u015bli zajdzie taka potrzeba.<br\/>Wszystkie us\u0142ugi \u015bwiadczone przez Sp\u00f3\u0142k\u0119 osobom fizycznym za po\u015brednictwem wszelkich dost\u0119pnych kana\u0142\u00f3w b\u0119d\u0105 dalej okre\u015blane jako \u201eUs\u0142uga\u201d.<\/p>\n\n<p><strong>Administrator danych<\/strong><\/p>\n\n<p>Dane osobowe oznaczaj\u0105 wszelkie informacje dotycz\u0105ce zidentyfikowanej lub mo\u017cliwej do zidentyfikowania osoby fizycznej, takie jak imi\u0119 i nazwisko, pochodzenie, data urodzenia czy numer telefonu.<\/p>\n\n<p>Twoje dane osobowe, jako administrator danych, s\u0105 przetwarzane przez SENCAP \u0130RFAN TUR\u0130ZM SEYEHAT ACEN. \u0130N\u015e. EML. \u0130\u015eL. VE T\u0130C. LTD. \u015eT\u0130 (\u201eSp\u00f3\u0142ka\u201d) w ramach niniejszej Polityki prywatno\u015bci, zgodnie z ustaw\u0105 nr 6698 o ochronie danych osobowych (KVKK), odpowiednimi przepisami prawa oraz decyzjami i wytycznymi w\u0142a\u015bciwych organ\u00f3w.<\/p>\n\n<p>Sp\u00f3\u0142ka szanuje Twoje obawy dotycz\u0105ce ochrony prywatno\u015bci i danych osobowych. W tym kontek\u015bcie Sp\u00f3\u0142ka przetwarza Twoje dane osobowe zgodnie ze wszystkimi obowi\u0105zuj\u0105cymi przepisami prawa dotycz\u0105cymi ochrony danych osobowych, w szczeg\u00f3lno\u015bci ustaw\u0105 KVKK, zapewnia ich bezpieczne przechowywanie oraz podejmuje wszelkie niezb\u0119dne \u015brodki bezpiecze\u0144stwa przeciwko mo\u017cliwemu nielegalnemu dost\u0119powi. <\/p>\n\n<p>Niniejszy tekst Polityki prywatno\u015bci okre\u015bla, jakie kategorie danych osobowych s\u0105 gromadzone przez Sp\u00f3\u0142k\u0119 za po\u015brednictwem poni\u017cej wymienionych kana\u0142\u00f3w, w jakich celach i w ramach jakich proces\u00f3w s\u0105 przetwarzane, oraz do jakich grup odbiorc\u00f3w s\u0105 przekazywane. Zawiera on r\u00f3wnie\u017c informacje o przys\u0142uguj\u0105cych Ci prawach w zakresie ochrony danych osobowych oraz inne informacje, kt\u00f3re Sp\u00f3\u0142ka jako administrator danych ma obowi\u0105zek Ci przekaza\u0107 w ramach obowi\u0105zku informacyjnego.<\/p>\n\n<p><strong>Zakres Polityki Prywatno\u015bci i Gromadzone Dane<\/strong><\/p>\n\n<p>Wykorzystanie i przetwarzanie danych dotycz\u0105cych konkretnej osoby jest mo\u017cliwe wy\u0142\u0105cznie wtedy, gdy osoba ta dobrowolnie wprowadzi dane lub wyra\u017anie wyrazi na to zgod\u0119. Wprowadzenie danych lub wyra\u017cenie zgody w tym zakresie oznacza, \u017ce osoba akceptuje poni\u017csze warunki.<br\/>Podczas odwiedzania strony internetowej niekt\u00f3re informacje s\u0105 przechowywane na serwerach witryny.  <\/p>\n\n<p>Dane te mog\u0105 obejmowa\u0107:<\/p>\n\n<p>&#8211; imi\u0119<\/p>\n\n<p>&#8211; nazwisko<\/p>\n\n<p>&#8211; E-mail<\/p>\n\n<p>Na podstawie tych danych mog\u0105 zosta\u0107 wyci\u0105gni\u0119te pewne wnioski dotycz\u0105ce u\u017cytkownika witryny. Jednak\u017ce dane osobowe mog\u0105 by\u0107 wykorzystywane wy\u0142\u0105cznie w spos\u00f3b anonimowy. W przypadku przekazania tych danych zewn\u0119trznemu dostawcy us\u0142ug, podejmowane s\u0105 niezb\u0119dne dzia\u0142ania w celu zapewnienia ich przekazania zgodnie z obowi\u0105zuj\u0105cymi przepisami prawa dotycz\u0105cymi bezpiecze\u0144stwa danych.  <\/p>\n\n<p>Je\u015bli dane osobowe zosta\u0142y przekazane na Twoje w\u0142asne \u017cyczenie, Sp\u00f3\u0142ka zobowi\u0105zuje si\u0119 do wykorzystywania tych informacji wy\u0142\u0105cznie w ramach ogranicze\u0144 okre\u015blonych przez prawo lub wskazanych w o\u015bwiadczeniu akceptacyjnym u\u017cytkownika, oraz do ich przetwarzania lub przekazywania wy\u0142\u0105cznie w tym zakresie.<\/p>\n\n<p>Zamierzone cele wykorzystania danych osobowych i plik\u00f3w cookie s\u0105 wymienione poni\u017cej:<\/p>\n\n<p>-Personalizacja do\u015bwiadcze\u0144 u\u017cytkownik\u00f3w<\/p>\n\n<p>&#8211; Dost\u0119p do stron internetowych<\/p>\n\n<p>&#8211; Komunikacja z u\u017cytkownikami<\/p>\n\n<p>&#8211; Konkursy<\/p>\n\n<p>&#8211; Reklama i marketing<\/p>\n\n<p>&#8211; Analizy i badania rynku<\/p>\n\n<p>&#8211; Zarz\u0105dzanie stron\u0105 internetow\u0105 i prowadzenie jej rejestr\u00f3w<\/p>\n\n<p>W ramach \u015bwiadczonej us\u0142ugi Sp\u00f3\u0142ka mo\u017ce pozyskiwa\u0107 i przekazywa\u0107 informacje o odbiorcach us\u0142ugi zgodnie z niniejsz\u0105 Polityk\u0105 prywatno\u015bci. Takie przekazywanie informacji odbywa si\u0119 zgodnie z warunkami okre\u015blonymi przez strony trzecie, obowi\u0105zuj\u0105cymi umowami zawartymi z tymi stronami oraz aktualnie obowi\u0105zuj\u0105cymi przepisami prawa.<br\/>Niniejsza Polityka prywatno\u015bci nie odzwierciedla praktyk dotycz\u0105cych prywatno\u015bci stron trzecich, kt\u00f3rym przekazywane s\u0105 dane, i Sp\u00f3\u0142ka nie ponosi odpowiedzialno\u015bci za ich polityki ani praktyki w zakresie prywatno\u015bci.<br\/>Niniejsza Polityka prywatno\u015bci nie obejmuje informacji zbieranych przez aplikacje, kt\u00f3re znajduj\u0105 si\u0119 poza kontrol\u0105 Sp\u00f3\u0142ki, informacji zbieranych przez strony internetowe i platformy stron trzecich, informacji zbieranych przez osoby trzecie poprzez linki znajduj\u0105ce si\u0119 na stronie internetowej Sp\u00f3\u0142ki, ani informacji pochodz\u0105cych z tytu\u0142\u00f3w, kampanii, reklam lub promocji organizowanych przez strony trzecie i sponsorowanych lub wspieranych przez Sp\u00f3\u0142k\u0119.<br\/>Sp\u00f3\u0142ka nie ponosi odpowiedzialno\u015bci za przetwarzanie danych osobowych gromadzonych, przechowywanych i wykorzystywanych przez strony trzecie za po\u015brednictwem ich w\u0142asnych stron internetowych.    <\/p>\n\n<p><strong>Prywatno\u015b\u0107 dzieci<\/strong><\/p>\n\n<p>Nasza strona internetowa nie gromadzi \u015bwiadomie danych dzieci poni\u017cej 18. roku \u017cycia. Je\u015bli masz mniej ni\u017c 18 lat, prosimy, aby\u015b nie udost\u0119pnia\u0142 \u017cadnych danych osobowych za po\u015brednictwem Us\u0142ug.<br\/>W tym zakresie oczekuje si\u0119, \u017ce rodzice lub opiekunowie prawni b\u0119d\u0105 wspiera\u0107 swoje dzieci, edukuj\u0105c je w zakresie nieudost\u0119pniania danych osobowych, zgodnie z postanowieniami niniejszej Polityki prywatno\u015bci.  <\/p>\n\n<p><strong>Wykorzystanie plik\u00f3w cookie<\/strong><\/p>\n\n<p>Sp\u00f3\u0142ka mo\u017ce uzyska\u0107 niekt\u00f3re z wy\u017cej wymienionych danych osobowych za pomoc\u0105 technicznego pliku komunikacyjnego (cookie).<br\/>Wspomniane techniczne pliki komunikacyjne to ma\u0142e pliki tekstowe, kt\u00f3re strona internetowa wysy\u0142a do przegl\u0105darki u\u017cytkownika w celu przechowywania ich w pami\u0119ci g\u0142\u00f3wnej.<br\/>Plik cookie u\u0142atwia korzystanie z Internetu, zapisuj\u0105c informacje o stanie i preferencjach zwi\u0105zanych z dan\u0105 stron\u0105.<br\/>Techniczny plik komunikacyjny pomaga uzyska\u0107 dane statystyczne dotycz\u0105ce liczby u\u017cytkownik\u00f3w odwiedzaj\u0105cych stron\u0119 internetow\u0105, cel\u00f3w wizyt, liczby odwiedzin i czasu sp\u0119dzonego na stronie, a tak\u017ce umo\u017cliwia dynamiczne generowanie tre\u015bci i reklam dostosowanych do u\u017cytkownika.<br\/>Pliki cookie nie s\u0105 zaprojektowane do pobierania danych z pami\u0119ci g\u0142\u00f3wnej ani adres\u00f3w e-mail u\u017cytkownika, ani \u017cadnych innych danych osobowych.<br\/>Wi\u0119kszo\u015b\u0107 przegl\u0105darek jest domy\u015blnie ustawiona na akceptacj\u0119 plik\u00f3w cookie, jednak u\u017cytkownik mo\u017ce zmieni\u0107 te ustawienia tak, aby pliki cookie nie by\u0142y przyjmowane lub aby pojawia\u0142 si\u0119 komunikat ostrzegaj\u0105cy przed ich zapisaniem.<br\/>Sp\u00f3\u0142ka nie ponosi odpowiedzialno\u015bci za jakiekolwiek nieprawid\u0142owe dzia\u0142anie wynikaj\u0105ce ze zmiany tych ustawie\u0144.      <\/p>\n\n<p>Pliki cookie u\u017cywane na stronie internetowej obejmuj\u0105 mi\u0119dzy innymi:<\/p>\n\n<p>&#8211; Nazwy innych stron odwiedzonych podczas korzystania z witryny<\/p>\n\n<p>&#8211; S\u0142owa kluczowe u\u017cyte do znalezienia strony internetowej<\/p>\n\n<p>&#8211; Nazwa dostawcy us\u0142ug internetowych<\/p>\n\n<p>&#8211; Adres IP i\/lub lokalizacja<\/p>\n\n<p>&#8211; System operacyjny komputera, kt\u00f3ry zapewnia dost\u0119p<\/p>\n\n<p><strong>Linki do innych stron internetowych<\/strong><\/p>\n\n<p>Strona internetowa Sp\u00f3\u0142ki mo\u017ce zawiera\u0107 linki\/kierowania do stron internetowych os\u00f3b trzecich, a niniejsza Polityka prywatno\u015bci nie ma zastosowania do tych stron. Sp\u00f3\u0142ka nie ponosi \u017cadnej odpowiedzialno\u015bci za te strony internetowe. <\/p>\n\n<p><strong>Media spo\u0142eczno\u015bciowe<\/strong><\/p>\n\n<p>Linki umieszczone na stronie internetowej Sp\u00f3\u0142ki mog\u0105 by\u0107 zintegrowane z niekt\u00f3rymi sieciami spo\u0142eczno\u015bciowymi, aby ca\u0142o\u015b\u0107 lub cz\u0119\u015b\u0107 tre\u015bci strony mog\u0142a by\u0107 udost\u0119pniana w mediach spo\u0142eczno\u015bciowych.<br\/>Te powi\u0105zane us\u0142ugi dzia\u0142aj\u0105 wy\u0142\u0105cznie za zgod\u0105 u\u017cytkownika, a celem takich link\u00f3w spo\u0142eczno\u015bciowych jest prezentacja tre\u015bci strony i mo\u017cliwo\u015b\u0107 udost\u0119pnienia ich znajomym i rodzinie na \u017c\u0105danie.<br\/>Udost\u0119pnianie danych za po\u015brednictwem tych odno\u015bnik\u00f3w do sieci spo\u0142eczno\u015bciowych podlega politykom prywatno\u015bci deklarowanym na tych platformach. Zaleca si\u0119 zapoznanie si\u0119 z tymi politykami prywatno\u015bci.   <\/p>\n\n<p><strong>Aktualizacja i zmiana informacji<\/strong><\/p>\n\n<p>Sp\u00f3\u0142ka mo\u017ce w ka\u017cdej chwili zmieni\u0107 tre\u015b\u0107 niniejszej Polityki prywatno\u015bci, aby utrzyma\u0107 zasady ochrony danych osobowych na bie\u017c\u0105co oraz dostosowa\u0107 je do obowi\u0105zuj\u0105cych przepis\u00f3w prawnych.<br\/>Zmiany w Polityce prywatno\u015bci s\u0105 og\u0142aszane na stronie internetowej Sp\u00f3\u0142ki. Tre\u015b\u0107 aktualnej polityki mo\u017cna stale \u015bledzi\u0107 pod adresem: www.sencaptour.com.<br\/>Po wprowadzeniu zmian w Polityce prywatno\u015bci zak\u0142ada si\u0119, \u017ce akceptujesz te zmiany, je\u015bli nadal korzystasz z us\u0142ug lub aplikacji Sp\u00f3\u0142ki. Postanowienia Polityki prywatno\u015bci, kt\u00f3re zosta\u0142y zmienione przez Sp\u00f3\u0142k\u0119, obowi\u0105zuj\u0105 od daty ich publikacji na stronie internetowej.    <\/p>\n\n<p><strong>Kategorie przetwarzanych danych osobowych i cele przetwarzania<\/strong><\/p>\n\n<p>Udost\u0119pnione dane osobowe mog\u0105 by\u0107 przetwarzane w celu spe\u0142nienia wymaga\u0144 us\u0142ug \u015bwiadczonych klientom, zgodnie z wymogami umowy i technologii, oraz w celu ulepszania oferowanych produkt\u00f3w i us\u0142ug;<br\/>w sprawach bezpiecze\u0144stwa publicznego i sporach prawnych, na \u017c\u0105danie prokuratury lub zgodnie z przepisami prawa, w celu informowania s\u0105d\u00f3w i odpowiednich organ\u00f3w publicznych;<br\/>a tak\u017ce w celu oferowania szerokiej gamy mo\u017cliwo\u015bci naszym cz\u0142onkom lub dzielenia si\u0119 tymi mo\u017cliwo\u015bciami z osobami i instytucjami, kt\u00f3re mog\u0105 je zaoferowa\u0107 w ramach prawnych. Dane te b\u0119d\u0105 przetwarzane zgodnie z ustaw\u0105 KVKK 6698 oraz odpowiednimi przepisami wykonawczymi, w celu analizy preferencji reklamowych.<\/p>\n\n<p><strong>Okres przechowywania danych<\/strong><\/p>\n\n<p>Dane udost\u0119pniane bezpo\u015brednio na stronie internetowej s\u0105 przechowywane w celu kontynuacji okresu integracji.<\/p>\n\n<p><strong>Jak dane osobowe mog\u0105 by\u0107 przetwarzane<\/strong><\/p>\n\n<p>Zgodnie z ustaw\u0105 nr 6698 o ochronie danych osobowych (KVKK), SENCAP \u0130RFAN TUR\u0130ZM SEYEHAT ACEN. \u0130N\u015e. EML. \u0130\u015eL. VE T\u0130C. LTD. \u015eT\u0130 mo\u017ce przetwarza\u0107 dane osobowe udost\u0119pnione przez u\u017cytkownika poprzez ich pozyskiwanie, rejestrowanie, przechowywanie, modyfikowanie \u2014 w ca\u0142o\u015bci lub w cz\u0119\u015bci \u2014 w spos\u00f3b automatyczny lub nieautomatyczny, pod warunkiem \u017ce stanowi\u0105 cz\u0119\u015b\u0107 systemu rejestracji danych.<br\/>Dane te mog\u0105 by\u0107 przetwarzane przez nas w ramach dowolnego procesu ich reorganizacji. Ka\u017cda operacja wykonana na danych zgodnie z KVKK jest uznawana za \u201eprzetwarzanie danych osobowych\u201d.<strong><br\/>Informacje o osobach trzecich lub organizacjach, kt\u00f3rym dane osobowe mog\u0105 by\u0107 przekazywane<\/strong><\/p>\n\n<p>W odniesieniu do wy\u017cej wymienionych cel\u00f3w, SENCAP \u0130RFAN TUR\u0130ZM SEYEHAT ACEN. \u0130N\u015e. EML. \u0130\u015eL. VE T\u0130C. LTD. \u015eT\u0130 mo\u017ce przekazywa\u0107 dane osobowe nast\u0119puj\u0105cym osobom i organizacjom: g\u0142\u00f3wni udzia\u0142owcy, akcjonariusze, reklamodawcy, bezpo\u015brednie lub po\u015brednie sp\u00f3\u0142ki zale\u017cne krajowe i mi\u0119dzynarodowe;<br\/>w szczeg\u00f3lno\u015bci SENCAP \u0130RFAN TUR\u0130ZM SEYEHAT ACEN. \u0130N\u015e. EML. \u0130\u015eL. VE T\u0130C. LTD. \u015eT\u0130 wsp\u00f3\u0142pracuje ze sp\u00f3\u0142kami stowarzyszonymi, korzystaj\u0105c z ich infrastruktury oraz z osobami i organizacjami zwi\u0105zanymi ze \u015bwiadczon\u0105 us\u0142ug\u0105.<br\/>Nie ogranicza si\u0119 to wy\u0142\u0105cznie do nich \u2014 dane mog\u0105 by\u0107 przekazywane r\u00f3wnie\u017c podmiotom przetwarzaj\u0105cym dane, organizacjom partnerskim, zwyk\u0142ym i nadzwyczajnym organizacjom krajowym, a tak\u017ce innym osobom trzecim i organizacjom.<br\/>Twoje dane mog\u0105 by\u0107 wyj\u0105tkowo udost\u0119pniane instytucjom publicznym w ramach obowi\u0105zk\u00f3w prawnych wynikaj\u0105cych z wi\u0105\u017c\u0105cych wezwa\u0144 s\u0105dowych.<\/p>\n\n<p>Nasze przepisy dotycz\u0105ce wykorzystywania plik\u00f3w cookie do cel\u00f3w reklamowych<br\/>Polityka plik\u00f3w cookie firmy SENCAP \u0130RFAN TUR\u0130ZM SEYEHAT ACEN. \u0130N\u015e. EML. \u0130\u015eL. VE T\u0130C. LTD. \u015eT\u0130 stanowi cz\u0119\u015b\u0107 \u201ePolityki prywatno\u015bci i ochrony danych osobowych\u201d, kt\u00f3r\u0105 aktualnie czytasz. Kliknij tutaj, aby <strong>zapozna\u0107 si\u0119 z nasz\u0105 Polityk\u0105 plik\u00f3w cookie.<\/strong> <\/p>\n\n<p>SENCAP \u0130RFAN TUR\u0130ZM SEYEHAT ACEN. \u0130N\u015e. EML. \u0130\u015eL. VE T\u0130C. LTD. \u015eT\u0130 o\u015bwiadcza, \u017ce na stronie internetowej nie s\u0105 przechowywane \u017cadne dane osobowe sprzed daty wej\u015bcia w \u017cycie ustawy KVKK, tj. przed dniem 07.04.2016 r.<\/p>\n\n<p><strong>Prawa osoby, kt\u00f3rej dane dotycz\u0105<\/strong><\/p>\n\n<p>Osoba, kt\u00f3rej dane dotycz\u0105, ma zawsze prawo do dost\u0119pu do swoich danych. Ponadto, je\u017celi spe\u0142nione s\u0105 odpowiednie warunki, mog\u0105 by\u0107 wykonywane prawa okre\u015blone w artykule 11 ustawy KVKK oraz prawa wskazane poni\u017cej. <\/p>\n\n<ul class=\"wp-block-list\">\n<li>Prawo do sprostowania danych<\/li>\n\n\n\n<li>Prawo do usuni\u0119cia danych<\/li>\n\n\n\n<li>Prawo do ograniczenia przetwarzania<\/li>\n\n\n\n<li>Prawo do z\u0142o\u017cenia skargi do uprawnionego organu nadzorczego ds. ochrony danych osobowych<\/li>\n\n\n\n<li>Prawo do przenoszenia danych<\/li>\n<\/ul>\n\n<p>W przypadku dzia\u0142a\u0144 zwi\u0105zanych z przetwarzaniem danych osobowych, kt\u00f3re s\u0105 prowadzone na podstawie uzasadnionego interesu prawnego Sp\u00f3\u0142ki, osoba, kt\u00f3rej dane dotycz\u0105, ma prawo wnie\u015b\u0107 sprzeciw wobec przetwarzania danych osobowych z powod\u00f3w wynikaj\u0105cych z jej szczeg\u00f3lnej sytuacji.<br\/>Je\u017celi Sp\u00f3\u0142ka nie jest w stanie udowodni\u0107, \u017ce istnieje istotna podstawa nadrz\u0119dna wobec interes\u00f3w, praw i wolno\u015bci osoby, kt\u00f3rej dane dotycz\u0105 \u2014 zwi\u0105zana z przetwarzaniem danych, lub \u017ce przetwarzanie to s\u0142u\u017cy dochodzeniu, wykonywaniu lub obronie roszcze\u0144 prawnych \u2014 Sp\u00f3\u0142ka zaprzestanie przetwarzania danych. <\/p>\n\n<p>Zgoda jest uznawana za udzielon\u0105, je\u015bli zosta\u0142a wyra\u017cona na przetwarzanie danych osobowych.<\/p>\n\n<p>Zgodnie z ustaw\u0105, wszelkie wnioski, skargi i sugestie dotycz\u0105ce Twoich danych osobowych mo\u017cesz przesy\u0142a\u0107 wraz z dokumentem to\u017csamo\u015bci oraz podpisanym wnioskiem:<br\/>na poni\u017cszy adres naszej siedziby,<br\/>lub za pomoc\u0105 bezpiecznego podpisu elektronicznego na adres e-mail: info@sencaptour.com<\/p>\n\n<p>Address<\/p>\n\n<p>G\u00fcller P\u0131nar\u0131, Ahmet Toku\u015f Blv. No:25\/B, 07400 Alanya\/Antalya <\/p>\n","protected":false},"excerpt":{"rendered":"<p>Polityka prywatno\u015bci SENCAP \u0130RFAN TUR\u0130ZM SEYEHAT ACEN. \u0130N\u015e. EML. \u0130\u015eL. VE T\u0130C. LTD. \u015eT\u0130 (\u201eSp\u00f3\u0142ka\u201d) zasadniczo akceptuje poufno\u015b\u0107 informacji udost\u0119pnianych przez odwiedzaj\u0105cych stron\u0119 internetow\u0105.Z tego powodu niniejsza \u201ePolityka prywatno\u015bci\u201d zosta\u0142a utworzona zgodnie z przepisami prawa, w celu poinformowania Pa\u0144stwa o tym, jakie dane osobowe s\u0105 przetwarzane, w jaki spos\u00f3b, z jakimi stronami trzecimi s\u0105 udost\u0119pniane [&#8230;]\n","protected":false},"author":910,"featured_media":0,"parent":0,"menu_order":0,"comment_status":"closed","ping_status":"closed","template":"","meta":{"_joinchat":[],"footnotes":""},"class_list":["post-5119","page","type-page","status-publish","hentry"],"_links":{"self":[{"href":"https:\/\/sencaptour.com\/pl\/wp-json\/wp\/v2\/pages\/5119","targetHints":{"allow":["GET"]}}],"collection":[{"href":"https:\/\/sencaptour.com\/pl\/wp-json\/wp\/v2\/pages"}],"about":[{"href":"https:\/\/sencaptour.com\/pl\/wp-json\/wp\/v2\/types\/page"}],"author":[{"embeddable":true,"href":"https:\/\/sencaptour.com\/pl\/wp-json\/wp\/v2\/users\/910"}],"replies":[{"embeddable":true,"href":"https:\/\/sencaptour.com\/pl\/wp-json\/wp\/v2\/comments?post=5119"}],"version-history":[{"count":1,"href":"https:\/\/sencaptour.com\/pl\/wp-json\/wp\/v2\/pages\/5119\/revisions"}],"predecessor-version":[{"id":5120,"href":"https:\/\/sencaptour.com\/pl\/wp-json\/wp\/v2\/pages\/5119\/revisions\/5120"}],"wp:attachment":[{"href":"https:\/\/sencaptour.com\/pl\/wp-json\/wp\/v2\/media?parent=5119"}],"curies":[{"name":"wp","href":"https:\/\/api.w.org\/{rel}","templated":true}]}}