{"id":5127,"date":"2023-08-18T15:42:30","date_gmt":"2023-08-18T12:42:30","guid":{"rendered":"https:\/\/sencaptour.com\/turlar\/paralotniarstwo-w-alanyi\/"},"modified":"2023-08-18T15:42:30","modified_gmt":"2023-08-18T12:42:30","slug":"paralotniarstwo-w-alanyi","status":"publish","type":"product","link":"https:\/\/sencaptour.com\/pl\/wycieczki\/paralotniarstwo-w-alanyi\/","title":{"rendered":"Paralotniarstwo w Alanyi"},"content":{"rendered":"<h2>Czy jeste\u015b gotowy na dreszczyk emocji zwi\u0105zany z paralotniarstwem w Alanyi?<\/h2>\n<p>Alanya, z osza\u0142amiaj\u0105c\u0105 przyrod\u0105 i zapieraj\u0105cymi dech w piersiach widokami, to nie tylko miejsce wypoczynku, ale tak\u017ce raj dla mi\u0142o\u015bnik\u00f3w przyg\u00f3d. W Sencap Tour oferujemy Ci niezapomniane do\u015bwiadczenie paralotniowe nad tym pi\u0119knym regionem. Niezale\u017cnie od tego, czy masz wcze\u015bniejsze do\u015bwiadczenie w lataniu, mo\u017cesz zaufa\u0107 naszym profesjonalnym i do\u015bwiadczonym pilotom, kt\u00f3rzy bezpiecznie poprowadz\u0105 Ci\u0119 w przestworza.  <\/p>\n<hr>\n<h2>Dlaczego warto wybra\u0107 Sencap Tour na swoj\u0105 przygod\u0119 z paralotniarstwem?<\/h2>\n<p>W Sencap Tour bezpiecze\u0144stwo i zadowolenie klienta s\u0105 naszymi najwy\u017cszymi priorytetami. Z naszymi do\u015bwiadczonymi pilotami mo\u017cesz wybra\u0107 spokojny lot lub pe\u0142n\u0105 adrenaliny przygod\u0119 akrobatyczn\u0105, podziwiaj\u0105c zapieraj\u0105ce dech w piersiach widoki Alanyi. <\/p>\n<p>Unie\u015b si\u0119 nad turkusowymi wodami pla\u017cy Kleopatry i podziwiaj unikalne pi\u0119kno historyczne i przyrodnicze regionu. Wszystko, czego potrzebujesz, to wygodne ubranie, buty sportowe i ch\u0119\u0107 tworzenia niezapomnianych wspomnie\u0144! <\/p>\n<hr>\n<h2>Czas trwania lotu i opcje wysoko\u015bci<\/h2>\n<p>Chcemy zapewni\u0107 Ci niezapomniane prze\u017cycia w ka\u017cdej chwili. Czas trwania naszych lot\u00f3w na paralotni zale\u017cy od Twoich preferencji i warunk\u00f3w pogodowych: <\/p>\n<ul>\n<li><strong>Minimalny czas lotu:<\/strong> 15\u201320 minut<\/li>\n<li><strong>Maksymalny czas lotu:<\/strong> 30 minut<\/li>\n<\/ul>\n<p>Dodatkowo mo\u017cesz spersonalizowa\u0107 sw\u00f3j lot, wybieraj\u0105c spo\u015br\u00f3d r\u00f3\u017cnych opcji wysoko\u015bci. Niezale\u017cnie od tego, czy wolisz bli\u017cszy widok na miasto, czy lot bli\u017cej chmur \u2014 wyb\u00f3r nale\u017cy do Ciebie. <\/p>\n<hr>\n<h2>Godziny wycieczek i rezerwacje<\/h2>\n<p>Nasze wycieczki paralotniowe s\u0105 dost\u0119pne codziennie od 10:00 do 17:00, z wylotami co godzin\u0119. Po dokonaniu rezerwacji nasz zesp\u00f3\u0142 skontaktuje si\u0119 z Tob\u0105, aby ustali\u0107 najbardziej odpowiedni termin. Ten elastyczny harmonogram pozwala efektywnie zaplanowa\u0107 wakacje.  <\/p>\n<hr>\n<h2>Co potrzebujesz na sw\u00f3j lot<\/h2>\n<p>Przygotowanie si\u0119 do tej ekscytuj\u0105cej przygody jest proste. Wystarczy pami\u0119ta\u0107 o nast\u0119puj\u0105cych rzeczach: <\/p>\n<ul>\n<li>Buty sportowe (najlepiej)<\/li>\n<li>Wygodne ubranie<\/li>\n<li>Okulary przeciws\u0142oneczne<\/li>\n<li>Butelka wody<\/li>\n<\/ul>\n<p>Przed lotem nasi piloci zapewni\u0105 kr\u00f3tkie szkolenie i instrukta\u017c, aby\u015b czu\u0142 si\u0119 w pe\u0142ni przygotowany i bezpieczny.<\/p>\n<hr>\n<h2>Wliczone w cen\u0119<\/h2>\n<p>W Sencap Tour dbamy o ka\u017cdy szczeg\u00f3\u0142, aby zapewni\u0107 Ci komfort i satysfakcj\u0119. Poni\u017csze us\u0142ugi s\u0105 zawarte w Twoim pakiecie: <\/p>\n<ul>\n<li>Lot z do\u015bwiadczonymi i profesjonalnymi pilotami<\/li>\n<li>Odbi\u00f3r i dow\u00f3z do hotelu (us\u0142uga transferu)<\/li>\n<li>Ubezpieczenie lotu paralotni\u0105<\/li>\n<li>Wszelki sprz\u0119t bezpiecze\u0144stwa<\/li>\n<li>Instrukta\u017c i szkolenie przed lotem<\/li>\n<\/ul>\n<p>Wszystkie te us\u0142ugi s\u0105 wliczone w cen\u0119 \u2013 bez dodatkowych op\u0142at.<\/p>\n<hr>\n<h2>\u015arodki bezpiecze\u0144stwa<\/h2>\n<p>Bezpiecze\u0144stwo jest najwa\u017cniejsze w sportach ekstremalnych, takich jak paralotniarstwo. W Sencap Tour skrupulatnie zarz\u0105dzamy ka\u017cdym aspektem: <\/p>\n<ol>\n<li><strong>Do\u015bwiadczeni piloci:<\/strong> Ka\u017cdy z naszych pilot\u00f3w ma co najmniej 1000 godzin nalotu i regularnie przechodzi testowe loty kontrolne.<\/li>\n<li><strong>Kontrola sprz\u0119tu: <\/strong>Korzystamy ze sprz\u0119tu renomowanych marek, regularnie sprawdzanego w celu zapewnienia maksymalnego bezpiecze\u0144stwa.<\/li>\n<li><strong>Monitorowanie pogody:<\/strong> Warunki pogodowe s\u0105 sprawdzane co najmniej cztery razy dziennie z r\u00f3\u017cnych \u017ar\u00f3de\u0142. Loty odbywaj\u0105 si\u0119 wy\u0142\u0105cznie w bezpiecznych warunkach pogodowych. <\/li>\n<\/ol>\n<hr>\n<h2>Wymagania dotycz\u0105ce lotu<\/h2>\n<p>Aby wzi\u0105\u0107 udzia\u0142 w naszych lotach paralotniowych, nale\u017cy spe\u0142ni\u0107 okre\u015blone wymagania fizyczne:<\/p>\n<ul>\n<li>Minimalny wiek: <strong>5 lat<\/strong><\/li>\n<li>Limit wagi: <strong>od 15 kg do 100 kg<\/strong><\/li>\n<\/ul>\n<p>Je\u015bli masz schorzenia, takie jak epilepsja, kt\u00f3re mog\u0105 wp\u0142ywa\u0107 na bezpiecze\u0144stwo lotu, skontaktuj si\u0119 z nami przed dokonaniem rezerwacji. Pomo\u017ce nam to zapewni\u0107 Twoje bezpiecze\u0144stwo przez ca\u0142y czas. <\/p>\n<hr>\n<h2>Co oferuje ta wycieczka<\/h2>\n<p>Udzia\u0142 w wycieczce paralotniowej z Sencap Tour to co\u015b wi\u0119cej ni\u017c przygoda \u2013 to jedyne w swoim rodzaju prze\u017cycie. Oto, co czyni t\u0119 wycieczk\u0119 wyj\u0105tkow\u0105: <\/p>\n<ol>\n<li><strong>Szczyt adrenaliny: <\/strong>Poczuj maksymalne emocje zwi\u0105zane z lotem setki metr\u00f3w nad ziemi\u0105.<\/li>\n<li><strong>Niezr\u00f3wnane widoki:<\/strong> Podziwiaj zapieraj\u0105ce dech w piersiach widoki z lotu ptaka na Alany\u0119, pla\u017c\u0119 Kleopatry i jej zabytki.<\/li>\n<li><strong>Profesjonalne i bezpieczne loty: <\/strong>Lataj bez obaw z naszymi do\u015bwiadczonymi pilotami i najwy\u017cszym poziomem bezpiecze\u0144stwa.<\/li>\n<li><strong>Wspomnienia na ca\u0142e \u017cycie:<\/strong> Stw\u00f3rz niezapomniane chwile, kt\u00f3re b\u0119dziesz wspomina\u0107 przez lata.<\/li>\n<li><strong>Rzu\u0107 sobie wyzwanie:<\/strong> Sprawd\u017a swoj\u0105 odwag\u0119 w tym ekstremalnym sporcie.<\/li>\n<\/ol>\n<hr>\n<h2>Dlaczego warto wybra\u0107 Sencap Tour?<\/h2>\n<p>W Sencap Tour d\u0105\u017cymy do tego, aby by\u0107 pierwszym skojarzeniem z paralotniarstwem w Alanyi. Nasz profesjonalny zesp\u00f3\u0142, us\u0142ugi najwy\u017cszej jako\u015bci i podej\u015bcie zorientowane na klienta sprawiaj\u0105, \u017ce nasze wycieczki s\u0105 jedn\u0105 z najcz\u0119\u015bciej wybieranych atrakcji w regionie. <\/p>\n<p>Tw\u00f3j wymarzony lot czeka! Zarezerwuj ju\u017c teraz i odkryj wyj\u0105tkowe pi\u0119kno Alanyi z lotu ptaka. <\/p>\n","protected":false},"excerpt":{"rendered":"<p>Czy jeste\u015b gotowy na dreszczyk emocji zwi\u0105zany z paralotniarstwem w Alanyi? Alanya, z osza\u0142amiaj\u0105c\u0105 przyrod\u0105 i zapieraj\u0105cymi dech w piersiach widokami, to nie tylko miejsce wypoczynku, ale tak\u017ce raj dla mi\u0142o\u015bnik\u00f3w przyg\u00f3d. W Sencap Tour oferujemy Ci niezapomniane do\u015bwiadczenie paralotniowe nad tym pi\u0119knym regionem. Niezale\u017cnie od tego, czy masz wcze\u015bniejsze do\u015bwiadczenie w lataniu, mo\u017cesz zaufa\u0107 [&#8230;]\n","protected":false},"featured_media":5131,"comment_status":"open","ping_status":"closed","template":"","meta":{"_joinchat":[]},"product_brand":[],"product_cat":[119,118,117],"product_tag":[],"class_list":{"0":"post-5127","1":"product","2":"type-product","3":"status-publish","4":"has-post-thumbnail","6":"product_cat-wycieczki-przygodowe","7":"product_cat-wycieczki-jednodniowe","8":"product_cat-wycieczki-przyrodnicze","10":"first","11":"instock","12":"sold-individually","13":"shipping-taxable","14":"purchasable","15":"product-type-booking"},"booking_location":"","booking_location_type":"","booking_duration":1,"booking_duration_unit":"day","booking_buffer":0,"booking_cost":0,"booking_resources":[],"_links":{"self":[{"href":"https:\/\/sencaptour.com\/pl\/wp-json\/wp\/v2\/product\/5127","targetHints":{"allow":["GET"]}}],"collection":[{"href":"https:\/\/sencaptour.com\/pl\/wp-json\/wp\/v2\/product"}],"about":[{"href":"https:\/\/sencaptour.com\/pl\/wp-json\/wp\/v2\/types\/product"}],"replies":[{"embeddable":true,"href":"https:\/\/sencaptour.com\/pl\/wp-json\/wp\/v2\/comments?post=5127"}],"wp:featuredmedia":[{"embeddable":true,"href":"https:\/\/sencaptour.com\/pl\/wp-json\/wp\/v2\/media\/5131"}],"wp:attachment":[{"href":"https:\/\/sencaptour.com\/pl\/wp-json\/wp\/v2\/media?parent=5127"}],"wp:term":[{"taxonomy":"product_brand","embeddable":true,"href":"https:\/\/sencaptour.com\/pl\/wp-json\/wp\/v2\/product_brand?post=5127"},{"taxonomy":"product_cat","embeddable":true,"href":"https:\/\/sencaptour.com\/pl\/wp-json\/wp\/v2\/product_cat?post=5127"},{"taxonomy":"product_tag","embeddable":true,"href":"https:\/\/sencaptour.com\/pl\/wp-json\/wp\/v2\/product_tag?post=5127"}],"curies":[{"name":"wp","href":"https:\/\/api.w.org\/{rel}","templated":true}]}}