{"id":5138,"date":"2023-08-09T11:37:22","date_gmt":"2023-08-09T08:37:22","guid":{"rendered":"https:\/\/sencaptour.com\/turlar\/wawoz-sapadere-alanya\/"},"modified":"2023-08-09T11:37:22","modified_gmt":"2023-08-09T08:37:22","slug":"wawoz-sapadere-alanya","status":"publish","type":"product","link":"https:\/\/sencaptour.com\/pl\/wycieczki\/wawoz-sapadere-alanya\/","title":{"rendered":"W\u0105w\u00f3z Sapadere Alanya"},"content":{"rendered":"<h2>Wycieczka do W\u0105wozu Sapadere: Ukryty raj G\u00f3r Taurus<\/h2>\n<p>W\u0105w\u00f3z Sapadere, po\u0142o\u017cony 41 km na wsch\u00f3d od Alanyi, to cud natury ukryty w bujnej zieleni G\u00f3r Taurus. Z <strong>Sencap Tour<\/strong> mo\u017cesz wyruszy\u0107 w przyjemn\u0105 podr\u00f3\u017c, aby odkry\u0107 ten wyj\u0105tkowy w\u0105w\u00f3z w naszych wygodnych pojazdach CabrioBus. Czeka Ci\u0119 dzie\u0144 pe\u0142en natury i zabawy!  <\/p>\n<p>W\u0105w\u00f3z, wyposa\u017cony w drewniane k\u0142adki, zachwyca odwiedzaj\u0105cych w ka\u017cdym wieku swoim naturalnym pi\u0119knem, hipnotyzuj\u0105cymi wodospadami i orze\u017awiaj\u0105c\u0105 wod\u0105. Nawet latem w\u0105w\u00f3z oferuje ch\u0142odne schronienie, daj\u0105c Ci szans\u0119 na poznanie bogatej flory i fauny G\u00f3r Taurus z bliska. <\/p>\n<hr>\n<h2>Co oferuje ta wycieczka<\/h2>\n<p>Wycieczka do W\u0105wozu <strong>Sapadere<\/strong> to nie tylko odkrywanie pi\u0119kna natury; to obietnica niezapomnianego prze\u017cycia: <\/p>\n<ul>\n<li><strong>P\u0142ywanie w naturalnych wodospadach:<\/strong> Zanurz si\u0119 w orze\u017awiaj\u0105cej, krystalicznie czystej wodzie i poczuj magi\u0119 natury.<\/li>\n<li><strong>Flora i fauna G\u00f3r Taurus:<\/strong> Poznaj z bliska lokaln\u0105 ro\u015blinno\u015b\u0107 i dzik\u0105 przyrod\u0119.<\/li>\n<li><strong>Autentyczne smaki:<\/strong> Delektuj si\u0119 tradycyjn\u0105 kuchni\u0105 tureck\u0105 w wiosce Sapadere.<\/li>\n<li><strong>Zanurz si\u0119 w kulturze tureckiej: <\/strong>Odwied\u017a namiot nomad\u00f3w, aby pozna\u0107 lokaln\u0105 kultur\u0119 i tradycje.<\/li>\n<li><strong>Przygoda i zabawa: <\/strong>Prze\u017cyj dzie\u0144 pe\u0142en adrenaliny dzi\u0119ki imprezom z pian\u0105 i skokom na zabytkowym mo\u015bcie S\u00fcmer.<\/li>\n<\/ul>\n<hr>\n<h2>Plan wycieczki do W\u0105wozu Sapadere<\/h2>\n<p>Nasza wycieczka rozpoczyna si\u0119 codziennie o 9:15 i oferuje program pe\u0142en ekscytuj\u0105cych atrakcji:<\/p>\n<ol>\n<li><strong>Odbi\u00f3r z hotelu: <\/strong>Tw\u00f3j transfer zostanie zorganizowany o 9:15.<\/li>\n<li><strong>Przystanek widokowy Karg\u0131cak: <\/strong>15\u201320 minut przerwy na podziwianie zapieraj\u0105cych dech w piersiach widok\u00f3w.<\/li>\n<li><strong>Odwied\u017a namiot nomad\u00f3w: <\/strong>Wyrusz w podr\u00f3\u017c do korzeni tureckiej kultury i odkryj koczowniczy styl \u017cycia.<\/li>\n<li><strong>Zwiedzanie jaskini C\u00fcceler:<\/strong> Sp\u0119d\u017a 45 minut wolnego czasu na odkrywaniu tej mistycznej jaskini.<\/li>\n<li><strong>Przyjazd do W\u0105wozu Sapadere:<\/strong> Pop\u0142ywaj w orze\u017awiaj\u0105cych wodospadach lub wybierz si\u0119 na spacer po malowniczych drewnianych \u015bcie\u017ckach.<\/li>\n<li><strong>Przerwa na lunch:<\/strong> Delektuj si\u0119 posi\u0142kiem w formie bufetu nad rzek\u0105 w naszej restauracji \u2013 w menu pstr\u0105g, grillowany kurczak i inne pyszne dania.<\/li>\n<li><strong>Impreza z pian\u0105:<\/strong> Umil sobie dzie\u0144 zabawn\u0105 imprez\u0105 z pian\u0105 po lunchu.<\/li>\n<li><strong>Powr\u00f3t do hotelu:<\/strong> Po zako\u0144czeniu wycieczki odwieziemy Ci\u0119 z powrotem do hotelu lub wskazanego adresu.<\/li>\n<\/ol>\n<hr>\n<h2>Co zawiera cena<\/h2>\n<ul>\n<li>Odbi\u00f3r i dow\u00f3z do hotelu<\/li>\n<li>Lunch w formie bufetu<\/li>\n<li>Bilet wst\u0119pu do W\u0105wozu Sapadere<\/li>\n<li>Ubezpieczenie<\/li>\n<\/ul>\n<h2>Czego nie obejmuje cena<\/h2>\n<ul>\n<li>Napoje<\/li>\n<li>Pami\u0105tki<\/li>\n<li>Bilet wst\u0119pu do jaskini C\u00fcceler<\/li>\n<\/ul>\n<hr>\n<h2>Co zabra\u0107 ze sob\u0105<\/h2>\n<ul>\n<li>Str\u00f3j k\u0105pielowy<\/li>\n<li>R\u0119cznik<\/li>\n<li>Zapasowe ubrania<\/li>\n<li>Krem z filtrem przeciws\u0142onecznym<\/li>\n<li>Wygodne buty<\/li>\n<li>Woda<\/li>\n<\/ul>\n<hr>\n<h2>Niezapomniany dzie\u0144 z wycieczk\u0105 do W\u0105wozu Sapadere<\/h2>\n<p>Je\u015bli szukasz dnia sp\u0119dzonego w otoczeniu przyrody, kt\u00f3ry oferuje zar\u00f3wno spok\u00f3j, jak i emocje, wycieczka do<strong> W\u0105wozu Sapadere<\/strong> b\u0119dzie dla Ciebie idealna! Do\u015bwiadcz wodospad\u00f3w, ciesz si\u0119 k\u0105piel\u0105 i prze\u017cyj pe\u0142n\u0105 smaku przygod\u0119 w\u015br\u00f3d unikalnego krajobrazu G\u00f3r Taurus. <\/p>\n<p>Zarezerwuj ju\u017c teraz, aby prze\u017cy\u0107 t\u0119 wyj\u0105tkow\u0105 wycieczk\u0119 i stworzy\u0107 niezapomniane wspomnienia!<\/p>\n<hr>\n<h2>Dlaczego warto wybra\u0107 Sencap Tour?<\/h2>\n<p>W <strong>Sencap Tour<\/strong> wyr\u00f3\u017cniamy si\u0119 wyj\u0105tkowymi us\u0142ugami podczas wycieczki do W\u0105wozu Sapadere: <\/p>\n<ul>\n<li><strong>Profesjonalni przewodnicy:<\/strong> Nasi do\u015bwiadczeni przewodnicy towarzysz\u0105 Ci na ka\u017cdym kroku.<\/li>\n<li><strong>Komfortowy transport:<\/strong> Podr\u00f3\u017cuj bezpiecznie i wygodnie w naszych pojazdach CabrioBus.<\/li>\n<li><strong>Szczeg\u00f3\u0142owy program:<\/strong> Starannie zaplanowany harmonogram zapewnia pe\u0142en dzie\u0144 wra\u017ce\u0144.<\/li>\n<li><strong>Po\u0142\u0105czenie natury i kultury:<\/strong> Odkryj pi\u0119kno natury i bogactwo tureckiej kultury.<\/li>\n<li><strong>Zadowolenie klienta:<\/strong> Twoje bezpiecze\u0144stwo i satysfakcja s\u0105 naszymi najwy\u017cszymi priorytetami.<\/li>\n<\/ul>\n<p>Poznaj naturalne pi\u0119kno <strong>W\u0105wozu Sapadere <\/strong>z profesjonalnymi us\u0142ugami Sencap Tour i poczuj r\u00f3\u017cnic\u0119.<\/p>\n","protected":false},"excerpt":{"rendered":"<p>Wycieczka do W\u0105wozu Sapadere: Ukryty raj G\u00f3r Taurus W\u0105w\u00f3z Sapadere, po\u0142o\u017cony 41 km na wsch\u00f3d od Alanyi, to cud natury ukryty w bujnej zieleni G\u00f3r Taurus. Z Sencap Tour mo\u017cesz wyruszy\u0107 w przyjemn\u0105 podr\u00f3\u017c, aby odkry\u0107 ten wyj\u0105tkowy w\u0105w\u00f3z w naszych wygodnych pojazdach CabrioBus. Czeka Ci\u0119 dzie\u0144 pe\u0142en natury i zabawy! W\u0105w\u00f3z, wyposa\u017cony w drewniane [&#8230;]\n","protected":false},"featured_media":5142,"comment_status":"open","ping_status":"closed","template":"","meta":{"_joinchat":[]},"product_brand":[],"product_cat":[118,119,117],"product_tag":[],"class_list":{"0":"post-5138","1":"product","2":"type-product","3":"status-publish","4":"has-post-thumbnail","6":"product_cat-wycieczki-jednodniowe","7":"product_cat-wycieczki-przygodowe","8":"product_cat-wycieczki-przyrodnicze","10":"first","11":"instock","12":"sold-individually","13":"shipping-taxable","14":"purchasable","15":"product-type-booking"},"booking_location":"","booking_location_type":"","booking_duration":1,"booking_duration_unit":"day","booking_buffer":0,"booking_cost":0,"booking_resources":[],"_links":{"self":[{"href":"https:\/\/sencaptour.com\/pl\/wp-json\/wp\/v2\/product\/5138","targetHints":{"allow":["GET"]}}],"collection":[{"href":"https:\/\/sencaptour.com\/pl\/wp-json\/wp\/v2\/product"}],"about":[{"href":"https:\/\/sencaptour.com\/pl\/wp-json\/wp\/v2\/types\/product"}],"replies":[{"embeddable":true,"href":"https:\/\/sencaptour.com\/pl\/wp-json\/wp\/v2\/comments?post=5138"}],"wp:featuredmedia":[{"embeddable":true,"href":"https:\/\/sencaptour.com\/pl\/wp-json\/wp\/v2\/media\/5142"}],"wp:attachment":[{"href":"https:\/\/sencaptour.com\/pl\/wp-json\/wp\/v2\/media?parent=5138"}],"wp:term":[{"taxonomy":"product_brand","embeddable":true,"href":"https:\/\/sencaptour.com\/pl\/wp-json\/wp\/v2\/product_brand?post=5138"},{"taxonomy":"product_cat","embeddable":true,"href":"https:\/\/sencaptour.com\/pl\/wp-json\/wp\/v2\/product_cat?post=5138"},{"taxonomy":"product_tag","embeddable":true,"href":"https:\/\/sencaptour.com\/pl\/wp-json\/wp\/v2\/product_tag?post=5138"}],"curies":[{"name":"wp","href":"https:\/\/api.w.org\/{rel}","templated":true}]}}