{"id":5253,"date":"2023-06-01T17:50:55","date_gmt":"2023-06-01T14:50:55","guid":{"rendered":"https:\/\/sencaptour.com\/turlar\/wycieczka-do-kekova-demre-i-myra\/"},"modified":"2023-06-01T17:50:55","modified_gmt":"2023-06-01T14:50:55","slug":"wycieczka-do-kekova-demre-i-myra","status":"publish","type":"product","link":"https:\/\/sencaptour.com\/pl\/wycieczki\/wycieczka-do-kekova-demre-i-myra\/","title":{"rendered":"Wycieczka do Kekova, Demre i Myra"},"content":{"rendered":"<h2><span style=\"font-weight: 400;\">Wycieczka do Kekova, Demre i Myra: \u015aladami historii i natury<\/span><\/h2>\n<p><span style=\"font-weight: 400;\">Organizowana przez nas z Alanyi wycieczka do Kekova, Demre i Myra \u0142\u0105czy w sobie wyj\u0105tkow\u0105 harmoni\u0119 historii i natury. Podczas tej podr\u00f3\u017cy odkryjesz fascynuj\u0105ce \u015blady staro\u017cytnej cywilizacji Licyjskiej, zobaczysz zatopione miasto w pobli\u017cu wyspy Kekova i we\u017amiesz udzia\u0142 w niezapomnianej wycieczce \u0142odzi\u0105. <\/span><\/p>\n<p><span style=\"font-weight: 400;\">Zwiedzaj\u0105c historyczne miejsca, takie jak skalne grobowce i teatr staro\u017cytnego miasta Myra oraz Ko\u015bci\u00f3\u0142 \u015awi\u0119tego Miko\u0142aja (Noel Baba), przeniesiesz si\u0119 w przesz\u0142o\u015b\u0107. Dodatkowo, mo\u017cesz cieszy\u0107 si\u0119 k\u0105piel\u0105 w turkusowych wodach Kekova. Czeka na Ciebie pe\u0142en wra\u017ce\u0144 dzie\u0144 z profesjonalnym przewodnikiem Sencap Tour. <\/span><\/p>\n<h2><span style=\"font-weight: 400;\">Co zyskasz dzi\u0119ki tej wycieczce<\/span><\/h2>\n<p><span style=\"font-weight: 400;\">Wycieczka do Kekova, Demre i Myra to nie tylko odkrywanie historycznych i naturalnych pi\u0119kno\u015bci, ale tak\u017ce przyjemne do\u015bwiadczenie.<\/span><\/p>\n<ol>\n<li style=\"font-weight: 400;\" aria-level=\"1\"><b>Historyczna podr\u00f3\u017c:<\/b> <span style=\"font-weight: 400;\">Odwied\u017a zabytkowe miejsca, takie jak staro\u017cytne miasto Myra i Ko\u015bci\u00f3\u0142 \u015awi\u0119tego Miko\u0142aja, by pod\u0105\u017ca\u0107 \u015bladami przesz\u0142o\u015bci.<\/span><\/li>\n<li style=\"font-weight: 400;\" aria-level=\"1\"><b>Niezapomniany rejs \u0142odzi\u0105:<\/b> <span style=\"font-weight: 400;\">Sp\u0119d\u017a 2 godziny na relaksuj\u0105cym rejsie wok\u00f3\u0142 zatopionego miasta i zatok w pobli\u017cu wyspy Kekova.<\/span><\/li>\n<li style=\"font-weight: 400;\" aria-level=\"1\"><b>Zapieraj\u0105ce dech w piersiach widoki:<\/b> <span style=\"font-weight: 400;\">R\u00f3b zdj\u0119cia licyjskim grobowcom skalnym, staro\u017cytnemu teatrowi i malowniczej wyspie Kekova.<\/span><\/li>\n<li style=\"font-weight: 400;\" aria-level=\"1\"><b>Przerwy na p\u0142ywanie: <\/b><span style=\"font-weight: 400;\">Od\u015bwie\u017c si\u0119, k\u0105pi\u0105c si\u0119 w ch\u0142odnych wodach morza podczas wycieczki.<\/span><\/li>\n<li style=\"font-weight: 400;\" aria-level=\"1\"><b>Profesjonalne przewodnictwo:<\/b> <span style=\"font-weight: 400;\">Zdob\u0105d\u017a wiedz\u0119 o historii i przyrodzie z do\u015bwiadczonymi przewodnikami Sencap Tour.<\/span><\/li>\n<\/ol>\n<h2><span style=\"font-weight: 400;\">Program wycieczki do Kekova, Demre i Myra<\/span><\/h2>\n<p><span style=\"font-weight: 400;\">Wycieczka do Kekova, Demre i Myra odbywa si\u0119 w poniedzia\u0142ki, \u015brody i pi\u0105tki. Program tej ca\u0142odniowej wycieczki przedstawia si\u0119 nast\u0119puj\u0105co: <\/span><\/p>\n<ul>\n<li style=\"font-weight: 400;\" aria-level=\"1\"><b>Rano: <\/b><span style=\"font-weight: 400;\">Odbi\u00f3r z miejsca zakwaterowania w Alanyi<\/span><\/li>\n<li style=\"font-weight: 400;\" aria-level=\"1\"><b> Przerwa na \u015bniadanie w Antalyi:<\/b> <span style=\"font-weight: 400;\">Przerwa na potrzeby i \u015bniadanie podczas podr\u00f3\u017cy<\/span><\/li>\n<li style=\"font-weight: 400;\" aria-level=\"1\"><b>Staro\u017cytne miasto Myra:<\/b><span style=\"font-weight: 400;\"> Zwiedzanie staro\u017cytnego teatru i wykutych w skale grobowc\u00f3w Likijczyk\u00f3w<\/span><\/li>\n<li style=\"font-weight: 400;\" aria-level=\"1\"><b>Rejs \u0142odzi\u0105 po Kekova: <\/b><span style=\"font-weight: 400;\">2-godzinny rejs wok\u00f3\u0142 wyspy Kekova z przerwami na k\u0105piel<\/span><\/li>\n<li style=\"font-weight: 400;\" aria-level=\"1\"><b>Obiad:<\/b> <span style=\"font-weight: 400;\">Przerwa na obiad w Myrze<\/span><\/li>\n<li style=\"font-weight: 400;\" aria-level=\"1\"><b>Ko\u015bci\u00f3\u0142 \u015bw. Miko\u0142aja:<\/b><span style=\"font-weight: 400;\"> Zwiedzanie historycznego ko\u015bcio\u0142a \u015bw. Miko\u0142aja znanego jako \u015awi\u0119ty Miko\u0142aj<\/span><\/li>\n<li style=\"font-weight: 400;\" aria-level=\"1\"><b>Powr\u00f3t:<\/b> <span style=\"font-weight: 400;\">Przerwa na potrzeby w Antalyi i powr\u00f3t do Alanyi<\/span><\/li>\n<\/ul>\n<h2><span style=\"font-weight: 400;\">W cenie wycieczki zawarte s\u0105<\/span><\/h2>\n<ul>\n<li style=\"font-weight: 400;\" aria-level=\"1\"><span style=\"font-weight: 400;\">Ubezpieczenie<\/span><\/li>\n<li style=\"font-weight: 400;\" aria-level=\"1\"><span style=\"font-weight: 400;\">Odbi\u00f3r i dow\u00f3z z hotelu<\/span><\/li>\n<li style=\"font-weight: 400;\" aria-level=\"1\"><span style=\"font-weight: 400;\">Przewodnik wycieczki<\/span><\/li>\n<li style=\"font-weight: 400;\" aria-level=\"1\"><span style=\"font-weight: 400;\">Obiad<\/span><\/li>\n<li style=\"font-weight: 400;\" aria-level=\"1\"><span style=\"font-weight: 400;\">2-godzinny rejs wok\u00f3\u0142 wyspy Kekova<\/span><\/li>\n<\/ul>\n<h2><span style=\"font-weight: 400;\">Nie zawiera w cenie<\/span><\/h2>\n<ul>\n<li style=\"font-weight: 400;\" aria-level=\"1\"><span style=\"font-weight: 400;\">Op\u0142aty za wst\u0119p do muze\u00f3w<\/span><\/li>\n<li style=\"font-weight: 400;\" aria-level=\"1\"><span style=\"font-weight: 400;\">Napoje<\/span><\/li>\n<\/ul>\n<h2><span style=\"font-weight: 400;\">Co nale\u017cy zabra\u0107 ze sob\u0105<\/span><\/h2>\n<ul>\n<li style=\"font-weight: 400;\" aria-level=\"1\"><span style=\"font-weight: 400;\">Czapka<\/span><\/li>\n<li style=\"font-weight: 400;\" aria-level=\"1\"><span style=\"font-weight: 400;\">Krem przeciws\u0142oneczny<\/span><\/li>\n<li style=\"font-weight: 400;\" aria-level=\"1\"><span style=\"font-weight: 400;\">Okulary<\/span><\/li>\n<li style=\"font-weight: 400;\" aria-level=\"1\"><span style=\"font-weight: 400;\">Str\u00f3j k\u0105pielowy<\/span><\/li>\n<li style=\"font-weight: 400;\" aria-level=\"1\"><span style=\"font-weight: 400;\">R\u0119cznik<\/span><\/li>\n<li style=\"font-weight: 400;\" aria-level=\"1\"><span style=\"font-weight: 400;\">Aparat fotograficzny<\/span><\/li>\n<\/ul>\n<h2><span style=\"font-weight: 400;\">Niezapomniany dzie\u0144 z wycieczk\u0105 Kekova Demre Myra<\/span><\/h2>\n<p><span style=\"font-weight: 400;\">Je\u015bli chcesz sp\u0119dzi\u0107 dzie\u0144 pe\u0142en przyg\u00f3d, historii i relaksu w otoczeniu natury, wycieczka Kekova Demre Myra jest w\u0142a\u015bnie dla Ciebie! Podczas zwiedzania zatopionego miasta odkryjesz \u015blady historii i b\u0119dziesz cieszy\u0107 si\u0119 k\u0105piel\u0105 w turkusowych wodach Kekova. <\/span><\/p>\n<p><span style=\"font-weight: 400;\">Dzi\u0119ki profesjonalnemu przewodnictwu i komfortowej obs\u0142udze Sencap Tour, ta wycieczka to doskona\u0142a okazja do stworzenia niezapomnianych wspomnie\u0144. Zarezerwuj ju\u017c teraz i rozpocznij t\u0119 wyj\u0105tkow\u0105 przygod\u0119!  <\/span><\/p>\n<h2><span style=\"font-weight: 400;\">Dlaczego warto wybra\u0107 Sencap Tour?<\/span><\/h2>\n<p><span style=\"font-weight: 400;\">W Sencap Tour oferujemy wyj\u0105tkowe do\u015bwiadczenie dzi\u0119ki naszym wyr\u00f3\u017cniaj\u0105cym si\u0119 us\u0142ugom podczas wycieczki Kekova Demre Myra:<\/span><\/p>\n<ul>\n<li style=\"font-weight: 400;\" aria-level=\"1\"><b>Profesjonalne przewodnictwo:<\/b> <span style=\"font-weight: 400;\">Ciesz si\u0119 pi\u0119knem natury i historii z naszymi do\u015bwiadczonymi przewodnikami.<\/span><\/li>\n<li style=\"font-weight: 400;\" aria-level=\"1\"><b>Komfortowy transport:<\/b> <span style=\"font-weight: 400;\">Bezpieczna i wygodna podr\u00f3\u017c z Alanyi do Kekova.<\/span><\/li>\n<li style=\"font-weight: 400;\" aria-level=\"1\"><b>Bogaty program:<\/b> <span style=\"font-weight: 400;\">Kompleksowa wycieczka pe\u0142na atrakcji na ka\u017cdy moment.<\/span><\/li>\n<li style=\"font-weight: 400;\" aria-level=\"1\"><b>Natura i historia w jednym: <\/b><span style=\"font-weight: 400;\">Dotknij historii w miejscach takich jak zatopione miasto, grobowce skalne i staro\u017cytny teatr.<\/span><\/li>\n<li style=\"font-weight: 400;\" aria-level=\"1\"><b>Satysfakcja klienta: <\/b><span style=\"font-weight: 400;\">Twoje bezpiecze\u0144stwo i zadowolenie s\u0105 dla nas priorytetem.<\/span><\/li>\n<\/ul>\n<p><span style=\"font-weight: 400;\">Odkryj z Sencap Tour magiczne pi\u0119kno Kekova Demre Myra. Zarezerwuj teraz i rozpocznij niezapomnian\u0105 podr\u00f3\u017c!  <\/span><\/p>\n","protected":false},"excerpt":{"rendered":"<p>Wycieczka do Kekova, Demre i Myra: \u015aladami historii i natury Organizowana przez nas z Alanyi wycieczka do Kekova, Demre i Myra \u0142\u0105czy w sobie wyj\u0105tkow\u0105 harmoni\u0119 historii i natury. Podczas tej podr\u00f3\u017cy odkryjesz fascynuj\u0105ce \u015blady staro\u017cytnej cywilizacji Licyjskiej, zobaczysz zatopione miasto w pobli\u017cu wyspy Kekova i we\u017amiesz udzia\u0142 w niezapomnianej wycieczce \u0142odzi\u0105. Zwiedzaj\u0105c historyczne miejsca, [&#8230;]\n","protected":false},"featured_media":5259,"comment_status":"open","ping_status":"closed","template":"","meta":{"_joinchat":[]},"product_brand":[],"product_cat":[118,120,117],"product_tag":[],"class_list":{"0":"post-5253","1":"product","2":"type-product","3":"status-publish","4":"has-post-thumbnail","6":"product_cat-wycieczki-jednodniowe","7":"product_cat-wycieczki-kulturowe","8":"product_cat-wycieczki-przyrodnicze","10":"first","11":"instock","12":"virtual","13":"sold-individually","14":"purchasable","15":"product-type-booking"},"booking_location":"","booking_location_type":"","booking_duration":1,"booking_duration_unit":"day","booking_buffer":0,"booking_cost":0,"booking_resources":[],"_links":{"self":[{"href":"https:\/\/sencaptour.com\/pl\/wp-json\/wp\/v2\/product\/5253","targetHints":{"allow":["GET"]}}],"collection":[{"href":"https:\/\/sencaptour.com\/pl\/wp-json\/wp\/v2\/product"}],"about":[{"href":"https:\/\/sencaptour.com\/pl\/wp-json\/wp\/v2\/types\/product"}],"replies":[{"embeddable":true,"href":"https:\/\/sencaptour.com\/pl\/wp-json\/wp\/v2\/comments?post=5253"}],"wp:featuredmedia":[{"embeddable":true,"href":"https:\/\/sencaptour.com\/pl\/wp-json\/wp\/v2\/media\/5259"}],"wp:attachment":[{"href":"https:\/\/sencaptour.com\/pl\/wp-json\/wp\/v2\/media?parent=5253"}],"wp:term":[{"taxonomy":"product_brand","embeddable":true,"href":"https:\/\/sencaptour.com\/pl\/wp-json\/wp\/v2\/product_brand?post=5253"},{"taxonomy":"product_cat","embeddable":true,"href":"https:\/\/sencaptour.com\/pl\/wp-json\/wp\/v2\/product_cat?post=5253"},{"taxonomy":"product_tag","embeddable":true,"href":"https:\/\/sencaptour.com\/pl\/wp-json\/wp\/v2\/product_tag?post=5253"}],"curies":[{"name":"wp","href":"https:\/\/api.w.org\/{rel}","templated":true}]}}