{"id":5266,"date":"2023-06-01T17:43:35","date_gmt":"2023-06-01T14:43:35","guid":{"rendered":"https:\/\/sencaptour.com\/turlar\/2-dniowa-wycieczka-do-kapadocji\/"},"modified":"2023-06-01T17:43:35","modified_gmt":"2023-06-01T14:43:35","slug":"2-dniowa-wycieczka-do-kapadocji","status":"publish","type":"product","link":"https:\/\/sencaptour.com\/pl\/wycieczki\/2-dniowa-wycieczka-do-kapadocji\/","title":{"rendered":"2-dniowa wycieczka do Kapadocji"},"content":{"rendered":"<h2><span style=\"font-weight: 400;\">2-dniowa wycieczka po Kapadocji<\/span><\/h2>\n<p><span style=\"font-weight: 400;\">Kapadocja, dzi\u0119ki swoim naturalnym pi\u0119knom i historycznej atmosferze, co roku zachwyca miliony turyst\u00f3w. Ten wyj\u0105tkowy region, znany jako &#8222;Kraina Pi\u0119knych Koni&#8221;, oferuje bajkowe kominy, podziemne miasta, muzea na \u015bwie\u017cym powietrzu i doliny, b\u0119d\u0105c jednym z najbardziej fascynuj\u0105cych miejsc w Turcji. <\/span><\/p>\n<p><span style=\"font-weight: 400;\">2-dniowa wycieczka do Kapadocji z Alanyi z Sencap Tour to idealny spos\u00f3b na odkrycie tego regionu, gdzie natura i historia splataj\u0105 si\u0119 ze sob\u0105. Z pomoc\u0105 profesjonalnych przewodnik\u00f3w poznasz legendy Kapadocji, zobaczysz zapieraj\u0105ce dech w piersiach krajobrazy i stworzysz niezapomniane wspomnienia. <\/span><\/p>\n<h2><span style=\"font-weight: 400;\">Co zyskasz dzi\u0119ki tej wycieczce<\/span><\/h2>\n<p><span style=\"font-weight: 400;\">2-dniowa wycieczka do Kapadocji to niezapomniane do\u015bwiadczenie \u0142\u0105cz\u0105ce natur\u0119, histori\u0119 i rozrywk\u0119.<\/span><\/p>\n<ol>\n<li style=\"font-weight: 400;\" aria-level=\"1\"><b>Magia komin\u00f3w wr\u00f3\u017cek:<\/b><span style=\"font-weight: 400;\"> Odkryj z bliska ba\u015bniowe kominy i doliny pe\u0142ne legend.<\/span><\/li>\n<li style=\"font-weight: 400;\" aria-level=\"1\"><b>Historyczna podr\u00f3\u017c:<\/b> <span style=\"font-weight: 400;\">Odwied\u017a podziemne miasta i Muzeum na Wolnym Powietrzu w G\u00f6reme.<\/span><\/li>\n<li style=\"font-weight: 400;\" aria-level=\"1\"><b>Kolorowe widoki z balonu:<\/b> <span style=\"font-weight: 400;\">Podziwiaj bajeczne krajobrazy Kapadocji z balonu o wschodzie s\u0142o\u0144ca (opcjonalnie).<\/span><\/li>\n<li style=\"font-weight: 400;\" aria-level=\"1\"><b>Wydarzenia kulturowe:<\/b> <span style=\"font-weight: 400;\">Poznaj kultur\u0119 Kapadocji podczas \u201eNocy Tureckiej\u201d lub \u201eCeremonii Wiruj\u0105cych Derwiszy\u201d (opcjonalnie).<\/span><\/li>\n<li style=\"font-weight: 400;\" aria-level=\"1\"><b>Smakowita podr\u00f3\u017c: <\/b><span style=\"font-weight: 400;\">Skosztuj lokalnych potraw i odkryj bogactwo tureckiej kuchni.<\/span><\/li>\n<\/ol>\n<h2><span style=\"font-weight: 400;\">2-dniowy Program Wycieczki do Kapadocji<\/span><\/h2>\n<h4><b><span style=\"vertical-align: inherit;\"><span style=\"vertical-align: inherit;\">Dzie\u0144 1<\/span><\/span><\/b><\/h4>\n<ul>\n<li style=\"font-weight: 400;\" aria-level=\"1\"><b>Rano:<\/b> <span style=\"font-weight: 400;\">Odbi\u00f3r z hotelu w Alanyi i przerwa na \u015bniadanie w G\u00f3rach Taurus<\/span><\/li>\n<li style=\"font-weight: 400;\" aria-level=\"1\"><b>Przyjazd do Kapadocji przez Seydi\u015fehir<\/b><\/li>\n<li style=\"font-weight: 400;\" aria-level=\"1\"><b>Zwiedzanie miasta podziemnego:<\/b> <span style=\"font-weight: 400;\">Odkrywanie podziemnego miasta w miejscowo\u015bci SARATLI<\/span><\/li>\n<li style=\"font-weight: 400;\" aria-level=\"1\"><b>Obiad:<\/b> <span style=\"font-weight: 400;\">Przerwa na posi\u0142ek w regionie U\u00e7hisar<\/span><\/li>\n<li style=\"font-weight: 400;\" aria-level=\"1\"><b>Zamek U\u00e7hisar i Muzeum na Otwartym Powietrzu w G\u00f6reme:<\/b> <span style=\"font-weight: 400;\">Odwied\u017a staro\u017cytne osady skalne.<\/span><\/li>\n<li style=\"font-weight: 400;\" aria-level=\"1\"><b>Dolina Go\u0142\u0119bi, Pa\u015fa Ba\u011f\u0131 i Dolina Devrent:<\/b> <span style=\"font-weight: 400;\">Odkryj najbardziej kultowe doliny Kapadocji.<\/span><\/li>\n<li style=\"font-weight: 400;\" aria-level=\"1\"><b>Wizyta w Avanos nad rzek\u0105 K\u0131z\u0131l\u0131rmak i w centrum produkcji lokum<\/b><\/li>\n<li style=\"font-weight: 400;\" aria-level=\"1\"><b>Warsztaty garncarskie:<\/b> <span style=\"font-weight: 400;\">Poznaj tradycyjne rzemios\u0142o Kapadocji.<\/span><\/li>\n<li style=\"font-weight: 400;\" aria-level=\"1\"><b>Wiecz\u00f3r: <\/b><span style=\"font-weight: 400;\">Przyjazd do hotelu i kolacja<\/span><\/li>\n<li style=\"font-weight: 400;\" aria-level=\"1\"><b>Opcjonalne atrakcje:<\/b> <span style=\"font-weight: 400;\">Wiecz\u00f3r Turecki lub Ceremonia Wiruj\u0105cych Derwiszy<\/span><\/li>\n<\/ul>\n<h4><strong><span style=\"vertical-align: inherit;\"><span style=\"vertical-align: inherit;\">Dzie\u0144 2<\/span><\/span><\/strong><\/h4>\n<ul>\n<li style=\"font-weight: 400;\" aria-level=\"1\"><b>Rano:<\/b> <span style=\"font-weight: 400;\">Transfer na lot balonem (opcjonalnie) i wycieczka obserwacyjna balon\u00f3w<\/span><\/li>\n<li style=\"font-weight: 400;\" aria-level=\"1\"><b>Wizyta w Dolinie Mi\u0142o\u015bci i skalnym ko\u015bciele<\/b><\/li>\n<li style=\"font-weight: 400;\" aria-level=\"1\"><b>Wizyta w sklepie z onyksami i sk\u00f3rzan\u0105 odzie\u017c\u0105<\/b><\/li>\n<li style=\"font-weight: 400;\" aria-level=\"1\"><b>Wizyta w karawanseraju<\/b><\/li>\n<li style=\"font-weight: 400;\" aria-level=\"1\"><b>Obiad:<\/b> <span style=\"font-weight: 400;\">Przerwa na posi\u0142ek w Konyi<\/span><\/li>\n<li style=\"font-weight: 400;\" aria-level=\"1\"><b>Wiecz\u00f3r:<\/b> <span style=\"font-weight: 400;\">Przerwa na odpoczynek w G\u00f3rach Taurus i powr\u00f3t do Alanyi<\/span><\/li>\n<\/ul>\n<h2><span style=\"font-weight: 400;\">W cenie wycieczki zawarte s\u0105<\/span><\/h2>\n<ul>\n<li style=\"font-weight: 400;\" aria-level=\"1\"><span style=\"font-weight: 400;\">Wszystkie transfery (w tym odbi\u00f3r i dow\u00f3z z Alanyi)<\/span><\/li>\n<li style=\"font-weight: 400;\" aria-level=\"1\"><span style=\"font-weight: 400;\">Profesjonalny przewodnik turystyczny<\/span><\/li>\n<li style=\"font-weight: 400;\" aria-level=\"1\"><span style=\"font-weight: 400;\">Ubezpieczenie<\/span><\/li>\n<li style=\"font-weight: 400;\" aria-level=\"1\"><span style=\"font-weight: 400;\">1 nocleg<\/span>\n<ol>\n<li style=\"font-weight: 400;\" aria-level=\"2\"><span style=\"font-weight: 400;\">Kolacja w 1. dniu<\/span><\/li>\n<li style=\"font-weight: 400;\" aria-level=\"2\"><span style=\"font-weight: 400;\">\u015aniadanie w 2. dniu<\/span><\/li>\n<\/ol>\n<\/li>\n<\/ul>\n<h2><span style=\"font-weight: 400;\">Nie zawiera w cenie<\/span><\/h2>\n<ul>\n<li style=\"font-weight: 400;\" aria-level=\"1\"><span style=\"font-weight: 400;\">Obiady (2 razy)<\/span><\/li>\n<li style=\"font-weight: 400;\" aria-level=\"1\"><span style=\"font-weight: 400;\">Op\u0142aty za wst\u0119p do muze\u00f3w i stanowisk archeologicznych<\/span><\/li>\n<li style=\"font-weight: 400;\" aria-level=\"1\"><span style=\"font-weight: 400;\">Op\u0142ata za wst\u0119p do Muzeum na Otwartym Powietrzu w G\u00f6reme<\/span><\/li>\n<li style=\"font-weight: 400;\" aria-level=\"1\"><span style=\"font-weight: 400;\">\u015aniadanie w pierwszym dniu<\/span><\/li>\n<li style=\"font-weight: 400;\" aria-level=\"1\"><span style=\"font-weight: 400;\">Napoje<\/span><\/li>\n<li style=\"font-weight: 400;\" aria-level=\"1\"><span style=\"font-weight: 400;\">Atrakcje opcjonalne (lot balonem, Noc Turecka, pokaz wiruj\u0105cych derwiszy)<\/span><\/li>\n<\/ul>\n<h2><span style=\"font-weight: 400;\">Co nale\u017cy zabra\u0107 ze sob\u0105<\/span><\/h2>\n<ul>\n<li style=\"font-weight: 400;\" aria-level=\"1\"><span style=\"font-weight: 400;\">Wygodne ubrania odpowiednie do warunk\u00f3w pogodowych<\/span><\/li>\n<li style=\"font-weight: 400;\" aria-level=\"1\"><span style=\"font-weight: 400;\">Buty do chodzenia<\/span><\/li>\n<li style=\"font-weight: 400;\" aria-level=\"1\"><span style=\"font-weight: 400;\">Kapelusz i okulary przeciws\u0142oneczne<\/span><\/li>\n<li style=\"font-weight: 400;\" aria-level=\"1\"><span style=\"font-weight: 400;\">Krem przeciws\u0142oneczny<\/span><\/li>\n<li style=\"font-weight: 400;\" aria-level=\"1\"><span style=\"font-weight: 400;\">Aparat fotograficzny lub kamera<\/span><\/li>\n<\/ul>\n<h2><span style=\"font-weight: 400;\">Niezapomniana podr\u00f3\u017c z 2-dniow\u0105 wycieczk\u0105 do Kapadocji<\/span><\/h2>\n<p><span style=\"font-weight: 400;\">Czeka na Ciebie podr\u00f3\u017c pe\u0142na magicznych dolin, bajkowych komin\u00f3w i historycznego klimatu Kapadocji. Odkryj spok\u00f3j w\u015br\u00f3d przyrody lub wyrusz w podr\u00f3\u017c \u015bladami historii \u2013 ta wycieczka to niezapomniane prze\u017cycie na ca\u0142e \u017cycie. <\/span><\/p>\n<p><span style=\"font-weight: 400;\">Do\u0142\u0105cz do tej wyj\u0105tkowej przygody z Sencap Tour i odkrywaj nieodkryte pi\u0119kno Kapadocji z naszymi profesjonalnymi przewodnikami. Zarezerwuj teraz i zacznij tworzy\u0107 niezapomniane wspomnienia!  <\/span><\/p>\n<h2><span style=\"font-weight: 400;\">Dlaczego warto wybra\u0107 Sencap Tour?<\/span><\/h2>\n<p><span style=\"font-weight: 400;\">W Sencap Tour oferujemy wyj\u0105tkowe do\u015bwiadczenie podczas naszej wycieczki do Kapadocji:<\/span><\/p>\n<ul>\n<li style=\"font-weight: 400;\" aria-level=\"1\"><b>Komfortowy transport:<\/b> <span style=\"font-weight: 400;\">Wygodny i bezpieczny transfer z Alanyi do Kapadocji<\/span><\/li>\n<li style=\"font-weight: 400;\" aria-level=\"1\"><b>Profesjonalne przewodnictwo:<\/b> <span style=\"font-weight: 400;\">Do\u015bwiadczeni przewodnicy, kt\u00f3rzy pomog\u0105 Ci szczeg\u00f3\u0142owo odkry\u0107 histori\u0119 i natur\u0119 Kapadocji<\/span><\/li>\n<li style=\"font-weight: 400;\" aria-level=\"1\"><b>Bogaty program:<\/b><span style=\"font-weight: 400;\"> Kompleksowa wycieczka, podczas kt\u00f3rej ka\u017cda chwila jest wype\u0142niona atrakcjami<\/span><\/li>\n<li style=\"font-weight: 400;\" aria-level=\"1\"><b>Kultura i rozrywka: <\/b><span style=\"font-weight: 400;\">Niezapomniane chwile podczas takich wydarze\u0144 jak Noc Turecka czy lot balonem<\/span><\/li>\n<li style=\"font-weight: 400;\" aria-level=\"1\"><b>Satysfakcja klienta: <\/b><span style=\"font-weight: 400;\">Twoje bezpiecze\u0144stwo i zadowolenie s\u0105 dla nas priorytetem.<\/span><\/li>\n<\/ul>\n<p><span style=\"font-weight: 400;\">Wybierz Sencap Tour, aby odkry\u0107 wyj\u0105tkowe pi\u0119kno Kapadocji. Zarezerwuj teraz niezapomnian\u0105 podr\u00f3\u017c!  <\/span><\/p>\n","protected":false},"excerpt":{"rendered":"<p>2-dniowa wycieczka po Kapadocji Kapadocja, dzi\u0119ki swoim naturalnym pi\u0119knom i historycznej atmosferze, co roku zachwyca miliony turyst\u00f3w. Ten wyj\u0105tkowy region, znany jako &#8222;Kraina Pi\u0119knych Koni&#8221;, oferuje bajkowe kominy, podziemne miasta, muzea na \u015bwie\u017cym powietrzu i doliny, b\u0119d\u0105c jednym z najbardziej fascynuj\u0105cych miejsc w Turcji. 2-dniowa wycieczka do Kapadocji z Alanyi z Sencap Tour to idealny [&#8230;]\n","protected":false},"featured_media":5271,"comment_status":"open","ping_status":"closed","template":"","meta":{"_joinchat":[]},"product_brand":[],"product_cat":[120,117],"product_tag":[],"class_list":{"0":"post-5266","1":"product","2":"type-product","3":"status-publish","4":"has-post-thumbnail","6":"product_cat-wycieczki-kulturowe","7":"product_cat-wycieczki-przyrodnicze","9":"first","10":"instock","11":"virtual","12":"sold-individually","13":"purchasable","14":"product-type-booking"},"booking_location":"","booking_location_type":"","booking_duration":1,"booking_duration_unit":"day","booking_buffer":0,"booking_cost":0,"booking_resources":[],"_links":{"self":[{"href":"https:\/\/sencaptour.com\/pl\/wp-json\/wp\/v2\/product\/5266","targetHints":{"allow":["GET"]}}],"collection":[{"href":"https:\/\/sencaptour.com\/pl\/wp-json\/wp\/v2\/product"}],"about":[{"href":"https:\/\/sencaptour.com\/pl\/wp-json\/wp\/v2\/types\/product"}],"replies":[{"embeddable":true,"href":"https:\/\/sencaptour.com\/pl\/wp-json\/wp\/v2\/comments?post=5266"}],"wp:featuredmedia":[{"embeddable":true,"href":"https:\/\/sencaptour.com\/pl\/wp-json\/wp\/v2\/media\/5271"}],"wp:attachment":[{"href":"https:\/\/sencaptour.com\/pl\/wp-json\/wp\/v2\/media?parent=5266"}],"wp:term":[{"taxonomy":"product_brand","embeddable":true,"href":"https:\/\/sencaptour.com\/pl\/wp-json\/wp\/v2\/product_brand?post=5266"},{"taxonomy":"product_cat","embeddable":true,"href":"https:\/\/sencaptour.com\/pl\/wp-json\/wp\/v2\/product_cat?post=5266"},{"taxonomy":"product_tag","embeddable":true,"href":"https:\/\/sencaptour.com\/pl\/wp-json\/wp\/v2\/product_tag?post=5266"}],"curies":[{"name":"wp","href":"https:\/\/api.w.org\/{rel}","templated":true}]}}