{"id":5300,"date":"2023-06-01T17:29:29","date_gmt":"2023-06-01T14:29:29","guid":{"rendered":"https:\/\/sencaptour.com\/turlar\/wycieczka-po-zielonym-kanionie-alanyi\/"},"modified":"2023-06-01T17:29:29","modified_gmt":"2023-06-01T14:29:29","slug":"wycieczka-po-zielonym-kanionie-alanyi","status":"publish","type":"product","link":"https:\/\/sencaptour.com\/pl\/wycieczki\/wycieczka-po-zielonym-kanionie-alanyi\/","title":{"rendered":"Wycieczka po Zielonym Kanionie Alanyi"},"content":{"rendered":"<h2><span style=\"font-weight: 400;\">Wycieczka po Zielonym Kanionie: Spokojna podr\u00f3\u017c z natur\u0105<\/span><\/h2>\n<p><span style=\"font-weight: 400;\">Green Canyon Tour, organizowany z Alanyi, to wyj\u0105tkowa wycieczka \u0142odzi\u0105 organizowana na tamie Oymapinar, czwartej co do wysoko\u015bci tamie w Turcji. Po\u0142o\u017cona nad rzek\u0105 Manavgat tama jest jedn\u0105 z ulubionych tras mi\u0142o\u015bnik\u00f3w przyrody ze wzgl\u0119du na jej naturalne pi\u0119kno i spokojn\u0105 atmosfer\u0119. <\/span><\/p>\n<p><span style=\"font-weight: 400;\">Zapora Oymapinar jest jedn\u0105 z nielicznych zap\u00f3r, na kt\u00f3rych w Turcji dozwolone s\u0105 wycieczki \u0142odzi\u0105. Szmaragdowozielone jezioro oczaruje Ci\u0119 otaczaj\u0105cymi je lasami sosnowymi i wyj\u0105tkowymi krajobrazami. Podczas naszej wycieczki \u0142odzi\u0105 o d\u0142ugo\u015bci oko\u0142o 17 km zrobisz przerwy na p\u0142ywanie, spr\u00f3bujesz \u0142owi\u0107 ryby i odkryjesz naturalne pi\u0119kno Zielonego Kanionu.  <\/span><\/p>\n<h2><span style=\"font-weight: 400;\">Co zyskasz dzi\u0119ki tej wycieczce<\/span><\/h2>\n<p><span style=\"font-weight: 400;\">Czeka na Ciebie niezapomniane prze\u017cycie, podczas kt\u00f3rego spok\u00f3j i przyroda \u0142\u0105cz\u0105 si\u0119 z wycieczk\u0105 po Zielonym Kanionie:<\/span><\/p>\n<ol>\n<li style=\"font-weight: 400;\" aria-level=\"1\"><b>Spokojna wycieczka \u0142odzi\u0105: <\/b><span style=\"font-weight: 400;\">Wybierz si\u0119 na spokojn\u0105 i relaksuj\u0105c\u0105 przeja\u017cd\u017ck\u0119 \u0142odzi\u0105 po szmaragdowozielonych wodach.<\/span><\/li>\n<li style=\"font-weight: 400;\" aria-level=\"1\"><b>Pi\u0119kno natury: <\/b><span style=\"font-weight: 400;\">Prze\u017cyj uczt\u0119 wizualn\u0105 rozleg\u0142ych las\u00f3w sosnowych otaczaj\u0105cych to miejsce.<\/span><\/li>\n<li style=\"font-weight: 400;\" aria-level=\"1\"><b>Maty do p\u0142ywania:<\/b> <span style=\"font-weight: 400;\">Zrelaksuj si\u0119, p\u0142ywaj\u0105c w ch\u0142odnych i czystych wodach tamy.<\/span><\/li>\n<li style=\"font-weight: 400;\" aria-level=\"1\"><b>Przyjemno\u015b\u0107 w\u0119dkowania: <\/b><span style=\"font-weight: 400;\">Prze\u017cyj przyjemne chwile, pr\u00f3buj\u0105c \u0142owi\u0107 ryby podczas wycieczki \u0142odzi\u0105.<\/span><\/li>\n<li style=\"font-weight: 400;\" aria-level=\"1\"><b>Pyszny lunch: <\/b><span style=\"font-weight: 400;\">Zjedz lunch w restauracji pe\u0142nej natury, a nie z widokiem na Zielony Kanion.<\/span><\/li>\n<\/ol>\n<h2><span style=\"font-weight: 400;\">Program wycieczek po Zielonym Kanionie<\/span><\/h2>\n<p><span style=\"font-weight: 400;\">Green Canyon Tour to codzienne wydarzenie zaplanowane w nast\u0119puj\u0105cy spos\u00f3b:<\/span><\/p>\n<ul>\n<li style=\"font-weight: 400;\" aria-level=\"1\"><b>Rano:<\/b> <span style=\"font-weight: 400;\">Odbi\u00f3r z hotelu w Alanya<\/span><\/li>\n<li style=\"font-weight: 400;\" aria-level=\"1\"><b>Przyjazd do zapory Oymapinar: <\/b><span style=\"font-weight: 400;\">Pocz\u0105tek rejsu statkiem po czwartej co do wysoko\u015bci zaporze w Turcji<\/span><\/li>\n<li style=\"font-weight: 400;\" aria-level=\"1\"><b>Wycieczka \u0142odzi\u0105:<\/b> <span style=\"font-weight: 400;\">podr\u00f3\u017c o d\u0142ugo\u015bci 17 km; przerwy na p\u0142ywanie i w\u0119dkarstwo<\/span><\/li>\n<li style=\"font-weight: 400;\" aria-level=\"1\"><b>Lunch:<\/b> <span style=\"font-weight: 400;\">Lunch przy wyj\u0105tkowym widoku tamy<\/span><\/li>\n<li style=\"font-weight: 400;\" aria-level=\"1\"><b>Czas wolny: <\/b><span style=\"font-weight: 400;\">robienie zdj\u0119\u0107, p\u0142ywanie lub odpoczynek<\/span><\/li>\n<li style=\"font-weight: 400;\" aria-level=\"1\"><b>Po po\u0142udniu:<\/b> <span style=\"font-weight: 400;\">Powr\u00f3t do hotelu w Alanyi<\/span><\/li>\n<\/ul>\n<h2><span style=\"font-weight: 400;\">W cenie wycieczki zawarte s\u0105<\/span><\/h2>\n<ul>\n<li style=\"font-weight: 400;\" aria-level=\"1\"><span style=\"font-weight: 400;\">Us\u0142uga transferu z Alanyi<\/span><\/li>\n<li style=\"font-weight: 400;\" aria-level=\"1\"><span style=\"font-weight: 400;\">Wycieczka \u0142odzi\u0105 po zaporze Oymapinar<\/span><\/li>\n<li style=\"font-weight: 400;\" aria-level=\"1\"><span style=\"font-weight: 400;\">Profesjonalny przewodnik turystyczny<\/span><\/li>\n<li style=\"font-weight: 400;\" aria-level=\"1\"><span style=\"font-weight: 400;\">Obiad<\/span><\/li>\n<li style=\"font-weight: 400;\" aria-level=\"1\"><span style=\"font-weight: 400;\">Napoje bezalkoholowe<\/span><\/li>\n<\/ul>\n<h2><span style=\"font-weight: 400;\">Nie zawiera w cenie<\/span><\/h2>\n<ul>\n<li style=\"font-weight: 400;\" aria-level=\"1\"><span style=\"font-weight: 400;\">Us\u0142ugi fotograficzne<\/span><\/li>\n<\/ul>\n<h2><span style=\"font-weight: 400;\">Co nale\u017cy zabra\u0107 ze sob\u0105<\/span><\/h2>\n<ul>\n<li style=\"font-weight: 400;\" aria-level=\"1\"><span style=\"font-weight: 400;\">Woda<\/span><\/li>\n<li style=\"font-weight: 400;\" aria-level=\"1\"><span style=\"font-weight: 400;\">Kapcie<\/span><\/li>\n<li style=\"font-weight: 400;\" aria-level=\"1\"><span style=\"font-weight: 400;\">Czapka<\/span><\/li>\n<li style=\"font-weight: 400;\" aria-level=\"1\"><span style=\"font-weight: 400;\">Krem przeciws\u0142oneczny<\/span><\/li>\n<li style=\"font-weight: 400;\" aria-level=\"1\"><span style=\"font-weight: 400;\">Str\u00f3j k\u0105pielowy<\/span><\/li>\n<li style=\"font-weight: 400;\" aria-level=\"1\"><span style=\"font-weight: 400;\">Okulary przeciws\u0142oneczne<\/span><\/li>\n<li style=\"font-weight: 400;\" aria-level=\"1\"><span style=\"font-weight: 400;\">R\u0119cznik<\/span><\/li>\n<li style=\"font-weight: 400;\" aria-level=\"1\"><span style=\"font-weight: 400;\">Aparat fotograficzny<\/span><\/li>\n<li style=\"font-weight: 400;\" aria-level=\"1\"><span style=\"font-weight: 400;\">Przeno\u015bna \u0142adowarka<\/span><\/li>\n<\/ul>\n<h2><span style=\"font-weight: 400;\">Niezapomniany dzie\u0144 z wycieczk\u0105 po Zielonym Kanionie<\/span><\/h2>\n<p><span style=\"font-weight: 400;\">Je\u015bli chcesz zosta\u0107 sam na sam z natur\u0105 w spokojnej atmosferze i odby\u0107 niezapomnian\u0105 wycieczk\u0119 \u0142odzi\u0105 po szmaragdowozielonym jeziorze, Green Canyon Tour jest dla Ciebie! Ta wycieczka, wype\u0142niona przerwami na p\u0142ywanie, naturalnym pi\u0119knem i pysznym lunchem, to aktywno\u015b\u0107, kt\u00f3rej zdecydowanie powinni do\u015bwiadczy\u0107 wszyscy mi\u0142o\u015bnicy przyrody. <\/span><\/p>\n<p><span style=\"font-weight: 400;\">Odkryj Zielony Kanion dzi\u0119ki profesjonalnemu przewodnictwu i niezawodnej obs\u0142udze Sencap Tour. Sp\u0119d\u017a spokojny dzie\u0144 rezerwuj\u0105c ju\u017c teraz!  <\/span><\/p>\n<h2><span style=\"font-weight: 400;\">Dlaczego warto wybra\u0107 Sencap Tour?<\/span><\/h2>\n<p><span style=\"font-weight: 400;\">Jako Sencap Tour oferujemy us\u0142ugi, kt\u00f3re robi\u0105 r\u00f3\u017cnic\u0119 w Green Canyon Tour:<\/span><\/p>\n<ul>\n<li style=\"font-weight: 400;\" aria-level=\"1\"><b>Profesjonalne doradztwo:<\/b> <span style=\"font-weight: 400;\">Nasi do\u015bwiadczeni przewodnicy pomog\u0105 Ci odkry\u0107 to, co najlepsze w Zielonym Kanionie.<\/span><\/li>\n<li style=\"font-weight: 400;\" aria-level=\"1\"><b>Komfortowe transfery:<\/b><span style=\"font-weight: 400;\"> Zapewnia wygodny i bezpieczny transport z Alanyi do tamy Oymapinar.<\/span><\/li>\n<li style=\"font-weight: 400;\" aria-level=\"1\"><b>Program Nested with Nature:<\/b> <span style=\"font-weight: 400;\">P\u0142ywanie w czaruj\u0105cej atmosferze natury oferuje dzie\u0144 pe\u0142en odpoczynku i spokoju.<\/span><\/li>\n<li style=\"font-weight: 400;\" aria-level=\"1\"><b>Pyszny lunch:<\/b> <span style=\"font-weight: 400;\">Z widokiem na zapor\u0119 b\u0119dziesz mia\u0142 przyjemne wra\u017cenia z lunchu.<\/span><\/li>\n<li style=\"font-weight: 400;\" aria-level=\"1\"><b>Satysfakcja Klienta:<\/b><span style=\"font-weight: 400;\"> Twoje bezpiecze\u0144stwo i satysfakcja s\u0105 dla nas zawsze priorytetem.<\/span><\/li>\n<\/ul>\n<p><span style=\"font-weight: 400;\">Wybierz wycieczk\u0119 Sencap Tour, aby pozna\u0107 wyj\u0105tkow\u0105 przyrod\u0119 Zielonego Kanionu i jego spokojn\u0105 atmosfer\u0119. Zarezerwuj ju\u017c teraz i prze\u017cyj niezapomniany dzie\u0144!  <\/span><\/p>\n","protected":false},"excerpt":{"rendered":"<p>Wycieczka po Zielonym Kanionie: Spokojna podr\u00f3\u017c z natur\u0105 Green Canyon Tour, organizowany z Alanyi, to wyj\u0105tkowa wycieczka \u0142odzi\u0105 organizowana na tamie Oymapinar, czwartej co do wysoko\u015bci tamie w Turcji. Po\u0142o\u017cona nad rzek\u0105 Manavgat tama jest jedn\u0105 z ulubionych tras mi\u0142o\u015bnik\u00f3w przyrody ze wzgl\u0119du na jej naturalne pi\u0119kno i spokojn\u0105 atmosfer\u0119. Zapora Oymapinar jest jedn\u0105 z [&#8230;]\n","protected":false},"featured_media":5305,"comment_status":"open","ping_status":"closed","template":"","meta":{"_joinchat":[]},"product_brand":[],"product_cat":[118,119,117],"product_tag":[],"class_list":{"0":"post-5300","1":"product","2":"type-product","3":"status-publish","4":"has-post-thumbnail","6":"product_cat-wycieczki-jednodniowe","7":"product_cat-wycieczki-przygodowe","8":"product_cat-wycieczki-przyrodnicze","10":"first","11":"instock","12":"virtual","13":"sold-individually","14":"purchasable","15":"product-type-booking"},"booking_location":"","booking_location_type":"","booking_duration":1,"booking_duration_unit":"day","booking_buffer":0,"booking_cost":0,"booking_resources":[],"_links":{"self":[{"href":"https:\/\/sencaptour.com\/pl\/wp-json\/wp\/v2\/product\/5300","targetHints":{"allow":["GET"]}}],"collection":[{"href":"https:\/\/sencaptour.com\/pl\/wp-json\/wp\/v2\/product"}],"about":[{"href":"https:\/\/sencaptour.com\/pl\/wp-json\/wp\/v2\/types\/product"}],"replies":[{"embeddable":true,"href":"https:\/\/sencaptour.com\/pl\/wp-json\/wp\/v2\/comments?post=5300"}],"wp:featuredmedia":[{"embeddable":true,"href":"https:\/\/sencaptour.com\/pl\/wp-json\/wp\/v2\/media\/5305"}],"wp:attachment":[{"href":"https:\/\/sencaptour.com\/pl\/wp-json\/wp\/v2\/media?parent=5300"}],"wp:term":[{"taxonomy":"product_brand","embeddable":true,"href":"https:\/\/sencaptour.com\/pl\/wp-json\/wp\/v2\/product_brand?post=5300"},{"taxonomy":"product_cat","embeddable":true,"href":"https:\/\/sencaptour.com\/pl\/wp-json\/wp\/v2\/product_cat?post=5300"},{"taxonomy":"product_tag","embeddable":true,"href":"https:\/\/sencaptour.com\/pl\/wp-json\/wp\/v2\/product_tag?post=5300"}],"curies":[{"name":"wp","href":"https:\/\/api.w.org\/{rel}","templated":true}]}}