{"id":5322,"date":"2023-06-01T17:26:51","date_gmt":"2023-06-01T14:26:51","guid":{"rendered":"https:\/\/sencaptour.com\/turlar\/wycieczka-wedkarska-po-alanyi\/"},"modified":"2023-06-01T17:26:51","modified_gmt":"2023-06-01T14:26:51","slug":"wycieczka-wedkarska-po-alanyi","status":"publish","type":"product","link":"https:\/\/sencaptour.com\/pl\/wycieczki\/wycieczka-wedkarska-po-alanyi\/","title":{"rendered":"Wycieczka w\u0119dkarska po Alanyi"},"content":{"rendered":"<h2><span style=\"font-weight: 400;\">Wycieczka w\u0119dkarska po Alanyi: Ciesz si\u0119 Morzem \u015ar\u00f3dziemnym<\/span><\/h2>\n<p><span style=\"font-weight: 400;\">Zorganizowana przez nas wycieczka w\u0119dkarska w Alanyi pozwoli Ci sp\u0119dzi\u0107 przyjemny dzie\u0144 \u0142owi\u0105c ryby w ciep\u0142ych wodach Morza \u015ar\u00f3dziemnego. Nie ma znaczenia, czy jeste\u015b w\u0119dkarzem amatorem czy profesjonalist\u0105; podczas tej wycieczki, w kt\u00f3rej mo\u017ce wzi\u0105\u0107 udzia\u0142 ka\u017cdy, mo\u017cesz wybra\u0107 si\u0119 na s\u0142o\u0144ce i zrelaksowa\u0107 si\u0119 w spokojnej atmosferze Morza \u015ar\u00f3dziemnego, a tak\u017ce \u0142owi\u0107 ryby. <\/span><\/p>\n<p><span style=\"font-weight: 400;\">Podczas tej wycieczki, podczas kt\u00f3rej zaczniesz od zobaczenia kultowych punkt\u00f3w Alanyi, takich jak Czerwona Wie\u017ca, Zamek Alanyi, Pla\u017ca Kleopatry i Pla\u017ca Ula, b\u0119dziesz mia\u0142 przyjemno\u015b\u0107 \u0142owi\u0107 ryby, udaj\u0105c si\u0119 na otwarte morze po odwiedzeniu pirat\u00f3w, kochank\u00f3w i jaski\u0144 fosforowych. Mo\u017cesz uczyni\u0107 sw\u00f3j dzie\u0144 jeszcze bardziej wyj\u0105tkowym dzi\u0119ki pysznemu lunchowi przygotowanemu na \u0142odzi. <\/span><\/p>\n<h2><span style=\"font-weight: 400;\">Co zyskasz dzi\u0119ki tej wycieczce<\/span><\/h2>\n<p><span style=\"font-weight: 400;\">Dzi\u0119ki wycieczce w\u0119dkarskiej po Alanyi b\u0119dziesz mie\u0107 zabawny dzie\u0144, odkrywaj\u0105c fascynuj\u0105ce pi\u0119kno Morza \u015ar\u00f3dziemnego:<\/span><\/p>\n<ol>\n<li style=\"font-weight: 400;\" aria-level=\"1\"><b>Przyjemno\u015b\u0107 w\u0119dkowania:<\/b> <span style=\"font-weight: 400;\">odpowiednie do\u015bwiadczenie w\u0119dkarskie dla ka\u017cdego, niezale\u017cnie od tego, czy jeste\u015b amatorem, czy profesjonalist\u0105.<\/span><\/li>\n<li style=\"font-weight: 400;\" aria-level=\"1\"><b>Spektakularne widoki:<\/b> <span style=\"font-weight: 400;\">Odkryj z \u0142odzi kultowe punkty Alanyi i jaskinie morskie.<\/span><\/li>\n<li style=\"font-weight: 400;\" aria-level=\"1\"><b>Relaksuj\u0105ce maszty do p\u0142ywania:<\/b><span style=\"font-weight: 400;\"> och\u0142od\u017a si\u0119, p\u0142ywaj\u0105c w czystych wodach Morza \u015ar\u00f3dziemnego.<\/span><\/li>\n<li style=\"font-weight: 400;\" aria-level=\"1\"><b>Pyszne do\u015bwiadczenie kulinarne:<\/b> <span style=\"font-weight: 400;\">Prze\u017cyj chwil\u0119 pe\u0142n\u0105 smaku z rybami przygotowanymi z Twoich gospodarstw lub lunchem przygotowanym na \u0142odzi.<\/span><\/li>\n<li style=\"font-weight: 400;\" aria-level=\"1\"><b>Us\u0142uga specjalna:<\/b> <span style=\"font-weight: 400;\">us\u0142uga VIP obejmuj\u0105ca kapitana i wyposa\u017cenie naszej 6-osobowej prywatnej \u0142odzi.<\/span><\/li>\n<\/ol>\n<h2><span style=\"font-weight: 400;\">Program wycieczek w\u0119dkarskich po Alanyi<\/span><\/h2>\n<p><span style=\"font-weight: 400;\">Wycieczka w\u0119dkarska jest zaplanowana tak, aby\u015b m\u00f3g\u0142 odkry\u0107 naturalne pi\u0119kno Morza \u015ar\u00f3dziemnego i sp\u0119dzi\u0107 spokojny dzie\u0144:<\/span><\/p>\n<ul>\n<li style=\"font-weight: 400;\" aria-level=\"1\"><b>Rano: <\/b><span style=\"font-weight: 400;\">Odbi\u00f3r z adresu, pod kt\u00f3rym przebywasz w Alanyi<\/span><\/li>\n<li style=\"font-weight: 400;\" aria-level=\"1\"><b>Wizyta w porcie:<\/b> <span style=\"font-weight: 400;\">Przej\u015bcie na \u0142\u00f3d\u017a ryback\u0105 i dystrybucja sprz\u0119tu<\/span><\/li>\n<li style=\"font-weight: 400;\" aria-level=\"1\"><b>W\u0119dkarstwo:<\/b> <span style=\"font-weight: 400;\">Przygotuj sprz\u0119t w\u0119dkarski na otwartym morzu i rozpocznij w\u0119dkowanie<\/span><\/li>\n<li style=\"font-weight: 400;\" aria-level=\"1\"><b>Przerwy na p\u0142ywanie:<\/b> <span style=\"font-weight: 400;\">Mo\u017cliwo\u015b\u0107 och\u0142odzenia si\u0119 w czystych wodach Morza \u015ar\u00f3dziemnego<\/span><\/li>\n<li style=\"font-weight: 400;\" aria-level=\"1\"><b>Obiad:<\/b> <span style=\"font-weight: 400;\">Pyszny lunch i napoje przygotowane na \u0142odzi<\/span><\/li>\n<li style=\"font-weight: 400;\" aria-level=\"1\"><b>Widok na Alany\u0119:<\/b> <span style=\"font-weight: 400;\">Czerwona Wie\u017ca, Zamek Alanya, jaskinie morskie i pla\u017ce<\/span><\/li>\n<li style=\"font-weight: 400;\" aria-level=\"1\"><b>Popo\u0142udnie:<\/b> <span style=\"font-weight: 400;\">Powr\u00f3t do portu Alanya i wyjazd pod adres, pod kt\u00f3rym si\u0119 zatrzymujesz<\/span><\/li>\n<\/ul>\n<h2><span style=\"font-weight: 400;\">W cenie wycieczki zawarte s\u0105<\/span><\/h2>\n<ul>\n<li style=\"font-weight: 400;\" aria-level=\"1\"><span style=\"font-weight: 400;\">Odbi\u00f3r i wyjazd z adresu, pod kt\u00f3rym si\u0119 zatrzyma\u0142e\u015b<\/span><\/li>\n<li style=\"font-weight: 400;\" aria-level=\"1\"><span style=\"font-weight: 400;\">Poradnictwo kapitana i zawodowego rybaka<\/span><\/li>\n<li style=\"font-weight: 400;\" aria-level=\"1\"><span style=\"font-weight: 400;\">Sprz\u0119t w\u0119dkarski (wsch\u00f3d itp)<\/span><\/li>\n<li style=\"font-weight: 400;\" aria-level=\"1\"><span style=\"font-weight: 400;\">Obiad<\/span><\/li>\n<li style=\"font-weight: 400;\" aria-level=\"1\"><span style=\"font-weight: 400;\">Nap\u00f3j bezalkoholowy (woda, cola, fanta itp)<\/span><\/li>\n<\/ul>\n<h2><span style=\"font-weight: 400;\">Nie zawiera w cenie<\/span><\/h2>\n<ul>\n<li style=\"font-weight: 400;\" aria-level=\"1\"><span style=\"font-weight: 400;\">Napoje alkoholowe<\/span><\/li>\n<\/ul>\n<h2><span style=\"font-weight: 400;\">Co nale\u017cy zabra\u0107 ze sob\u0105<\/span><\/h2>\n<ul>\n<li style=\"font-weight: 400;\" aria-level=\"1\"><span style=\"font-weight: 400;\">Krem przeciws\u0142oneczny<\/span><\/li>\n<li style=\"font-weight: 400;\" aria-level=\"1\"><span style=\"font-weight: 400;\">Kapelusz i okulary przeciws\u0142oneczne<\/span><\/li>\n<li style=\"font-weight: 400;\" aria-level=\"1\"><span style=\"font-weight: 400;\">Stroje k\u0105pielowe i r\u0119czniki<\/span><\/li>\n<li style=\"font-weight: 400;\" aria-level=\"1\"><span style=\"font-weight: 400;\">Snorkel (do opcjonalnego p\u0142ywania)<\/span><\/li>\n<li style=\"font-weight: 400;\" aria-level=\"1\"><span style=\"font-weight: 400;\">Aparat lub telefon<\/span><\/li>\n<li style=\"font-weight: 400;\" aria-level=\"1\"><span style=\"font-weight: 400;\">Przeno\u015bna \u0142adowarka<\/span><\/li>\n<\/ul>\n<h2><span style=\"font-weight: 400;\">Niezapomniany dzie\u0144 z wycieczk\u0105 w\u0119dkarsk\u0105 Alanya<\/span><\/h2>\n<p><span style=\"font-weight: 400;\">Je\u015bli chcesz \u0142owi\u0107 ryby, p\u0142ywa\u0107 i odkrywa\u0107 pi\u0119kno Morza \u015ar\u00f3dziemnego w spokojnej atmosferze morza, Alanya Fishing Tour jest dla Ciebie! Mo\u017cesz uczyni\u0107 ten dzie\u0144 bardziej wyj\u0105tkowym, jedz\u0105c pyszny posi\u0142ek z tego, co zachowasz na urodziny, lub mo\u017cesz \u0142owi\u0107 ryby na otwartym morzu. <\/span><\/p>\n<p><span style=\"font-weight: 400;\">Dzi\u0119ki profesjonalnej obs\u0142udze Sencap Tour sp\u0119dzisz zar\u00f3wno zabawny, jak i relaksuj\u0105cy dzie\u0144, gromadz\u0105c niezapomniane wspomnienia w ciep\u0142ych wodach Morza \u015ar\u00f3dziemnego. Mo\u017cesz do\u0142\u0105czy\u0107 do tej specjalnej wycieczki, rezerwuj\u0105c ju\u017c teraz!  <\/span><\/p>\n<h2><span style=\"font-weight: 400;\">Dlaczego warto wybra\u0107 Sencap Tour?<\/span><\/h2>\n<p><span style=\"font-weight: 400;\">Jako Sencap Tour oferujemy us\u0142ug\u0119, kt\u00f3ra robi r\u00f3\u017cnic\u0119 w Fishing Tour:<\/span><\/p>\n<ul>\n<li style=\"font-weight: 400;\" aria-level=\"1\"><b>Us\u0142uga prywatnej \u0142odzi:<\/b> <span style=\"font-weight: 400;\">prze\u017cyj do\u015bwiadczenie VIP z nasz\u0105 prywatn\u0105 \u0142odzi\u0105 dla 6 os\u00f3b.<\/span><\/li>\n<li style=\"font-weight: 400;\" aria-level=\"1\"><b>Do\u015bwiadczeni kapitanowie i przewodnicy:<\/b> <span style=\"font-weight: 400;\">Profesjonalny zesp\u00f3\u0142, kt\u00f3ry poprowadzi Ci\u0119 przez przygod\u0119 z w\u0119dkarstwem i morzem.<\/span><\/li>\n<li style=\"font-weight: 400;\" aria-level=\"1\"><b>Wygodne i bezpieczne:<\/b> <span style=\"font-weight: 400;\">Uwzgl\u0119dniono wszystkie szczeg\u00f3\u0142y komfortu, takie jak prysznic i toaleta na pok\u0142adzie.<\/span><\/li>\n<li style=\"font-weight: 400;\" aria-level=\"1\"><b>Przeplataj si\u0119 z natur\u0105:<\/b> <span style=\"font-weight: 400;\">Odkryj wspania\u0142e widoki Alanyi i ciesz si\u0119 morzem.<\/span><\/li>\n<li style=\"font-weight: 400;\" aria-level=\"1\"><b>Satysfakcja Klienta:<\/b> <span style=\"font-weight: 400;\">Twoje bezpiecze\u0144stwo i satysfakcja s\u0105 zawsze naszym priorytetem.<\/span><\/li>\n<\/ul>\n<p><span style=\"font-weight: 400;\">Spraw, aby w\u0119dkarstwo by\u0142o niezapomniane w wyj\u0105tkowej przyrodzie Morza \u015ar\u00f3dziemnego dzi\u0119ki Sencap Tour. Skorzystaj z tej przygody i zarezerwuj ju\u017c teraz!  <\/span><\/p>\n","protected":false},"excerpt":{"rendered":"<p>Wycieczka w\u0119dkarska po Alanyi: Ciesz si\u0119 Morzem \u015ar\u00f3dziemnym Zorganizowana przez nas wycieczka w\u0119dkarska w Alanyi pozwoli Ci sp\u0119dzi\u0107 przyjemny dzie\u0144 \u0142owi\u0105c ryby w ciep\u0142ych wodach Morza \u015ar\u00f3dziemnego. Nie ma znaczenia, czy jeste\u015b w\u0119dkarzem amatorem czy profesjonalist\u0105; podczas tej wycieczki, w kt\u00f3rej mo\u017ce wzi\u0105\u0107 udzia\u0142 ka\u017cdy, mo\u017cesz wybra\u0107 si\u0119 na s\u0142o\u0144ce i zrelaksowa\u0107 si\u0119 w spokojnej [&#8230;]\n","protected":false},"featured_media":5329,"comment_status":"open","ping_status":"closed","template":"","meta":{"_joinchat":[]},"product_brand":[],"product_cat":[118,119,117],"product_tag":[],"class_list":{"0":"post-5322","1":"product","2":"type-product","3":"status-publish","4":"has-post-thumbnail","6":"product_cat-wycieczki-jednodniowe","7":"product_cat-wycieczki-przygodowe","8":"product_cat-wycieczki-przyrodnicze","10":"first","11":"instock","12":"virtual","13":"sold-individually","14":"purchasable","15":"product-type-booking"},"booking_location":"","booking_location_type":"","booking_duration":1,"booking_duration_unit":"day","booking_buffer":0,"booking_cost":0,"booking_resources":[],"_links":{"self":[{"href":"https:\/\/sencaptour.com\/pl\/wp-json\/wp\/v2\/product\/5322","targetHints":{"allow":["GET"]}}],"collection":[{"href":"https:\/\/sencaptour.com\/pl\/wp-json\/wp\/v2\/product"}],"about":[{"href":"https:\/\/sencaptour.com\/pl\/wp-json\/wp\/v2\/types\/product"}],"replies":[{"embeddable":true,"href":"https:\/\/sencaptour.com\/pl\/wp-json\/wp\/v2\/comments?post=5322"}],"wp:featuredmedia":[{"embeddable":true,"href":"https:\/\/sencaptour.com\/pl\/wp-json\/wp\/v2\/media\/5329"}],"wp:attachment":[{"href":"https:\/\/sencaptour.com\/pl\/wp-json\/wp\/v2\/media?parent=5322"}],"wp:term":[{"taxonomy":"product_brand","embeddable":true,"href":"https:\/\/sencaptour.com\/pl\/wp-json\/wp\/v2\/product_brand?post=5322"},{"taxonomy":"product_cat","embeddable":true,"href":"https:\/\/sencaptour.com\/pl\/wp-json\/wp\/v2\/product_cat?post=5322"},{"taxonomy":"product_tag","embeddable":true,"href":"https:\/\/sencaptour.com\/pl\/wp-json\/wp\/v2\/product_tag?post=5322"}],"curies":[{"name":"wp","href":"https:\/\/api.w.org\/{rel}","templated":true}]}}