{"id":5346,"date":"2023-06-01T17:20:13","date_gmt":"2023-06-01T14:20:13","guid":{"rendered":"https:\/\/sencaptour.com\/turlar\/wycieczka-konna-po-alanyi\/"},"modified":"2023-06-01T17:20:13","modified_gmt":"2023-06-01T14:20:13","slug":"wycieczka-konna-po-alanyi","status":"publish","type":"product","link":"https:\/\/sencaptour.com\/pl\/wycieczki\/wycieczka-konna-po-alanyi\/","title":{"rendered":"Wycieczka konna po Alanyi"},"content":{"rendered":"<h2>Wycieczka konna po Alanyi: wyj\u0105tkowa przygoda w przyrodzie<\/h2>\n<p><span style=\"font-weight: 400;\">Nasza wycieczka konna po kurorcie Demirtas w Alanyi oferuje zar\u00f3wno zabaw\u0119, jak i spokojne wra\u017cenia. Ta 3-godzinna wycieczka zosta\u0142a zaprojektowana tak, aby\u015b m\u00f3g\u0142 cieszy\u0107 si\u0119 jazd\u0105 konn\u0105 w uroczej przyrodzie Alanyi podczas zwiedzania ruin staro\u017cytnego zamku Syedra. <\/span><\/p>\n<p><span style=\"font-weight: 400;\">Ta wycieczka, kt\u00f3ra nie wymaga do\u015bwiadczenia, odbywa si\u0119 z profesjonalnymi trenerami. Nawet je\u015bli nigdy wcze\u015bniej nie je\u017adzi\u0142e\u015b konno, mo\u017cesz do\u0142\u0105czy\u0107 do tej przygody po kr\u00f3tkim treningu. Sp\u0119dzaj\u0105c przyjemny dzie\u0144 z naszymi wyszkolonymi i pos\u0142usznymi ko\u0144mi, odkryjesz wyj\u0105tkowe zabytki Alanyi, prze\u017cyjesz spokojne chwile samotnie z natur\u0105.  <\/span><\/p>\n<h2>Co zyskasz dzi\u0119ki tej wycieczce<\/h2>\n<p><span style=\"font-weight: 400;\">Alanya Horse Riding Tour oferuje wyj\u0105tkowe wra\u017cenia, podczas kt\u00f3rych mo\u017cesz zrelaksowa\u0107 si\u0119 zar\u00f3wno fizycznie, jak i duchowo:<\/span><\/p>\n<ol>\n<li style=\"font-weight: 400;\" aria-level=\"1\"><b>Magia natury:<\/b> <span style=\"font-weight: 400;\">Ciesz si\u0119 natur\u0105 na zalesionych terenach wok\u00f3\u0142 staro\u017cytnego miasta Syedra.<\/span><\/li>\n<li style=\"font-weight: 400;\" aria-level=\"1\"><b>Do\u015bwiadczenie w je\u017adzie konnej: <\/b><span style=\"font-weight: 400;\">Dowiedz si\u0119, jak bezpiecznie je\u017adzi\u0107 z do\u015bwiadczonymi trenerami i zdob\u0105d\u017a do\u015bwiadczenie.<\/span><\/li>\n<li style=\"font-weight: 400;\" aria-level=\"1\"><b>Rozpoznanie historyczne:<\/b> <span style=\"font-weight: 400;\">Pod\u0105\u017caj \u015bladami historii, uwa\u017cnie badaj\u0105c ruiny staro\u017cytnego miasta Sy<\/span>edra.<\/li>\n<li style=\"font-weight: 400;\" aria-level=\"1\"><b>Spok\u00f3j i relaks:<\/b> <span style=\"font-weight: 400;\">Ucieknij od codziennego stresu, w towarzystwie koni i natury.<\/span><\/li>\n<li style=\"font-weight: 400;\" aria-level=\"1\"><b>Przerwy na zdj\u0119cia:<\/b> <span style=\"font-weight: 400;\">Skorzystaj z okazji, aby zrobi\u0107 zdj\u0119cia, aby podziwia\u0107 wspania\u0142e widoki i niezapomniane wspomnienia.<\/span><\/li>\n<\/ol>\n<h2>Program wycieczki konnej po Alanyi<\/h2>\n<p><span style=\"font-weight: 400;\">Wycieczka konna to codzienne wydarzenie, profesjonalnie zaplanowane:<\/span><\/p>\n<ul>\n<li style=\"font-weight: 400;\" aria-level=\"1\"><b>Rano: <\/b><span style=\"font-weight: 400;\">Odbi\u00f3r z adresu, pod kt\u00f3rym przebywasz w Alanyi<\/span><\/li>\n<li style=\"font-weight: 400;\" aria-level=\"1\"><b>Farma koni:<\/b> <span style=\"font-weight: 400;\">Przyjazd do naszej farmy w wiosce Seki w Demirtas<\/span><\/li>\n<li style=\"font-weight: 400;\" aria-level=\"1\"><b>Ujawnienie:<\/b> <span style=\"font-weight: 400;\">Kr\u00f3tki samouczek dotycz\u0105cy zasad wycieczek prowadzony przez naszych do\u015bwiadczonych instruktor\u00f3w<\/span><\/li>\n<li style=\"font-weight: 400;\" aria-level=\"1\"><b>Jazda konna:<\/b> <span style=\"font-weight: 400;\">Do\u015bwiadczenie jazdy konnej w zalesionym i g\u00f3rzystym regionie, w tym w staro\u017cytnym mie\u015bcie Syedra<\/span><\/li>\n<li style=\"font-weight: 400;\" aria-level=\"1\"><b>Odpoczynek i przerwa na zdj\u0119cia:<\/b> <span style=\"font-weight: 400;\">Kr\u00f3tkie przerwy w cieszeniu si\u0119 natur\u0105<\/span><\/li>\n<li style=\"font-weight: 400;\" aria-level=\"1\"><b>Powr\u00f3t na farm\u0119:<\/b> <span style=\"font-weight: 400;\">Odpoczynek na farmie po je\u017adzie konnej i mo\u017cliwo\u015b\u0107 obejrzenia zrobionych zdj\u0119\u0107<\/span><\/li>\n<li style=\"font-weight: 400;\" aria-level=\"1\"><b>Popo\u0142udnie:<\/b> <span style=\"font-weight: 400;\">Wr\u00f3\u0107 na sw\u00f3j adres w Alanya<\/span><\/li>\n<\/ul>\n<h2>W cenie wycieczki zawarte s\u0105<\/h2>\n<ul>\n<li style=\"font-weight: 400;\" aria-level=\"1\"><span style=\"font-weight: 400;\">Odbi\u00f3r i wyjazd z miejsca pobytu w Alanya<\/span><\/li>\n<li style=\"font-weight: 400;\" aria-level=\"1\"><span style=\"font-weight: 400;\">Oko\u0142o 3 godzin jazdy konnej<\/span><\/li>\n<li style=\"font-weight: 400;\" aria-level=\"1\"><span style=\"font-weight: 400;\">Ca\u0142y sprz\u0119t je\u017adziecki<\/span><\/li>\n<li style=\"font-weight: 400;\" aria-level=\"1\"><span style=\"font-weight: 400;\">Profesjonalne szkolenie i przewodnik<\/span><\/li>\n<li style=\"font-weight: 400;\" aria-level=\"1\"><span style=\"font-weight: 400;\">Catering herbaciany<\/span><\/li>\n<\/ul>\n<h2>Nie zawiera w cenie<\/h2>\n<ul>\n<li style=\"font-weight: 400;\" aria-level=\"1\"><span style=\"font-weight: 400;\">Inne napoje<\/span><\/li>\n<\/ul>\n<h2>Co nale\u017cy zabra\u0107 ze sob\u0105<\/h2>\n<ul>\n<li style=\"font-weight: 400;\" aria-level=\"1\"><span style=\"font-weight: 400;\">Wygodne ubrania i buty do chodzenia<\/span><\/li>\n<li style=\"font-weight: 400;\" aria-level=\"1\"><span style=\"font-weight: 400;\">Kapelusz i okulary przeciws\u0142oneczne<\/span><\/li>\n<li style=\"font-weight: 400;\" aria-level=\"1\"><span style=\"font-weight: 400;\">Krem przeciws\u0142oneczny<\/span><\/li>\n<li style=\"font-weight: 400;\" aria-level=\"1\"><span style=\"font-weight: 400;\">Aparat lub telefon<\/span><\/li>\n<li style=\"font-weight: 400;\" aria-level=\"1\"><span style=\"font-weight: 400;\">Przeno\u015bna \u0142adowarka<\/span><\/li>\n<\/ul>\n<h2>Niezapomniany dzie\u0144 z wycieczk\u0105 konn\u0105 po Alanyi<\/h2>\n<p><span style=\"font-weight: 400;\">Je\u015bli szukasz innego do\u015bwiadczenia na wakacjach, Alanya Horse Riding Tour jest dla Ciebie! Ta wycieczka oferuje wyj\u0105tkow\u0105 okazj\u0119 dla tych, kt\u00f3rzy chc\u0105 wsp\u00f3lnie pozna\u0107 histori\u0119 i pi\u0119kno przyrody, ale tak\u017ce sp\u0119dzi\u0107 dzie\u0144 pe\u0142en spokoju i zabawy. <\/span><\/p>\n<p><span style=\"font-weight: 400;\">Ciesz si\u0119 jazd\u0105 konn\u0105 z profesjonalnymi instruktorami, w\u015br\u00f3d fascynuj\u0105cej przyrody miasta Demirtas w Alanyi i ruin staro\u017cytnego miasta Syedra. Dzi\u0119ki profesjonalnej obs\u0142udze Sencap Tour sp\u0119dzisz zar\u00f3wno bezpieczny, jak i przyjemny dzie\u0144, gromadz\u0105c niezapomniane wspomnienia. Prze\u017cyj to wyj\u0105tkowe prze\u017cycie, rezerwuj\u0105c ju\u017c teraz!   <\/span><\/p>\n<h2>Dlaczego warto wybra\u0107 Sencap Tour?<\/h2>\n<p><span style=\"font-weight: 400;\">Jako Sencap Tour oferujemy Pa\u0144stwu wyj\u0105tkowe wra\u017cenia dzi\u0119ki naszym us\u0142ugom, kt\u00f3re robi\u0105 r\u00f3\u017cnic\u0119 w Horse Riding Tour:<\/span><\/p>\n<ul>\n<li style=\"font-weight: 400;\" aria-level=\"1\"><b>Wyszkolone i uleg\u0142e konie:<\/b> <span style=\"font-weight: 400;\">Podczas wycieczki b\u0119dziesz mia\u0142 przyjemne do\u015bwiadczenie z w pe\u0142ni wyszkolonymi i bezpiecznymi ko\u0144mi.<\/span><\/li>\n<li style=\"font-weight: 400;\" aria-level=\"1\"><b>Profesjonalni trenerzy: <\/b><span style=\"font-weight: 400;\">Dzi\u0119ki szkoleniom i poradnictwu w zakresie jazdy konnej Twoje bezpiecze\u0144stwo jest na pierwszym planie.<\/span><\/li>\n<li style=\"font-weight: 400;\" aria-level=\"1\"><b>Historia i przyroda przeplataj\u0105 si\u0119: <\/b><span style=\"font-weight: 400;\">Odkryj zar\u00f3wno historyczne, jak i naturalne pi\u0119kno w staro\u017cytnym mie\u015bcie Syedra i jego okolicach.<\/span><\/li>\n<li style=\"font-weight: 400;\" aria-level=\"1\"><b>Komfortowa obs\u0142uga:<\/b> <span style=\"font-weight: 400;\">B\u0119dziesz mie\u0107 komfortowy dzie\u0144 z transferami i smako\u0142ykami z Alanyi na farm\u0119.<\/span><\/li>\n<li style=\"font-weight: 400;\" aria-level=\"1\"><b>Satysfakcja klienta: <\/b><span style=\"font-weight: 400;\">Twoje bezpiecze\u0144stwo i zadowolenie s\u0105 dla nas priorytetem.<\/span><\/li>\n<\/ul>\n<p><span style=\"font-weight: 400;\">Prze\u017cyj jazd\u0119 konn\u0105, jedn\u0105 z najpi\u0119kniejszych wycieczek przyrodniczych i historycznych w Alanyi, z r\u00f3\u017cnic\u0105 Sencap Tour. Skorzystaj z tej zabawnej przygody i zarezerwuj ju\u017c teraz!  <\/span><\/p>\n","protected":false},"excerpt":{"rendered":"<p>Wycieczka konna po Alanyi: wyj\u0105tkowa przygoda w przyrodzie Nasza wycieczka konna po kurorcie Demirtas w Alanyi oferuje zar\u00f3wno zabaw\u0119, jak i spokojne wra\u017cenia. Ta 3-godzinna wycieczka zosta\u0142a zaprojektowana tak, aby\u015b m\u00f3g\u0142 cieszy\u0107 si\u0119 jazd\u0105 konn\u0105 w uroczej przyrodzie Alanyi podczas zwiedzania ruin staro\u017cytnego zamku Syedra. Ta wycieczka, kt\u00f3ra nie wymaga do\u015bwiadczenia, odbywa si\u0119 z profesjonalnymi [&#8230;]\n","protected":false},"featured_media":5350,"comment_status":"open","ping_status":"closed","template":"","meta":{"_joinchat":[]},"product_brand":[],"product_cat":[118,119,117],"product_tag":[],"class_list":{"0":"post-5346","1":"product","2":"type-product","3":"status-publish","4":"has-post-thumbnail","6":"product_cat-wycieczki-jednodniowe","7":"product_cat-wycieczki-przygodowe","8":"product_cat-wycieczki-przyrodnicze","10":"first","11":"instock","12":"virtual","13":"sold-individually","14":"purchasable","15":"product-type-booking"},"booking_location":"","booking_location_type":"","booking_duration":1,"booking_duration_unit":"day","booking_buffer":0,"booking_cost":0,"booking_resources":[],"_links":{"self":[{"href":"https:\/\/sencaptour.com\/pl\/wp-json\/wp\/v2\/product\/5346","targetHints":{"allow":["GET"]}}],"collection":[{"href":"https:\/\/sencaptour.com\/pl\/wp-json\/wp\/v2\/product"}],"about":[{"href":"https:\/\/sencaptour.com\/pl\/wp-json\/wp\/v2\/types\/product"}],"replies":[{"embeddable":true,"href":"https:\/\/sencaptour.com\/pl\/wp-json\/wp\/v2\/comments?post=5346"}],"wp:featuredmedia":[{"embeddable":true,"href":"https:\/\/sencaptour.com\/pl\/wp-json\/wp\/v2\/media\/5350"}],"wp:attachment":[{"href":"https:\/\/sencaptour.com\/pl\/wp-json\/wp\/v2\/media?parent=5346"}],"wp:term":[{"taxonomy":"product_brand","embeddable":true,"href":"https:\/\/sencaptour.com\/pl\/wp-json\/wp\/v2\/product_brand?post=5346"},{"taxonomy":"product_cat","embeddable":true,"href":"https:\/\/sencaptour.com\/pl\/wp-json\/wp\/v2\/product_cat?post=5346"},{"taxonomy":"product_tag","embeddable":true,"href":"https:\/\/sencaptour.com\/pl\/wp-json\/wp\/v2\/product_tag?post=5346"}],"curies":[{"name":"wp","href":"https:\/\/api.w.org\/{rel}","templated":true}]}}