{"id":5364,"date":"2023-06-01T17:16:35","date_gmt":"2023-06-01T14:16:35","guid":{"rendered":"https:\/\/sencaptour.com\/turlar\/wycieczka-plywacka-z-rybami-delfinow-alanya\/"},"modified":"2023-06-01T17:16:35","modified_gmt":"2023-06-01T14:16:35","slug":"wycieczka-plywacka-z-rybami-delfinow-alanya","status":"publish","type":"product","link":"https:\/\/sencaptour.com\/pl\/wycieczki\/wycieczka-plywacka-z-rybami-delfinow-alanya\/","title":{"rendered":"Wycieczka p\u0142ywacka z rybami delfin\u00f3w Alanya"},"content":{"rendered":"<h2>Wycieczka p\u0142ywacka z delfinami Alanyi: niezapomniane prze\u017cycie<\/h2>\n<p><span style=\"font-weight: 400;\">Dolphin Swimming Tour, odbywaj\u0105cy si\u0119 w Sealanya Dolphin Park, zaledwie 20 km od Alanyi, oferuje niezapomnian\u0105 przygod\u0119 zar\u00f3wno dla dzieci, jak i doros\u0142ych. Poznasz inteligencj\u0119 i emocjonaln\u0105 natur\u0119 delfin\u00f3w, nakarmisz je r\u0119kami i b\u0119dziesz cieszy\u0107 si\u0119 p\u0142ywaniem. <\/span><\/p>\n<p><span style=\"font-weight: 400;\">Je\u015bli chcesz sp\u0119dzi\u0107 przyjemny i przyjemny dzie\u0144 z rodzin\u0105, ale tak\u017ce blisk\u0105 wi\u0119\u017a z delfinami, ta wycieczka jest dla Ciebie! Pod okiem naszych instruktor\u00f3w, niezale\u017cnie od tego, czy znasz si\u0119 na p\u0142ywaniu, czy nie, mo\u017cesz wkroczy\u0107 do kochaj\u0105cego \u015bwiata delfin\u00f3w. <\/span><\/p>\n<h2>Co zyskasz dzi\u0119ki tej wycieczce<\/h2>\n<p><span style=\"font-weight: 400;\">Alanya Dolphin Swimming Tour oferuje Tobie i Twoim bliskim wyj\u0105tkowe prze\u017cycia:<\/span><\/p>\n<ol>\n<li style=\"font-weight: 400;\" aria-level=\"1\"><b>Interakcja z delfinami:<\/b> <span style=\"font-weight: 400;\">szansa na poznanie inteligencji i emocjonalnego \u015bwiata delfin\u00f3w.<\/span><\/li>\n<li style=\"font-weight: 400;\" aria-level=\"1\"><b>Zabawa z rodzin\u0105:<\/b> <span style=\"font-weight: 400;\">Zbieraj niezapomniane wspomnienia ze swoimi dzie\u0107mi i rodzin\u0105.<\/span><\/li>\n<li style=\"font-weight: 400;\" aria-level=\"1\"><b>Do\u015bwiadczenie karmienia r\u0119cznego<\/b>: <span style=\"font-weight: 400;\">Zbuduj wyj\u0105tkow\u0105 wi\u0119\u017a, karmi\u0105c delfiny w\u0142asnymi r\u0119kami.<\/span><\/li>\n<li style=\"font-weight: 400;\" aria-level=\"1\"><b>Profesjonalne doradztwo:<\/b> <span style=\"font-weight: 400;\">Bezpieczne i przyjemne do\u015bwiadczenie p\u0142ywania z instruktorami.<\/span><\/li>\n<li style=\"font-weight: 400;\" aria-level=\"1\"><b>Zwi\u0105zek z natur\u0105 i zwierz\u0119tami:<\/b> <span style=\"font-weight: 400;\">P\u0142ywanie z delfinami to relaksuj\u0105ca aktywno\u015b\u0107, zar\u00f3wno fizyczna, jak i duchowa.<\/span><\/li>\n<\/ol>\n<h2>Program wycieczki p\u0142ywackiej Alanya Dolphin<\/h2>\n<p><span style=\"font-weight: 400;\">Nasza wycieczka odbywa si\u0119 codziennie rano o 08:30. Szczeg\u00f3\u0142y programu s\u0105 nast\u0119puj\u0105ce <\/span><\/p>\n<ul>\n<li style=\"font-weight: 400;\" aria-level=\"1\"><b>Rano:<\/b> <span style=\"font-weight: 400;\">Odbi\u00f3r z hotelu w Alanyi lub z adresu, pod kt\u00f3rym si\u0119 zatrzymujesz<\/span><\/li>\n<li style=\"font-weight: 400;\" aria-level=\"1\"><b>Przyjazd do Sealanya Dolphin Park:<\/b> <span style=\"font-weight: 400;\">Informacje przed wycieczk\u0105 i wyja\u015bnienia dotycz\u0105ce zasad przez naszych instruktor\u00f3w<\/span><\/li>\n<li style=\"font-weight: 400;\" aria-level=\"1\"><b>Przygotowanie:<\/b><span style=\"font-weight: 400;\"> Przebieranie si\u0119, zaopatrzenie w kamizelki ratunkowe i kontrola bezpiecze\u0144stwa basenu w szatniach<\/span><\/li>\n<li style=\"font-weight: 400;\" aria-level=\"1\"><b>P\u0142ywanie z delfinami: <\/b><span style=\"font-weight: 400;\">Prze\u017cyj p\u0142ywanie z delfinami, z profesjonalnymi instruktorami, trwaj\u0105ce oko\u0142o p\u00f3\u0142 godziny<\/span><\/li>\n<li style=\"font-weight: 400;\" aria-level=\"1\"><b>Czas wolny: <\/b><span style=\"font-weight: 400;\">Fotografowanie i przerwa na odpoczynek<\/span><\/li>\n<li style=\"font-weight: 400;\" aria-level=\"1\"><b>Powr\u00f3t:<\/b> <span style=\"font-weight: 400;\">Wyjazd do hotelu lub adresu w Alanya<\/span><\/li>\n<\/ul>\n<h2>W cenie wycieczki zawarte s\u0105<\/h2>\n<ul>\n<li style=\"font-weight: 400;\" aria-level=\"1\"><span style=\"font-weight: 400;\">Odbi\u00f3r i wyjazd z miejsca pobytu w Alanya<\/span><\/li>\n<li style=\"font-weight: 400;\" aria-level=\"1\"><span style=\"font-weight: 400;\">Informacje z profesjonalnym przewodnikiem<\/span><\/li>\n<li style=\"font-weight: 400;\" aria-level=\"1\"><span style=\"font-weight: 400;\">Kabiny szafek i dostawa niezb\u0119dnego sprz\u0119tu<\/span><\/li>\n<li style=\"font-weight: 400;\" aria-level=\"1\"><span style=\"font-weight: 400;\">Kamizelka ratunkowa i \u015brodki ostro\u017cno\u015bci<\/span><\/li>\n<li style=\"font-weight: 400;\" aria-level=\"1\"><span style=\"font-weight: 400;\">Sesja p\u0142ywania z delfinami (oko\u0142o 30 minut)<\/span><\/li>\n<\/ul>\n<h2>Nie zawiera w cenie<\/h2>\n<ul>\n<li style=\"font-weight: 400;\" aria-level=\"1\"><span style=\"font-weight: 400;\">Wydatki osobiste<\/span><\/li>\n<li style=\"font-weight: 400;\" aria-level=\"1\"><span style=\"font-weight: 400;\">Napoje i posi\u0142ki<\/span><\/li>\n<li style=\"font-weight: 400;\" aria-level=\"1\"><span style=\"font-weight: 400;\">Sesje zdj\u0119ciowe i wideo<\/span><\/li>\n<li style=\"font-weight: 400;\" aria-level=\"1\"><span style=\"font-weight: 400;\">P\u0142ywanie z lwami morskimi (opcjonalnie)<\/span><\/li>\n<\/ul>\n<h2>Co nale\u017cy zabra\u0107 ze sob\u0105<\/h2>\n<ul>\n<li style=\"font-weight: 400;\" aria-level=\"1\"><span style=\"font-weight: 400;\">Krem przeciws\u0142oneczny<\/span><\/li>\n<li style=\"font-weight: 400;\" aria-level=\"1\"><span style=\"font-weight: 400;\">Stroje k\u0105pielowe i r\u0119czniki<\/span><\/li>\n<li style=\"font-weight: 400;\" aria-level=\"1\"><span style=\"font-weight: 400;\">Aparat lub telefon<\/span><\/li>\n<li style=\"font-weight: 400;\" aria-level=\"1\"><span style=\"font-weight: 400;\">Praktyczne ubrania, poniewa\u017c b\u0119dziesz musia\u0142 zdj\u0105\u0107 bi\u017cuteri\u0119 i akcesoria<\/span><\/li>\n<\/ul>\n<h2>Niezapomniany dzie\u0144 z wycieczk\u0105 p\u0142ywack\u0105 Alanya Dolphins<\/h2>\n<p><span style=\"font-weight: 400;\">Sp\u0119dzanie czasu z delfinami, kt\u00f3re s\u0105 uroczymi i inteligentnymi stworzeniami natury, doda rado\u015bci i niezapomnianych wra\u017ce\u0144 Twoim wakacjom. Do\u0142\u0105czaj\u0105c do tej pe\u0142nej zabawy wycieczki z dzie\u0107mi, mo\u017cesz podzieli\u0107 si\u0119 ich ekscytacj\u0105 i szcz\u0119\u015bciem. W towarzystwie naszych instruktor\u00f3w mo\u017cesz bezpiecznie p\u0142ywa\u0107 z delfinami, tworzy\u0107 wyj\u0105tkow\u0105 wi\u0119\u017a i gromadzi\u0107 wspania\u0142e wspomnienia.  <\/span><\/p>\n<p><span style=\"font-weight: 400;\">Prze\u017cyj t\u0119 ekskluzywn\u0105 wycieczk\u0119 z bezpieczn\u0105 i profesjonaln\u0105 obs\u0142ug\u0105 dzi\u0119ki Sencap Tour. Zr\u00f3b krok w niezapomniany dzie\u0144, rezerwuj\u0105c ju\u017c teraz!  <\/span><\/p>\n<h2>Dlaczego warto wybra\u0107 Sencap Tour?<\/h2>\n<p><span style=\"font-weight: 400;\">Jako Sencap Tour jeste\u015bmy z Tob\u0105 i oferujemy nasze us\u0142ugi, kt\u00f3re maj\u0105 znaczenie w Dolphin Swimming Tour:<\/span><\/p>\n<ul>\n<li style=\"font-weight: 400;\" aria-level=\"1\"><b>Profesjonalni trenerzy:<\/b> <span style=\"font-weight: 400;\">Dla Twojego bezpiecze\u0144stwa nasi do\u015bwiadczeni instruktorzy b\u0119d\u0105 Ci towarzyszy\u0107 przez ca\u0142\u0105 rund\u0119.<\/span><\/li>\n<li style=\"font-weight: 400;\" aria-level=\"1\"><b>Wygodna obs\u0142uga:<\/b> <span style=\"font-weight: 400;\">Wygodna us\u0142uga transferu z Alanya do Sealanya Dolphin Park.<\/span><\/li>\n<li style=\"font-weight: 400;\" aria-level=\"1\"><b>Do\u015bwiadczenie przyjazne rodzinie:<\/b> <span style=\"font-weight: 400;\">wycieczka, podczas kt\u00f3rej nasi go\u015bcie w ka\u017cdym wieku mog\u0105 si\u0119 dobrze bawi\u0107.<\/span><\/li>\n<li style=\"font-weight: 400;\" aria-level=\"1\"><b>Unikalna interakcja:<\/b> <span style=\"font-weight: 400;\">indywidualna interakcja z delfinami i do\u015bwiadczenie karmienia r\u0119cznego.<\/span><\/li>\n<li style=\"font-weight: 400;\" aria-level=\"1\"><b>Satysfakcja Klienta:<\/b> <span style=\"font-weight: 400;\">Twoje bezpiecze\u0144stwo i satysfakcja s\u0105 zawsze naszym priorytetem.<\/span><\/li>\n<\/ul>\n<p><span style=\"font-weight: 400;\">Przekszta\u0142\u0107 swoje wra\u017cenia z p\u0142ywania z delfinami w wyj\u0105tkowe \u015bwi\u0105teczne wspomnienie w Alanyi dzi\u0119ki Sencap Tour. Zarezerwuj ju\u017c teraz i we\u017a udzia\u0142 w tej niezapomnianej przygodzie!  <\/span><\/p>\n","protected":false},"excerpt":{"rendered":"<p>Wycieczka p\u0142ywacka z delfinami Alanyi: niezapomniane prze\u017cycie Dolphin Swimming Tour, odbywaj\u0105cy si\u0119 w Sealanya Dolphin Park, zaledwie 20 km od Alanyi, oferuje niezapomnian\u0105 przygod\u0119 zar\u00f3wno dla dzieci, jak i doros\u0142ych. Poznasz inteligencj\u0119 i emocjonaln\u0105 natur\u0119 delfin\u00f3w, nakarmisz je r\u0119kami i b\u0119dziesz cieszy\u0107 si\u0119 p\u0142ywaniem. Je\u015bli chcesz sp\u0119dzi\u0107 przyjemny i przyjemny dzie\u0144 z rodzin\u0105, ale tak\u017ce [&#8230;]\n","protected":false},"featured_media":5369,"comment_status":"open","ping_status":"closed","template":"","meta":{"_joinchat":[]},"product_brand":[],"product_cat":[118,119,117],"product_tag":[],"class_list":{"0":"post-5364","1":"product","2":"type-product","3":"status-publish","4":"has-post-thumbnail","6":"product_cat-wycieczki-jednodniowe","7":"product_cat-wycieczki-przygodowe","8":"product_cat-wycieczki-przyrodnicze","10":"first","11":"instock","12":"virtual","13":"sold-individually","14":"purchasable","15":"product-type-booking"},"booking_location":"","booking_location_type":"","booking_duration":1,"booking_duration_unit":"day","booking_buffer":0,"booking_cost":0,"booking_resources":[],"_links":{"self":[{"href":"https:\/\/sencaptour.com\/pl\/wp-json\/wp\/v2\/product\/5364","targetHints":{"allow":["GET"]}}],"collection":[{"href":"https:\/\/sencaptour.com\/pl\/wp-json\/wp\/v2\/product"}],"about":[{"href":"https:\/\/sencaptour.com\/pl\/wp-json\/wp\/v2\/types\/product"}],"replies":[{"embeddable":true,"href":"https:\/\/sencaptour.com\/pl\/wp-json\/wp\/v2\/comments?post=5364"}],"wp:featuredmedia":[{"embeddable":true,"href":"https:\/\/sencaptour.com\/pl\/wp-json\/wp\/v2\/media\/5369"}],"wp:attachment":[{"href":"https:\/\/sencaptour.com\/pl\/wp-json\/wp\/v2\/media?parent=5364"}],"wp:term":[{"taxonomy":"product_brand","embeddable":true,"href":"https:\/\/sencaptour.com\/pl\/wp-json\/wp\/v2\/product_brand?post=5364"},{"taxonomy":"product_cat","embeddable":true,"href":"https:\/\/sencaptour.com\/pl\/wp-json\/wp\/v2\/product_cat?post=5364"},{"taxonomy":"product_tag","embeddable":true,"href":"https:\/\/sencaptour.com\/pl\/wp-json\/wp\/v2\/product_tag?post=5364"}],"curies":[{"name":"wp","href":"https:\/\/api.w.org\/{rel}","templated":true}]}}