{"id":5384,"date":"2023-06-01T17:12:56","date_gmt":"2023-06-01T14:12:56","guid":{"rendered":"https:\/\/sencaptour.com\/turlar\/wycieczka-raftingowa-po-alanyi\/"},"modified":"2023-06-01T17:12:56","modified_gmt":"2023-06-01T14:12:56","slug":"wycieczka-raftingowa-po-alanyi","status":"publish","type":"product","link":"https:\/\/sencaptour.com\/pl\/wycieczki\/wycieczka-raftingowa-po-alanyi\/","title":{"rendered":"Wycieczka raftingowa po Alanyi"},"content":{"rendered":"<h2>Wycieczka raftingowa po Alanyi: ekscytacja i przygoda w kanionie mostu<\/h2>\n<p><span style=\"font-weight: 400;\">Park Narodowy Kanionu Koprulu, po\u0142o\u017cony oko\u0142o 100 km od Alanyi, jest jednym z najodpowiedniejszych punkt\u00f3w do uprawiania raftingu w Turcji. W ch\u0142odnych wodach rzeki Bridge w wiosce Beskonak czeka na Ciebie \u015bwiatowej klasy rafting. <\/span><\/p>\n<p><span style=\"font-weight: 400;\">Trasa Alanya Rafting Tour organizowana przez Sencap Tour zosta\u0142a specjalnie zaprojektowana zar\u00f3wno dla profesjonalnych, jak i amatorskich mi\u0142o\u015bnik\u00f3w raftingu. Na trasie o d\u0142ugo\u015bci 14 km sp\u0119dzisz dzie\u0144 pe\u0142en raftingu adrenalinowego w pr\u0105dach o 3 poziomach trudno\u015bci. Z pomoc\u0105 profesjonalnych przewodnik\u00f3w wycieczka ta oferuje po\u0142\u0105czenie rozrywki i bezpiecze\u0144stwa, ze \u015brodkami bezpiecze\u0144stwa okre\u015blonymi w mi\u0119dzynarodowych standardach.  <\/span><\/p>\n<h2>Co zyskasz dzi\u0119ki tej wycieczce<\/h2>\n<p><span style=\"font-weight: 400;\">Dzi\u0119ki Alanya Rafting Tour mo\u017cesz cieszy\u0107 si\u0119 zar\u00f3wno zabaw\u0105, jak i niezapomnianymi wra\u017ceniami:<\/span><\/p>\n<ol>\n<li style=\"font-weight: 400;\" aria-level=\"1\"><b>Przygoda pe\u0142na adrenaliny:<\/b> <span style=\"font-weight: 400;\">Prze\u017cyj ekscytuj\u0105ce chwile, sp\u0142ywaj\u0105c po op\u0142ywowych wodach.<\/span><\/li>\n<li style=\"font-weight: 400;\" aria-level=\"1\"><b>Przeplataj si\u0119 z natur\u0105:<\/b> <span style=\"font-weight: 400;\">Odkryj naturalne pi\u0119kno Bridged Canyon i wybierz si\u0119 na spacer przez zabytkowy Most Rzymski.<\/span><\/li>\n<li style=\"font-weight: 400;\" aria-level=\"1\"><b>Profesjonalne doradztwo:<\/b> <span style=\"font-weight: 400;\">Bezpieczne rafting z przewodnikiem na ka\u017cdej \u0142odzi.<\/span><\/li>\n<li style=\"font-weight: 400;\" aria-level=\"1\"><b>Zabawne zaj\u0119cia:<\/b> <span style=\"font-weight: 400;\">Dzie\u0144 pe\u0142en przerw na p\u0142ywanie, fotografi\u0119 i animacj\u0119.<\/span><\/li>\n<li style=\"font-weight: 400;\" aria-level=\"1\"><b>Pyszne posi\u0142ki:<\/b> <span style=\"font-weight: 400;\">Pyszny lunch z grillowanym kurczakiem, klopsikami i sa\u0142atk\u0105 w naszej restauracji nad rzek\u0105.<\/span><\/li>\n<\/ol>\n<h2>Program wycieczki raftingowej po Alanyi<\/h2>\n<p><span style=\"font-weight: 400;\">Nasza codzienna wycieczka raftingowa rozpoczyna si\u0119 wcze\u015bnie rano i ko\u0144czy wieczorem<\/span><\/p>\n<ul>\n<li style=\"font-weight: 400;\" aria-level=\"1\"><b>Rano:<\/b> <span style=\"font-weight: 400;\">Odbi\u00f3r z zakwaterowania w Alanya<\/span><\/li>\n<li style=\"font-weight: 400;\" aria-level=\"1\"><b>Przyjazd do Beskonak Bridge Canyon: <\/b><span style=\"font-weight: 400;\">Transport do o\u015brodka i odprawa od naszych profesjonalnych przewodnik\u00f3w<\/span><\/li>\n<li style=\"font-weight: 400;\" aria-level=\"1\"><b>Dystrybucja sprz\u0119tu:<\/b> <span style=\"font-weight: 400;\">Dostarczanie kamizelek ratunkowych, kask\u00f3w i wiose\u0142<\/span><\/li>\n<li style=\"font-weight: 400;\" aria-level=\"1\"><b>Odkrycia historyczne i naturalne:<\/b> <span style=\"font-weight: 400;\">spacery, p\u0142ywanie i przerwy na zdj\u0119cia na Mo\u015bcie Rzymskim<\/span><\/li>\n<li style=\"font-weight: 400;\" aria-level=\"1\"><b>Start raftingu:<\/b> <span style=\"font-weight: 400;\">uko\u0144czenie pierwszego 10-kilometrowego kursu<\/span><\/li>\n<li style=\"font-weight: 400;\" aria-level=\"1\"><b>Obiad:<\/b> <span style=\"font-weight: 400;\">Serwujemy grillowanego kurczaka, kotlety mielone, ry\u017c, makaron i sa\u0142atk\u0119 w naszej restauracji<\/span><\/li>\n<li style=\"font-weight: 400;\" aria-level=\"1\"><b>Druga cz\u0119\u015b\u0107 raftingu:<\/b> <span style=\"font-weight: 400;\">uko\u0144czenie 3,6 km toru raftingowego<\/span><\/li>\n<li style=\"font-weight: 400;\" aria-level=\"1\"><b>Kinematografia<\/b>: <span style=\"font-weight: 400;\">Ogl\u0105danie zdj\u0119\u0107 i film\u00f3w wykonanych przez nasz profesjonalny zesp\u00f3\u0142<\/span><\/li>\n<li style=\"font-weight: 400;\" aria-level=\"1\"><b>Popo\u0142udnie:<\/b> <span style=\"font-weight: 400;\">Wr\u00f3\u0107 na sw\u00f3j adres w Alanya<\/span><\/li>\n<\/ul>\n<h2>W cenie wycieczki zawarte s\u0105<\/h2>\n<ul>\n<li style=\"font-weight: 400;\" aria-level=\"1\"><span style=\"font-weight: 400;\">Odbi\u00f3r i dow\u00f3z z\/do Alanyi<\/span><\/li>\n<li style=\"font-weight: 400;\" aria-level=\"1\"><span style=\"font-weight: 400;\">Ubezpieczenie<\/span><\/li>\n<li style=\"font-weight: 400;\" aria-level=\"1\"><span style=\"font-weight: 400;\">Profesjonalne wskaz\u00f3wki dotycz\u0105ce raftingu<\/span><\/li>\n<li style=\"font-weight: 400;\" aria-level=\"1\"><span style=\"font-weight: 400;\">Sprz\u0119t do raftingu (kamizelka, kask, wios\u0142o)<\/span><\/li>\n<li style=\"font-weight: 400;\" aria-level=\"1\"><span style=\"font-weight: 400;\">Lunch (grillowany kurczak, klopsiki, ry\u017c, makaron, sa\u0142atka, owoce)<\/span><\/li>\n<\/ul>\n<h2>Nie zawiera w cenie<\/h2>\n<ul>\n<li style=\"font-weight: 400;\" aria-level=\"1\"><span style=\"font-weight: 400;\">Napoje<\/span><\/li>\n<li style=\"font-weight: 400;\" aria-level=\"1\"><span style=\"font-weight: 400;\">Sesje DVD i fotograficzne<\/span><\/li>\n<\/ul>\n<h2>Co nale\u017cy zabra\u0107 ze sob\u0105<\/h2>\n<ul>\n<li style=\"font-weight: 400;\" aria-level=\"1\"><span style=\"font-weight: 400;\">R\u0119cznik i kostium k\u0105pielowy<\/span><\/li>\n<li style=\"font-weight: 400;\" aria-level=\"1\"><span style=\"font-weight: 400;\">Szorty lub ubrania odpowiednie do wody<\/span><\/li>\n<li style=\"font-weight: 400;\" aria-level=\"1\"><span style=\"font-weight: 400;\">Buty przyjazne dla wody z niewielk\u0105 \u015blisko\u015bci\u0105<\/span><\/li>\n<li style=\"font-weight: 400;\" aria-level=\"1\"><span style=\"font-weight: 400;\">Krem przeciws\u0142oneczny<\/span><\/li>\n<li style=\"font-weight: 400;\" aria-level=\"1\"><span style=\"font-weight: 400;\">Koszulka zast\u0119pcza<\/span><\/li>\n<li style=\"font-weight: 400;\" aria-level=\"1\"><span style=\"font-weight: 400;\">Niewielka kwota pieni\u0119dzy (na napoje i zdj\u0119cia)<\/span><\/li>\n<\/ul>\n<h2>Niezapomniany dzie\u0144 z Alanya Rafting Tour<\/h2>\n<p><span style=\"font-weight: 400;\">Rafting po\u015br\u00f3d wspania\u0142ej przyrody Bridged Canyon zapewni Ci niezapomniane prze\u017cycia. Ta wycieczka jest dla Ciebie dla tych, kt\u00f3rzy chc\u0105 sp\u0119dzi\u0107 dzie\u0144 pe\u0142en adrenaliny, a tak\u017ce odkry\u0107 wyj\u0105tkowe pi\u0119kno natury! <\/span><\/p>\n<p><span style=\"font-weight: 400;\">Wybierz si\u0119 na bezpieczn\u0105, przyjemn\u0105 i relaksuj\u0105c\u0105 przygod\u0119 raftingow\u0105 z profesjonaln\u0105 obs\u0142ug\u0105 i do\u015bwiadczonymi przewodnikami z Sencap Tour. Mo\u017cesz do\u0142\u0105czy\u0107 do tej ekscytuj\u0105cej wycieczki, rezerwuj\u0105c ju\u017c teraz!  <\/span><\/p>\n<h2>Dlaczego warto wybra\u0107 Sencap Tour?<\/h2>\n<p><span style=\"font-weight: 400;\">Jako Sencap Tour oferujemy us\u0142ugi, kt\u00f3re robi\u0105 r\u00f3\u017cnic\u0119 w Rafting Tour:<\/span><\/p>\n<ul>\n<li style=\"font-weight: 400;\" aria-level=\"1\"><b>\u015arodki ostro\u017cno\u015bci:<\/b> <span style=\"font-weight: 400;\">\u015arodki bezpiecze\u0144stwa i profesjonalne wskaz\u00f3wki w zakresie norm mi\u0119dzynarodowych.<\/span><\/li>\n<li style=\"font-weight: 400;\" aria-level=\"1\"><b>Komfortowe transfery:<\/b> <span style=\"font-weight: 400;\">Transport do Beskonak Bridge Canyon z klimatyzacj\u0105 i wygodnymi pojazdami.<\/span><\/li>\n<li style=\"font-weight: 400;\" aria-level=\"1\"><b>Adrenalina i rozrywka: <\/b><span style=\"font-weight: 400;\">P\u0142ywanie, animacja i zabawne zaj\u0119cia podczas raftingu.<\/span><\/li>\n<li style=\"font-weight: 400;\" aria-level=\"1\"><b>Smaczny obiad:<\/b> <span style=\"font-weight: 400;\">Obiad z bogatym menu w naszej restauracji nad rzek\u0105.<\/span><\/li>\n<li style=\"font-weight: 400;\" aria-level=\"1\"><b>Satysfakcja klienta:<\/b> <span style=\"font-weight: 400;\">Twoje bezpiecze\u0144stwo i satysfakcja zawsze maj\u0105 pierwsze\u0144stwo.<\/span><\/li>\n<\/ul>\n<p><span style=\"font-weight: 400;\">Prze\u017cyj rafting, jedn\u0105 z najbardziej ekscytuj\u0105cych wycieczek po Alanyi, dzi\u0119ki profesjonalizmowi Sencap Tour. Do\u0142\u0105cz do nas w tej przygodzie, rezerwuj\u0105c ju\u017c teraz!  <\/span><\/p>\n","protected":false},"excerpt":{"rendered":"<p>Wycieczka raftingowa po Alanyi: ekscytacja i przygoda w kanionie mostu Park Narodowy Kanionu Koprulu, po\u0142o\u017cony oko\u0142o 100 km od Alanyi, jest jednym z najodpowiedniejszych punkt\u00f3w do uprawiania raftingu w Turcji. W ch\u0142odnych wodach rzeki Bridge w wiosce Beskonak czeka na Ciebie \u015bwiatowej klasy rafting. Trasa Alanya Rafting Tour organizowana przez Sencap Tour zosta\u0142a specjalnie zaprojektowana [&#8230;]\n","protected":false},"featured_media":5388,"comment_status":"open","ping_status":"closed","template":"","meta":{"_joinchat":[]},"product_brand":[],"product_cat":[118,119,117],"product_tag":[],"class_list":{"0":"post-5384","1":"product","2":"type-product","3":"status-publish","4":"has-post-thumbnail","6":"product_cat-wycieczki-jednodniowe","7":"product_cat-wycieczki-przygodowe","8":"product_cat-wycieczki-przyrodnicze","10":"first","11":"instock","12":"virtual","13":"sold-individually","14":"purchasable","15":"product-type-booking"},"booking_location":"","booking_location_type":"","booking_duration":1,"booking_duration_unit":"day","booking_buffer":0,"booking_cost":0,"booking_resources":[],"_links":{"self":[{"href":"https:\/\/sencaptour.com\/pl\/wp-json\/wp\/v2\/product\/5384","targetHints":{"allow":["GET"]}}],"collection":[{"href":"https:\/\/sencaptour.com\/pl\/wp-json\/wp\/v2\/product"}],"about":[{"href":"https:\/\/sencaptour.com\/pl\/wp-json\/wp\/v2\/types\/product"}],"replies":[{"embeddable":true,"href":"https:\/\/sencaptour.com\/pl\/wp-json\/wp\/v2\/comments?post=5384"}],"wp:featuredmedia":[{"embeddable":true,"href":"https:\/\/sencaptour.com\/pl\/wp-json\/wp\/v2\/media\/5388"}],"wp:attachment":[{"href":"https:\/\/sencaptour.com\/pl\/wp-json\/wp\/v2\/media?parent=5384"}],"wp:term":[{"taxonomy":"product_brand","embeddable":true,"href":"https:\/\/sencaptour.com\/pl\/wp-json\/wp\/v2\/product_brand?post=5384"},{"taxonomy":"product_cat","embeddable":true,"href":"https:\/\/sencaptour.com\/pl\/wp-json\/wp\/v2\/product_cat?post=5384"},{"taxonomy":"product_tag","embeddable":true,"href":"https:\/\/sencaptour.com\/pl\/wp-json\/wp\/v2\/product_tag?post=5384"}],"curies":[{"name":"wp","href":"https:\/\/api.w.org\/{rel}","templated":true}]}}