{"id":5400,"date":"2023-06-01T15:32:13","date_gmt":"2023-06-01T12:32:13","guid":{"rendered":"https:\/\/sencaptour.com\/turlar\/wycieczka-lodzia-manavgat\/"},"modified":"2023-06-01T15:32:13","modified_gmt":"2023-06-01T12:32:13","slug":"wycieczka-lodzia-manavgat","status":"publish","type":"product","link":"https:\/\/sencaptour.com\/pl\/wycieczki\/wycieczka-lodzia-manavgat\/","title":{"rendered":"Wycieczka \u0142odzi\u0105 Manavgat"},"content":{"rendered":"<h2>Wycieczka \u0142odzi\u0105 Alanya Manavgat: pok\u00f3j i natura razem<\/h2>\n<p><span style=\"font-weight: 400;\">Wycieczka \u0142odzi\u0105 Manavgat z Alanyi oferuje wyj\u0105tkowe wra\u017cenia dla tych, kt\u00f3rzy chc\u0105 sp\u0119dzi\u0107 relaksuj\u0105cy dzie\u0144. Nasza wycieczka, kt\u00f3ra zaczyna si\u0119 od ch\u0142odu s\u0142ynnego na ca\u0142ym \u015bwiecie wodospadu Manavgat, jest kontynuowana rejsem \u0142odzi\u0105 po rzece Manavgat, kt\u00f3ry trwa oko\u0142o czterech godzin. W miejscu, gdzie rzeka spotyka si\u0119 z Morzem \u015ar\u00f3dziemnym, ko\u0144czy si\u0119 przyjemno\u015b\u0107 p\u0142ywania, s\u0142ynny targ Manavgat i wizyta w meczecie kompleksu.  <\/span><\/p>\n<p><span style=\"font-weight: 400;\">Dzi\u0119ki profesjonalnemu przewodnictwu i komfortowej us\u0142udze transferu Sencap Tour mo\u017cesz mie\u0107 dzie\u0144, kt\u00f3ry jest zar\u00f3wno spokojny, jak i zabawny.<\/span><\/p>\n<h2>Co zyskasz dzi\u0119ki tej wycieczce<\/h2>\n<p><span style=\"font-weight: 400;\">Ciesz si\u0119 przyrod\u0105 i kultur\u0105 podczas wycieczki \u0142odzi\u0105 Manavgat:<\/span><\/p>\n<ol>\n<li style=\"font-weight: 400;\" aria-level=\"1\"><b>Odkrycie naturalnych pi\u0119kno\u015bci:<\/b> <span style=\"font-weight: 400;\">Wspania\u0142y widok na wodospad Manavgat i spokojny d\u017awi\u0119k epoki.<\/span><\/li>\n<li style=\"font-weight: 400;\" aria-level=\"1\"><b>Przyjemno\u015b\u0107 p\u0142ywania:<\/b> <span style=\"font-weight: 400;\">Mo\u017cliwo\u015b\u0107 och\u0142odzenia si\u0119 w wyj\u0105tkowym miejscu, w kt\u00f3rym zbiegaj\u0105 si\u0119 rzeka i morze.<\/span><\/li>\n<li style=\"font-weight: 400;\" aria-level=\"1\"><b>Obserwacja dzikiej przyrody: <\/b><span style=\"font-weight: 400;\">Mo\u017cliwo\u015b\u0107 zobaczenia \u017c\u00f3\u0142wi wodnych i pelikan\u00f3w w rzece.<\/span><\/li>\n<li style=\"font-weight: 400;\" aria-level=\"1\"><b>Wycieczka kulturalna:<\/b> <span style=\"font-weight: 400;\">Meczet Manavgat i przyjemne zakupy na najwi\u0119kszym targu regionu.<\/span><\/li>\n<li style=\"font-weight: 400;\" aria-level=\"1\"><b>Relaksuj\u0105ca atmosfera: <\/b><span style=\"font-weight: 400;\">Spokojna przeja\u017cd\u017cka \u0142odzi\u0105 przez serce natury.<\/span><\/li>\n<\/ol>\n<h2>Program wycieczek \u0142odzi\u0105 Alanya Manavgat<\/h2>\n<p><span style=\"font-weight: 400;\">Manavgat Boat Tour odbywa si\u0119 w ka\u017cdy poniedzia\u0142ek i czwartek. Program tej rundy, kt\u00f3ra trwa ca\u0142y dzie\u0144, jest nast\u0119puj\u0105cy <\/span><\/p>\n<ul>\n<li style=\"font-weight: 400;\" aria-level=\"1\"><b>Rano: <\/b><span style=\"font-weight: 400;\">Odbi\u00f3r z miejsca zakwaterowania w Alanyi<\/span><\/li>\n<li style=\"font-weight: 400;\" aria-level=\"1\"><b>Wycieczki \u0142odzi\u0105 po rzece Manavgat: <\/b><span style=\"font-weight: 400;\">przerwy na p\u0142ywanie i mo\u017cliwo\u015b\u0107 obserwacji dzikiej przyrody podczas 4-godzinnej przeja\u017cd\u017cki \u0142odzi\u0105<\/span><\/li>\n<li style=\"font-weight: 400;\" aria-level=\"1\"><b>Lunch:<\/b> <span style=\"font-weight: 400;\">Pyszny lunch serwowany na \u0142odzi<\/span><\/li>\n<li style=\"font-weight: 400;\" aria-level=\"1\"><b>Wizyta przy wodospadzie Manavgat:<\/b> <span style=\"font-weight: 400;\">Czas wolny i sesja zdj\u0119ciowa wok\u00f3\u0142 wodospadu<\/span><\/li>\n<li style=\"font-weight: 400;\" aria-level=\"1\"><b>Wizyta na targu Manavgat i meczecie Kulliye:<\/b> <span style=\"font-weight: 400;\">Zakupy i czas wolny podczas wizyty na najwi\u0119kszym targu i meczecie w regionie<\/span><\/li>\n<li style=\"font-weight: 400;\" aria-level=\"1\"><b>Po po\u0142udniu:<\/b> <span style=\"font-weight: 400;\">Powr\u00f3t do hotelu w Alanyi<\/span><\/li>\n<\/ul>\n<h2>W cenie wycieczki zawarte s\u0105<\/h2>\n<ul>\n<li style=\"font-weight: 400;\" aria-level=\"1\"><span style=\"font-weight: 400;\">Us\u0142uga transferu z Alanyi<\/span><\/li>\n<li style=\"font-weight: 400;\" aria-level=\"1\"><span style=\"font-weight: 400;\">Profesjonalny przewodnik turystyczny<\/span><\/li>\n<li style=\"font-weight: 400;\" aria-level=\"1\"><span style=\"font-weight: 400;\">Op\u0142ata za wst\u0119p do wodospadu Manavgat<\/span><\/li>\n<li style=\"font-weight: 400;\" aria-level=\"1\"><span style=\"font-weight: 400;\">Obiad<\/span><\/li>\n<\/ul>\n<h2>Nie zawiera w cenie<\/h2>\n<ul>\n<li style=\"font-weight: 400;\" aria-level=\"1\"><span style=\"font-weight: 400;\">Napoje<\/span><\/li>\n<li style=\"font-weight: 400;\" aria-level=\"1\"><span style=\"font-weight: 400;\">Zdj\u0119cia<\/span><\/li>\n<\/ul>\n<h2>Co nale\u017cy zabra\u0107 ze sob\u0105<\/h2>\n<ul>\n<li style=\"font-weight: 400;\" aria-level=\"1\"><span style=\"font-weight: 400;\">Stroje k\u0105pielowe i r\u0119czniki<\/span><\/li>\n<li style=\"font-weight: 400;\" aria-level=\"1\"><span style=\"font-weight: 400;\">Krem przeciws\u0142oneczny<\/span><\/li>\n<li style=\"font-weight: 400;\" aria-level=\"1\"><span style=\"font-weight: 400;\">Aparat lub telefon<\/span><\/li>\n<li style=\"font-weight: 400;\" aria-level=\"1\"><span style=\"font-weight: 400;\">Kapelusz i okulary przeciws\u0142oneczne<\/span><\/li>\n<li style=\"font-weight: 400;\" aria-level=\"1\"><span style=\"font-weight: 400;\">Wygodne ubrania<\/span><\/li>\n<\/ul>\n<h2>Niezapomniany dzie\u0144 z wycieczk\u0105 \u0142odzi\u0105 Alanya Manavgat<\/h2>\n<p><span style=\"font-weight: 400;\">Ta wycieczka oferuje doskona\u0142\u0105 okazj\u0119 dla tych, kt\u00f3rzy chc\u0105 odpocz\u0105\u0107 w ch\u0142odnych wodach rzeki Manavgat, cieszy\u0107 si\u0119 naturalnym pi\u0119knem i prze\u017cy\u0107 wyj\u0105tkowe wra\u017cenia p\u0142ywackie. Sp\u0119dzisz dzie\u0144 pe\u0142en fascynuj\u0105cych widok\u00f3w na wodospad Manavgat, spokojnej przeja\u017cd\u017cki \u0142odzi\u0105 po rzece i odkrycia bogactw kulturowych. <\/span><\/p>\n<p><span style=\"font-weight: 400;\">Dzi\u0119ki profesjonalnemu przewodnictwu i niezawodnej obs\u0142udze Sencap Tour mo\u017cesz sp\u0119dzi\u0107 przyjemny dzie\u0144 z rodzin\u0105 i bliskimi oraz zgromadzi\u0107 niezapomniane wspomnienia. Mo\u017cesz do\u0142\u0105czy\u0107 do tej specjalnej wycieczki, rezerwuj\u0105c ju\u017c teraz!  <\/span><\/p>\n<h2>Dlaczego warto wybra\u0107 Sencap Tour?<\/h2>\n<p><span style=\"font-weight: 400;\">Jako Sencap Tour oferujemy Pa\u0144stwu wyj\u0105tkowe wra\u017cenia dzi\u0119ki naszym us\u0142ugom, kt\u00f3re robi\u0105 r\u00f3\u017cnic\u0119 w Manavgat Boat Tour:<\/span><\/p>\n<ul>\n<li style=\"font-weight: 400;\" aria-level=\"1\"><b>Komfortowe transfery: <\/b><span style=\"font-weight: 400;\">Transport z Alanyi do Manavgat wygodnymi i klimatyzowanymi pojazdami.<\/span><\/li>\n<li style=\"font-weight: 400;\" aria-level=\"1\"><b>Profesjonalne doradztwo:<\/b> <span style=\"font-weight: 400;\">Nasi kompetentni i do\u015bwiadczeni przewodnicy b\u0119d\u0105 towarzyszy\u0107 nam przez ca\u0142y czas trwania wycieczki.<\/span><\/li>\n<li style=\"font-weight: 400;\" aria-level=\"1\"><b>Bogaty program:<\/b> <span style=\"font-weight: 400;\">wycieczka pe\u0142na wodospad\u00f3w, rzek, p\u0142ywania i wizyt na targu.<\/span><\/li>\n<li style=\"font-weight: 400;\" aria-level=\"1\"><b>Przyjazne rodzinie:<\/b> <span style=\"font-weight: 400;\">Zaj\u0119cia, kt\u00f3re przypadn\u0105 do gustu naszym go\u015bciom w ka\u017cdym wieku.<\/span><\/li>\n<li style=\"font-weight: 400;\" aria-level=\"1\"><b>Satysfakcja klienta:<\/b> <span style=\"font-weight: 400;\">Twoje bezpiecze\u0144stwo i satysfakcja zawsze maj\u0105 pierwsze\u0144stwo.<\/span><\/li>\n<\/ul>\n<p><span style=\"font-weight: 400;\">Prze\u017cyj niezapomniane chwile podczas wakacji, bior\u0105c udzia\u0142 w wycieczce \u0142odzi\u0105 Manavgat Boat Tour z Sencap Tour. Zarezerwuj ju\u017c teraz i wyrusz w t\u0119 spokojn\u0105 przygod\u0119!  <\/span><\/p>\n","protected":false},"excerpt":{"rendered":"<p>Wycieczka \u0142odzi\u0105 Alanya Manavgat: pok\u00f3j i natura razem Wycieczka \u0142odzi\u0105 Manavgat z Alanyi oferuje wyj\u0105tkowe wra\u017cenia dla tych, kt\u00f3rzy chc\u0105 sp\u0119dzi\u0107 relaksuj\u0105cy dzie\u0144. Nasza wycieczka, kt\u00f3ra zaczyna si\u0119 od ch\u0142odu s\u0142ynnego na ca\u0142ym \u015bwiecie wodospadu Manavgat, jest kontynuowana rejsem \u0142odzi\u0105 po rzece Manavgat, kt\u00f3ry trwa oko\u0142o czterech godzin. W miejscu, gdzie rzeka spotyka si\u0119 z [&#8230;]\n","protected":false},"featured_media":5405,"comment_status":"open","ping_status":"closed","template":"","meta":{"_joinchat":[]},"product_brand":[],"product_cat":[118,119,117],"product_tag":[],"class_list":{"0":"post-5400","1":"product","2":"type-product","3":"status-publish","4":"has-post-thumbnail","6":"product_cat-wycieczki-jednodniowe","7":"product_cat-wycieczki-przygodowe","8":"product_cat-wycieczki-przyrodnicze","10":"first","11":"instock","12":"virtual","13":"sold-individually","14":"purchasable","15":"product-type-booking"},"booking_location":"","booking_location_type":"","booking_duration":1,"booking_duration_unit":"day","booking_buffer":0,"booking_cost":0,"booking_resources":[],"_links":{"self":[{"href":"https:\/\/sencaptour.com\/pl\/wp-json\/wp\/v2\/product\/5400","targetHints":{"allow":["GET"]}}],"collection":[{"href":"https:\/\/sencaptour.com\/pl\/wp-json\/wp\/v2\/product"}],"about":[{"href":"https:\/\/sencaptour.com\/pl\/wp-json\/wp\/v2\/types\/product"}],"replies":[{"embeddable":true,"href":"https:\/\/sencaptour.com\/pl\/wp-json\/wp\/v2\/comments?post=5400"}],"wp:featuredmedia":[{"embeddable":true,"href":"https:\/\/sencaptour.com\/pl\/wp-json\/wp\/v2\/media\/5405"}],"wp:attachment":[{"href":"https:\/\/sencaptour.com\/pl\/wp-json\/wp\/v2\/media?parent=5400"}],"wp:term":[{"taxonomy":"product_brand","embeddable":true,"href":"https:\/\/sencaptour.com\/pl\/wp-json\/wp\/v2\/product_brand?post=5400"},{"taxonomy":"product_cat","embeddable":true,"href":"https:\/\/sencaptour.com\/pl\/wp-json\/wp\/v2\/product_cat?post=5400"},{"taxonomy":"product_tag","embeddable":true,"href":"https:\/\/sencaptour.com\/pl\/wp-json\/wp\/v2\/product_tag?post=5400"}],"curies":[{"name":"wp","href":"https:\/\/api.w.org\/{rel}","templated":true}]}}