{"id":5448,"date":"2023-05-31T21:59:58","date_gmt":"2023-05-31T18:59:58","guid":{"rendered":"https:\/\/sencaptour.com\/turlar\/wycieczka-po-delfinie-alanya\/"},"modified":"2023-05-31T21:59:58","modified_gmt":"2023-05-31T18:59:58","slug":"wycieczka-po-delfinie-alanya","status":"publish","type":"product","link":"https:\/\/sencaptour.com\/pl\/wycieczki\/wycieczka-po-delfinie-alanya\/","title":{"rendered":"Wycieczka po delfinie Alanya"},"content":{"rendered":"<h2>Alanya Dolphin Show Tour: Rozrywka przyjazna rodzinie<\/h2>\n<p><span style=\"font-weight: 400;\">Alanya Dolphin Show Tour, odbywaj\u0105ca si\u0119 w Sealanya Dolphinpark, jest jedn\u0105 z ulubionych atrakcji rodzin z dzie\u0107mi. Jeden z najwi\u0119kszych park\u00f3w delfin\u00f3w w Europie, Sealanya Dolphinpark, po\u0142o\u017cony jest w tureckim kurorcie, zaledwie 20 km od Alanyi. W tym pe\u0142nym zabawy przedstawieniu, kt\u00f3re trwa oko\u0142o 1 godziny, ogl\u0105daj\u0105c imponuj\u0105ce wyst\u0119py lw\u00f3w morskich i delfin\u00f3w w\u0105skich garde\u0142, zar\u00f3wno dzieci, jak i doro\u015bli zgromadz\u0105 niezapomniane wspomnienia.  <\/span><\/p>\n<h2>Co zyskasz dzi\u0119ki tej wycieczce<\/h2>\n<p><span style=\"font-weight: 400;\">Dzi\u0119ki Alanya Dolphin Show Tour mo\u017cesz zgromadzi\u0107 niezapomniane wspomnienia, sp\u0119dzaj\u0105c dzie\u0144 pe\u0142en zabawy:<\/span><\/p>\n<ol>\n<li style=\"font-weight: 400;\" aria-level=\"1\"><b>Poznaj urocze stworzenia morskie:<\/b><span style=\"font-weight: 400;\"> ogl\u0105daj zabawne ta\u0144ce i gry delfin\u00f3w i lw\u00f3w morskich.<\/span><\/li>\n<li style=\"font-weight: 400;\" aria-level=\"1\"><b>\u015awietne wydarzenie dla dzieci:<\/b><span style=\"font-weight: 400;\"> edukacyjne i zabawne do\u015bwiadczenie, szczeg\u00f3lnie dla dzieci.<\/span><\/li>\n<li style=\"font-weight: 400;\" aria-level=\"1\"><b>Sesja zdj\u0119ciowa:<\/b> <span style=\"font-weight: 400;\">Uwiecznij swoje wspomnienia, robi\u0105c darmowe zdj\u0119cia w trakcie i na ko\u0144cu pokazu.<\/span><\/li>\n<li style=\"font-weight: 400;\" aria-level=\"1\"><b>Zabawne pokazy: <\/b><span style=\"font-weight: 400;\">Ogl\u0105daj wyst\u0119py ta\u0144cz\u0105cych \u017co\u0142nierzy piechoty morskiej i delfin\u00f3w graj\u0105cych w gry bilardowe z muzyk\u0105.<\/span><\/li>\n<li style=\"font-weight: 400;\" aria-level=\"1\"><b>\u0141atwy dost\u0119p i komfort:<\/b><span style=\"font-weight: 400;\"> \u0142atwy transport i komfortowe wra\u017cenia z Alanyi.<\/span><\/li>\n<\/ol>\n<h2>Program wycieczki Alanya Dolphin Show<\/h2>\n<p><span style=\"font-weight: 400;\">Program Alanya Dolphin Show Tour, kt\u00f3ry trwa oko\u0142o 1 godziny, jest nast\u0119puj\u0105cy<\/span><\/p>\n<ul>\n<li style=\"font-weight: 400;\" aria-level=\"1\"><b>Rano: <\/b><span style=\"font-weight: 400;\">Odbi\u00f3r z adresu, pod kt\u00f3rym przebywasz w Alanyi<\/span><\/li>\n<li style=\"font-weight: 400;\" aria-level=\"1\"><b>Przyjazd do Sealanya Dolphinpark:<\/b><span style=\"font-weight: 400;\"> Wej\u015bcie na teren wystawy i osad\u0119<\/span><\/li>\n<li style=\"font-weight: 400;\" aria-level=\"1\"><b>Pocz\u0105tek spektaklu:<\/b> <span style=\"font-weight: 400;\">Taniec i wyst\u0119py d\u017awi\u0119kowe lw\u00f3w morskich z muzyk\u0105 (oko\u0142o 15 minut)<\/span><\/li>\n<li style=\"font-weight: 400;\" aria-level=\"1\"><b>Pokaz delfin\u00f3w:<\/b><span style=\"font-weight: 400;\"> Ta\u0144ce wodne, gry w pi\u0142k\u0119 i wyst\u0119py hulahopowe delfin\u00f3w butlonosych<\/span><\/li>\n<li style=\"font-weight: 400;\" aria-level=\"1\"><b>Darmowa sesja zdj\u0119ciowa:<\/b> <span style=\"font-weight: 400;\">sesja zdj\u0119ciowa przy basenie po pokazie<\/span><\/li>\n<li style=\"font-weight: 400;\" aria-level=\"1\"><b>Powr\u00f3t:<\/b><span style=\"font-weight: 400;\"> Wyjazd na Tw\u00f3j adres w Alanya<\/span><\/li>\n<\/ul>\n<h2>W cenie wycieczki zawarte s\u0105<\/h2>\n<ul>\n<li style=\"font-weight: 400;\" aria-level=\"1\"><span style=\"font-weight: 400;\">Odbi\u00f3r i wyjazd z miejsca pobytu w Alanya<\/span><\/li>\n<li style=\"font-weight: 400;\" aria-level=\"1\"><span style=\"font-weight: 400;\">Oko\u0142o 1 godziny pokazu delfin\u00f3w i port\u00f3w morskich<\/span><\/li>\n<\/ul>\n<h2>Nie zawiera w cenie<\/h2>\n<ul>\n<li style=\"font-weight: 400;\" aria-level=\"1\"><span style=\"font-weight: 400;\">P\u0142ywanie z delfinami i fokami<\/span><\/li>\n<li style=\"font-weight: 400;\" aria-level=\"1\"><span style=\"font-weight: 400;\">Materia\u0142y fotograficzne i wideo (us\u0142ugi profesjonalne)<\/span><\/li>\n<li style=\"font-weight: 400;\" aria-level=\"1\"><span style=\"font-weight: 400;\">Jedzenie i napoje<\/span><\/li>\n<\/ul>\n<h2>Co nale\u017cy zabra\u0107 ze sob\u0105<\/h2>\n<ul>\n<li style=\"font-weight: 400;\" aria-level=\"1\"><span style=\"font-weight: 400;\">Aparat lub telefon<\/span><\/li>\n<li style=\"font-weight: 400;\" aria-level=\"1\"><span style=\"font-weight: 400;\">Krem przeciws\u0142oneczny<\/span><\/li>\n<li style=\"font-weight: 400;\" aria-level=\"1\"><span style=\"font-weight: 400;\">Kapelusz i okulary przeciws\u0142oneczne<\/span><\/li>\n<\/ul>\n<h2>Niezapomniany dzie\u0144 z Alanya Dolphin Show Tour<\/h2>\n<p><span style=\"font-weight: 400;\">Alanya Dolphin Show Tour w Sealanya Dolphinpark oferuje zabawne i edukacyjne wydarzenie dla uczestnik\u00f3w w ka\u017cdym wieku. Spektakl ten, wype\u0142niony akompaniamentem muzycznym, ta\u0144cz\u0105cymi \u017co\u0142nierzami piechoty morskiej, grami w basenie, delfinami i nie tylko, b\u0119dzie niezapomnianym prze\u017cyciem zar\u00f3wno dla dzieci, jak i doros\u0142ych. <\/span><\/p>\n<p><span style=\"font-weight: 400;\">Dzi\u0119ki profesjonalnej obs\u0142udze Sencap Tour do\u015bwiadcz przywileju wygodnego transportu i zabawnego dnia. Mo\u017cesz do\u0142\u0105czy\u0107 do tej zabawnej wycieczki, rezerwuj\u0105c ju\u017c teraz!  <\/span><\/p>\n<h2>Dlaczego warto wybra\u0107 Sencap Tour?<\/h2>\n<p><span style=\"font-weight: 400;\">Jako Sencap Tour oferujemy us\u0142ugi, kt\u00f3re robi\u0105 r\u00f3\u017cnic\u0119 w Dolphin Show Tour:<\/span><\/p>\n<ul>\n<li style=\"font-weight: 400;\" aria-level=\"1\"><b>Komfortowy transfer:<\/b> <span style=\"font-weight: 400;\">Komfortowy dost\u0119p do Dolphinpark z Alanyi.<\/span><\/li>\n<li style=\"font-weight: 400;\" aria-level=\"1\"><b>Zabawne pokazy:<\/b> <span style=\"font-weight: 400;\">Obejrzyj imponuj\u0105ce wyst\u0119py delfin\u00f3w i lw\u00f3w morskich.<\/span><\/li>\n<li style=\"font-weight: 400;\" aria-level=\"1\"><b>Przyjazne rodzinie:<\/b><span style=\"font-weight: 400;\"> edukacyjne dla dzieci, zabawne zaj\u0119cia dla doros\u0142ych.<\/span><\/li>\n<li style=\"font-weight: 400;\" aria-level=\"1\"><b>Uwiecznij swoje wspomnienia:<\/b><span style=\"font-weight: 400;\"> Nagraj swoje wspomnienia za pomoc\u0105 bezp\u0142atnej sesji zdj\u0119ciowej.<\/span><\/li>\n<li style=\"font-weight: 400;\" aria-level=\"1\"><b>Satysfakcja Klienta:<\/b> <span style=\"font-weight: 400;\">Twoje bezpiecze\u0144stwo i satysfakcja s\u0105 zawsze naszym priorytetem.<\/span><\/li>\n<\/ul>\n<p><span style=\"font-weight: 400;\">Poznaj fascynuj\u0105cy \u015bwiat Sealanya Dolphinpark dzi\u0119ki Sencap Tour. Prze\u017cyj to niezapomniane prze\u017cycie, rezerwuj\u0105c ju\u017c teraz!  <\/span><\/p>\n","protected":false},"excerpt":{"rendered":"<p>Alanya Dolphin Show Tour: Rozrywka przyjazna rodzinie Alanya Dolphin Show Tour, odbywaj\u0105ca si\u0119 w Sealanya Dolphinpark, jest jedn\u0105 z ulubionych atrakcji rodzin z dzie\u0107mi. Jeden z najwi\u0119kszych park\u00f3w delfin\u00f3w w Europie, Sealanya Dolphinpark, po\u0142o\u017cony jest w tureckim kurorcie, zaledwie 20 km od Alanyi. W tym pe\u0142nym zabawy przedstawieniu, kt\u00f3re trwa oko\u0142o 1 godziny, ogl\u0105daj\u0105c imponuj\u0105ce [&#8230;]\n","protected":false},"featured_media":5452,"comment_status":"open","ping_status":"closed","template":"","meta":{"_joinchat":[]},"product_brand":[],"product_cat":[118,119,117],"product_tag":[],"class_list":{"0":"post-5448","1":"product","2":"type-product","3":"status-publish","4":"has-post-thumbnail","6":"product_cat-wycieczki-jednodniowe","7":"product_cat-wycieczki-przygodowe","8":"product_cat-wycieczki-przyrodnicze","10":"first","11":"instock","12":"virtual","13":"sold-individually","14":"purchasable","15":"product-type-booking"},"booking_location":"","booking_location_type":"","booking_duration":1,"booking_duration_unit":"day","booking_buffer":0,"booking_cost":0,"booking_resources":[],"_links":{"self":[{"href":"https:\/\/sencaptour.com\/pl\/wp-json\/wp\/v2\/product\/5448","targetHints":{"allow":["GET"]}}],"collection":[{"href":"https:\/\/sencaptour.com\/pl\/wp-json\/wp\/v2\/product"}],"about":[{"href":"https:\/\/sencaptour.com\/pl\/wp-json\/wp\/v2\/types\/product"}],"replies":[{"embeddable":true,"href":"https:\/\/sencaptour.com\/pl\/wp-json\/wp\/v2\/comments?post=5448"}],"wp:featuredmedia":[{"embeddable":true,"href":"https:\/\/sencaptour.com\/pl\/wp-json\/wp\/v2\/media\/5452"}],"wp:attachment":[{"href":"https:\/\/sencaptour.com\/pl\/wp-json\/wp\/v2\/media?parent=5448"}],"wp:term":[{"taxonomy":"product_brand","embeddable":true,"href":"https:\/\/sencaptour.com\/pl\/wp-json\/wp\/v2\/product_brand?post=5448"},{"taxonomy":"product_cat","embeddable":true,"href":"https:\/\/sencaptour.com\/pl\/wp-json\/wp\/v2\/product_cat?post=5448"},{"taxonomy":"product_tag","embeddable":true,"href":"https:\/\/sencaptour.com\/pl\/wp-json\/wp\/v2\/product_tag?post=5448"}],"curies":[{"name":"wp","href":"https:\/\/api.w.org\/{rel}","templated":true}]}}