{"id":5469,"date":"2023-05-31T21:44:20","date_gmt":"2023-05-31T18:44:20","guid":{"rendered":"https:\/\/sencaptour.com\/turlar\/wycieczka-nurkowa-po-alanyi\/"},"modified":"2023-05-31T21:44:20","modified_gmt":"2023-05-31T18:44:20","slug":"wycieczka-nurkowa-po-alanyi","status":"publish","type":"product","link":"https:\/\/sencaptour.com\/pl\/wycieczki\/wycieczka-nurkowa-po-alanyi\/","title":{"rendered":"Wycieczka nurkowa po Alanyi"},"content":{"rendered":"<h2>Wycieczka nurkowa po Alanyi: podr\u00f3\u017c do podwodnego \u015bwiata Morza \u015ar\u00f3dziemnego<\/h2>\n<p><span style=\"font-weight: 400;\">Alanya Diving Tour to \u015bwietna okazja, aby pozna\u0107 fascynuj\u0105cy podwodny \u015bwiat Morza \u015ar\u00f3dziemnego. Podwodne jaskinie, rafy i kolorowe stworzenia morskie wok\u00f3\u0142 zamku Alanya sprawiaj\u0105, \u017ce ta wycieczka staje si\u0119 niezapomnianym prze\u017cyciem. <\/span><\/p>\n<p><span style=\"font-weight: 400;\">Dzi\u0119ki do\u015bwiadczonym instruktorom nurkowania z Sencap Tour mo\u017cesz bezpiecznie nurkowa\u0107, nawet je\u015bli nie masz do\u015bwiadczenia. Nawet nasi go\u015bcie, kt\u00f3rzy nie p\u0142ywaj\u0105, mog\u0105 wzi\u0105\u0107 udzia\u0142 w tym wyj\u0105tkowym do\u015bwiadczeniu pod okiem naszych instruktor\u00f3w. Wyszkolone nurkowania na odpowiednich g\u0142\u0119boko\u015bciach do pierwszego nurkowania odbywaj\u0105 si\u0119 w g\u0142\u0119bszych punktach dla naszych bardziej do\u015bwiadczonych go\u015bci.  <\/span><\/p>\n<h2>Co zyskasz dzi\u0119ki tej wycieczce<\/h2>\n<p><span style=\"font-weight: 400;\">Alanya Diving Tour to doskona\u0142a okazja, aby pozna\u0107 fascynuj\u0105cy \u015bwiat Morza \u015ar\u00f3dziemnego i prze\u017cy\u0107 niezapomnian\u0105 przygod\u0119:<\/span><\/p>\n<ol>\n<li style=\"font-weight: 400;\" aria-level=\"1\"><b>Odkryj podwodne jaskinie:<\/b><span style=\"font-weight: 400;\"> Zobacz cuda natury, nurkuj\u0105c w jaskiniach wok\u00f3\u0142 zamku Alanya.<\/span><\/li>\n<li style=\"font-weight: 400;\" aria-level=\"1\"><b>Poznaj stworzenia morskie:<\/b><span style=\"font-weight: 400;\"> Poznaj kolorowe ryby, ro\u015bliny i inne podwodne stworzenia.<\/span><\/li>\n<li style=\"font-weight: 400;\" aria-level=\"1\"><b>B\u0105d\u017a bezpieczny z profesjonalnymi instruktorami:<\/b> <span style=\"font-weight: 400;\">bezpieczne nurkowanie z do\u015bwiadczonymi instruktorami.<\/span><\/li>\n<li style=\"font-weight: 400;\" aria-level=\"1\"><b>Dwa do\u015bwiadczenia nurkowe:<\/b><span style=\"font-weight: 400;\"> Pierwsze nurkowanie ma g\u0142\u0119boko\u015b\u0107 3-5 metr\u00f3w, a drugie 10-15 metr\u00f3w.<\/span><\/li>\n<li style=\"font-weight: 400;\" aria-level=\"1\"><b>Przyjemny dzie\u0144:<\/b><span style=\"font-weight: 400;\"> p\u0142ywanie, opalanie i pyszny lunch pomi\u0119dzy dwoma nurkowaniami.<\/span><\/li>\n<\/ol>\n<h2>Program wycieczki nurkowej w Alanyi<\/h2>\n<p><span style=\"font-weight: 400;\">Program codziennej wycieczki nurkowej Alanya Diving Tour jest nast\u0119puj\u0105cy:<\/span><\/p>\n<ul>\n<li style=\"font-weight: 400;\" aria-level=\"1\"><b>Rano:<\/b> <span style=\"font-weight: 400;\">Odbi\u00f3r z hotelu lub adresu, pod kt\u00f3rym si\u0119 zatrzymujesz<\/span><\/li>\n<li style=\"font-weight: 400;\" aria-level=\"1\"><b>Przej\u015bcie na \u0142\u00f3d\u017a:<\/b> <span style=\"font-weight: 400;\">kontrole stanu zdrowia i teoretyczne szkolenie nurkowe<\/span><\/li>\n<li style=\"font-weight: 400;\" aria-level=\"1\"><b>Pierwsze nurkowanie:<\/b> <span style=\"font-weight: 400;\">kr\u00f3tkoterminowy trening nurkowy i trening na g\u0142\u0119boko\u015bci 3-5 metr\u00f3w<\/span><\/li>\n<li style=\"font-weight: 400;\" aria-level=\"1\"><b>Lunch:<\/b> <span style=\"font-weight: 400;\">Pyszny posi\u0142ek i przerwa na odpoczynek na \u0142odzi<\/span><\/li>\n<li style=\"font-weight: 400;\" aria-level=\"1\"><b>Drugie nurkowanie:<\/b> <span style=\"font-weight: 400;\">d\u0142u\u017csze do\u015bwiadczenie nurkowe na g\u0142\u0119boko\u015bci 10-15 metr\u00f3w<\/span><\/li>\n<li style=\"font-weight: 400;\" aria-level=\"1\"><b>P\u0142ywanie i opalanie:<\/b> <span style=\"font-weight: 400;\">Czas wolny mi\u0119dzy nurkowaniami<\/span><\/li>\n<li style=\"font-weight: 400;\" aria-level=\"1\"><b>Powr\u00f3t na \u0142\u00f3d\u017a:<\/b> <span style=\"font-weight: 400;\">Przylot do portu po nurkowaniu<\/span><\/li>\n<li style=\"font-weight: 400;\" aria-level=\"1\"><b>Wiecz\u00f3r:<\/b> <span style=\"font-weight: 400;\">Wyjazd do hotelu lub adresu w Alanya<\/span><\/li>\n<\/ul>\n<h2>W cenie wycieczki zawarte s\u0105<\/h2>\n<ul>\n<li style=\"font-weight: 400;\" aria-level=\"1\"><span style=\"font-weight: 400;\">Us\u0142uga transferu z Alanyi (zakup i wyjazd z hotelu)<\/span><\/li>\n<li style=\"font-weight: 400;\" aria-level=\"1\"><span style=\"font-weight: 400;\">Obiad<\/span><\/li>\n<li style=\"font-weight: 400;\" aria-level=\"1\"><span style=\"font-weight: 400;\">Ca\u0142y sprz\u0119t do nurkowania<\/span><\/li>\n<li style=\"font-weight: 400;\" aria-level=\"1\"><span style=\"font-weight: 400;\">Specjalistyczni instruktorzy nurkowania i wskaz\u00f3wki<\/span><\/li>\n<\/ul>\n<h2>Nie zawiera w cenie<\/h2>\n<ul>\n<li style=\"font-weight: 400;\" aria-level=\"1\"><span style=\"font-weight: 400;\">Napoje<\/span><\/li>\n<li style=\"font-weight: 400;\" aria-level=\"1\"><span style=\"font-weight: 400;\">Zdj\u0119cia i filmy podwodne<\/span><\/li>\n<\/ul>\n<h2>Co nale\u017cy zabra\u0107 ze sob\u0105<\/h2>\n<ul>\n<li style=\"font-weight: 400;\" aria-level=\"1\"><span style=\"font-weight: 400;\">Stroje k\u0105pielowe i r\u0119czniki<\/span><\/li>\n<li style=\"font-weight: 400;\" aria-level=\"1\"><span style=\"font-weight: 400;\">Krem przeciws\u0142oneczny<\/span><\/li>\n<li style=\"font-weight: 400;\" aria-level=\"1\"><span style=\"font-weight: 400;\">Wodoodporna torba<\/span><\/li>\n<li style=\"font-weight: 400;\" aria-level=\"1\"><span style=\"font-weight: 400;\">Zapasowe ubrania<\/span><\/li>\n<\/ul>\n<h2>Niezapomniany dzie\u0144 z Alanya Diving Tour<\/h2>\n<p><span style=\"font-weight: 400;\">Je\u015bli chcesz odkry\u0107 fascynuj\u0105ce pi\u0119kno podwodnego \u015bwiata, nurkuj\u0105c w czystych wodach Morza \u015ar\u00f3dziemnego, Alanya Diving Tour jest w\u0142a\u015bnie dla Ciebie! Podczas gdy b\u0119dziesz mia\u0142 bezpieczne do\u015bwiadczenie nurkowania z naszymi profesjonalnymi instruktorami, zgromadzisz r\u00f3wnie\u017c niezapomniane wspomnienia. <\/span><\/p>\n<p><span style=\"font-weight: 400;\">Ta wycieczka jest odpowiednia nawet dla tych, kt\u00f3rzy nie potrafi\u0105 p\u0142ywa\u0107 i b\u0119d\u0105 nurkowa\u0107 po raz pierwszy. Go\u015bcie, kt\u00f3rzy chc\u0105 po prostu wybra\u0107 si\u0119 z rodzin\u0105 na wycieczk\u0119 \u0142odzi\u0105, mog\u0105 r\u00f3wnie\u017c cieszy\u0107 si\u0119 opalaniem i p\u0142ywaniem. Ju\u017c teraz mo\u017cesz zarezerwowa\u0107 udzia\u0142 w nurkowej przygodzie, korzystaj\u0105c z niezawodnej i komfortowej us\u0142ugi Sencap Tour!   <\/span><\/p>\n<h2>Dlaczego warto wybra\u0107 Sencap Tour?<\/h2>\n<p><span style=\"font-weight: 400;\">Jako Sencap Tour oferujemy Pa\u0144stwu niezapomniane wra\u017cenia dzi\u0119ki naszym us\u0142ugom, kt\u00f3re robi\u0105 r\u00f3\u017cnic\u0119 w Diving Tour:<\/span><\/p>\n<ul>\n<li style=\"font-weight: 400;\" aria-level=\"1\"><b>Bezpieczna i profesjonalna obs\u0142uga:<\/b> <span style=\"font-weight: 400;\">Bezpieczne nurkowanie z naszymi do\u015bwiadczonymi instruktorami.<\/span><\/li>\n<li style=\"font-weight: 400;\" aria-level=\"1\"><b>Kompleksowy program:<\/b><span style=\"font-weight: 400;\"> Nurkowanie, przerwy na lunch i odpoczynek na dw\u00f3ch r\u00f3\u017cnych g\u0142\u0119boko\u015bciach.<\/span><\/li>\n<li style=\"font-weight: 400;\" aria-level=\"1\"><b>Opcje przyjazne rodzinie:<\/b><span style=\"font-weight: 400;\"> Cz\u0142onkowie rodziny, kt\u00f3rzy nie chc\u0105 nurkowa\u0107, mog\u0105 r\u00f3wnie\u017c sp\u0119dzi\u0107 przyjemny dzie\u0144 na \u0142odzi, bior\u0105c udzia\u0142 w wycieczce.<\/span><\/li>\n<li style=\"font-weight: 400;\" aria-level=\"1\"><b>Certyfikaty Mi\u0119dzynarodowe:<\/b> <span style=\"font-weight: 400;\">Oferujemy certyfikaty PADI, CMAS i PTSF dla naszych go\u015bci, kt\u00f3rzy sobie tego \u017cycz\u0105.<\/span><\/li>\n<li style=\"font-weight: 400;\" aria-level=\"1\"><b>Satysfakcja klienta:<\/b> <span style=\"font-weight: 400;\">Tw\u00f3j komfort i satysfakcja s\u0105 naszym najwy\u017cszym priorytetem.<\/span><\/li>\n<\/ul>\n<p><span style=\"font-weight: 400;\">Odkryj podwodny \u015bwiat Alanyi dzi\u0119ki Sencap Tour i spraw, aby Twoje wakacje by\u0142y niezapomniane. Do\u0142\u0105cz do nas w tej przygodzie, rezerwuj\u0105c ju\u017c teraz!  <\/span><\/p>\n","protected":false},"excerpt":{"rendered":"<p>Wycieczka nurkowa po Alanyi: podr\u00f3\u017c do podwodnego \u015bwiata Morza \u015ar\u00f3dziemnego Alanya Diving Tour to \u015bwietna okazja, aby pozna\u0107 fascynuj\u0105cy podwodny \u015bwiat Morza \u015ar\u00f3dziemnego. Podwodne jaskinie, rafy i kolorowe stworzenia morskie wok\u00f3\u0142 zamku Alanya sprawiaj\u0105, \u017ce ta wycieczka staje si\u0119 niezapomnianym prze\u017cyciem. Dzi\u0119ki do\u015bwiadczonym instruktorom nurkowania z Sencap Tour mo\u017cesz bezpiecznie nurkowa\u0107, nawet je\u015bli nie masz [&#8230;]\n","protected":false},"featured_media":5473,"comment_status":"open","ping_status":"closed","template":"","meta":{"_joinchat":[]},"product_brand":[],"product_cat":[118,119],"product_tag":[],"class_list":{"0":"post-5469","1":"product","2":"type-product","3":"status-publish","4":"has-post-thumbnail","6":"product_cat-wycieczki-jednodniowe","7":"product_cat-wycieczki-przygodowe","9":"first","10":"instock","11":"virtual","12":"sold-individually","13":"purchasable","14":"product-type-booking"},"booking_location":"","booking_location_type":"","booking_duration":1,"booking_duration_unit":"day","booking_buffer":0,"booking_cost":0,"booking_resources":[],"_links":{"self":[{"href":"https:\/\/sencaptour.com\/pl\/wp-json\/wp\/v2\/product\/5469","targetHints":{"allow":["GET"]}}],"collection":[{"href":"https:\/\/sencaptour.com\/pl\/wp-json\/wp\/v2\/product"}],"about":[{"href":"https:\/\/sencaptour.com\/pl\/wp-json\/wp\/v2\/types\/product"}],"replies":[{"embeddable":true,"href":"https:\/\/sencaptour.com\/pl\/wp-json\/wp\/v2\/comments?post=5469"}],"wp:featuredmedia":[{"embeddable":true,"href":"https:\/\/sencaptour.com\/pl\/wp-json\/wp\/v2\/media\/5473"}],"wp:attachment":[{"href":"https:\/\/sencaptour.com\/pl\/wp-json\/wp\/v2\/media?parent=5469"}],"wp:term":[{"taxonomy":"product_brand","embeddable":true,"href":"https:\/\/sencaptour.com\/pl\/wp-json\/wp\/v2\/product_brand?post=5469"},{"taxonomy":"product_cat","embeddable":true,"href":"https:\/\/sencaptour.com\/pl\/wp-json\/wp\/v2\/product_cat?post=5469"},{"taxonomy":"product_tag","embeddable":true,"href":"https:\/\/sencaptour.com\/pl\/wp-json\/wp\/v2\/product_tag?post=5469"}],"curies":[{"name":"wp","href":"https:\/\/api.w.org\/{rel}","templated":true}]}}