{"id":5552,"date":"2023-05-31T18:52:52","date_gmt":"2023-05-31T15:52:52","guid":{"rendered":"https:\/\/sencaptour.com\/turlar\/laznia-turecka\/"},"modified":"2023-05-31T18:52:52","modified_gmt":"2023-05-31T15:52:52","slug":"laznia-turecka","status":"publish","type":"product","link":"https:\/\/sencaptour.com\/pl\/wycieczki\/laznia-turecka\/","title":{"rendered":"\u0141a\u017ania Turecka"},"content":{"rendered":"<h2>Hamam \u0141a\u017ania turecka Alanya: wolna od stresu, od\u015bwie\u017caj\u0105ca<\/h2>\n<p><span style=\"font-weight: 400;\">Chcesz odnowi\u0107 si\u0119 fizycznie i duchowo na wakacjach i z\u0142agodzi\u0107 stres? \u0141a\u017ania Turecka Alanya oferuje wyj\u0105tkowy relaks poprzez oczyszczenie organizmu z toksyn. Dzi\u0119ki tradycyjnym rytua\u0142om \u0142a\u017ani tureckiej mo\u017cesz poci\u0107 si\u0119 w gor\u0105cej, suchej saunie, usuwa\u0107 toksyny, odnawia\u0107 sk\u00f3r\u0119 za pomoc\u0105 saszetki i masa\u017cu piankowego oraz rozpieszcza\u0107 cia\u0142o aromatycznym masa\u017cem olejowym.  <\/span><\/p>\n<p><span style=\"font-weight: 400;\">Dzi\u0119ki temu do\u015bwiadczeniu oferowanemu przez Sencap Tour mo\u017cesz rozpocz\u0105\u0107 wakacje od\u015bwie\u017cony dzi\u0119ki us\u0142ugom naszych profesjonalnych masa\u017cyst\u00f3w, korzystaj\u0105c jednocze\u015bnie z udogodnie\u0144 takich jak sauna, jacuzzi i \u0142a\u017ania parowa.<\/span><\/p>\n<h2>Co zyskasz dzi\u0119ki tej wycieczce<\/h2>\n<p><span style=\"font-weight: 400;\">Prze\u017cyj zdrowe i spokojne do\u015bwiadczenie z \u0141a\u017ani\u0105 Tureck\u0105 Alanya:<\/span><\/p>\n<ol>\n<li style=\"font-weight: 400;\" aria-level=\"1\"><b>Detoks i czyszczenie:<\/b> <span style=\"font-weight: 400;\">Dzi\u0119ki masa\u017cowi torebek oczy\u015b\u0107 sk\u00f3r\u0119 z martwego nask\u00f3rka i poczuj si\u0119 od\u015bwie\u017cony.<\/span><\/li>\n<li style=\"font-weight: 400;\" aria-level=\"1\"><b>G\u0142\u0119boki relaks:<\/b> <span style=\"font-weight: 400;\">Zrelaksuj si\u0119 masa\u017cem piankowym i rozlu\u017anij mi\u0119\u015bnie masa\u017cem olejkiem aromatycznym.<\/span><\/li>\n<li style=\"font-weight: 400;\" aria-level=\"1\"><b>Zdrowa sk\u00f3ra:<\/b> <span style=\"font-weight: 400;\">Ciep\u0142e \u015brodowisko k\u0105pieli otwiera pory, pozwalaj\u0105c sk\u00f3rze oddycha\u0107.<\/span><\/li>\n<li style=\"font-weight: 400;\" aria-level=\"1\"><b>Spok\u00f3j duchowy:<\/b> <span style=\"font-weight: 400;\">Ciesz si\u0119 spokojem w jacuzzi, saunie i \u0142a\u017ani parowej.<\/span><\/li>\n<li style=\"font-weight: 400;\" aria-level=\"1\"><b>Od\u015bwie\u017caj\u0105ce wakacje:<\/b> <span style=\"font-weight: 400;\">Rozpocznij wakacje z wi\u0119ksz\u0105 energi\u0105 i spokojem.<\/span><\/li>\n<\/ol>\n<h2>Program wycieczki do \u0142a\u017ani tureckiej w Alanyi<\/h2>\n<p><span style=\"font-weight: 400;\">\u0141a\u017ania Turecka Alanya oferuje elastyczny program, kt\u00f3ry mo\u017cesz odwiedzi\u0107 o ka\u017cdej porze w godzinach 10:00 &#8211; 17:00.<\/span><\/p>\n<h3>Szczeg\u00f3\u0142y programu:<\/h3>\n<ol>\n<li style=\"font-weight: 400;\" aria-level=\"1\"><b>Transfer:<\/b> <span style=\"font-weight: 400;\">Odbi\u00f3r z hotelu lub adresu w Alanya<\/span><\/li>\n<li style=\"font-weight: 400;\" aria-level=\"1\"><b>Sauna: <\/b><span style=\"font-weight: 400;\">Pocenie si\u0119 w suchej saunie i detoksykacja<\/span><\/li>\n<li style=\"font-weight: 400;\" aria-level=\"1\"><b>Masa\u017c woreczkiem i piank\u0105:<\/b> <span style=\"font-weight: 400;\">Od\u015bwie\u017c sk\u00f3r\u0119 tradycyjnymi rytua\u0142ami \u0142a\u017ani tureckiej<\/span><\/li>\n<li style=\"font-weight: 400;\" aria-level=\"1\"><b>Masa\u017c olejkiem aromatycznym:<\/b> <span style=\"font-weight: 400;\">Rozlu\u017anij mi\u0119\u015bnie w towarzystwie profesjonalnych masa\u017cyst\u00f3w<\/span><\/li>\n<li style=\"font-weight: 400;\" aria-level=\"1\"><b>Jacuzzi i \u0142a\u017ania parowa:<\/b> <span style=\"font-weight: 400;\">Korzystanie z \u0142a\u017ani parowej i jacuzzi dla dodatkowego relaksu i spokoju<\/span><\/li>\n<li style=\"font-weight: 400;\" aria-level=\"1\"><b>Powr\u00f3t:<\/b> <span style=\"font-weight: 400;\">Wyjazd po k\u0105pieli do miejsca zakwaterowania<\/span><\/li>\n<\/ol>\n<h2>W cenie wycieczki zawarte s\u0105<\/h2>\n<ul>\n<li style=\"font-weight: 400;\" aria-level=\"1\"><span style=\"font-weight: 400;\">Odbi\u00f3r i wyjazd z miejsca pobytu w Alanya<\/span><\/li>\n<li style=\"font-weight: 400;\" aria-level=\"1\"><span style=\"font-weight: 400;\">Us\u0142uga doradcza<\/span><\/li>\n<li style=\"font-weight: 400;\" aria-level=\"1\"><span style=\"font-weight: 400;\">Masa\u017c woreczkiem, piank\u0105 i olejkiem aromatycznym<\/span><\/li>\n<\/ul>\n<h2>Nie zawiera w cenie<\/h2>\n<ul>\n<li style=\"font-weight: 400;\" aria-level=\"1\"><span style=\"font-weight: 400;\">Maska na twarz<\/span><\/li>\n<li style=\"font-weight: 400;\" aria-level=\"1\"><span style=\"font-weight: 400;\">Manicure i pedicure<\/span><\/li>\n<\/ul>\n<h2>Co nale\u017cy zabra\u0107 ze sob\u0105<\/h2>\n<ul>\n<li style=\"font-weight: 400;\" aria-level=\"1\"><span style=\"font-weight: 400;\">Stroje k\u0105pielowe lub spodenki k\u0105pielowe<\/span><\/li>\n<li style=\"font-weight: 400;\" aria-level=\"1\"><span style=\"font-weight: 400;\">Zaleca si\u0119, aby nie przynosi\u0107 warto\u015bciowych przedmiot\u00f3w<\/span><\/li>\n<\/ul>\n<h2>Odnowij z Alanya Turkish Bath Tour<\/h2>\n<p><span style=\"font-weight: 400;\">\u0141a\u017ania Turecka Alanya to doskona\u0142a opcja na relaks zar\u00f3wno cia\u0142a, jak i duszy. Uczestnicz\u0105c w wycieczce k\u0105pielowej w pierwszych dniach wakacji, mo\u017cesz przygotowa\u0107 sk\u00f3r\u0119 do opalania i uzyska\u0107 trwalsz\u0105 i zdrowsz\u0105 opalenizn\u0119. Dzi\u0119ki gor\u0105cej saunie, masa\u017cowi piankowemu i masa\u017cowi olejkiem aromatycznym mo\u017cesz rozpocz\u0105\u0107 wakacje w wypocz\u0119ty i odnowiony spos\u00f3b.  <\/span><\/p>\n<p><span style=\"font-weight: 400;\">Mo\u017cesz dokona\u0107 rezerwacji ju\u017c teraz, aby cieszy\u0107 si\u0119 bezpiecznymi i komfortowymi us\u0142ugami oferowanymi przez Sencap Tour! <\/span><\/p>\n<h2>Dlaczego warto wybra\u0107 Sencap Tour?<\/h2>\n<p><span style=\"font-weight: 400;\">Jako Sencap Tour jeste\u015bmy z Tob\u0105 i oferujemy nasze us\u0142ugi, kt\u00f3re maj\u0105 znaczenie w Turkish Bath Tour:<\/span><\/p>\n<ul>\n<li style=\"font-weight: 400;\" aria-level=\"1\"><b>Tradycyjne do\u015bwiadczenie:<\/b><span style=\"font-weight: 400;\"> Poznaj rytua\u0142y hammamu specyficzne dla kultury tureckiej.<\/span><\/li>\n<li style=\"font-weight: 400;\" aria-level=\"1\"><b>Profesjonalna obs\u0142uga:<\/b> <span style=\"font-weight: 400;\">Uzyskaj wysokiej jako\u015bci obs\u0142ug\u0119 z do\u015bwiadczonymi masa\u017cystami.<\/span><\/li>\n<li style=\"font-weight: 400;\" aria-level=\"1\"><b>Wygodny transport:<\/b><span style=\"font-weight: 400;\"> bezproblemowe korzystanie z us\u0142ugi odbioru i zwrotu z hotelu.<\/span><\/li>\n<li style=\"font-weight: 400;\" aria-level=\"1\"><b>Elastyczny program:<\/b> <span style=\"font-weight: 400;\">Mo\u017cliwo\u015b\u0107 skorzystania z k\u0105pieli we w\u0142a\u015bciwym dla Ciebie czasie.<\/span><\/li>\n<li style=\"font-weight: 400;\" aria-level=\"1\"><b>Satysfakcja Klienta:<\/b> <span style=\"font-weight: 400;\">Twoja satysfakcja jest dla nas priorytetem.<\/span><\/li>\n<\/ul>\n<p><span style=\"font-weight: 400;\">Wejd\u017a do relaksuj\u0105cego i orze\u017awiaj\u0105cego \u015bwiata \u0141a\u017ani Tureckiej z Sencap Tour. Prze\u017cyj to wyj\u0105tkowe prze\u017cycie, rezerwuj\u0105c ju\u017c teraz!  <\/span><\/p>\n","protected":false},"excerpt":{"rendered":"<p>Hamam \u0141a\u017ania turecka Alanya: wolna od stresu, od\u015bwie\u017caj\u0105ca Chcesz odnowi\u0107 si\u0119 fizycznie i duchowo na wakacjach i z\u0142agodzi\u0107 stres? \u0141a\u017ania Turecka Alanya oferuje wyj\u0105tkowy relaks poprzez oczyszczenie organizmu z toksyn. Dzi\u0119ki tradycyjnym rytua\u0142om \u0142a\u017ani tureckiej mo\u017cesz poci\u0107 si\u0119 w gor\u0105cej, suchej saunie, usuwa\u0107 toksyny, odnawia\u0107 sk\u00f3r\u0119 za pomoc\u0105 saszetki i masa\u017cu piankowego oraz rozpieszcza\u0107 cia\u0142o [&#8230;]\n","protected":false},"featured_media":5556,"comment_status":"open","ping_status":"closed","template":"","meta":{"_joinchat":[]},"product_brand":[],"product_cat":[118,120],"product_tag":[],"class_list":{"0":"post-5552","1":"product","2":"type-product","3":"status-publish","4":"has-post-thumbnail","6":"product_cat-wycieczki-jednodniowe","7":"product_cat-wycieczki-kulturowe","9":"first","10":"instock","11":"virtual","12":"sold-individually","13":"purchasable","14":"product-type-booking"},"booking_location":"","booking_location_type":"","booking_duration":1,"booking_duration_unit":"day","booking_buffer":0,"booking_cost":0,"booking_resources":[],"_links":{"self":[{"href":"https:\/\/sencaptour.com\/pl\/wp-json\/wp\/v2\/product\/5552","targetHints":{"allow":["GET"]}}],"collection":[{"href":"https:\/\/sencaptour.com\/pl\/wp-json\/wp\/v2\/product"}],"about":[{"href":"https:\/\/sencaptour.com\/pl\/wp-json\/wp\/v2\/types\/product"}],"replies":[{"embeddable":true,"href":"https:\/\/sencaptour.com\/pl\/wp-json\/wp\/v2\/comments?post=5552"}],"wp:featuredmedia":[{"embeddable":true,"href":"https:\/\/sencaptour.com\/pl\/wp-json\/wp\/v2\/media\/5556"}],"wp:attachment":[{"href":"https:\/\/sencaptour.com\/pl\/wp-json\/wp\/v2\/media?parent=5552"}],"wp:term":[{"taxonomy":"product_brand","embeddable":true,"href":"https:\/\/sencaptour.com\/pl\/wp-json\/wp\/v2\/product_brand?post=5552"},{"taxonomy":"product_cat","embeddable":true,"href":"https:\/\/sencaptour.com\/pl\/wp-json\/wp\/v2\/product_cat?post=5552"},{"taxonomy":"product_tag","embeddable":true,"href":"https:\/\/sencaptour.com\/pl\/wp-json\/wp\/v2\/product_tag?post=5552"}],"curies":[{"name":"wp","href":"https:\/\/api.w.org\/{rel}","templated":true}]}}