{"id":5567,"date":"2023-05-31T18:22:44","date_gmt":"2023-05-31T15:22:44","guid":{"rendered":"https:\/\/sencaptour.com\/turlar\/wycieczka-safari-jeepem-alanya\/"},"modified":"2023-05-31T18:22:44","modified_gmt":"2023-05-31T15:22:44","slug":"wycieczka-safari-jeepem-alanya","status":"publish","type":"product","link":"https:\/\/sencaptour.com\/pl\/wycieczki\/wycieczka-safari-jeepem-alanya\/","title":{"rendered":"Wycieczka safari jeepem Alanya"},"content":{"rendered":"<h2>Alanya Jeep Safari Tour: Dzie\u0144 pe\u0142en przyg\u00f3d w g\u00f3rach Taurus<\/h2>\n<p><span style=\"font-weight: 400;\">Dla tych, kt\u00f3rzy chc\u0105 prze\u017cy\u0107 niezapomniane wakacje, Alanya Jeep Safari Tour oferuje zabawn\u0105 przygod\u0119 przeplataj\u0105c\u0105 si\u0119 z natur\u0105. Dzi\u0119ki specjalnie zmodyfikowanym jeepom Land Rover sp\u0119dzisz niezapomniany dzie\u0144 w wyj\u0105tkowej przyrodzie las\u00f3w sosnowych i g\u00f3r Taurus. <\/span><\/p>\n<p><span style=\"font-weight: 400;\">Dzi\u0119ki profesjonalnemu i do\u015bwiadczonemu zespo\u0142owi Sencap Tour mo\u017cesz uciec od stresu miejskiego \u017cycia, podziwia\u0107 wspania\u0142e widoki Alanyi, och\u0142odzi\u0107 si\u0119 w Dim Tea i prze\u017cy\u0107 wyj\u0105tkowy lunch.<\/span><\/p>\n<h2>Co zyskasz dzi\u0119ki tej wycieczce<\/h2>\n<p><span style=\"font-weight: 400;\">Dzi\u0119ki Alanya Jeep Safari Tour mo\u017cesz dobrze si\u0119 bawi\u0107 i cieszy\u0107 si\u0119 przyrod\u0105:<\/span><\/p>\n<ol>\n<li style=\"font-weight: 400;\" aria-level=\"1\"><b>Szczyt G\u00f3r Taurus:<\/b> <span style=\"font-weight: 400;\">ciesz si\u0119 widokiem Alanyi i Morza \u015ar\u00f3dziemnego na wysoko\u015bci 1500 metr\u00f3w.<\/span><\/li>\n<li style=\"font-weight: 400;\" aria-level=\"1\"><b>Przeplatane z natur\u0105:<\/b> <span style=\"font-weight: 400;\">Podr\u00f3\u017c pomi\u0119dzy lasami sosnowymi, ogrodami pomara\u0144czowymi i bananowymi.<\/span><\/li>\n<li style=\"font-weight: 400;\" aria-level=\"1\"><b>Ch\u0142\u00f3d w Dim Tea:<\/b> <span style=\"font-weight: 400;\">Pozb\u0105d\u017a si\u0119 letniego upa\u0142u dzi\u0119ki przerwie na p\u0142ywanie.<\/span><\/li>\n<li style=\"font-weight: 400;\" aria-level=\"1\"><b>Odkrycia kulturowe:<\/b> <span style=\"font-weight: 400;\">Wizyta we wsi, wiejskim domu i wiejskim meczecie.<\/span><\/li>\n<li style=\"font-weight: 400;\" aria-level=\"1\"><b>Zaj\u0119cia pe\u0142ne zabawy:<\/b> <span style=\"font-weight: 400;\">bitwy wodne, animacje i sesje zdj\u0119ciowe.<\/span><\/li>\n<\/ol>\n<h2>Program wycieczek safari jeepem Alanya<\/h2>\n<p><span style=\"font-weight: 400;\">Alanya Jeep Safari Tour oferuje ca\u0142odniow\u0105 przygod\u0119, rozpoczynaj\u0105c\u0105 si\u0119 rano i ko\u0144cz\u0105c\u0105 wieczorem. Program wygl\u0105da nast\u0119puj\u0105co: <\/span><\/p>\n<ol>\n<li style=\"font-weight: 400;\" aria-level=\"1\"><b>Rano<\/b><span style=\"font-weight: 400;\">:<\/span>\n<ul>\n<li style=\"font-weight: 400;\" aria-level=\"2\"><span style=\"font-weight: 400;\">Dojazd z miejsca pobytu jeepami<\/span><\/li>\n<li style=\"font-weight: 400;\" aria-level=\"2\"><span style=\"font-weight: 400;\">Fuzja z innymi grupami jeep\u00f3w na stacji Safari<\/span><\/li>\n<li style=\"font-weight: 400;\" aria-level=\"2\"><span style=\"font-weight: 400;\">Jazda przez ogrody bananowe, pomara\u0144czowe i cytrynowe do g\u00f3r Taurus<\/span><\/li>\n<li style=\"font-weight: 400;\" aria-level=\"2\"><span style=\"font-weight: 400;\">Oba Tea i wizyta w ma\u0142ym wodospadzie w pobli\u017cu<\/span><\/li>\n<li style=\"font-weight: 400;\" aria-level=\"2\"><span style=\"font-weight: 400;\">Przerwa na zdj\u0119cia w Alanya widok na wzg\u00f3rze<\/span><\/li>\n<\/ul>\n<\/li>\n<li style=\"font-weight: 400;\" aria-level=\"1\"><b>Po\u0142udnie<\/b><span style=\"font-weight: 400;\">:<\/span>\n<ul>\n<li style=\"font-weight: 400;\" aria-level=\"2\"><span style=\"font-weight: 400;\">Wizyta we wsi: Wycieczka do wiejskiego domu i meczetu<\/span><\/li>\n<li style=\"font-weight: 400;\" aria-level=\"2\"><span style=\"font-weight: 400;\">Animacja i opcjonalne bitwy wodne<\/span><\/li>\n<li style=\"font-weight: 400;\" aria-level=\"2\"><span style=\"font-weight: 400;\">Jazda do Dim Valley<\/span><\/li>\n<\/ul>\n<\/li>\n<li style=\"font-weight: 400;\" aria-level=\"1\"><b>Popo\u0142udnie<\/b><span style=\"font-weight: 400;\">:<\/span>\n<ul>\n<li style=\"font-weight: 400;\" aria-level=\"2\"><span style=\"font-weight: 400;\">Przerwa na zdj\u0119cia w Dim Dam<\/span><\/li>\n<li style=\"font-weight: 400;\" aria-level=\"2\"><span style=\"font-weight: 400;\">Przerwa na p\u0142ywanie i jedzenie w Dim Tea (t\u0142um lub kurczak, ry\u017c, sa\u0142atka)<\/span><\/li>\n<li style=\"font-weight: 400;\" aria-level=\"2\"><span style=\"font-weight: 400;\">Opcjonalna wizyta w jaskini Dim<\/span><\/li>\n<\/ul>\n<\/li>\n<li style=\"font-weight: 400;\" aria-level=\"1\"><b>Wiecz\u00f3r<\/b><span style=\"font-weight: 400;\">:<\/span>\n<ul>\n<li style=\"font-weight: 400;\" aria-level=\"2\"><span style=\"font-weight: 400;\">Nie zostawaj tam, gdzie mieszkasz<\/span><\/li>\n<\/ul>\n<\/li>\n<\/ol>\n<h2>W cenie wycieczki zawarte s\u0105<\/h2>\n<ul>\n<li style=\"font-weight: 400;\" aria-level=\"1\"><span style=\"font-weight: 400;\">Odbi\u00f3r i dow\u00f3z z hotelu<\/span><\/li>\n<li style=\"font-weight: 400;\" aria-level=\"1\"><span style=\"font-weight: 400;\">Profesjonalny przewodnik<\/span><\/li>\n<li style=\"font-weight: 400;\" aria-level=\"1\"><span style=\"font-weight: 400;\">Obiad (t\u0142um lub kurczak, ry\u017c i sa\u0142atka)<\/span><\/li>\n<\/ul>\n<h2>Nie zawiera w cenie<\/h2>\n<ul>\n<li style=\"font-weight: 400;\" aria-level=\"1\"><span style=\"font-weight: 400;\">Napoje<\/span><\/li>\n<li style=\"font-weight: 400;\" aria-level=\"1\"><span style=\"font-weight: 400;\">Zdj\u0119cia i filmy (format USB lub DVD)<\/span><\/li>\n<li style=\"font-weight: 400;\" aria-level=\"1\"><span style=\"font-weight: 400;\">Nale\u015bniki i inne przek\u0105ski w namiocie \u017c\u00f3\u0142tkowym<\/span><\/li>\n<\/ul>\n<h2>Co nale\u017cy zabra\u0107 ze sob\u0105<\/h2>\n<ul>\n<li style=\"font-weight: 400;\" aria-level=\"1\"><span style=\"font-weight: 400;\">Stroje k\u0105pielowe i r\u0119czniki<\/span><\/li>\n<li style=\"font-weight: 400;\" aria-level=\"1\"><span style=\"font-weight: 400;\">Okulary przeciws\u0142oneczne, kapelusz i krem przeciws\u0142oneczny<\/span><\/li>\n<li style=\"font-weight: 400;\" aria-level=\"1\"><span style=\"font-weight: 400;\">Wygodne ubrania i kapcie<\/span><\/li>\n<li style=\"font-weight: 400;\" aria-level=\"1\"><span style=\"font-weight: 400;\">Przeno\u015bna \u0142adowarka<\/span><\/li>\n<li style=\"font-weight: 400;\" aria-level=\"1\"><span style=\"font-weight: 400;\">Wodoodporna torba chroni\u0105ca Twoje urz\u0105dzenia elektroniczne<\/span><\/li>\n<\/ul>\n<h2>Niezapomniany dzie\u0144 z Alanya Jeep Safari Tour<\/h2>\n<p><span style=\"font-weight: 400;\">Alanya Jeep Safari Tour oferuje idealne wra\u017cenia dla tych, kt\u00f3rzy chc\u0105 sp\u0119dzi\u0107 dzie\u0144 sam na sam z natur\u0105 z dala od ha\u0142asu miejskiego \u017cycia. Podczas tej wycieczki, podczas kt\u00f3rej mo\u017cesz zar\u00f3wno dobrze si\u0119 bawi\u0107, jak i zrelaksowa\u0107, mo\u017cesz zebra\u0107 niezapomniane wspomnienia z rodzin\u0105 i przyjaci\u00f3\u0142mi, zwiedzaj\u0105c jednocze\u015bnie wyj\u0105tkowy widok na g\u00f3ry Taurus. <\/span><\/p>\n<p><span style=\"font-weight: 400;\">Mo\u017cesz uczyni\u0107 dzie\u0144 jeszcze przyjemniejszym, orze\u017awiaj\u0105c w Dim Tea i jedz\u0105c pyszny lunch. Dzi\u0119ki do\u015bwiadczonym przewodnikom i wygodnym pojazdom z Sencap Tour czeka na Ciebie bezpieczna i zabawna przygoda. <\/span><\/p>\n<h2>Dlaczego warto wybra\u0107 Sencap Tour?<\/h2>\n<p><span style=\"font-weight: 400;\">Jako Sencap Tour oferujemy Pa\u0144stwu niezapomniane wra\u017cenia dzi\u0119ki naszym us\u0142ugom, kt\u00f3re robi\u0105 r\u00f3\u017cnic\u0119 w Jeep Safari Tour:<\/span><\/p>\n<ul>\n<li style=\"font-weight: 400;\" aria-level=\"1\"><b>Profesjonalne doradztwo:<\/b> <span style=\"font-weight: 400;\">Bezpieczna i pouczaj\u0105ca wycieczka z do\u015bwiadczonymi przewodnikami.<\/span><\/li>\n<li style=\"font-weight: 400;\" aria-level=\"1\"><b>Przyjazny rodzinie:<\/b> <span style=\"font-weight: 400;\">Bezpieczna przygoda dla rodzin z dzie\u0107mi.<\/span><\/li>\n<li style=\"font-weight: 400;\" aria-level=\"1\"><b>Najlepsze szlaki:<\/b><span style=\"font-weight: 400;\"> Prze\u017cyj safari na najpi\u0119kniejszych szlakach przyrodniczych w Alanyi.<\/span><\/li>\n<li style=\"font-weight: 400;\" aria-level=\"1\"><b>Wygodne pojazdy:<\/b> <span style=\"font-weight: 400;\">Dobrze utrzymane i zmodyfikowane jeepy Land Rover.<\/span><\/li>\n<li style=\"font-weight: 400;\" aria-level=\"1\"><b>Satysfakcja klienta:<\/b> <span style=\"font-weight: 400;\">Komfort i bezpiecze\u0144stwo s\u0105 naszym priorytetem.<\/span><\/li>\n<\/ul>\n<p><span style=\"font-weight: 400;\">Dodaj niezapomniany moment do swoich wakacji, do\u0142\u0105czaj\u0105c do Alanya Jeep Safari Tour z Sencap Tour. Mo\u017cesz do\u0142\u0105czy\u0107 do tej przygody, rezerwuj\u0105c ju\u017c teraz!  <\/span><\/p>\n<p>&nbsp;<\/p>\n","protected":false},"excerpt":{"rendered":"<p>Alanya Jeep Safari Tour: Dzie\u0144 pe\u0142en przyg\u00f3d w g\u00f3rach Taurus Dla tych, kt\u00f3rzy chc\u0105 prze\u017cy\u0107 niezapomniane wakacje, Alanya Jeep Safari Tour oferuje zabawn\u0105 przygod\u0119 przeplataj\u0105c\u0105 si\u0119 z natur\u0105. Dzi\u0119ki specjalnie zmodyfikowanym jeepom Land Rover sp\u0119dzisz niezapomniany dzie\u0144 w wyj\u0105tkowej przyrodzie las\u00f3w sosnowych i g\u00f3r Taurus. Dzi\u0119ki profesjonalnemu i do\u015bwiadczonemu zespo\u0142owi Sencap Tour mo\u017cesz uciec od [&#8230;]\n","protected":false},"featured_media":5574,"comment_status":"open","ping_status":"closed","template":"","meta":{"_joinchat":[]},"product_brand":[],"product_cat":[118,119,117],"product_tag":[],"class_list":{"0":"post-5567","1":"product","2":"type-product","3":"status-publish","4":"has-post-thumbnail","6":"product_cat-wycieczki-jednodniowe","7":"product_cat-wycieczki-przygodowe","8":"product_cat-wycieczki-przyrodnicze","10":"first","11":"instock","12":"virtual","13":"sold-individually","14":"purchasable","15":"product-type-booking"},"booking_location":"","booking_location_type":"","booking_duration":1,"booking_duration_unit":"day","booking_buffer":0,"booking_cost":0,"booking_resources":[],"_links":{"self":[{"href":"https:\/\/sencaptour.com\/pl\/wp-json\/wp\/v2\/product\/5567","targetHints":{"allow":["GET"]}}],"collection":[{"href":"https:\/\/sencaptour.com\/pl\/wp-json\/wp\/v2\/product"}],"about":[{"href":"https:\/\/sencaptour.com\/pl\/wp-json\/wp\/v2\/types\/product"}],"replies":[{"embeddable":true,"href":"https:\/\/sencaptour.com\/pl\/wp-json\/wp\/v2\/comments?post=5567"}],"wp:featuredmedia":[{"embeddable":true,"href":"https:\/\/sencaptour.com\/pl\/wp-json\/wp\/v2\/media\/5574"}],"wp:attachment":[{"href":"https:\/\/sencaptour.com\/pl\/wp-json\/wp\/v2\/media?parent=5567"}],"wp:term":[{"taxonomy":"product_brand","embeddable":true,"href":"https:\/\/sencaptour.com\/pl\/wp-json\/wp\/v2\/product_brand?post=5567"},{"taxonomy":"product_cat","embeddable":true,"href":"https:\/\/sencaptour.com\/pl\/wp-json\/wp\/v2\/product_cat?post=5567"},{"taxonomy":"product_tag","embeddable":true,"href":"https:\/\/sencaptour.com\/pl\/wp-json\/wp\/v2\/product_tag?post=5567"}],"curies":[{"name":"wp","href":"https:\/\/api.w.org\/{rel}","templated":true}]}}