{"id":5584,"date":"2023-05-25T12:58:40","date_gmt":"2023-05-25T12:58:40","guid":{"rendered":"https:\/\/sencaptour.com\/turlar\/wycieczka-lodzia-po-alanyi\/"},"modified":"2023-05-25T12:58:40","modified_gmt":"2023-05-25T09:58:40","slug":"wycieczka-lodzia-po-alanyi","status":"publish","type":"product","link":"https:\/\/sencaptour.com\/pl\/wycieczki\/wycieczka-lodzia-po-alanyi\/","title":{"rendered":"Wycieczka \u0142odzi\u0105 po Alanyi"},"content":{"rendered":"<h2>Alanya Boat Tour: Podr\u00f3\u017c do b\u0142\u0119kitu Morza \u015ar\u00f3dziemnego<\/h2>\n<p><span style=\"font-weight: 400;\">Alanya to jedno z najpopularniejszych miast turystycznych Morza \u015ar\u00f3dziemnego, kt\u00f3re fascynuje swoich go\u015bci historycznym pi\u0119knem i wyj\u0105tkowymi zatokami. Alanya Boat Tour oferuje doskona\u0142\u0105 okazj\u0119 do odkrycia tych pi\u0119kno\u015bci i prze\u017cycia niezapomnianych wakacji. Ta wycieczka z drewnianymi \u0142odziami wycieczkowymi pozwala sp\u0119dzi\u0107 zabawny i spokojny dzie\u0144 na b\u0142\u0119kitnych wodach Alanyi.  <\/span><\/p>\n<p><span style=\"font-weight: 400;\">Ta wycieczka, podczas kt\u00f3rej mo\u017cesz zobaczy\u0107 s\u0142ynne naturalne pi\u0119kno\u015bci, takie jak Pirat, Kochankowie i Jaskinie Fosforowe, podziwia\u0107 wspania\u0142o\u015b\u0107 Pla\u017cy Kleopatry z morza i da\u0107 przerwy na p\u0142ywanie w spokojnych zatokach, oferuje zar\u00f3wno przygod\u0119, jak i relaks.<\/span><\/p>\n<h2>Co zyskasz dzi\u0119ki tej wycieczce<\/h2>\n<p><span style=\"font-weight: 400;\">Alanya Boat Tour zapewnia przyjemne i niezapomniane wra\u017cenia:<\/span><\/p>\n<ol>\n<li style=\"font-weight: 400;\" aria-level=\"1\"><b>Pi\u0119kno historyczne i naturalne:<\/b> <span style=\"font-weight: 400;\">Odkryj z morza miejsca historyczne, takie jak zamek Alanya, Kizilkule i stocznia Seljuk.<\/span><\/li>\n<li style=\"font-weight: 400;\" aria-level=\"1\"><b>Unikalne jaskinie morskie:<\/b> <span style=\"font-weight: 400;\">Zdob\u0105d\u017a wyj\u0105tkowe ramki do zdj\u0119\u0107, odwiedzaj\u0105c Pirat\u00f3w, Kochank\u00f3w i Jaskinie Fosforowe.<\/span><\/li>\n<li style=\"font-weight: 400;\" aria-level=\"1\"><b>Owoce morza:<\/b> <span style=\"font-weight: 400;\">Och\u0142od\u017a si\u0119 podczas przerw na p\u0142ywanie w czystej i czystej wodzie.<\/span><\/li>\n<li style=\"font-weight: 400;\" aria-level=\"1\"><b>Rozrywka i animacje:<\/b> <span style=\"font-weight: 400;\">Sp\u0119d\u017a zabawny dzie\u0144 na \u0142odzi z muzyk\u0105, animacj\u0105 i zabawnymi zaj\u0119ciami.<\/span><\/li>\n<li style=\"font-weight: 400;\" aria-level=\"1\"><b>Niezapomniane wspomnienia:<\/b> <span style=\"font-weight: 400;\">Zbieraj wyj\u0105tkowe wspomnienia, maj\u0105c okazj\u0119 zobaczy\u0107 delfiny i karetty karetta.<\/span><\/li>\n<\/ol>\n<h2>Program wycieczek \u0142odzi\u0105 po Alanyi<\/h2>\n<p><span style=\"font-weight: 400;\">Alanya Boat Tour oferuje codzienne przyjemne wydarzenie rozpoczynaj\u0105ce si\u0119 rano i ko\u0144cz\u0105ce po po\u0142udniu. Program wygl\u0105da nast\u0119puj\u0105co: <\/span><\/p>\n<ol>\n<li style=\"font-weight: 400;\" aria-level=\"1\"><b>Pocz\u0105tek poranka<\/b><span style=\"font-weight: 400;\">:<\/span>\n<ul>\n<li style=\"font-weight: 400;\" aria-level=\"2\"><span style=\"font-weight: 400;\">Przyjmowanie go\u015bci z hoteli lub z adres\u00f3w, pod kt\u00f3rymi si\u0119 zatrzymuj\u0105 (09:00-09:40)<\/span><\/li>\n<li style=\"font-weight: 400;\" aria-level=\"2\"><span style=\"font-weight: 400;\">Przybycie do portu Alanya i osiedlenie si\u0119 na \u0142odzi<\/span><\/li>\n<\/ul>\n<\/li>\n<li style=\"font-weight: 400;\" aria-level=\"1\"><b>Eksploracja i rozrywka na morzu<\/b><span style=\"font-weight: 400;\">:<\/span>\n<ul>\n<li style=\"font-weight: 400;\" aria-level=\"2\"><span style=\"font-weight: 400;\">Przerwa na p\u0142ywanie przed Stoczni\u0105 Czerwonego P\u00f3\u0142ksi\u0119\u017cyca i Seld\u017cuku<\/span><\/li>\n<li style=\"font-weight: 400;\" aria-level=\"2\"><span style=\"font-weight: 400;\">Odwiedzanie pirat\u00f3w, kochank\u00f3w i jaski\u0144 fosforowych oraz przerwa na p\u0142ywanie<\/span><\/li>\n<li style=\"font-weight: 400;\" aria-level=\"2\"><span style=\"font-weight: 400;\">R\u00f3\u017cne animacje i rozrywki<\/span><\/li>\n<\/ul>\n<\/li>\n<li style=\"font-weight: 400;\" aria-level=\"1\"><b>Przerwa na lunch<\/b><span style=\"font-weight: 400;\">:<\/span>\n<ul>\n<li style=\"font-weight: 400;\" aria-level=\"2\"><span style=\"font-weight: 400;\">Lunch na \u0142odzi (grill z kurczaka, ry\u017c, sa\u0142atka, owoce sezonowe)<\/span><\/li>\n<li style=\"font-weight: 400;\" aria-level=\"2\"><span style=\"font-weight: 400;\">Nieograniczona us\u0142uga napoj\u00f3w bezalkoholowych przez ca\u0142y dzie\u0144<\/span><\/li>\n<\/ul>\n<\/li>\n<li style=\"font-weight: 400;\" aria-level=\"1\"><b>Sekcja popo\u0142udniowa<\/b><span style=\"font-weight: 400;\">:<\/span>\n<ul>\n<li style=\"font-weight: 400;\" aria-level=\"2\"><span style=\"font-weight: 400;\">Przerwa na p\u0142ywanie na pla\u017cy<\/span><\/li>\n<li style=\"font-weight: 400;\" aria-level=\"2\"><span style=\"font-weight: 400;\">Z otwartego morza powr\u00f3t do portu Alanya (15:15)<\/span><\/li>\n<\/ul>\n<\/li>\n<li style=\"font-weight: 400;\" aria-level=\"1\"><b>Wieczorny powr\u00f3t<\/b><span style=\"font-weight: 400;\">:<\/span>\n<ul>\n<li style=\"font-weight: 400;\" aria-level=\"2\"><span style=\"font-weight: 400;\">Pozostawianie go\u015bci w hotelach lub obiektach noclegowych (15:45)<\/span><\/li>\n<\/ul>\n<\/li>\n<\/ol>\n<h2>W cenie wycieczki zawarte s\u0105<\/h2>\n<ul>\n<li style=\"font-weight: 400;\" aria-level=\"1\"><span style=\"font-weight: 400;\">Odbi\u00f3r z hotelu lub zakwaterowania<\/span><\/li>\n<li style=\"font-weight: 400;\" aria-level=\"1\"><span style=\"font-weight: 400;\">Us\u0142uga doradcza<\/span><\/li>\n<li style=\"font-weight: 400;\" aria-level=\"1\"><span style=\"font-weight: 400;\">Lunch (grill z kurczaka, ry\u017c, sa\u0142atka, owoce sezonowe)<\/span><\/li>\n<li style=\"font-weight: 400;\" aria-level=\"1\"><span style=\"font-weight: 400;\">Nieograniczona ilo\u015b\u0107 napoj\u00f3w bezalkoholowych przez ca\u0142y dzie\u0144<\/span><\/li>\n<\/ul>\n<h2>Nie zawiera w cenie<\/h2>\n<ul>\n<li style=\"font-weight: 400;\" aria-level=\"1\"><span style=\"font-weight: 400;\">Wydatki osobiste<\/span><\/li>\n<li style=\"font-weight: 400;\" aria-level=\"1\"><span style=\"font-weight: 400;\">Dodatkowe jedzenie i napoje<\/span><\/li>\n<\/ul>\n<h2>Co nale\u017cy zabra\u0107 ze sob\u0105<\/h2>\n<ul>\n<li style=\"font-weight: 400;\" aria-level=\"1\"><span style=\"font-weight: 400;\">Stroje k\u0105pielowe i r\u0119czniki<\/span><\/li>\n<li style=\"font-weight: 400;\" aria-level=\"1\"><span style=\"font-weight: 400;\">Okulary przeciws\u0142oneczne i krem przeciws\u0142oneczny<\/span><\/li>\n<li style=\"font-weight: 400;\" aria-level=\"1\"><span style=\"font-weight: 400;\">Okulary morskie<\/span><\/li>\n<li style=\"font-weight: 400;\" aria-level=\"1\"><span style=\"font-weight: 400;\">Power bank i kamera<\/span><\/li>\n<\/ul>\n<h2>Niezapomniany dzie\u0144 z wycieczk\u0105 \u0142odzi\u0105 po Alanyi<\/h2>\n<p><span style=\"font-weight: 400;\">Alanya Boat Tour to idealne wydarzenie dla tych, kt\u00f3rzy chc\u0105 dobrze si\u0119 bawi\u0107 i zrelaksowa\u0107 w b\u0142\u0119kitnych wodach Morza \u015ar\u00f3dziemnego. Mo\u017cesz doda\u0107 niezapomnianych wspomnie\u0144 do swoich wakacji, odkrywaj\u0105c zar\u00f3wno historyczne pi\u0119kno Alanyi, jak i jej naturalnych zatok. <\/span><\/p>\n<p><span style=\"font-weight: 400;\">Mo\u017cesz sp\u0119dzi\u0107 zabawny dzie\u0144 przy zabawnej muzyce, animacjach i przyjaznym personelu, pop\u0142ywa\u0107 w ch\u0142odnych wodach Morza \u015ar\u00f3dziemnego i uciec od letniego upa\u0142u. Dzi\u0119ki profesjonalnej obs\u0142udze Sencap Tour mo\u017cesz ju\u017c teraz zarezerwowa\u0107 udzia\u0142 w tej wyj\u0105tkowej przygodzie!  <\/span><\/p>\n<h2>Dlaczego warto wybra\u0107 Sencap Tour?<\/h2>\n<p><span style=\"font-weight: 400;\">Jako Sencap Tour jeste\u015bmy z Tob\u0105 i oferujemy nasze us\u0142ugi, kt\u00f3re maj\u0105 znaczenie w przypadku wycieczek \u0142odzi\u0105:<\/span><\/p>\n<ul>\n<li style=\"font-weight: 400;\" aria-level=\"1\"><b>Wygodny transfer:<\/b> <span style=\"font-weight: 400;\">bezproblemowy transport z odbiorem i odwiezieniem z hotelu.<\/span><\/li>\n<li style=\"font-weight: 400;\" aria-level=\"1\"><b>Zabawna atmosfera:<\/b> <span style=\"font-weight: 400;\">przyjemny dzie\u0144 pe\u0142en animacji i muzyki na pok\u0142adzie.<\/span><\/li>\n<li style=\"font-weight: 400;\" aria-level=\"1\"><b>Us\u0142uga All Inclusive:<\/b> <span style=\"font-weight: 400;\">Pe\u0142ne do\u015bwiadczenie z jedzeniem i nieograniczon\u0105 liczb\u0105 napoj\u00f3w.<\/span><\/li>\n<li style=\"font-weight: 400;\" aria-level=\"1\"><b>Przyjazne rodzinie:<\/b><span style=\"font-weight: 400;\"> Bezpieczne \u015brodowisko odpowiednie dla dzieci.<\/span><\/li>\n<li style=\"font-weight: 400;\" aria-level=\"1\"><b>Satysfakcja klienta:<\/b> <span style=\"font-weight: 400;\">Twoje bezpiecze\u0144stwo i satysfakcja s\u0105 naszym najwy\u017cszym priorytetem.<\/span><\/li>\n<\/ul>\n<p><span style=\"font-weight: 400;\">Dodaj niezapomniany kolor swoim wakacjom, uczestnicz\u0105c w wycieczce \u0142odzi\u0105 po Alanyi z Sencap Tour. Do\u0142\u0105cz do nas w tej pe\u0142nej zabawy przygodzie, rezerwuj\u0105c ju\u017c teraz!  <\/span><\/p>\n","protected":false},"excerpt":{"rendered":"<p>Alanya Boat Tour: Podr\u00f3\u017c do b\u0142\u0119kitu Morza \u015ar\u00f3dziemnego Alanya to jedno z najpopularniejszych miast turystycznych Morza \u015ar\u00f3dziemnego, kt\u00f3re fascynuje swoich go\u015bci historycznym pi\u0119knem i wyj\u0105tkowymi zatokami. Alanya Boat Tour oferuje doskona\u0142\u0105 okazj\u0119 do odkrycia tych pi\u0119kno\u015bci i prze\u017cycia niezapomnianych wakacji. Ta wycieczka z drewnianymi \u0142odziami wycieczkowymi pozwala sp\u0119dzi\u0107 zabawny i spokojny dzie\u0144 na b\u0142\u0119kitnych wodach [&#8230;]\n","protected":false},"featured_media":5590,"comment_status":"open","ping_status":"closed","template":"","meta":{"_joinchat":[]},"product_brand":[],"product_cat":[118,119,117],"product_tag":[],"class_list":{"0":"post-5584","1":"product","2":"type-product","3":"status-publish","4":"has-post-thumbnail","6":"product_cat-wycieczki-jednodniowe","7":"product_cat-wycieczki-przygodowe","8":"product_cat-wycieczki-przyrodnicze","10":"first","11":"instock","12":"virtual","13":"sold-individually","14":"purchasable","15":"product-type-booking"},"booking_location":"","booking_location_type":"","booking_duration":1,"booking_duration_unit":"day","booking_buffer":0,"booking_cost":0,"booking_resources":[],"_links":{"self":[{"href":"https:\/\/sencaptour.com\/pl\/wp-json\/wp\/v2\/product\/5584","targetHints":{"allow":["GET"]}}],"collection":[{"href":"https:\/\/sencaptour.com\/pl\/wp-json\/wp\/v2\/product"}],"about":[{"href":"https:\/\/sencaptour.com\/pl\/wp-json\/wp\/v2\/types\/product"}],"replies":[{"embeddable":true,"href":"https:\/\/sencaptour.com\/pl\/wp-json\/wp\/v2\/comments?post=5584"}],"wp:featuredmedia":[{"embeddable":true,"href":"https:\/\/sencaptour.com\/pl\/wp-json\/wp\/v2\/media\/5590"}],"wp:attachment":[{"href":"https:\/\/sencaptour.com\/pl\/wp-json\/wp\/v2\/media?parent=5584"}],"wp:term":[{"taxonomy":"product_brand","embeddable":true,"href":"https:\/\/sencaptour.com\/pl\/wp-json\/wp\/v2\/product_brand?post=5584"},{"taxonomy":"product_cat","embeddable":true,"href":"https:\/\/sencaptour.com\/pl\/wp-json\/wp\/v2\/product_cat?post=5584"},{"taxonomy":"product_tag","embeddable":true,"href":"https:\/\/sencaptour.com\/pl\/wp-json\/wp\/v2\/product_tag?post=5584"}],"curies":[{"name":"wp","href":"https:\/\/api.w.org\/{rel}","templated":true}]}}