{"id":7821,"date":"2026-05-10T22:48:33","date_gmt":"2026-05-10T19:48:33","guid":{"rendered":"https:\/\/sencaptour.com\/turlar\/belek-yesil-kanyon-turu\/"},"modified":"2026-05-10T23:22:20","modified_gmt":"2026-05-10T20:22:20","slug":"zielony-kanion-z-belek","status":"publish","type":"product","link":"https:\/\/sencaptour.com\/pl\/wycieczki\/zielony-kanion-z-belek\/","title":{"rendered":"Wycieczka do Zielonego Kanionu z Belek"},"content":{"rendered":"<p>Czy jeste\u015b gotowy sp\u0119dzi\u0107 dzie\u0144 w sercu g\u00f3r Taurus, gdzie natura ukazuje ca\u0142\u0105 swoj\u0105 hojno\u015b\u0107 podczas wycieczki <strong>Zielony Kanion z Belek<\/strong>? Ten program, oferuj\u0105cy spokojn\u0105 podr\u00f3\u017c po szmaragdowych wodach zapory Oymapinar, zosta\u0142 zaprojektowany, aby da\u0107 odpoczynek Twojej duszy. W Zielonym Kanionie zgromadzisz niezapomniane wspomnienia przy \u015bpiewie ptak\u00f3w i wspania\u0142ych widokach.<\/p>\n<h2>Co Ci\u0119 czeka podczas tej wycieczki<\/h2>\n<p>W naszym programie <strong>Zielony Kanion z Belek<\/strong> czekaj\u0105 na Ciebie nast\u0119puj\u0105ce wyj\u0105tkowe do\u015bwiadczenia:<\/p>\n<ul>\n<li>Okazja do zwiedzenia \u0142odzi\u0105 Wielkiego i Ma\u0142ego Kanionu o d\u0142ugo\u015bci 17 km.<\/li>\n<li>Przerwy na k\u0105piel w ch\u0142odnej, szmaragdowej wodzie.<\/li>\n<li>Widoki jak z poczt\u00f3wki idealne do fotografii przyrodniczej.<\/li>\n<li>Zupe\u0142nie cicha i spokojna atmosfera z dala od miejskiego zgie\u0142ku.<\/li>\n<li>Pyszny lunch w kontakcie z natur\u0105 nad jeziorem.<\/li>\n<\/ul>\n<h2>Us\u0142ugi wliczone w cen\u0119<\/h2>\n<ul>\n<li>&#x2705; Transfer w obie strony z hoteli w regionie Belek<\/li>\n<li>&#x2705; Us\u0142uga profesjonalnego przewodnika<\/li>\n<li>&#x2705; Rejs statkiem po Zielonym Kanionie<\/li>\n<li>&#x2705; Lunch w restauracji<\/li>\n<li>&#x2705; Ubezpieczenie podr\u00f3\u017cne<\/li>\n<\/ul>\n","protected":false},"excerpt":{"rendered":"<p>Czy jeste\u015b gotowy sp\u0119dzi\u0107 dzie\u0144 w sercu g\u00f3r Taurus, gdzie natura ukazuje ca\u0142\u0105 swoj\u0105 hojno\u015b\u0107 podczas wycieczki Zielony Kanion z Belek? Ten program, oferuj\u0105cy spokojn\u0105 podr\u00f3\u017c po szmaragdowych wodach zapory Oymapinar, zosta\u0142 zaprojektowany, aby da\u0107 odpoczynek Twojej duszy. W Zielonym Kanionie zgromadzisz niezapomniane wspomnienia przy \u015bpiewie ptak\u00f3w i wspania\u0142ych widokach. Co Ci\u0119 czeka podczas tej [&#8230;]\n","protected":false},"featured_media":7802,"comment_status":"open","ping_status":"closed","template":"","meta":{"_joinchat":[]},"product_brand":[],"product_cat":[118,117],"product_tag":[],"class_list":{"0":"post-7821","1":"product","2":"type-product","3":"status-publish","4":"has-post-thumbnail","6":"product_cat-wycieczki-jednodniowe","7":"product_cat-wycieczki-przyrodnicze","9":"first","10":"instock","11":"virtual","12":"sold-individually","13":"purchasable","14":"product-type-booking"},"booking_location":"","booking_location_type":"","booking_duration":1,"booking_duration_unit":"day","booking_buffer":0,"booking_cost":0,"booking_resources":[],"_links":{"self":[{"href":"https:\/\/sencaptour.com\/pl\/wp-json\/wp\/v2\/product\/7821","targetHints":{"allow":["GET"]}}],"collection":[{"href":"https:\/\/sencaptour.com\/pl\/wp-json\/wp\/v2\/product"}],"about":[{"href":"https:\/\/sencaptour.com\/pl\/wp-json\/wp\/v2\/types\/product"}],"replies":[{"embeddable":true,"href":"https:\/\/sencaptour.com\/pl\/wp-json\/wp\/v2\/comments?post=7821"}],"wp:featuredmedia":[{"embeddable":true,"href":"https:\/\/sencaptour.com\/pl\/wp-json\/wp\/v2\/media\/7802"}],"wp:attachment":[{"href":"https:\/\/sencaptour.com\/pl\/wp-json\/wp\/v2\/media?parent=7821"}],"wp:term":[{"taxonomy":"product_brand","embeddable":true,"href":"https:\/\/sencaptour.com\/pl\/wp-json\/wp\/v2\/product_brand?post=7821"},{"taxonomy":"product_cat","embeddable":true,"href":"https:\/\/sencaptour.com\/pl\/wp-json\/wp\/v2\/product_cat?post=7821"},{"taxonomy":"product_tag","embeddable":true,"href":"https:\/\/sencaptour.com\/pl\/wp-json\/wp\/v2\/product_tag?post=7821"}],"curies":[{"name":"wp","href":"https:\/\/api.w.org\/{rel}","templated":true}]}}