{"id":7911,"date":"2026-05-10T23:27:43","date_gmt":"2026-05-10T20:27:43","guid":{"rendered":"https:\/\/sencaptour.com\/turlar\/belek-5-i-1-arada-super-kombo-tur\/"},"modified":"2026-05-11T00:27:48","modified_gmt":"2026-05-10T21:27:48","slug":"super-combo-5-w-1-z-belek","status":"publish","type":"product","link":"https:\/\/sencaptour.com\/pl\/wycieczki\/super-combo-5-w-1-z-belek\/","title":{"rendered":"Super Combo 5 w 1 z Belek"},"content":{"rendered":"<p>Czy jeste\u015b gotowy na szczyt adrenaliny i przygody z wycieczk\u0105 <strong>Super Combo 5 w 1 z Belek<\/strong>? Ten pot\u0119\u017cny pakiet, odbywaj\u0105cy si\u0119 w wyj\u0105tkowej przyrodzie Kanionu Koprulu, daje Ci mo\u017cliwo\u015b\u0107 prze\u017cycia pi\u0119ciu r\u00f3\u017cnych emocji w ci\u0105gu jednego dnia. To idealny wyb\u00f3r dla os\u00f3b szukaj\u0105cych prawdziwych wyzwa\u0144.<\/p>\n<h2>Co Ci\u0119 czeka podczas tej wycieczki<\/h2>\n<ul>\n<li><strong>Cabrio Safari:<\/strong> Przejazd odkrytymi pojazdami przez malowniczy kanion.<\/li>\n<li><strong>Buggy Safari:<\/strong> Jazda off-road po b\u0142otnistych i wyboistych drogach.<\/li>\n<li><strong>Zipline:<\/strong> Ekscytuj\u0105cy zjazd na linie nad rzek\u0105.<\/li>\n<li><strong>Rafting:<\/strong> 14-kilometrowy sp\u0142yw pontonowy pe\u0142en emocji.<\/li>\n<li><strong>Historyczny Most:<\/strong> Zwiedzanie rzymskiego mostu Oluk Bridge.<\/li>\n<\/ul>\n","protected":false},"excerpt":{"rendered":"<p>Czy jeste\u015b gotowy na szczyt adrenaliny i przygody z wycieczk\u0105 Super Combo 5 w 1 z Belek? Ten pot\u0119\u017cny pakiet, odbywaj\u0105cy si\u0119 w wyj\u0105tkowej przyrodzie Kanionu Koprulu, daje Ci mo\u017cliwo\u015b\u0107 prze\u017cycia pi\u0119ciu r\u00f3\u017cnych emocji w ci\u0105gu jednego dnia. To idealny wyb\u00f3r dla os\u00f3b szukaj\u0105cych prawdziwych wyzwa\u0144. Co Ci\u0119 czeka podczas tej wycieczki Cabrio Safari: Przejazd [&#8230;]\n","protected":false},"featured_media":7847,"comment_status":"open","ping_status":"closed","template":"","meta":{"_joinchat":[]},"product_brand":[],"product_cat":[119,118],"product_tag":[],"class_list":{"0":"post-7911","1":"product","2":"type-product","3":"status-publish","4":"has-post-thumbnail","6":"product_cat-wycieczki-przygodowe","7":"product_cat-wycieczki-jednodniowe","9":"first","10":"instock","11":"virtual","12":"sold-individually","13":"purchasable","14":"product-type-booking"},"booking_location":"","booking_location_type":"","booking_duration":1,"booking_duration_unit":"day","booking_buffer":0,"booking_cost":0,"booking_resources":[],"_links":{"self":[{"href":"https:\/\/sencaptour.com\/pl\/wp-json\/wp\/v2\/product\/7911","targetHints":{"allow":["GET"]}}],"collection":[{"href":"https:\/\/sencaptour.com\/pl\/wp-json\/wp\/v2\/product"}],"about":[{"href":"https:\/\/sencaptour.com\/pl\/wp-json\/wp\/v2\/types\/product"}],"replies":[{"embeddable":true,"href":"https:\/\/sencaptour.com\/pl\/wp-json\/wp\/v2\/comments?post=7911"}],"wp:featuredmedia":[{"embeddable":true,"href":"https:\/\/sencaptour.com\/pl\/wp-json\/wp\/v2\/media\/7847"}],"wp:attachment":[{"href":"https:\/\/sencaptour.com\/pl\/wp-json\/wp\/v2\/media?parent=7911"}],"wp:term":[{"taxonomy":"product_brand","embeddable":true,"href":"https:\/\/sencaptour.com\/pl\/wp-json\/wp\/v2\/product_brand?post=7911"},{"taxonomy":"product_cat","embeddable":true,"href":"https:\/\/sencaptour.com\/pl\/wp-json\/wp\/v2\/product_cat?post=7911"},{"taxonomy":"product_tag","embeddable":true,"href":"https:\/\/sencaptour.com\/pl\/wp-json\/wp\/v2\/product_tag?post=7911"}],"curies":[{"name":"wp","href":"https:\/\/api.w.org\/{rel}","templated":true}]}}