{"id":363,"date":"2023-05-25T14:41:26","date_gmt":"2023-05-25T14:41:26","guid":{"rendered":"https:\/\/sencaptour.com\/?page_id=363"},"modified":"2023-06-08T13:09:05","modified_gmt":"2023-06-08T10:09:05","slug":"iletisim","status":"publish","type":"page","link":"https:\/\/sencaptour.com\/tr\/iletisim\/","title":{"rendered":"\u0130leti\u015fim"},"content":{"rendered":"\n<div class=\"row row-collapse row-full-width\"  id=\"row-1146014245\">\n\n\n\t<div id=\"col-19392590\" class=\"col small-12 large-12\"  >\n\t\t\t\t<div class=\"col-inner\"  >\n\t\t\t\n\t\t\t\n\n\n\t<section class=\"section\" id=\"section_706736663\">\n\t\t<div class=\"section-bg fill\" >\n\t\t\t<img decoding=\"async\" width=\"1600\" height=\"800\" src=\"https:\/\/sencaptour.com\/wp-content\/uploads\/2023\/06\/Alanya-Tur-Acentasi-Iletisim-Sencap-Tour.webp\" class=\"bg attachment-original size-original\" alt=\"Alanya Tur Acentasi \u0130leti\u015fim - Sencap Tour\" \/>\t\t\t\t\t\t<div class=\"section-bg-overlay absolute fill\"><\/div>\n\t\t\t\n\n\t\t<\/div>\n\n\t\t\n\n\t\t<div class=\"section-content relative\">\n\t\t\t\n\n<div class=\"row row-collapse align-center\" style=\"max-width:\" id=\"row-1168331934\">\n\n\n\t<div id=\"col-403168482\" class=\"col small-12 large-12\"  >\n\t\t\t\t<div class=\"col-inner text-center dark\"  >\n\t\t\t\n\t\t\t\n\n<h1><span style=\"font-size: 250%;\">\u0130leti\u015fim<\/span><\/h1>\n\n\t\t<\/div>\n\t\t\t\t\n<style>\n#col-403168482 > .col-inner {\n  padding: 55px 20px 80px 0px;\n}\n@media (min-width:550px) {\n  #col-403168482 > .col-inner {\n    padding: 100px 0px 200px 0px;\n  }\n}\n<\/style>\n\t<\/div>\n\n\t\n\n<\/div>\n\n\t\t<\/div>\n\n\t\t\n<style>\n#section_706736663 {\n  padding-top: 0px;\n  padding-bottom: 0px;\n  min-height: 0px;\n}\n#section_706736663 .section-bg-overlay {\n  background-color: rgba(0, 0, 0, 0.12);\n}\n#section_706736663 .section-bg img {\n  object-position: 48% 100%;\n}\n@media (min-width:550px) {\n  #section_706736663 {\n    padding-top: 0px;\n    padding-bottom: 0px;\n  }\n  #section_706736663 .section-bg-overlay {\n    background-color: rgba(0, 0, 0, 0.21);\n  }\n}\n@media (min-width:850px) {\n  #section_706736663 {\n    padding-top: 100px;\n    padding-bottom: 100px;\n  }\n  #section_706736663 .section-bg-overlay {\n    background-color: rgba(0, 0, 0, 0.12);\n  }\n}\n<\/style>\n\t<\/section>\n\t\n\n\t\t<\/div>\n\t\t\t\t\t<\/div>\n\n\t\n\n<\/div>\n<div class=\"row row-large\" style=\"max-width:1400px\" id=\"row-1459857001\">\n\n\n\t<div id=\"col-865794678\" class=\"col small-12 large-12\"  >\n\t\t\t\t<div class=\"col-inner\" style=\"background-color:rgb(255, 255, 255);\" >\n\t\t\t\n\t\t\t\n\n<div class=\"row row-collapse row-full-width\"  id=\"row-388836097\">\n\n\n\t<div id=\"col-1387432801\" class=\"col medium-12 small-12 large-6\"  >\n\t\t\t\t<div class=\"col-inner\"  >\n\t\t\t\n\t\t\t\n\n<h2><span style=\"font-size: 27.648px;\">\u0130leti\u015fim Bilgilerimiz<\/span><\/h2>\n\t<div id=\"gap-221019267\" class=\"gap-element clearfix\" style=\"display:block; height:auto;\">\n\t\t\n<style>\n#gap-221019267 {\n  padding-top: 20px;\n}\n@media (min-width:550px) {\n  #gap-221019267 {\n    padding-top: 20px;\n  }\n}\n@media (min-width:850px) {\n  #gap-221019267 {\n    padding-top: 30px;\n  }\n}\n<\/style>\n\t<\/div>\n\t\n\n<div class=\"row\"  id=\"row-357994799\">\n\n\n\t<div id=\"col-244277725\" class=\"col medium-6 small-12 large-6\"  >\n\t\t\t\t<div class=\"col-inner\"  >\n\t\t\t\n\t\t\t\n\n\t<div class=\"img has-hover x md-x lg-x y md-y lg-y\" id=\"image_2039016185\">\n\t\t\t\t\t\t\t\t<div class=\"img-inner dark\" >\n\t\t\t<img decoding=\"async\" width=\"240\" height=\"240\" src=\"https:\/\/sencaptour.com\/wp-content\/uploads\/2023\/06\/map-pin-2-fill-2.png\" class=\"attachment-large size-large\" alt=\"\" srcset=\"https:\/\/sencaptour.com\/wp-content\/uploads\/2023\/06\/map-pin-2-fill-2.png 240w, https:\/\/sencaptour.com\/wp-content\/uploads\/2023\/06\/map-pin-2-fill-2-100x100.png 100w\" sizes=\"(max-width: 240px) 100vw, 240px\">\t\t\t\t\t\t\n\t\t\t\t\t<\/div>\n\t\t\t\t\t\t\t\t\n<style>\n#image_2039016185 {\n  width: 15%;\n}\n@media (min-width:550px) {\n  #image_2039016185 {\n    width: 20%;\n  }\n}\n<\/style>\n\t<\/div>\n\t\n\n<h3 class=\"uppercase\">Adres<\/h3>\n<p>G\u00fcller P\u0131nar\u0131, Ahmet Toku\u015f Blv. No:25\/B, 07400 Alanya\/Antalya<\/p>\n\n\t\t<\/div>\n\t\t\t\t\t<\/div>\n\n\t\n\n\t<div id=\"col-321725754\" class=\"col medium-5 small-12 large-6\"  >\n\t\t\t\t<div class=\"col-inner\"  >\n\t\t\t\n\t\t\t\n\n\t<div class=\"img has-hover x md-x lg-x y md-y lg-y\" id=\"image_1202512128\">\n\t\t\t\t\t\t\t\t<div class=\"img-inner dark\" >\n\t\t\t<img decoding=\"async\" width=\"240\" height=\"240\" src=\"https:\/\/sencaptour.com\/wp-content\/uploads\/2023\/06\/time-fill.png\" class=\"attachment-large size-large\" alt=\"\" srcset=\"https:\/\/sencaptour.com\/wp-content\/uploads\/2023\/06\/time-fill.png 240w, https:\/\/sencaptour.com\/wp-content\/uploads\/2023\/06\/time-fill-100x100.png 100w\" sizes=\"(max-width: 240px) 100vw, 240px\">\t\t\t\t\t\t\n\t\t\t\t\t<\/div>\n\t\t\t\t\t\t\t\t\n<style>\n#image_1202512128 {\n  width: 15%;\n}\n@media (min-width:550px) {\n  #image_1202512128 {\n    width: 20%;\n  }\n}\n<\/style>\n\t<\/div>\n\t\n\n<h3 class=\"uppercase\">\u00c7al\u0131\u015fma saatlerimiz<\/h3>\n<p>7 G\u00fcn 09:00 &#8211; 00:00<\/p>\n\n\t\t<\/div>\n\t\t\t\t\t<\/div>\n\n\t\n\n<\/div>\n<div class=\"row\"  id=\"row-363778136\">\n\n\n\t<div id=\"col-506544683\" class=\"col medium-6 small-12 large-6\"  >\n\t\t\t\t<div class=\"col-inner\"  >\n\t\t\t\n\t\t\t\n\n\t<div class=\"img has-hover x md-x lg-x y md-y lg-y\" id=\"image_1281543610\">\n\t\t\t\t\t\t\t\t<div class=\"img-inner dark\" >\n\t\t\t<img decoding=\"async\" width=\"240\" height=\"240\" src=\"https:\/\/sencaptour.com\/wp-content\/uploads\/2023\/06\/mail-open-fill.png\" class=\"attachment-large size-large\" alt=\"\" srcset=\"https:\/\/sencaptour.com\/wp-content\/uploads\/2023\/06\/mail-open-fill.png 240w, https:\/\/sencaptour.com\/wp-content\/uploads\/2023\/06\/mail-open-fill-100x100.png 100w\" sizes=\"(max-width: 240px) 100vw, 240px\">\t\t\t\t\t\t\n\t\t\t\t\t<\/div>\n\t\t\t\t\t\t\t\t\n<style>\n#image_1281543610 {\n  width: 15%;\n}\n@media (min-width:550px) {\n  #image_1281543610 {\n    width: 20%;\n  }\n}\n<\/style>\n\t<\/div>\n\t\n\n<h3 class=\"uppercase\">E-mail<\/h3>\n<p><a href=\"mailto:info@sencaptour.com\">info@sencaptour.com<\/a><\/p>\n\n\t\t<\/div>\n\t\t\t\t\t<\/div>\n\n\t\n\n\t<div id=\"col-1373299670\" class=\"col medium-6 small-12 large-6\"  >\n\t\t\t\t<div class=\"col-inner\"  >\n\t\t\t\n\t\t\t\n\n\t<div class=\"img has-hover x md-x lg-x y md-y lg-y\" id=\"image_1054230308\">\n\t\t\t\t\t\t\t\t<div class=\"img-inner dark\" >\n\t\t\t<img decoding=\"async\" width=\"240\" height=\"240\" src=\"https:\/\/sencaptour.com\/wp-content\/uploads\/2023\/06\/phone-fill.png\" class=\"attachment-large size-large\" alt=\"\" srcset=\"https:\/\/sencaptour.com\/wp-content\/uploads\/2023\/06\/phone-fill.png 240w, https:\/\/sencaptour.com\/wp-content\/uploads\/2023\/06\/phone-fill-100x100.png 100w\" sizes=\"(max-width: 240px) 100vw, 240px\">\t\t\t\t\t\t\n\t\t\t\t\t<\/div>\n\t\t\t\t\t\t\t\t\n<style>\n#image_1054230308 {\n  width: 15%;\n}\n@media (min-width:550px) {\n  #image_1054230308 {\n    width: 20%;\n  }\n}\n<\/style>\n\t<\/div>\n\t\n\n<h3 class=\"uppercase\">telefon<\/h3>\n<p><a href=\"tel:+905369256269\">+90&nbsp;536&nbsp;925&nbsp;62&nbsp;69<\/a><\/p>\n\n\t\t<\/div>\n\t\t\t\t\t<\/div>\n\n\t\n\n\t<div id=\"col-1154901317\" class=\"col small-12 large-12\"  >\n\t\t\t\t<div class=\"col-inner\"  >\n\t\t\t\n\t\t\t\n\n\n\n<iframe src=\"https:\/\/www.google.com\/maps\/embed?pb=!1m18!1m12!1m3!1d3205.4208804613086!2d32.003388515282666!3d36.54396358000214!2m3!1f0!2f0!3f0!3m2!1i1024!2i768!4f13.1!3m3!1m2!1s0x14dc99e247408aa7%3A0x596c84e1877b8ce5!2sSencap%20Tour!5e0!3m2!1str!2str!4v1686114202500!5m2!1str!2str\" width=\"1600\" height=\"400\" style=\"border:0;\" allowfullscreen=\"\" loading=\"lazy\" referrerpolicy=\"no-referrer-when-downgrade\"><\/iframe>\n\n\n\t\t<\/div>\n\t\t\t\t\n<style>\n#col-1154901317 > .col-inner {\n  padding: 0px 0px 0px 0px;\n}\n@media (min-width:550px) {\n  #col-1154901317 > .col-inner {\n    padding: 0px 30px 0px 30px;\n  }\n}\n<\/style>\n\t<\/div>\n\n\t\n\n<\/div>\n\n\t\t<\/div>\n\t\t\t\t\n<style>\n#col-1387432801 > .col-inner {\n  padding: 0px 0px 0px 20px;\n}\n<\/style>\n\t<\/div>\n\n\t\n\n\t<div id=\"col-907520125\" class=\"col medium-12 small-12 large-6\"  >\n\t\t<div class=\"is-sticky-column\"><div class=\"is-sticky-column__inner\">\t\t<div class=\"col-inner\"  >\n\t\t\t\n\t\t\t\n\n<h2><span style=\"font-size: 120%;\">\u0130leti\u015fim Formu<\/span><\/h2>\n\t<div id=\"gap-1007250362\" class=\"gap-element clearfix\" style=\"display:block; height:auto;\">\n\t\t\n<style>\n#gap-1007250362 {\n  padding-top: 20px;\n}\n@media (min-width:550px) {\n  #gap-1007250362 {\n    padding-top: 20px;\n  }\n}\n@media (min-width:850px) {\n  #gap-1007250362 {\n    padding-top: 30px;\n  }\n}\n<\/style>\n\t<\/div>\n\t\n\n\n<div class=\"wpcf7 no-js\" id=\"wpcf7-f15-o1\" lang=\"tr-TR\" dir=\"ltr\" data-wpcf7-id=\"15\">\n<div class=\"screen-reader-response\"><p role=\"status\" aria-live=\"polite\" aria-atomic=\"true\"><\/p> <ul><\/ul><\/div>\n<form action=\"\/tr\/wp-json\/wp\/v2\/pages\/363#wpcf7-f15-o1\" method=\"post\" class=\"wpcf7-form init\" aria-label=\"\u0130leti\u015fim Formu\" novalidate=\"novalidate\" data-status=\"init\">\n<fieldset class=\"hidden-fields-container\"><input type=\"hidden\" name=\"_wpcf7\" value=\"15\" \/><input type=\"hidden\" name=\"_wpcf7_version\" value=\"6.1.5\" \/><input type=\"hidden\" name=\"_wpcf7_locale\" value=\"tr_TR\" \/><input type=\"hidden\" name=\"_wpcf7_unit_tag\" value=\"wpcf7-f15-o1\" \/><input type=\"hidden\" name=\"_wpcf7_container_post\" value=\"0\" \/><input type=\"hidden\" name=\"_wpcf7_posted_data_hash\" value=\"\" \/><input type=\"hidden\" name=\"_wpcf7_recaptcha_response\" value=\"\" \/>\n<\/fieldset>\n<p><label> Ad\u0131n\u0131z<br \/>\n<span class=\"wpcf7-form-control-wrap\" data-name=\"your-name\"><input size=\"40\" maxlength=\"400\" class=\"wpcf7-form-control wpcf7-text wpcf7-validates-as-required\" autocomplete=\"name\" aria-required=\"true\" aria-invalid=\"false\" value=\"\" type=\"text\" name=\"your-name\" \/><\/span> <\/label>\n<\/p>\n<p><label> Mail Adresiniz<br \/>\n<span class=\"wpcf7-form-control-wrap\" data-name=\"your-email\"><input size=\"40\" maxlength=\"400\" class=\"wpcf7-form-control wpcf7-email wpcf7-validates-as-required wpcf7-text wpcf7-validates-as-email\" autocomplete=\"email\" aria-required=\"true\" aria-invalid=\"false\" value=\"\" type=\"email\" name=\"your-email\" \/><\/span> <\/label>\n<\/p>\n<p><label> Telefon Numaran\u0131z<br \/>\n<span class=\"wpcf7-form-control-wrap\" data-name=\"telefon\"><input size=\"40\" maxlength=\"400\" class=\"wpcf7-form-control wpcf7-tel wpcf7-text wpcf7-validates-as-tel\" aria-invalid=\"false\" value=\"\" type=\"tel\" name=\"telefon\" \/><\/span><\/label>\n<\/p>\n<p><label> Konu<br \/>\n<span class=\"wpcf7-form-control-wrap\" data-name=\"your-subject\"><input size=\"40\" maxlength=\"400\" class=\"wpcf7-form-control wpcf7-text wpcf7-validates-as-required\" aria-required=\"true\" aria-invalid=\"false\" value=\"\" type=\"text\" name=\"your-subject\" \/><\/span> <\/label>\n<\/p>\n<p><label> Mesaj\u0131n\u0131z<br \/>\n<span class=\"wpcf7-form-control-wrap\" data-name=\"your-message\"><textarea cols=\"40\" rows=\"10\" maxlength=\"2000\" class=\"wpcf7-form-control wpcf7-textarea\" aria-invalid=\"false\" name=\"your-message\"><\/textarea><\/span> <\/label>\n<\/p>\n<p><input class=\"wpcf7-form-control wpcf7-submit has-spinner\" type=\"submit\" value=\"G\u00f6nder\" \/>\n<\/p><div class=\"wpcf7-response-output\" aria-hidden=\"true\"><\/div>\n<\/form>\n<\/div>\n\n\n\n\t\t<\/div>\n\t\t<\/div><\/div>\t\t\t<\/div>\n\n\t\n\n\n<style>\n#row-388836097 > .col > .col-inner {\n  padding: 0px 15px 0px 15px;\n}\n<\/style>\n<\/div>\n\n\t\t<\/div>\n\t\t\t\t\n<style>\n#col-865794678 > .col-inner {\n  padding: 50px 20px 0px 20px;\n  margin: -0 0px 0px 0px;\n}\n@media (min-width:550px) {\n  #col-865794678 > .col-inner {\n    padding: 50px 20px 30px 20px;\n    margin: 0 0px 0px 0px;\n  }\n}\n@media (min-width:850px) {\n  #col-865794678 > .col-inner {\n    padding: 66px 5% 16px 5%;\n    margin: -135px 0px 0px 0px;\n  }\n}\n<\/style>\n\t<\/div>\n\n\t\n\n<\/div>\n","protected":false},"excerpt":{"rendered":"","protected":false},"author":910,"featured_media":1028,"parent":0,"menu_order":0,"comment_status":"closed","ping_status":"closed","template":"page-blank.php","meta":{"_joinchat":[],"footnotes":""},"class_list":["post-363","page","type-page","status-publish","has-post-thumbnail","hentry"],"_links":{"self":[{"href":"https:\/\/sencaptour.com\/tr\/wp-json\/wp\/v2\/pages\/363","targetHints":{"allow":["GET"]}}],"collection":[{"href":"https:\/\/sencaptour.com\/tr\/wp-json\/wp\/v2\/pages"}],"about":[{"href":"https:\/\/sencaptour.com\/tr\/wp-json\/wp\/v2\/types\/page"}],"author":[{"embeddable":true,"href":"https:\/\/sencaptour.com\/tr\/wp-json\/wp\/v2\/users\/910"}],"replies":[{"embeddable":true,"href":"https:\/\/sencaptour.com\/tr\/wp-json\/wp\/v2\/comments?post=363"}],"version-history":[{"count":9,"href":"https:\/\/sencaptour.com\/tr\/wp-json\/wp\/v2\/pages\/363\/revisions"}],"predecessor-version":[{"id":1029,"href":"https:\/\/sencaptour.com\/tr\/wp-json\/wp\/v2\/pages\/363\/revisions\/1029"}],"wp:featuredmedia":[{"embeddable":true,"href":"https:\/\/sencaptour.com\/tr\/wp-json\/wp\/v2\/media\/1028"}],"wp:attachment":[{"href":"https:\/\/sencaptour.com\/tr\/wp-json\/wp\/v2\/media?parent=363"}],"curies":[{"name":"wp","href":"https:\/\/api.w.org\/{rel}","templated":true}]}}